{"id":223,"date":"2024-10-22T10:19:08","date_gmt":"2024-10-22T10:19:08","guid":{"rendered":"https:\/\/spinbetter.app\/cz\/?page_id=223"},"modified":"2025-06-19T12:39:03","modified_gmt":"2025-06-19T12:39:03","slug":"download","status":"publish","type":"page","link":"https:\/\/spinbetter.app\/cz\/download\/","title":{"rendered":"St\u00e1hnout"},"content":{"rendered":"","protected":false},"excerpt":{"rendered":"","protected":false},"author":1,"featured_media":0,"parent":0,"menu_order":0,"comment_status":"closed","ping_status":"closed","template":"","meta":{"footnotes":""},"class_list":["post-223","page","type-page","status-publish","hentry"],"yoast_head":"<!-- This site is optimized with the Yoast SEO plugin v23.4 - https:\/\/yoast.com\/wordpress\/plugins\/seo\/ -->\n<title>St\u00e1hnout SpinBetter &gt; Mobiln\u00ed aplikace pro Android a iOS<\/title>\n<meta name=\"description\" content=\"St\u00e1hn\u011bte si mobiln\u00ed aplikaci SpinBetter pro Android a iOS. Pohodln\u00e9 sportovn\u00ed a kasinov\u00e9 s\u00e1zen\u00ed, bonusy pro nov\u00e9 hr\u00e1\u010de. Za\u010dn\u011bte hr\u00e1t hned te\u010f!\" \/>\n<meta name=\"robots\" content=\"index, follow, max-snippet:-1, max-image-preview:large, max-video-preview:-1\" \/>\n<meta property=\"og:locale\" content=\"cs_CZ\" \/>\n<meta property=\"og:type\" content=\"article\" \/>\n<meta property=\"og:title\" content=\"St\u00e1hnout SpinBetter &gt; Mobiln\u00ed aplikace pro Android a iOS\" \/>\n<meta property=\"og:description\" content=\"St\u00e1hn\u011bte si mobiln\u00ed aplikaci SpinBetter pro Android a iOS. Pohodln\u00e9 sportovn\u00ed a kasinov\u00e9 s\u00e1zen\u00ed, bonusy pro nov\u00e9 hr\u00e1\u010de. Za\u010dn\u011bte hr\u00e1t hned te\u010f!\" \/>\n<meta property=\"og:url\" content=\"https:\/\/spinbetter.app\/cz\/download\/\" \/>\n<meta property=\"og:site_name\" content=\"Spinbetter App CZ\" \/>\n<meta property=\"article:modified_time\" content=\"2025-06-19T12:39:03+00:00\" \/>\n<meta name=\"twitter:card\" content=\"summary_large_image\" \/>\n<script type=\"application\/ld+json\" class=\"yoast-schema-graph\">{\"@context\":\"https:\/\/schema.org\",\"@graph\":[{\"@type\":\"WebPage\",\"@id\":\"https:\/\/spinbetter.app\/cz\/download\/\",\"url\":\"https:\/\/spinbetter.app\/cz\/download\/\",\"name\":\"St\u00e1hnout SpinBetter > Mobiln\u00ed aplikace pro Android a iOS\",\"isPartOf\":{\"@id\":\"https:\/\/spinbetter.app\/cz\/#website\"},\"datePublished\":\"2024-10-22T10:19:08+00:00\",\"dateModified\":\"2025-06-19T12:39:03+00:00\",\"description\":\"St\u00e1hn\u011bte si mobiln\u00ed aplikaci SpinBetter pro Android a iOS. Pohodln\u00e9 sportovn\u00ed a kasinov\u00e9 s\u00e1zen\u00ed, bonusy pro nov\u00e9 hr\u00e1\u010de. Za\u010dn\u011bte hr\u00e1t hned te\u010f!\",\"breadcrumb\":{\"@id\":\"https:\/\/spinbetter.app\/cz\/download\/#breadcrumb\"},\"inLanguage\":\"cs\",\"potentialAction\":[{\"@type\":\"ReadAction\",\"target\":[\"https:\/\/spinbetter.app\/cz\/download\/\"]}]},{\"@type\":\"BreadcrumbList\",\"@id\":\"https:\/\/spinbetter.app\/cz\/download\/#breadcrumb\",\"itemListElement\":[{\"@type\":\"ListItem\",\"position\":1,\"name\":\"Home\",\"item\":\"https:\/\/spinbetter.app\/cz\/\"},{\"@type\":\"ListItem\",\"position\":2,\"name\":\"St\u00e1hnout\"}]},{\"@type\":\"WebSite\",\"@id\":\"https:\/\/spinbetter.app\/cz\/#website\",\"url\":\"https:\/\/spinbetter.app\/cz\/\",\"name\":\"Spinbetter App CZ\",\"description\":\"\",\"potentialAction\":[{\"@type\":\"SearchAction\",\"target\":{\"@type\":\"EntryPoint\",\"urlTemplate\":\"https:\/\/spinbetter.app\/cz\/?s={search_term_string}\"},\"query-input\":{\"@type\":\"PropertyValueSpecification\",\"valueRequired\":true,\"valueName\":\"search_term_string\"}}],\"inLanguage\":\"cs\"}]}<\/script>\n<!-- \/ Yoast SEO plugin. -->","yoast_head_json":{"title":"St\u00e1hnout SpinBetter > Mobiln\u00ed aplikace pro Android a iOS","description":"St\u00e1hn\u011bte si mobiln\u00ed aplikaci SpinBetter pro Android a iOS. Pohodln\u00e9 sportovn\u00ed a kasinov\u00e9 s\u00e1zen\u00ed, bonusy pro nov\u00e9 hr\u00e1\u010de. Za\u010dn\u011bte hr\u00e1t hned te\u010f!","robots":{"index":"index","follow":"follow","max-snippet":"max-snippet:-1","max-image-preview":"max-image-preview:large","max-video-preview":"max-video-preview:-1"},"og_locale":"cs_CZ","og_type":"article","og_title":"St\u00e1hnout SpinBetter > Mobiln\u00ed aplikace pro Android a iOS","og_description":"St\u00e1hn\u011bte si mobiln\u00ed aplikaci SpinBetter pro Android a iOS. Pohodln\u00e9 sportovn\u00ed a kasinov\u00e9 s\u00e1zen\u00ed, bonusy pro nov\u00e9 hr\u00e1\u010de. Za\u010dn\u011bte hr\u00e1t hned te\u010f!","og_url":"https:\/\/spinbetter.app\/cz\/download\/","og_site_name":"Spinbetter App CZ","article_modified_time":"2025-06-19T12:39:03+00:00","twitter_card":"summary_large_image","schema":{"@context":"https:\/\/schema.org","@graph":[{"@type":"WebPage","@id":"https:\/\/spinbetter.app\/cz\/download\/","url":"https:\/\/spinbetter.app\/cz\/download\/","name":"St\u00e1hnout SpinBetter > Mobiln\u00ed aplikace pro Android a iOS","isPartOf":{"@id":"https:\/\/spinbetter.app\/cz\/#website"},"datePublished":"2024-10-22T10:19:08+00:00","dateModified":"2025-06-19T12:39:03+00:00","description":"St\u00e1hn\u011bte si mobiln\u00ed aplikaci SpinBetter pro Android a iOS. Pohodln\u00e9 sportovn\u00ed a kasinov\u00e9 s\u00e1zen\u00ed, bonusy pro nov\u00e9 hr\u00e1\u010de. Za\u010dn\u011bte hr\u00e1t hned te\u010f!","breadcrumb":{"@id":"https:\/\/spinbetter.app\/cz\/download\/#breadcrumb"},"inLanguage":"cs","potentialAction":[{"@type":"ReadAction","target":["https:\/\/spinbetter.app\/cz\/download\/"]}]},{"@type":"BreadcrumbList","@id":"https:\/\/spinbetter.app\/cz\/download\/#breadcrumb","itemListElement":[{"@type":"ListItem","position":1,"name":"Home","item":"https:\/\/spinbetter.app\/cz\/"},{"@type":"ListItem","position":2,"name":"St\u00e1hnout"}]},{"@type":"WebSite","@id":"https:\/\/spinbetter.app\/cz\/#website","url":"https:\/\/spinbetter.app\/cz\/","name":"Spinbetter App CZ","description":"","potentialAction":[{"@type":"SearchAction","target":{"@type":"EntryPoint","urlTemplate":"https:\/\/spinbetter.app\/cz\/?s={search_term_string}"},"query-input":{"@type":"PropertyValueSpecification","valueRequired":true,"valueName":"search_term_string"}}],"inLanguage":"cs"}]}},"_links":{"self":[{"href":"https:\/\/spinbetter.app\/cz\/wp-json\/wp\/v2\/pages\/223"}],"collection":[{"href":"https:\/\/spinbetter.app\/cz\/wp-json\/wp\/v2\/pages"}],"about":[{"href":"https:\/\/spinbetter.app\/cz\/wp-json\/wp\/v2\/types\/page"}],"author":[{"embeddable":true,"href":"https:\/\/spinbetter.app\/cz\/wp-json\/wp\/v2\/users\/1"}],"replies":[{"embeddable":true,"href":"https:\/\/spinbetter.app\/cz\/wp-json\/wp\/v2\/comments?post=223"}],"version-history":[{"count":13,"href":"https:\/\/spinbetter.app\/cz\/wp-json\/wp\/v2\/pages\/223\/revisions"}],"predecessor-version":[{"id":371,"href":"https:\/\/spinbetter.app\/cz\/wp-json\/wp\/v2\/pages\/223\/revisions\/371"}],"wp:attachment":[{"href":"https:\/\/spinbetter.app\/cz\/wp-json\/wp\/v2\/media?parent=223"}],"curies":[{"name":"wp","href":"https:\/\/api.w.org\/{rel}","templated":true}]}}