{"id":409,"date":"2025-05-29T10:04:12","date_gmt":"2025-05-29T10:04:12","guid":{"rendered":"https:\/\/spinbetter.app\/cz\/?page_id=409"},"modified":"2025-05-29T10:07:25","modified_gmt":"2025-05-29T10:07:25","slug":"bad-bets","status":"publish","type":"page","link":"https:\/\/spinbetter.app\/cz\/bonus\/bad-bets\/","title":{"rendered":"\u0160patn\u00e9 s\u00e1zky"},"content":{"rendered":"","protected":false},"excerpt":{"rendered":"","protected":false},"author":1,"featured_media":0,"parent":152,"menu_order":0,"comment_status":"closed","ping_status":"closed","template":"","meta":{"footnotes":""},"class_list":["post-409","page","type-page","status-publish","hentry"],"yoast_head":"<!-- This site is optimized with the Yoast SEO plugin v23.4 - https:\/\/yoast.com\/wordpress\/plugins\/seo\/ -->\n<title>Bonus SpinBetter za ne\u00fasp\u011b\u0161n\u00e9 s\u00e1zky \ud83e\udc12 podpora a\u017e 12 500 CZK<\/title>\n<meta name=\"description\" content=\"Prohr\u00e1li jste 20 s\u00e1zek v \u0159ad\u011b? Z\u00edskejte bonus a\u017e 12 500 CZK v z\u00e1vislosti na v\u00fd\u0161i va\u0161ich s\u00e1zek. Kasino SpinBetter podporuje sv\u00e9 hr\u00e1\u010de i v t\u011b\u017ek\u00fdch chv\u00edl\u00edch!\" \/>\n<meta name=\"robots\" content=\"index, follow, max-snippet:-1, max-image-preview:large, max-video-preview:-1\" \/>\n<meta property=\"og:locale\" content=\"cs_CZ\" \/>\n<meta property=\"og:type\" content=\"article\" \/>\n<meta property=\"og:title\" content=\"Bonus SpinBetter za ne\u00fasp\u011b\u0161n\u00e9 s\u00e1zky \ud83e\udc12 podpora a\u017e 12 500 CZK\" \/>\n<meta property=\"og:description\" content=\"Prohr\u00e1li jste 20 s\u00e1zek v \u0159ad\u011b? Z\u00edskejte bonus a\u017e 12 500 CZK v z\u00e1vislosti na v\u00fd\u0161i va\u0161ich s\u00e1zek. Kasino SpinBetter podporuje sv\u00e9 hr\u00e1\u010de i v t\u011b\u017ek\u00fdch chv\u00edl\u00edch!\" \/>\n<meta property=\"og:url\" content=\"https:\/\/spinbetter.app\/cz\/bonus\/bad-bets\/\" \/>\n<meta property=\"og:site_name\" content=\"Spinbetter App CZ\" \/>\n<meta property=\"article:modified_time\" content=\"2025-05-29T10:07:25+00:00\" \/>\n<meta name=\"twitter:card\" content=\"summary_large_image\" \/>\n<script type=\"application\/ld+json\" class=\"yoast-schema-graph\">{\"@context\":\"https:\/\/schema.org\",\"@graph\":[{\"@type\":\"WebPage\",\"@id\":\"https:\/\/spinbetter.app\/cz\/bonus\/bad-bets\/\",\"url\":\"https:\/\/spinbetter.app\/cz\/bonus\/bad-bets\/\",\"name\":\"Bonus SpinBetter za ne\u00fasp\u011b\u0161n\u00e9 s\u00e1zky \ud83e\udc12 podpora a\u017e 12 500 CZK\",\"isPartOf\":{\"@id\":\"https:\/\/spinbetter.app\/cz\/#website\"},\"datePublished\":\"2025-05-29T10:04:12+00:00\",\"dateModified\":\"2025-05-29T10:07:25+00:00\",\"description\":\"Prohr\u00e1li jste 20 s\u00e1zek v \u0159ad\u011b? Z\u00edskejte bonus a\u017e 12 500 CZK v z\u00e1vislosti na v\u00fd\u0161i va\u0161ich s\u00e1zek. Kasino SpinBetter podporuje sv\u00e9 hr\u00e1\u010de i v t\u011b\u017ek\u00fdch chv\u00edl\u00edch!\",\"breadcrumb\":{\"@id\":\"https:\/\/spinbetter.app\/cz\/bonus\/bad-bets\/#breadcrumb\"},\"inLanguage\":\"cs\",\"potentialAction\":[{\"@type\":\"ReadAction\",\"target\":[\"https:\/\/spinbetter.app\/cz\/bonus\/bad-bets\/\"]}]},{\"@type\":\"BreadcrumbList\",\"@id\":\"https:\/\/spinbetter.app\/cz\/bonus\/bad-bets\/#breadcrumb\",\"itemListElement\":[{\"@type\":\"ListItem\",\"position\":1,\"name\":\"Home\",\"item\":\"https:\/\/spinbetter.app\/cz\/\"},{\"@type\":\"ListItem\",\"position\":2,\"name\":\"Bonus\",\"item\":\"https:\/\/spinbetter.app\/cz\/bonus\/\"},{\"@type\":\"ListItem\",\"position\":3,\"name\":\"\u0160patn\u00e9 s\u00e1zky\"}]},{\"@type\":\"WebSite\",\"@id\":\"https:\/\/spinbetter.app\/cz\/#website\",\"url\":\"https:\/\/spinbetter.app\/cz\/\",\"name\":\"Spinbetter App CZ\",\"description\":\"\",\"potentialAction\":[{\"@type\":\"SearchAction\",\"target\":{\"@type\":\"EntryPoint\",\"urlTemplate\":\"https:\/\/spinbetter.app\/cz\/?s={search_term_string}\"},\"query-input\":{\"@type\":\"PropertyValueSpecification\",\"valueRequired\":true,\"valueName\":\"search_term_string\"}}],\"inLanguage\":\"cs\"}]}<\/script>\n<!-- \/ Yoast SEO plugin. -->","yoast_head_json":{"title":"Bonus SpinBetter za ne\u00fasp\u011b\u0161n\u00e9 s\u00e1zky \ud83e\udc12 podpora a\u017e 12 500 CZK","description":"Prohr\u00e1li jste 20 s\u00e1zek v \u0159ad\u011b? Z\u00edskejte bonus a\u017e 12 500 CZK v z\u00e1vislosti na v\u00fd\u0161i va\u0161ich s\u00e1zek. Kasino SpinBetter podporuje sv\u00e9 hr\u00e1\u010de i v t\u011b\u017ek\u00fdch chv\u00edl\u00edch!","robots":{"index":"index","follow":"follow","max-snippet":"max-snippet:-1","max-image-preview":"max-image-preview:large","max-video-preview":"max-video-preview:-1"},"og_locale":"cs_CZ","og_type":"article","og_title":"Bonus SpinBetter za ne\u00fasp\u011b\u0161n\u00e9 s\u00e1zky \ud83e\udc12 podpora a\u017e 12 500 CZK","og_description":"Prohr\u00e1li jste 20 s\u00e1zek v \u0159ad\u011b? Z\u00edskejte bonus a\u017e 12 500 CZK v z\u00e1vislosti na v\u00fd\u0161i va\u0161ich s\u00e1zek. Kasino SpinBetter podporuje sv\u00e9 hr\u00e1\u010de i v t\u011b\u017ek\u00fdch chv\u00edl\u00edch!","og_url":"https:\/\/spinbetter.app\/cz\/bonus\/bad-bets\/","og_site_name":"Spinbetter App CZ","article_modified_time":"2025-05-29T10:07:25+00:00","twitter_card":"summary_large_image","schema":{"@context":"https:\/\/schema.org","@graph":[{"@type":"WebPage","@id":"https:\/\/spinbetter.app\/cz\/bonus\/bad-bets\/","url":"https:\/\/spinbetter.app\/cz\/bonus\/bad-bets\/","name":"Bonus SpinBetter za ne\u00fasp\u011b\u0161n\u00e9 s\u00e1zky \ud83e\udc12 podpora a\u017e 12 500 CZK","isPartOf":{"@id":"https:\/\/spinbetter.app\/cz\/#website"},"datePublished":"2025-05-29T10:04:12+00:00","dateModified":"2025-05-29T10:07:25+00:00","description":"Prohr\u00e1li jste 20 s\u00e1zek v \u0159ad\u011b? Z\u00edskejte bonus a\u017e 12 500 CZK v z\u00e1vislosti na v\u00fd\u0161i va\u0161ich s\u00e1zek. Kasino SpinBetter podporuje sv\u00e9 hr\u00e1\u010de i v t\u011b\u017ek\u00fdch chv\u00edl\u00edch!","breadcrumb":{"@id":"https:\/\/spinbetter.app\/cz\/bonus\/bad-bets\/#breadcrumb"},"inLanguage":"cs","potentialAction":[{"@type":"ReadAction","target":["https:\/\/spinbetter.app\/cz\/bonus\/bad-bets\/"]}]},{"@type":"BreadcrumbList","@id":"https:\/\/spinbetter.app\/cz\/bonus\/bad-bets\/#breadcrumb","itemListElement":[{"@type":"ListItem","position":1,"name":"Home","item":"https:\/\/spinbetter.app\/cz\/"},{"@type":"ListItem","position":2,"name":"Bonus","item":"https:\/\/spinbetter.app\/cz\/bonus\/"},{"@type":"ListItem","position":3,"name":"\u0160patn\u00e9 s\u00e1zky"}]},{"@type":"WebSite","@id":"https:\/\/spinbetter.app\/cz\/#website","url":"https:\/\/spinbetter.app\/cz\/","name":"Spinbetter App CZ","description":"","potentialAction":[{"@type":"SearchAction","target":{"@type":"EntryPoint","urlTemplate":"https:\/\/spinbetter.app\/cz\/?s={search_term_string}"},"query-input":{"@type":"PropertyValueSpecification","valueRequired":true,"valueName":"search_term_string"}}],"inLanguage":"cs"}]}},"_links":{"self":[{"href":"https:\/\/spinbetter.app\/cz\/wp-json\/wp\/v2\/pages\/409"}],"collection":[{"href":"https:\/\/spinbetter.app\/cz\/wp-json\/wp\/v2\/pages"}],"about":[{"href":"https:\/\/spinbetter.app\/cz\/wp-json\/wp\/v2\/types\/page"}],"author":[{"embeddable":true,"href":"https:\/\/spinbetter.app\/cz\/wp-json\/wp\/v2\/users\/1"}],"replies":[{"embeddable":true,"href":"https:\/\/spinbetter.app\/cz\/wp-json\/wp\/v2\/comments?post=409"}],"version-history":[{"count":4,"href":"https:\/\/spinbetter.app\/cz\/wp-json\/wp\/v2\/pages\/409\/revisions"}],"predecessor-version":[{"id":413,"href":"https:\/\/spinbetter.app\/cz\/wp-json\/wp\/v2\/pages\/409\/revisions\/413"}],"up":[{"embeddable":true,"href":"https:\/\/spinbetter.app\/cz\/wp-json\/wp\/v2\/pages\/152"}],"wp:attachment":[{"href":"https:\/\/spinbetter.app\/cz\/wp-json\/wp\/v2\/media?parent=409"}],"curies":[{"name":"wp","href":"https:\/\/api.w.org\/{rel}","templated":true}]}}