{"id":414,"date":"2025-05-29T10:09:00","date_gmt":"2025-05-29T10:09:00","guid":{"rendered":"https:\/\/spinbetter.app\/cz\/?page_id=414"},"modified":"2025-05-29T10:11:40","modified_gmt":"2025-05-29T10:11:40","slug":"deposit-lottery","status":"publish","type":"page","link":"https:\/\/spinbetter.app\/cz\/bonus\/deposit-lottery\/","title":{"rendered":"Vkladov\u00e1 loterie"},"content":{"rendered":"","protected":false},"excerpt":{"rendered":"","protected":false},"author":1,"featured_media":0,"parent":152,"menu_order":0,"comment_status":"closed","ping_status":"closed","template":"","meta":{"footnotes":""},"class_list":["post-414","page","type-page","status-publish","hentry"],"yoast_head":"<!-- This site is optimized with the Yoast SEO plugin v23.4 - https:\/\/yoast.com\/wordpress\/plugins\/seo\/ -->\n<title>SpinBetter vkladov\u00e1 loterie \ud83e\udc12 Vyhrajte freebety a promo body<\/title>\n<meta name=\"description\" content=\"Vlo\u017ete od 75 CZK, z\u00edskejte vstupenky a z\u00fa\u010dastn\u011bte se t\u00fddenn\u00edch slosov\u00e1n\u00ed o 750 000 CZK a 2 000 000 propaga\u010dn\u00edch bod\u016f. V\u00edce vklad\u016f - v\u00edce \u0161anc\u00ed na v\u00fdhru!\" \/>\n<meta name=\"robots\" content=\"index, follow, max-snippet:-1, max-image-preview:large, max-video-preview:-1\" \/>\n<meta property=\"og:locale\" content=\"cs_CZ\" \/>\n<meta property=\"og:type\" content=\"article\" \/>\n<meta property=\"og:title\" content=\"SpinBetter vkladov\u00e1 loterie \ud83e\udc12 Vyhrajte freebety a promo body\" \/>\n<meta property=\"og:description\" content=\"Vlo\u017ete od 75 CZK, z\u00edskejte vstupenky a z\u00fa\u010dastn\u011bte se t\u00fddenn\u00edch slosov\u00e1n\u00ed o 750 000 CZK a 2 000 000 propaga\u010dn\u00edch bod\u016f. V\u00edce vklad\u016f - v\u00edce \u0161anc\u00ed na v\u00fdhru!\" \/>\n<meta property=\"og:url\" content=\"https:\/\/spinbetter.app\/cz\/bonus\/deposit-lottery\/\" \/>\n<meta property=\"og:site_name\" content=\"Spinbetter App CZ\" \/>\n<meta property=\"article:modified_time\" content=\"2025-05-29T10:11:40+00:00\" \/>\n<meta name=\"twitter:card\" content=\"summary_large_image\" \/>\n<script type=\"application\/ld+json\" class=\"yoast-schema-graph\">{\"@context\":\"https:\/\/schema.org\",\"@graph\":[{\"@type\":\"WebPage\",\"@id\":\"https:\/\/spinbetter.app\/cz\/bonus\/deposit-lottery\/\",\"url\":\"https:\/\/spinbetter.app\/cz\/bonus\/deposit-lottery\/\",\"name\":\"SpinBetter vkladov\u00e1 loterie \ud83e\udc12 Vyhrajte freebety a promo body\",\"isPartOf\":{\"@id\":\"https:\/\/spinbetter.app\/cz\/#website\"},\"datePublished\":\"2025-05-29T10:09:00+00:00\",\"dateModified\":\"2025-05-29T10:11:40+00:00\",\"description\":\"Vlo\u017ete od 75 CZK, z\u00edskejte vstupenky a z\u00fa\u010dastn\u011bte se t\u00fddenn\u00edch slosov\u00e1n\u00ed o 750 000 CZK a 2 000 000 propaga\u010dn\u00edch bod\u016f. V\u00edce vklad\u016f - v\u00edce \u0161anc\u00ed na v\u00fdhru!\",\"breadcrumb\":{\"@id\":\"https:\/\/spinbetter.app\/cz\/bonus\/deposit-lottery\/#breadcrumb\"},\"inLanguage\":\"cs\",\"potentialAction\":[{\"@type\":\"ReadAction\",\"target\":[\"https:\/\/spinbetter.app\/cz\/bonus\/deposit-lottery\/\"]}]},{\"@type\":\"BreadcrumbList\",\"@id\":\"https:\/\/spinbetter.app\/cz\/bonus\/deposit-lottery\/#breadcrumb\",\"itemListElement\":[{\"@type\":\"ListItem\",\"position\":1,\"name\":\"Home\",\"item\":\"https:\/\/spinbetter.app\/cz\/\"},{\"@type\":\"ListItem\",\"position\":2,\"name\":\"Bonus\",\"item\":\"https:\/\/spinbetter.app\/cz\/bonus\/\"},{\"@type\":\"ListItem\",\"position\":3,\"name\":\"Vkladov\u00e1 loterie\"}]},{\"@type\":\"WebSite\",\"@id\":\"https:\/\/spinbetter.app\/cz\/#website\",\"url\":\"https:\/\/spinbetter.app\/cz\/\",\"name\":\"Spinbetter App CZ\",\"description\":\"\",\"potentialAction\":[{\"@type\":\"SearchAction\",\"target\":{\"@type\":\"EntryPoint\",\"urlTemplate\":\"https:\/\/spinbetter.app\/cz\/?s={search_term_string}\"},\"query-input\":{\"@type\":\"PropertyValueSpecification\",\"valueRequired\":true,\"valueName\":\"search_term_string\"}}],\"inLanguage\":\"cs\"}]}<\/script>\n<!-- \/ Yoast SEO plugin. -->","yoast_head_json":{"title":"SpinBetter vkladov\u00e1 loterie \ud83e\udc12 Vyhrajte freebety a promo body","description":"Vlo\u017ete od 75 CZK, z\u00edskejte vstupenky a z\u00fa\u010dastn\u011bte se t\u00fddenn\u00edch slosov\u00e1n\u00ed o 750 000 CZK a 2 000 000 propaga\u010dn\u00edch bod\u016f. V\u00edce vklad\u016f - v\u00edce \u0161anc\u00ed na v\u00fdhru!","robots":{"index":"index","follow":"follow","max-snippet":"max-snippet:-1","max-image-preview":"max-image-preview:large","max-video-preview":"max-video-preview:-1"},"og_locale":"cs_CZ","og_type":"article","og_title":"SpinBetter vkladov\u00e1 loterie \ud83e\udc12 Vyhrajte freebety a promo body","og_description":"Vlo\u017ete od 75 CZK, z\u00edskejte vstupenky a z\u00fa\u010dastn\u011bte se t\u00fddenn\u00edch slosov\u00e1n\u00ed o 750 000 CZK a 2 000 000 propaga\u010dn\u00edch bod\u016f. V\u00edce vklad\u016f - v\u00edce \u0161anc\u00ed na v\u00fdhru!","og_url":"https:\/\/spinbetter.app\/cz\/bonus\/deposit-lottery\/","og_site_name":"Spinbetter App CZ","article_modified_time":"2025-05-29T10:11:40+00:00","twitter_card":"summary_large_image","schema":{"@context":"https:\/\/schema.org","@graph":[{"@type":"WebPage","@id":"https:\/\/spinbetter.app\/cz\/bonus\/deposit-lottery\/","url":"https:\/\/spinbetter.app\/cz\/bonus\/deposit-lottery\/","name":"SpinBetter vkladov\u00e1 loterie \ud83e\udc12 Vyhrajte freebety a promo body","isPartOf":{"@id":"https:\/\/spinbetter.app\/cz\/#website"},"datePublished":"2025-05-29T10:09:00+00:00","dateModified":"2025-05-29T10:11:40+00:00","description":"Vlo\u017ete od 75 CZK, z\u00edskejte vstupenky a z\u00fa\u010dastn\u011bte se t\u00fddenn\u00edch slosov\u00e1n\u00ed o 750 000 CZK a 2 000 000 propaga\u010dn\u00edch bod\u016f. V\u00edce vklad\u016f - v\u00edce \u0161anc\u00ed na v\u00fdhru!","breadcrumb":{"@id":"https:\/\/spinbetter.app\/cz\/bonus\/deposit-lottery\/#breadcrumb"},"inLanguage":"cs","potentialAction":[{"@type":"ReadAction","target":["https:\/\/spinbetter.app\/cz\/bonus\/deposit-lottery\/"]}]},{"@type":"BreadcrumbList","@id":"https:\/\/spinbetter.app\/cz\/bonus\/deposit-lottery\/#breadcrumb","itemListElement":[{"@type":"ListItem","position":1,"name":"Home","item":"https:\/\/spinbetter.app\/cz\/"},{"@type":"ListItem","position":2,"name":"Bonus","item":"https:\/\/spinbetter.app\/cz\/bonus\/"},{"@type":"ListItem","position":3,"name":"Vkladov\u00e1 loterie"}]},{"@type":"WebSite","@id":"https:\/\/spinbetter.app\/cz\/#website","url":"https:\/\/spinbetter.app\/cz\/","name":"Spinbetter App CZ","description":"","potentialAction":[{"@type":"SearchAction","target":{"@type":"EntryPoint","urlTemplate":"https:\/\/spinbetter.app\/cz\/?s={search_term_string}"},"query-input":{"@type":"PropertyValueSpecification","valueRequired":true,"valueName":"search_term_string"}}],"inLanguage":"cs"}]}},"_links":{"self":[{"href":"https:\/\/spinbetter.app\/cz\/wp-json\/wp\/v2\/pages\/414"}],"collection":[{"href":"https:\/\/spinbetter.app\/cz\/wp-json\/wp\/v2\/pages"}],"about":[{"href":"https:\/\/spinbetter.app\/cz\/wp-json\/wp\/v2\/types\/page"}],"author":[{"embeddable":true,"href":"https:\/\/spinbetter.app\/cz\/wp-json\/wp\/v2\/users\/1"}],"replies":[{"embeddable":true,"href":"https:\/\/spinbetter.app\/cz\/wp-json\/wp\/v2\/comments?post=414"}],"version-history":[{"count":3,"href":"https:\/\/spinbetter.app\/cz\/wp-json\/wp\/v2\/pages\/414\/revisions"}],"predecessor-version":[{"id":417,"href":"https:\/\/spinbetter.app\/cz\/wp-json\/wp\/v2\/pages\/414\/revisions\/417"}],"up":[{"embeddable":true,"href":"https:\/\/spinbetter.app\/cz\/wp-json\/wp\/v2\/pages\/152"}],"wp:attachment":[{"href":"https:\/\/spinbetter.app\/cz\/wp-json\/wp\/v2\/media?parent=414"}],"curies":[{"name":"wp","href":"https:\/\/api.w.org\/{rel}","templated":true}]}}