{"id":422,"date":"2025-05-29T10:16:05","date_gmt":"2025-05-29T10:16:05","guid":{"rendered":"https:\/\/spinbetter.app\/cz\/?page_id=422"},"modified":"2025-05-29T10:18:18","modified_gmt":"2025-05-29T10:18:18","slug":"spinbetter-vote","status":"publish","type":"page","link":"https:\/\/spinbetter.app\/cz\/bonus\/spinbetter-vote\/","title":{"rendered":"Hlasov\u00e1n\u00ed pro SpinBetter"},"content":{"rendered":"","protected":false},"excerpt":{"rendered":"","protected":false},"author":1,"featured_media":0,"parent":152,"menu_order":0,"comment_status":"closed","ping_status":"closed","template":"","meta":{"footnotes":""},"class_list":["post-422","page","type-page","status-publish","hentry"],"yoast_head":"<!-- This site is optimized with the Yoast SEO plugin v23.4 - https:\/\/yoast.com\/wordpress\/plugins\/seo\/ -->\n<title>Hlasujte pro sportovn\u00ed bonus: S\u00e1zky zdarma a exkluzivn\u00ed odm\u011bny!<\/title>\n<meta name=\"description\" content=\"P\u0159ipojte se ke SpinBetter a hlasujte pro sv\u016fj obl\u00edben\u00fd sport! Z\u00fa\u010dastn\u011bte se vzru\u0161uj\u00edc\u00ed akce \u201eHlasujte pro nejlep\u0161\u00ed sport\u201c, z\u00edskejte s\u00e1zky zdarma a zaj\u00edmav\u00e9 ceny! Nenechte si uj\u00edt p\u0159\u00edle\u017eitost uk\u00e1zat svou v\u011brnost a z\u00edskat exkluzivn\u00ed bonusy - \u010das je omezen\u00fd, jednejte hned!\" \/>\n<meta name=\"robots\" content=\"index, follow, max-snippet:-1, max-image-preview:large, max-video-preview:-1\" \/>\n<meta property=\"og:locale\" content=\"cs_CZ\" \/>\n<meta property=\"og:type\" content=\"article\" \/>\n<meta property=\"og:title\" content=\"Hlasujte pro sportovn\u00ed bonus: S\u00e1zky zdarma a exkluzivn\u00ed odm\u011bny!\" \/>\n<meta property=\"og:description\" content=\"P\u0159ipojte se ke SpinBetter a hlasujte pro sv\u016fj obl\u00edben\u00fd sport! Z\u00fa\u010dastn\u011bte se vzru\u0161uj\u00edc\u00ed akce \u201eHlasujte pro nejlep\u0161\u00ed sport\u201c, z\u00edskejte s\u00e1zky zdarma a zaj\u00edmav\u00e9 ceny! Nenechte si uj\u00edt p\u0159\u00edle\u017eitost uk\u00e1zat svou v\u011brnost a z\u00edskat exkluzivn\u00ed bonusy - \u010das je omezen\u00fd, jednejte hned!\" \/>\n<meta property=\"og:url\" content=\"https:\/\/spinbetter.app\/cz\/bonus\/spinbetter-vote\/\" \/>\n<meta property=\"og:site_name\" content=\"Spinbetter App CZ\" \/>\n<meta property=\"article:modified_time\" content=\"2025-05-29T10:18:18+00:00\" \/>\n<meta name=\"twitter:card\" content=\"summary_large_image\" \/>\n<script type=\"application\/ld+json\" class=\"yoast-schema-graph\">{\"@context\":\"https:\/\/schema.org\",\"@graph\":[{\"@type\":\"WebPage\",\"@id\":\"https:\/\/spinbetter.app\/cz\/bonus\/spinbetter-vote\/\",\"url\":\"https:\/\/spinbetter.app\/cz\/bonus\/spinbetter-vote\/\",\"name\":\"Hlasujte pro sportovn\u00ed bonus: S\u00e1zky zdarma a exkluzivn\u00ed odm\u011bny!\",\"isPartOf\":{\"@id\":\"https:\/\/spinbetter.app\/cz\/#website\"},\"datePublished\":\"2025-05-29T10:16:05+00:00\",\"dateModified\":\"2025-05-29T10:18:18+00:00\",\"description\":\"P\u0159ipojte se ke SpinBetter a hlasujte pro sv\u016fj obl\u00edben\u00fd sport! Z\u00fa\u010dastn\u011bte se vzru\u0161uj\u00edc\u00ed akce \u201eHlasujte pro nejlep\u0161\u00ed sport\u201c, z\u00edskejte s\u00e1zky zdarma a zaj\u00edmav\u00e9 ceny! Nenechte si uj\u00edt p\u0159\u00edle\u017eitost uk\u00e1zat svou v\u011brnost a z\u00edskat exkluzivn\u00ed bonusy - \u010das je omezen\u00fd, jednejte hned!\",\"breadcrumb\":{\"@id\":\"https:\/\/spinbetter.app\/cz\/bonus\/spinbetter-vote\/#breadcrumb\"},\"inLanguage\":\"cs\",\"potentialAction\":[{\"@type\":\"ReadAction\",\"target\":[\"https:\/\/spinbetter.app\/cz\/bonus\/spinbetter-vote\/\"]}]},{\"@type\":\"BreadcrumbList\",\"@id\":\"https:\/\/spinbetter.app\/cz\/bonus\/spinbetter-vote\/#breadcrumb\",\"itemListElement\":[{\"@type\":\"ListItem\",\"position\":1,\"name\":\"Home\",\"item\":\"https:\/\/spinbetter.app\/cz\/\"},{\"@type\":\"ListItem\",\"position\":2,\"name\":\"Bonus\",\"item\":\"https:\/\/spinbetter.app\/cz\/bonus\/\"},{\"@type\":\"ListItem\",\"position\":3,\"name\":\"Hlasov\u00e1n\u00ed pro SpinBetter\"}]},{\"@type\":\"WebSite\",\"@id\":\"https:\/\/spinbetter.app\/cz\/#website\",\"url\":\"https:\/\/spinbetter.app\/cz\/\",\"name\":\"Spinbetter App CZ\",\"description\":\"\",\"potentialAction\":[{\"@type\":\"SearchAction\",\"target\":{\"@type\":\"EntryPoint\",\"urlTemplate\":\"https:\/\/spinbetter.app\/cz\/?s={search_term_string}\"},\"query-input\":{\"@type\":\"PropertyValueSpecification\",\"valueRequired\":true,\"valueName\":\"search_term_string\"}}],\"inLanguage\":\"cs\"}]}<\/script>\n<!-- \/ Yoast SEO plugin. -->","yoast_head_json":{"title":"Hlasujte pro sportovn\u00ed bonus: S\u00e1zky zdarma a exkluzivn\u00ed odm\u011bny!","description":"P\u0159ipojte se ke SpinBetter a hlasujte pro sv\u016fj obl\u00edben\u00fd sport! Z\u00fa\u010dastn\u011bte se vzru\u0161uj\u00edc\u00ed akce \u201eHlasujte pro nejlep\u0161\u00ed sport\u201c, z\u00edskejte s\u00e1zky zdarma a zaj\u00edmav\u00e9 ceny! Nenechte si uj\u00edt p\u0159\u00edle\u017eitost uk\u00e1zat svou v\u011brnost a z\u00edskat exkluzivn\u00ed bonusy - \u010das je omezen\u00fd, jednejte hned!","robots":{"index":"index","follow":"follow","max-snippet":"max-snippet:-1","max-image-preview":"max-image-preview:large","max-video-preview":"max-video-preview:-1"},"og_locale":"cs_CZ","og_type":"article","og_title":"Hlasujte pro sportovn\u00ed bonus: S\u00e1zky zdarma a exkluzivn\u00ed odm\u011bny!","og_description":"P\u0159ipojte se ke SpinBetter a hlasujte pro sv\u016fj obl\u00edben\u00fd sport! Z\u00fa\u010dastn\u011bte se vzru\u0161uj\u00edc\u00ed akce \u201eHlasujte pro nejlep\u0161\u00ed sport\u201c, z\u00edskejte s\u00e1zky zdarma a zaj\u00edmav\u00e9 ceny! Nenechte si uj\u00edt p\u0159\u00edle\u017eitost uk\u00e1zat svou v\u011brnost a z\u00edskat exkluzivn\u00ed bonusy - \u010das je omezen\u00fd, jednejte hned!","og_url":"https:\/\/spinbetter.app\/cz\/bonus\/spinbetter-vote\/","og_site_name":"Spinbetter App CZ","article_modified_time":"2025-05-29T10:18:18+00:00","twitter_card":"summary_large_image","schema":{"@context":"https:\/\/schema.org","@graph":[{"@type":"WebPage","@id":"https:\/\/spinbetter.app\/cz\/bonus\/spinbetter-vote\/","url":"https:\/\/spinbetter.app\/cz\/bonus\/spinbetter-vote\/","name":"Hlasujte pro sportovn\u00ed bonus: S\u00e1zky zdarma a exkluzivn\u00ed odm\u011bny!","isPartOf":{"@id":"https:\/\/spinbetter.app\/cz\/#website"},"datePublished":"2025-05-29T10:16:05+00:00","dateModified":"2025-05-29T10:18:18+00:00","description":"P\u0159ipojte se ke SpinBetter a hlasujte pro sv\u016fj obl\u00edben\u00fd sport! Z\u00fa\u010dastn\u011bte se vzru\u0161uj\u00edc\u00ed akce \u201eHlasujte pro nejlep\u0161\u00ed sport\u201c, z\u00edskejte s\u00e1zky zdarma a zaj\u00edmav\u00e9 ceny! Nenechte si uj\u00edt p\u0159\u00edle\u017eitost uk\u00e1zat svou v\u011brnost a z\u00edskat exkluzivn\u00ed bonusy - \u010das je omezen\u00fd, jednejte hned!","breadcrumb":{"@id":"https:\/\/spinbetter.app\/cz\/bonus\/spinbetter-vote\/#breadcrumb"},"inLanguage":"cs","potentialAction":[{"@type":"ReadAction","target":["https:\/\/spinbetter.app\/cz\/bonus\/spinbetter-vote\/"]}]},{"@type":"BreadcrumbList","@id":"https:\/\/spinbetter.app\/cz\/bonus\/spinbetter-vote\/#breadcrumb","itemListElement":[{"@type":"ListItem","position":1,"name":"Home","item":"https:\/\/spinbetter.app\/cz\/"},{"@type":"ListItem","position":2,"name":"Bonus","item":"https:\/\/spinbetter.app\/cz\/bonus\/"},{"@type":"ListItem","position":3,"name":"Hlasov\u00e1n\u00ed pro SpinBetter"}]},{"@type":"WebSite","@id":"https:\/\/spinbetter.app\/cz\/#website","url":"https:\/\/spinbetter.app\/cz\/","name":"Spinbetter App CZ","description":"","potentialAction":[{"@type":"SearchAction","target":{"@type":"EntryPoint","urlTemplate":"https:\/\/spinbetter.app\/cz\/?s={search_term_string}"},"query-input":{"@type":"PropertyValueSpecification","valueRequired":true,"valueName":"search_term_string"}}],"inLanguage":"cs"}]}},"_links":{"self":[{"href":"https:\/\/spinbetter.app\/cz\/wp-json\/wp\/v2\/pages\/422"}],"collection":[{"href":"https:\/\/spinbetter.app\/cz\/wp-json\/wp\/v2\/pages"}],"about":[{"href":"https:\/\/spinbetter.app\/cz\/wp-json\/wp\/v2\/types\/page"}],"author":[{"embeddable":true,"href":"https:\/\/spinbetter.app\/cz\/wp-json\/wp\/v2\/users\/1"}],"replies":[{"embeddable":true,"href":"https:\/\/spinbetter.app\/cz\/wp-json\/wp\/v2\/comments?post=422"}],"version-history":[{"count":2,"href":"https:\/\/spinbetter.app\/cz\/wp-json\/wp\/v2\/pages\/422\/revisions"}],"predecessor-version":[{"id":424,"href":"https:\/\/spinbetter.app\/cz\/wp-json\/wp\/v2\/pages\/422\/revisions\/424"}],"up":[{"embeddable":true,"href":"https:\/\/spinbetter.app\/cz\/wp-json\/wp\/v2\/pages\/152"}],"wp:attachment":[{"href":"https:\/\/spinbetter.app\/cz\/wp-json\/wp\/v2\/media?parent=422"}],"curies":[{"name":"wp","href":"https:\/\/api.w.org\/{rel}","templated":true}]}}