{"id":207,"date":"2024-10-22T10:20:19","date_gmt":"2024-10-22T10:20:19","guid":{"rendered":"https:\/\/spinbetter.app\/de\/?page_id=207"},"modified":"2025-06-19T12:47:51","modified_gmt":"2025-06-19T12:47:51","slug":"registration","status":"publish","type":"page","link":"https:\/\/spinbetter.app\/de\/registration\/","title":{"rendered":"Anmeldung"},"content":{"rendered":"","protected":false},"excerpt":{"rendered":"","protected":false},"author":1,"featured_media":0,"parent":0,"menu_order":0,"comment_status":"closed","ping_status":"closed","template":"","meta":{"footnotes":""},"class_list":["post-207","page","type-page","status-publish","hentry"],"yoast_head":"<!-- This site is optimized with the Yoast SEO plugin v23.4 - https:\/\/yoast.com\/wordpress\/plugins\/seo\/ -->\n<title>SpinBetter Registrierung &gt; Einfache und schnelle Kontoer\u00f6ffnung<\/title>\n<meta name=\"description\" content=\"Melden Sie sich in wenigen Minuten bei SpinBetter an! Erfahren Sie, wie Sie ein Konto erstellen, welche Boni f\u00fcr neue Spieler verf\u00fcgbar sind und wie Sie mit dem Wetten beginnen k\u00f6nnen.\" \/>\n<meta name=\"robots\" content=\"index, follow, max-snippet:-1, max-image-preview:large, max-video-preview:-1\" \/>\n<meta property=\"og:locale\" content=\"de_DE\" \/>\n<meta property=\"og:type\" content=\"article\" \/>\n<meta property=\"og:title\" content=\"SpinBetter Registrierung &gt; Einfache und schnelle Kontoer\u00f6ffnung\" \/>\n<meta property=\"og:description\" content=\"Melden Sie sich in wenigen Minuten bei SpinBetter an! Erfahren Sie, wie Sie ein Konto erstellen, welche Boni f\u00fcr neue Spieler verf\u00fcgbar sind und wie Sie mit dem Wetten beginnen k\u00f6nnen.\" \/>\n<meta property=\"og:url\" content=\"https:\/\/spinbetter.app\/de\/registration\/\" \/>\n<meta property=\"og:site_name\" content=\"Spinbetter App DE\" \/>\n<meta property=\"article:modified_time\" content=\"2025-06-19T12:47:51+00:00\" \/>\n<meta name=\"twitter:card\" content=\"summary_large_image\" \/>\n<script type=\"application\/ld+json\" class=\"yoast-schema-graph\">{\"@context\":\"https:\/\/schema.org\",\"@graph\":[{\"@type\":\"WebPage\",\"@id\":\"https:\/\/spinbetter.app\/de\/registration\/\",\"url\":\"https:\/\/spinbetter.app\/de\/registration\/\",\"name\":\"SpinBetter Registrierung > Einfache und schnelle Kontoer\u00f6ffnung\",\"isPartOf\":{\"@id\":\"https:\/\/spinbetter.app\/de\/#website\"},\"datePublished\":\"2024-10-22T10:20:19+00:00\",\"dateModified\":\"2025-06-19T12:47:51+00:00\",\"description\":\"Melden Sie sich in wenigen Minuten bei SpinBetter an! Erfahren Sie, wie Sie ein Konto erstellen, welche Boni f\u00fcr neue Spieler verf\u00fcgbar sind und wie Sie mit dem Wetten beginnen k\u00f6nnen.\",\"breadcrumb\":{\"@id\":\"https:\/\/spinbetter.app\/de\/registration\/#breadcrumb\"},\"inLanguage\":\"de\",\"potentialAction\":[{\"@type\":\"ReadAction\",\"target\":[\"https:\/\/spinbetter.app\/de\/registration\/\"]}]},{\"@type\":\"BreadcrumbList\",\"@id\":\"https:\/\/spinbetter.app\/de\/registration\/#breadcrumb\",\"itemListElement\":[{\"@type\":\"ListItem\",\"position\":1,\"name\":\"Home\",\"item\":\"https:\/\/spinbetter.app\/de\/\"},{\"@type\":\"ListItem\",\"position\":2,\"name\":\"Anmeldung\"}]},{\"@type\":\"WebSite\",\"@id\":\"https:\/\/spinbetter.app\/de\/#website\",\"url\":\"https:\/\/spinbetter.app\/de\/\",\"name\":\"Spinbetter App DE\",\"description\":\"\",\"potentialAction\":[{\"@type\":\"SearchAction\",\"target\":{\"@type\":\"EntryPoint\",\"urlTemplate\":\"https:\/\/spinbetter.app\/de\/?s={search_term_string}\"},\"query-input\":{\"@type\":\"PropertyValueSpecification\",\"valueRequired\":true,\"valueName\":\"search_term_string\"}}],\"inLanguage\":\"de\"}]}<\/script>\n<!-- \/ Yoast SEO plugin. -->","yoast_head_json":{"title":"SpinBetter Registrierung > Einfache und schnelle Kontoer\u00f6ffnung","description":"Melden Sie sich in wenigen Minuten bei SpinBetter an! Erfahren Sie, wie Sie ein Konto erstellen, welche Boni f\u00fcr neue Spieler verf\u00fcgbar sind und wie Sie mit dem Wetten beginnen k\u00f6nnen.","robots":{"index":"index","follow":"follow","max-snippet":"max-snippet:-1","max-image-preview":"max-image-preview:large","max-video-preview":"max-video-preview:-1"},"og_locale":"de_DE","og_type":"article","og_title":"SpinBetter Registrierung > Einfache und schnelle Kontoer\u00f6ffnung","og_description":"Melden Sie sich in wenigen Minuten bei SpinBetter an! Erfahren Sie, wie Sie ein Konto erstellen, welche Boni f\u00fcr neue Spieler verf\u00fcgbar sind und wie Sie mit dem Wetten beginnen k\u00f6nnen.","og_url":"https:\/\/spinbetter.app\/de\/registration\/","og_site_name":"Spinbetter App DE","article_modified_time":"2025-06-19T12:47:51+00:00","twitter_card":"summary_large_image","schema":{"@context":"https:\/\/schema.org","@graph":[{"@type":"WebPage","@id":"https:\/\/spinbetter.app\/de\/registration\/","url":"https:\/\/spinbetter.app\/de\/registration\/","name":"SpinBetter Registrierung > Einfache und schnelle Kontoer\u00f6ffnung","isPartOf":{"@id":"https:\/\/spinbetter.app\/de\/#website"},"datePublished":"2024-10-22T10:20:19+00:00","dateModified":"2025-06-19T12:47:51+00:00","description":"Melden Sie sich in wenigen Minuten bei SpinBetter an! Erfahren Sie, wie Sie ein Konto erstellen, welche Boni f\u00fcr neue Spieler verf\u00fcgbar sind und wie Sie mit dem Wetten beginnen k\u00f6nnen.","breadcrumb":{"@id":"https:\/\/spinbetter.app\/de\/registration\/#breadcrumb"},"inLanguage":"de","potentialAction":[{"@type":"ReadAction","target":["https:\/\/spinbetter.app\/de\/registration\/"]}]},{"@type":"BreadcrumbList","@id":"https:\/\/spinbetter.app\/de\/registration\/#breadcrumb","itemListElement":[{"@type":"ListItem","position":1,"name":"Home","item":"https:\/\/spinbetter.app\/de\/"},{"@type":"ListItem","position":2,"name":"Anmeldung"}]},{"@type":"WebSite","@id":"https:\/\/spinbetter.app\/de\/#website","url":"https:\/\/spinbetter.app\/de\/","name":"Spinbetter App DE","description":"","potentialAction":[{"@type":"SearchAction","target":{"@type":"EntryPoint","urlTemplate":"https:\/\/spinbetter.app\/de\/?s={search_term_string}"},"query-input":{"@type":"PropertyValueSpecification","valueRequired":true,"valueName":"search_term_string"}}],"inLanguage":"de"}]}},"_links":{"self":[{"href":"https:\/\/spinbetter.app\/de\/wp-json\/wp\/v2\/pages\/207"}],"collection":[{"href":"https:\/\/spinbetter.app\/de\/wp-json\/wp\/v2\/pages"}],"about":[{"href":"https:\/\/spinbetter.app\/de\/wp-json\/wp\/v2\/types\/page"}],"author":[{"embeddable":true,"href":"https:\/\/spinbetter.app\/de\/wp-json\/wp\/v2\/users\/1"}],"replies":[{"embeddable":true,"href":"https:\/\/spinbetter.app\/de\/wp-json\/wp\/v2\/comments?post=207"}],"version-history":[{"count":13,"href":"https:\/\/spinbetter.app\/de\/wp-json\/wp\/v2\/pages\/207\/revisions"}],"predecessor-version":[{"id":369,"href":"https:\/\/spinbetter.app\/de\/wp-json\/wp\/v2\/pages\/207\/revisions\/369"}],"wp:attachment":[{"href":"https:\/\/spinbetter.app\/de\/wp-json\/wp\/v2\/media?parent=207"}],"curies":[{"name":"wp","href":"https:\/\/api.w.org\/{rel}","templated":true}]}}