{"id":393,"date":"2025-05-19T07:07:25","date_gmt":"2025-05-19T07:07:25","guid":{"rendered":"https:\/\/spinbetter.app\/de\/?page_id=393"},"modified":"2025-05-19T07:07:47","modified_gmt":"2025-05-19T07:07:47","slug":"spinbetter-vote","status":"publish","type":"page","link":"https:\/\/spinbetter.app\/de\/bonus\/spinbetter-vote\/","title":{"rendered":"SpinBetter-Abstimmung"},"content":{"rendered":"","protected":false},"excerpt":{"rendered":"","protected":false},"author":1,"featured_media":0,"parent":152,"menu_order":0,"comment_status":"closed","ping_status":"closed","template":"","meta":{"footnotes":""},"class_list":["post-393","page","type-page","status-publish","hentry"],"yoast_head":"<!-- This site is optimized with the Yoast SEO plugin v23.4 - https:\/\/yoast.com\/wordpress\/plugins\/seo\/ -->\n<title>Stimmen Sie f\u00fcr den besten Sport-Bonus: Gratiswetten und exklusive Pr\u00e4mien!<\/title>\n<meta name=\"description\" content=\"Werden Sie Mitglied bei SpinBetter und stimmen Sie f\u00fcr Ihre Lieblingssportart! Nehmen Sie an der aufregenden Aktion \u201eVote for the best sport\u201c teil, verdienen Sie Gratiswetten und coole Preise! Verpassen Sie nicht Ihre Chance, Ihre Treue zu zeigen und exklusive Boni zu erhalten - die Zeit ist begrenzt, handeln Sie jetzt!\" \/>\n<meta name=\"robots\" content=\"index, follow, max-snippet:-1, max-image-preview:large, max-video-preview:-1\" \/>\n<meta property=\"og:locale\" content=\"de_DE\" \/>\n<meta property=\"og:type\" content=\"article\" \/>\n<meta property=\"og:title\" content=\"Stimmen Sie f\u00fcr den besten Sport-Bonus: Gratiswetten und exklusive Pr\u00e4mien!\" \/>\n<meta property=\"og:description\" content=\"Werden Sie Mitglied bei SpinBetter und stimmen Sie f\u00fcr Ihre Lieblingssportart! Nehmen Sie an der aufregenden Aktion \u201eVote for the best sport\u201c teil, verdienen Sie Gratiswetten und coole Preise! Verpassen Sie nicht Ihre Chance, Ihre Treue zu zeigen und exklusive Boni zu erhalten - die Zeit ist begrenzt, handeln Sie jetzt!\" \/>\n<meta property=\"og:url\" content=\"https:\/\/spinbetter.app\/de\/bonus\/spinbetter-vote\/\" \/>\n<meta property=\"og:site_name\" content=\"Spinbetter App DE\" \/>\n<meta property=\"article:modified_time\" content=\"2025-05-19T07:07:47+00:00\" \/>\n<meta name=\"twitter:card\" content=\"summary_large_image\" \/>\n<script type=\"application\/ld+json\" class=\"yoast-schema-graph\">{\"@context\":\"https:\/\/schema.org\",\"@graph\":[{\"@type\":\"WebPage\",\"@id\":\"https:\/\/spinbetter.app\/de\/bonus\/spinbetter-vote\/\",\"url\":\"https:\/\/spinbetter.app\/de\/bonus\/spinbetter-vote\/\",\"name\":\"Stimmen Sie f\u00fcr den besten Sport-Bonus: Gratiswetten und exklusive Pr\u00e4mien!\",\"isPartOf\":{\"@id\":\"https:\/\/spinbetter.app\/de\/#website\"},\"datePublished\":\"2025-05-19T07:07:25+00:00\",\"dateModified\":\"2025-05-19T07:07:47+00:00\",\"description\":\"Werden Sie Mitglied bei SpinBetter und stimmen Sie f\u00fcr Ihre Lieblingssportart! Nehmen Sie an der aufregenden Aktion \u201eVote for the best sport\u201c teil, verdienen Sie Gratiswetten und coole Preise! Verpassen Sie nicht Ihre Chance, Ihre Treue zu zeigen und exklusive Boni zu erhalten - die Zeit ist begrenzt, handeln Sie jetzt!\",\"breadcrumb\":{\"@id\":\"https:\/\/spinbetter.app\/de\/bonus\/spinbetter-vote\/#breadcrumb\"},\"inLanguage\":\"de\",\"potentialAction\":[{\"@type\":\"ReadAction\",\"target\":[\"https:\/\/spinbetter.app\/de\/bonus\/spinbetter-vote\/\"]}]},{\"@type\":\"BreadcrumbList\",\"@id\":\"https:\/\/spinbetter.app\/de\/bonus\/spinbetter-vote\/#breadcrumb\",\"itemListElement\":[{\"@type\":\"ListItem\",\"position\":1,\"name\":\"Home\",\"item\":\"https:\/\/spinbetter.app\/de\/\"},{\"@type\":\"ListItem\",\"position\":2,\"name\":\"Bonus\",\"item\":\"https:\/\/spinbetter.app\/de\/bonus\/\"},{\"@type\":\"ListItem\",\"position\":3,\"name\":\"SpinBetter-Abstimmung\"}]},{\"@type\":\"WebSite\",\"@id\":\"https:\/\/spinbetter.app\/de\/#website\",\"url\":\"https:\/\/spinbetter.app\/de\/\",\"name\":\"Spinbetter App DE\",\"description\":\"\",\"potentialAction\":[{\"@type\":\"SearchAction\",\"target\":{\"@type\":\"EntryPoint\",\"urlTemplate\":\"https:\/\/spinbetter.app\/de\/?s={search_term_string}\"},\"query-input\":{\"@type\":\"PropertyValueSpecification\",\"valueRequired\":true,\"valueName\":\"search_term_string\"}}],\"inLanguage\":\"de\"}]}<\/script>\n<!-- \/ Yoast SEO plugin. -->","yoast_head_json":{"title":"Stimmen Sie f\u00fcr den besten Sport-Bonus: Gratiswetten und exklusive Pr\u00e4mien!","description":"Werden Sie Mitglied bei SpinBetter und stimmen Sie f\u00fcr Ihre Lieblingssportart! Nehmen Sie an der aufregenden Aktion \u201eVote for the best sport\u201c teil, verdienen Sie Gratiswetten und coole Preise! Verpassen Sie nicht Ihre Chance, Ihre Treue zu zeigen und exklusive Boni zu erhalten - die Zeit ist begrenzt, handeln Sie jetzt!","robots":{"index":"index","follow":"follow","max-snippet":"max-snippet:-1","max-image-preview":"max-image-preview:large","max-video-preview":"max-video-preview:-1"},"og_locale":"de_DE","og_type":"article","og_title":"Stimmen Sie f\u00fcr den besten Sport-Bonus: Gratiswetten und exklusive Pr\u00e4mien!","og_description":"Werden Sie Mitglied bei SpinBetter und stimmen Sie f\u00fcr Ihre Lieblingssportart! Nehmen Sie an der aufregenden Aktion \u201eVote for the best sport\u201c teil, verdienen Sie Gratiswetten und coole Preise! Verpassen Sie nicht Ihre Chance, Ihre Treue zu zeigen und exklusive Boni zu erhalten - die Zeit ist begrenzt, handeln Sie jetzt!","og_url":"https:\/\/spinbetter.app\/de\/bonus\/spinbetter-vote\/","og_site_name":"Spinbetter App DE","article_modified_time":"2025-05-19T07:07:47+00:00","twitter_card":"summary_large_image","schema":{"@context":"https:\/\/schema.org","@graph":[{"@type":"WebPage","@id":"https:\/\/spinbetter.app\/de\/bonus\/spinbetter-vote\/","url":"https:\/\/spinbetter.app\/de\/bonus\/spinbetter-vote\/","name":"Stimmen Sie f\u00fcr den besten Sport-Bonus: Gratiswetten und exklusive Pr\u00e4mien!","isPartOf":{"@id":"https:\/\/spinbetter.app\/de\/#website"},"datePublished":"2025-05-19T07:07:25+00:00","dateModified":"2025-05-19T07:07:47+00:00","description":"Werden Sie Mitglied bei SpinBetter und stimmen Sie f\u00fcr Ihre Lieblingssportart! Nehmen Sie an der aufregenden Aktion \u201eVote for the best sport\u201c teil, verdienen Sie Gratiswetten und coole Preise! Verpassen Sie nicht Ihre Chance, Ihre Treue zu zeigen und exklusive Boni zu erhalten - die Zeit ist begrenzt, handeln Sie jetzt!","breadcrumb":{"@id":"https:\/\/spinbetter.app\/de\/bonus\/spinbetter-vote\/#breadcrumb"},"inLanguage":"de","potentialAction":[{"@type":"ReadAction","target":["https:\/\/spinbetter.app\/de\/bonus\/spinbetter-vote\/"]}]},{"@type":"BreadcrumbList","@id":"https:\/\/spinbetter.app\/de\/bonus\/spinbetter-vote\/#breadcrumb","itemListElement":[{"@type":"ListItem","position":1,"name":"Home","item":"https:\/\/spinbetter.app\/de\/"},{"@type":"ListItem","position":2,"name":"Bonus","item":"https:\/\/spinbetter.app\/de\/bonus\/"},{"@type":"ListItem","position":3,"name":"SpinBetter-Abstimmung"}]},{"@type":"WebSite","@id":"https:\/\/spinbetter.app\/de\/#website","url":"https:\/\/spinbetter.app\/de\/","name":"Spinbetter App DE","description":"","potentialAction":[{"@type":"SearchAction","target":{"@type":"EntryPoint","urlTemplate":"https:\/\/spinbetter.app\/de\/?s={search_term_string}"},"query-input":{"@type":"PropertyValueSpecification","valueRequired":true,"valueName":"search_term_string"}}],"inLanguage":"de"}]}},"_links":{"self":[{"href":"https:\/\/spinbetter.app\/de\/wp-json\/wp\/v2\/pages\/393"}],"collection":[{"href":"https:\/\/spinbetter.app\/de\/wp-json\/wp\/v2\/pages"}],"about":[{"href":"https:\/\/spinbetter.app\/de\/wp-json\/wp\/v2\/types\/page"}],"author":[{"embeddable":true,"href":"https:\/\/spinbetter.app\/de\/wp-json\/wp\/v2\/users\/1"}],"replies":[{"embeddable":true,"href":"https:\/\/spinbetter.app\/de\/wp-json\/wp\/v2\/comments?post=393"}],"version-history":[{"count":1,"href":"https:\/\/spinbetter.app\/de\/wp-json\/wp\/v2\/pages\/393\/revisions"}],"predecessor-version":[{"id":394,"href":"https:\/\/spinbetter.app\/de\/wp-json\/wp\/v2\/pages\/393\/revisions\/394"}],"up":[{"embeddable":true,"href":"https:\/\/spinbetter.app\/de\/wp-json\/wp\/v2\/pages\/152"}],"wp:attachment":[{"href":"https:\/\/spinbetter.app\/de\/wp-json\/wp\/v2\/media?parent=393"}],"curies":[{"name":"wp","href":"https:\/\/api.w.org\/{rel}","templated":true}]}}