{"id":152,"date":"2023-05-18T17:39:43","date_gmt":"2023-05-18T17:39:43","guid":{"rendered":"https:\/\/spinbetter.app\/dk\/?page_id=152"},"modified":"2026-01-13T13:51:47","modified_gmt":"2026-01-13T13:51:47","slug":"bonus","status":"publish","type":"page","link":"https:\/\/spinbetter.app\/dk\/bonus\/","title":{"rendered":"Bonus"},"content":{"rendered":"","protected":false},"excerpt":{"rendered":"","protected":false},"author":1,"featured_media":0,"parent":0,"menu_order":0,"comment_status":"closed","ping_status":"closed","template":"","meta":{"footnotes":""},"class_list":["post-152","page","type-page","status-publish","hentry"],"yoast_head":"<!-- This site is optimized with the Yoast SEO plugin v23.4 - https:\/\/yoast.com\/wordpress\/plugins\/seo\/ -->\n<title>SpinBetter-bonus &gt; freebets, indbetalingsbonusser og kampagner<\/title>\n<meta name=\"description\" content=\"F\u00e5 gode bonusser fra SpinBetter! F\u00f8rste indbetalingsbonus, s\u00e6rlige kampagner og freebets. Tilmeld dig nu.\" \/>\n<meta name=\"robots\" content=\"index, follow, max-snippet:-1, max-image-preview:large, max-video-preview:-1\" \/>\n<meta property=\"og:locale\" content=\"da_DK\" \/>\n<meta property=\"og:type\" content=\"article\" \/>\n<meta property=\"og:title\" content=\"SpinBetter-bonus &gt; freebets, indbetalingsbonusser og kampagner\" \/>\n<meta property=\"og:description\" content=\"F\u00e5 gode bonusser fra SpinBetter! F\u00f8rste indbetalingsbonus, s\u00e6rlige kampagner og freebets. Tilmeld dig nu.\" \/>\n<meta property=\"og:url\" content=\"https:\/\/spinbetter.app\/dk\/bonus\/\" \/>\n<meta property=\"og:site_name\" content=\"Spinbetter App DK\" \/>\n<meta property=\"article:modified_time\" content=\"2026-01-13T13:51:47+00:00\" \/>\n<meta name=\"twitter:card\" content=\"summary_large_image\" \/>\n<script type=\"application\/ld+json\" class=\"yoast-schema-graph\">{\"@context\":\"https:\/\/schema.org\",\"@graph\":[{\"@type\":\"WebPage\",\"@id\":\"https:\/\/spinbetter.app\/dk\/bonus\/\",\"url\":\"https:\/\/spinbetter.app\/dk\/bonus\/\",\"name\":\"SpinBetter-bonus > freebets, indbetalingsbonusser og kampagner\",\"isPartOf\":{\"@id\":\"https:\/\/spinbetter.app\/dk\/#website\"},\"datePublished\":\"2023-05-18T17:39:43+00:00\",\"dateModified\":\"2026-01-13T13:51:47+00:00\",\"description\":\"F\u00e5 gode bonusser fra SpinBetter! F\u00f8rste indbetalingsbonus, s\u00e6rlige kampagner og freebets. Tilmeld dig nu.\",\"breadcrumb\":{\"@id\":\"https:\/\/spinbetter.app\/dk\/bonus\/#breadcrumb\"},\"inLanguage\":\"da-DK\",\"potentialAction\":[{\"@type\":\"ReadAction\",\"target\":[\"https:\/\/spinbetter.app\/dk\/bonus\/\"]}]},{\"@type\":\"BreadcrumbList\",\"@id\":\"https:\/\/spinbetter.app\/dk\/bonus\/#breadcrumb\",\"itemListElement\":[{\"@type\":\"ListItem\",\"position\":1,\"name\":\"Home\",\"item\":\"https:\/\/spinbetter.app\/dk\/\"},{\"@type\":\"ListItem\",\"position\":2,\"name\":\"Bonus\"}]},{\"@type\":\"WebSite\",\"@id\":\"https:\/\/spinbetter.app\/dk\/#website\",\"url\":\"https:\/\/spinbetter.app\/dk\/\",\"name\":\"Spinbetter App DK\",\"description\":\"\",\"potentialAction\":[{\"@type\":\"SearchAction\",\"target\":{\"@type\":\"EntryPoint\",\"urlTemplate\":\"https:\/\/spinbetter.app\/dk\/?s={search_term_string}\"},\"query-input\":{\"@type\":\"PropertyValueSpecification\",\"valueRequired\":true,\"valueName\":\"search_term_string\"}}],\"inLanguage\":\"da-DK\"}]}<\/script>\n<!-- \/ Yoast SEO plugin. -->","yoast_head_json":{"title":"SpinBetter-bonus > freebets, indbetalingsbonusser og kampagner","description":"F\u00e5 gode bonusser fra SpinBetter! F\u00f8rste indbetalingsbonus, s\u00e6rlige kampagner og freebets. Tilmeld dig nu.","robots":{"index":"index","follow":"follow","max-snippet":"max-snippet:-1","max-image-preview":"max-image-preview:large","max-video-preview":"max-video-preview:-1"},"og_locale":"da_DK","og_type":"article","og_title":"SpinBetter-bonus > freebets, indbetalingsbonusser og kampagner","og_description":"F\u00e5 gode bonusser fra SpinBetter! F\u00f8rste indbetalingsbonus, s\u00e6rlige kampagner og freebets. Tilmeld dig nu.","og_url":"https:\/\/spinbetter.app\/dk\/bonus\/","og_site_name":"Spinbetter App DK","article_modified_time":"2026-01-13T13:51:47+00:00","twitter_card":"summary_large_image","schema":{"@context":"https:\/\/schema.org","@graph":[{"@type":"WebPage","@id":"https:\/\/spinbetter.app\/dk\/bonus\/","url":"https:\/\/spinbetter.app\/dk\/bonus\/","name":"SpinBetter-bonus > freebets, indbetalingsbonusser og kampagner","isPartOf":{"@id":"https:\/\/spinbetter.app\/dk\/#website"},"datePublished":"2023-05-18T17:39:43+00:00","dateModified":"2026-01-13T13:51:47+00:00","description":"F\u00e5 gode bonusser fra SpinBetter! F\u00f8rste indbetalingsbonus, s\u00e6rlige kampagner og freebets. Tilmeld dig nu.","breadcrumb":{"@id":"https:\/\/spinbetter.app\/dk\/bonus\/#breadcrumb"},"inLanguage":"da-DK","potentialAction":[{"@type":"ReadAction","target":["https:\/\/spinbetter.app\/dk\/bonus\/"]}]},{"@type":"BreadcrumbList","@id":"https:\/\/spinbetter.app\/dk\/bonus\/#breadcrumb","itemListElement":[{"@type":"ListItem","position":1,"name":"Home","item":"https:\/\/spinbetter.app\/dk\/"},{"@type":"ListItem","position":2,"name":"Bonus"}]},{"@type":"WebSite","@id":"https:\/\/spinbetter.app\/dk\/#website","url":"https:\/\/spinbetter.app\/dk\/","name":"Spinbetter App DK","description":"","potentialAction":[{"@type":"SearchAction","target":{"@type":"EntryPoint","urlTemplate":"https:\/\/spinbetter.app\/dk\/?s={search_term_string}"},"query-input":{"@type":"PropertyValueSpecification","valueRequired":true,"valueName":"search_term_string"}}],"inLanguage":"da-DK"}]}},"_links":{"self":[{"href":"https:\/\/spinbetter.app\/dk\/wp-json\/wp\/v2\/pages\/152"}],"collection":[{"href":"https:\/\/spinbetter.app\/dk\/wp-json\/wp\/v2\/pages"}],"about":[{"href":"https:\/\/spinbetter.app\/dk\/wp-json\/wp\/v2\/types\/page"}],"author":[{"embeddable":true,"href":"https:\/\/spinbetter.app\/dk\/wp-json\/wp\/v2\/users\/1"}],"replies":[{"embeddable":true,"href":"https:\/\/spinbetter.app\/dk\/wp-json\/wp\/v2\/comments?post=152"}],"version-history":[{"count":15,"href":"https:\/\/spinbetter.app\/dk\/wp-json\/wp\/v2\/pages\/152\/revisions"}],"predecessor-version":[{"id":442,"href":"https:\/\/spinbetter.app\/dk\/wp-json\/wp\/v2\/pages\/152\/revisions\/442"}],"wp:attachment":[{"href":"https:\/\/spinbetter.app\/dk\/wp-json\/wp\/v2\/media?parent=152"}],"curies":[{"name":"wp","href":"https:\/\/api.w.org\/{rel}","templated":true}]}}