{"id":190,"date":"2024-10-22T10:18:49","date_gmt":"2024-10-22T10:18:49","guid":{"rendered":"https:\/\/spinbetter.app\/dk\/?page_id=190"},"modified":"2025-06-19T12:44:43","modified_gmt":"2025-06-19T12:44:43","slug":"casino","status":"publish","type":"page","link":"https:\/\/spinbetter.app\/dk\/casino\/","title":{"rendered":"Casino"},"content":{"rendered":"","protected":false},"excerpt":{"rendered":"","protected":false},"author":1,"featured_media":0,"parent":0,"menu_order":0,"comment_status":"closed","ping_status":"closed","template":"","meta":{"footnotes":""},"class_list":["post-190","page","type-page","status-publish","hentry"],"yoast_head":"<!-- This site is optimized with the Yoast SEO plugin v23.4 - https:\/\/yoast.com\/wordpress\/plugins\/seo\/ -->\n<title>SpinBetter Casino &gt; de bedste casinospil og bonusser<\/title>\n<meta name=\"description\" content=\"Spil p\u00e5 SpinBetter Casino! De bedste slots, live-spil og gener\u00f8se bonusser venter p\u00e5 dig. Tilmeld dig og begynd at vinde.\" \/>\n<meta name=\"robots\" content=\"index, follow, max-snippet:-1, max-image-preview:large, max-video-preview:-1\" \/>\n<meta property=\"og:locale\" content=\"da_DK\" \/>\n<meta property=\"og:type\" content=\"article\" \/>\n<meta property=\"og:title\" content=\"SpinBetter Casino &gt; de bedste casinospil og bonusser\" \/>\n<meta property=\"og:description\" content=\"Spil p\u00e5 SpinBetter Casino! De bedste slots, live-spil og gener\u00f8se bonusser venter p\u00e5 dig. Tilmeld dig og begynd at vinde.\" \/>\n<meta property=\"og:url\" content=\"https:\/\/spinbetter.app\/dk\/casino\/\" \/>\n<meta property=\"og:site_name\" content=\"Spinbetter App DK\" \/>\n<meta property=\"article:modified_time\" content=\"2025-06-19T12:44:43+00:00\" \/>\n<meta name=\"twitter:card\" content=\"summary_large_image\" \/>\n<script type=\"application\/ld+json\" class=\"yoast-schema-graph\">{\"@context\":\"https:\/\/schema.org\",\"@graph\":[{\"@type\":\"WebPage\",\"@id\":\"https:\/\/spinbetter.app\/dk\/casino\/\",\"url\":\"https:\/\/spinbetter.app\/dk\/casino\/\",\"name\":\"SpinBetter Casino > de bedste casinospil og bonusser\",\"isPartOf\":{\"@id\":\"https:\/\/spinbetter.app\/dk\/#website\"},\"datePublished\":\"2024-10-22T10:18:49+00:00\",\"dateModified\":\"2025-06-19T12:44:43+00:00\",\"description\":\"Spil p\u00e5 SpinBetter Casino! De bedste slots, live-spil og gener\u00f8se bonusser venter p\u00e5 dig. Tilmeld dig og begynd at vinde.\",\"breadcrumb\":{\"@id\":\"https:\/\/spinbetter.app\/dk\/casino\/#breadcrumb\"},\"inLanguage\":\"da-DK\",\"potentialAction\":[{\"@type\":\"ReadAction\",\"target\":[\"https:\/\/spinbetter.app\/dk\/casino\/\"]}]},{\"@type\":\"BreadcrumbList\",\"@id\":\"https:\/\/spinbetter.app\/dk\/casino\/#breadcrumb\",\"itemListElement\":[{\"@type\":\"ListItem\",\"position\":1,\"name\":\"Home\",\"item\":\"https:\/\/spinbetter.app\/dk\/\"},{\"@type\":\"ListItem\",\"position\":2,\"name\":\"Casino\"}]},{\"@type\":\"WebSite\",\"@id\":\"https:\/\/spinbetter.app\/dk\/#website\",\"url\":\"https:\/\/spinbetter.app\/dk\/\",\"name\":\"Spinbetter App DK\",\"description\":\"\",\"potentialAction\":[{\"@type\":\"SearchAction\",\"target\":{\"@type\":\"EntryPoint\",\"urlTemplate\":\"https:\/\/spinbetter.app\/dk\/?s={search_term_string}\"},\"query-input\":{\"@type\":\"PropertyValueSpecification\",\"valueRequired\":true,\"valueName\":\"search_term_string\"}}],\"inLanguage\":\"da-DK\"}]}<\/script>\n<!-- \/ Yoast SEO plugin. -->","yoast_head_json":{"title":"SpinBetter Casino > de bedste casinospil og bonusser","description":"Spil p\u00e5 SpinBetter Casino! De bedste slots, live-spil og gener\u00f8se bonusser venter p\u00e5 dig. Tilmeld dig og begynd at vinde.","robots":{"index":"index","follow":"follow","max-snippet":"max-snippet:-1","max-image-preview":"max-image-preview:large","max-video-preview":"max-video-preview:-1"},"og_locale":"da_DK","og_type":"article","og_title":"SpinBetter Casino > de bedste casinospil og bonusser","og_description":"Spil p\u00e5 SpinBetter Casino! De bedste slots, live-spil og gener\u00f8se bonusser venter p\u00e5 dig. Tilmeld dig og begynd at vinde.","og_url":"https:\/\/spinbetter.app\/dk\/casino\/","og_site_name":"Spinbetter App DK","article_modified_time":"2025-06-19T12:44:43+00:00","twitter_card":"summary_large_image","schema":{"@context":"https:\/\/schema.org","@graph":[{"@type":"WebPage","@id":"https:\/\/spinbetter.app\/dk\/casino\/","url":"https:\/\/spinbetter.app\/dk\/casino\/","name":"SpinBetter Casino > de bedste casinospil og bonusser","isPartOf":{"@id":"https:\/\/spinbetter.app\/dk\/#website"},"datePublished":"2024-10-22T10:18:49+00:00","dateModified":"2025-06-19T12:44:43+00:00","description":"Spil p\u00e5 SpinBetter Casino! De bedste slots, live-spil og gener\u00f8se bonusser venter p\u00e5 dig. Tilmeld dig og begynd at vinde.","breadcrumb":{"@id":"https:\/\/spinbetter.app\/dk\/casino\/#breadcrumb"},"inLanguage":"da-DK","potentialAction":[{"@type":"ReadAction","target":["https:\/\/spinbetter.app\/dk\/casino\/"]}]},{"@type":"BreadcrumbList","@id":"https:\/\/spinbetter.app\/dk\/casino\/#breadcrumb","itemListElement":[{"@type":"ListItem","position":1,"name":"Home","item":"https:\/\/spinbetter.app\/dk\/"},{"@type":"ListItem","position":2,"name":"Casino"}]},{"@type":"WebSite","@id":"https:\/\/spinbetter.app\/dk\/#website","url":"https:\/\/spinbetter.app\/dk\/","name":"Spinbetter App DK","description":"","potentialAction":[{"@type":"SearchAction","target":{"@type":"EntryPoint","urlTemplate":"https:\/\/spinbetter.app\/dk\/?s={search_term_string}"},"query-input":{"@type":"PropertyValueSpecification","valueRequired":true,"valueName":"search_term_string"}}],"inLanguage":"da-DK"}]}},"_links":{"self":[{"href":"https:\/\/spinbetter.app\/dk\/wp-json\/wp\/v2\/pages\/190"}],"collection":[{"href":"https:\/\/spinbetter.app\/dk\/wp-json\/wp\/v2\/pages"}],"about":[{"href":"https:\/\/spinbetter.app\/dk\/wp-json\/wp\/v2\/types\/page"}],"author":[{"embeddable":true,"href":"https:\/\/spinbetter.app\/dk\/wp-json\/wp\/v2\/users\/1"}],"replies":[{"embeddable":true,"href":"https:\/\/spinbetter.app\/dk\/wp-json\/wp\/v2\/comments?post=190"}],"version-history":[{"count":17,"href":"https:\/\/spinbetter.app\/dk\/wp-json\/wp\/v2\/pages\/190\/revisions"}],"predecessor-version":[{"id":402,"href":"https:\/\/spinbetter.app\/dk\/wp-json\/wp\/v2\/pages\/190\/revisions\/402"}],"wp:attachment":[{"href":"https:\/\/spinbetter.app\/dk\/wp-json\/wp\/v2\/media?parent=190"}],"curies":[{"name":"wp","href":"https:\/\/api.w.org\/{rel}","templated":true}]}}