{"id":212,"date":"2024-10-22T10:20:07","date_gmt":"2024-10-22T10:20:07","guid":{"rendered":"https:\/\/spinbetter.app\/dk\/?page_id=212"},"modified":"2026-01-13T13:52:25","modified_gmt":"2026-01-13T13:52:25","slug":"promo-code","status":"publish","type":"page","link":"https:\/\/spinbetter.app\/dk\/promo-code\/","title":{"rendered":"Kampagne"},"content":{"rendered":"","protected":false},"excerpt":{"rendered":"","protected":false},"author":1,"featured_media":0,"parent":0,"menu_order":0,"comment_status":"closed","ping_status":"closed","template":"","meta":{"footnotes":""},"class_list":["post-212","page","type-page","status-publish","hentry"],"yoast_head":"<!-- This site is optimized with the Yoast SEO plugin v23.4 - https:\/\/yoast.com\/wordpress\/plugins\/seo\/ -->\n<title>SpinBetter kampagnekode &gt; Alle kampagnekoder p\u00e5 \u00e9t sted<\/title>\n<meta name=\"description\" content=\"Leder du efter bonusser fra SpinBetter? Vi har samlet alle de aktuelle kampagnekoder p\u00e5 \u00e9n side p\u00e5 vores hjemmeside.\" \/>\n<meta name=\"robots\" content=\"index, follow, max-snippet:-1, max-image-preview:large, max-video-preview:-1\" \/>\n<meta property=\"og:locale\" content=\"da_DK\" \/>\n<meta property=\"og:type\" content=\"article\" \/>\n<meta property=\"og:title\" content=\"SpinBetter kampagnekode &gt; Alle kampagnekoder p\u00e5 \u00e9t sted\" \/>\n<meta property=\"og:description\" content=\"Leder du efter bonusser fra SpinBetter? Vi har samlet alle de aktuelle kampagnekoder p\u00e5 \u00e9n side p\u00e5 vores hjemmeside.\" \/>\n<meta property=\"og:url\" content=\"https:\/\/spinbetter.app\/dk\/promo-code\/\" \/>\n<meta property=\"og:site_name\" content=\"Spinbetter App DK\" \/>\n<meta property=\"article:modified_time\" content=\"2026-01-13T13:52:25+00:00\" \/>\n<meta name=\"twitter:card\" content=\"summary_large_image\" \/>\n<script type=\"application\/ld+json\" class=\"yoast-schema-graph\">{\"@context\":\"https:\/\/schema.org\",\"@graph\":[{\"@type\":\"WebPage\",\"@id\":\"https:\/\/spinbetter.app\/dk\/promo-code\/\",\"url\":\"https:\/\/spinbetter.app\/dk\/promo-code\/\",\"name\":\"SpinBetter kampagnekode > Alle kampagnekoder p\u00e5 \u00e9t sted\",\"isPartOf\":{\"@id\":\"https:\/\/spinbetter.app\/dk\/#website\"},\"datePublished\":\"2024-10-22T10:20:07+00:00\",\"dateModified\":\"2026-01-13T13:52:25+00:00\",\"description\":\"Leder du efter bonusser fra SpinBetter? Vi har samlet alle de aktuelle kampagnekoder p\u00e5 \u00e9n side p\u00e5 vores hjemmeside.\",\"breadcrumb\":{\"@id\":\"https:\/\/spinbetter.app\/dk\/promo-code\/#breadcrumb\"},\"inLanguage\":\"da-DK\",\"potentialAction\":[{\"@type\":\"ReadAction\",\"target\":[\"https:\/\/spinbetter.app\/dk\/promo-code\/\"]}]},{\"@type\":\"BreadcrumbList\",\"@id\":\"https:\/\/spinbetter.app\/dk\/promo-code\/#breadcrumb\",\"itemListElement\":[{\"@type\":\"ListItem\",\"position\":1,\"name\":\"Home\",\"item\":\"https:\/\/spinbetter.app\/dk\/\"},{\"@type\":\"ListItem\",\"position\":2,\"name\":\"Kampagne\"}]},{\"@type\":\"WebSite\",\"@id\":\"https:\/\/spinbetter.app\/dk\/#website\",\"url\":\"https:\/\/spinbetter.app\/dk\/\",\"name\":\"Spinbetter App DK\",\"description\":\"\",\"potentialAction\":[{\"@type\":\"SearchAction\",\"target\":{\"@type\":\"EntryPoint\",\"urlTemplate\":\"https:\/\/spinbetter.app\/dk\/?s={search_term_string}\"},\"query-input\":{\"@type\":\"PropertyValueSpecification\",\"valueRequired\":true,\"valueName\":\"search_term_string\"}}],\"inLanguage\":\"da-DK\"}]}<\/script>\n<!-- \/ Yoast SEO plugin. -->","yoast_head_json":{"title":"SpinBetter kampagnekode > Alle kampagnekoder p\u00e5 \u00e9t sted","description":"Leder du efter bonusser fra SpinBetter? Vi har samlet alle de aktuelle kampagnekoder p\u00e5 \u00e9n side p\u00e5 vores hjemmeside.","robots":{"index":"index","follow":"follow","max-snippet":"max-snippet:-1","max-image-preview":"max-image-preview:large","max-video-preview":"max-video-preview:-1"},"og_locale":"da_DK","og_type":"article","og_title":"SpinBetter kampagnekode > Alle kampagnekoder p\u00e5 \u00e9t sted","og_description":"Leder du efter bonusser fra SpinBetter? Vi har samlet alle de aktuelle kampagnekoder p\u00e5 \u00e9n side p\u00e5 vores hjemmeside.","og_url":"https:\/\/spinbetter.app\/dk\/promo-code\/","og_site_name":"Spinbetter App DK","article_modified_time":"2026-01-13T13:52:25+00:00","twitter_card":"summary_large_image","schema":{"@context":"https:\/\/schema.org","@graph":[{"@type":"WebPage","@id":"https:\/\/spinbetter.app\/dk\/promo-code\/","url":"https:\/\/spinbetter.app\/dk\/promo-code\/","name":"SpinBetter kampagnekode > Alle kampagnekoder p\u00e5 \u00e9t sted","isPartOf":{"@id":"https:\/\/spinbetter.app\/dk\/#website"},"datePublished":"2024-10-22T10:20:07+00:00","dateModified":"2026-01-13T13:52:25+00:00","description":"Leder du efter bonusser fra SpinBetter? Vi har samlet alle de aktuelle kampagnekoder p\u00e5 \u00e9n side p\u00e5 vores hjemmeside.","breadcrumb":{"@id":"https:\/\/spinbetter.app\/dk\/promo-code\/#breadcrumb"},"inLanguage":"da-DK","potentialAction":[{"@type":"ReadAction","target":["https:\/\/spinbetter.app\/dk\/promo-code\/"]}]},{"@type":"BreadcrumbList","@id":"https:\/\/spinbetter.app\/dk\/promo-code\/#breadcrumb","itemListElement":[{"@type":"ListItem","position":1,"name":"Home","item":"https:\/\/spinbetter.app\/dk\/"},{"@type":"ListItem","position":2,"name":"Kampagne"}]},{"@type":"WebSite","@id":"https:\/\/spinbetter.app\/dk\/#website","url":"https:\/\/spinbetter.app\/dk\/","name":"Spinbetter App DK","description":"","potentialAction":[{"@type":"SearchAction","target":{"@type":"EntryPoint","urlTemplate":"https:\/\/spinbetter.app\/dk\/?s={search_term_string}"},"query-input":{"@type":"PropertyValueSpecification","valueRequired":true,"valueName":"search_term_string"}}],"inLanguage":"da-DK"}]}},"_links":{"self":[{"href":"https:\/\/spinbetter.app\/dk\/wp-json\/wp\/v2\/pages\/212"}],"collection":[{"href":"https:\/\/spinbetter.app\/dk\/wp-json\/wp\/v2\/pages"}],"about":[{"href":"https:\/\/spinbetter.app\/dk\/wp-json\/wp\/v2\/types\/page"}],"author":[{"embeddable":true,"href":"https:\/\/spinbetter.app\/dk\/wp-json\/wp\/v2\/users\/1"}],"replies":[{"embeddable":true,"href":"https:\/\/spinbetter.app\/dk\/wp-json\/wp\/v2\/comments?post=212"}],"version-history":[{"count":21,"href":"https:\/\/spinbetter.app\/dk\/wp-json\/wp\/v2\/pages\/212\/revisions"}],"predecessor-version":[{"id":443,"href":"https:\/\/spinbetter.app\/dk\/wp-json\/wp\/v2\/pages\/212\/revisions\/443"}],"wp:attachment":[{"href":"https:\/\/spinbetter.app\/dk\/wp-json\/wp\/v2\/media?parent=212"}],"curies":[{"name":"wp","href":"https:\/\/api.w.org\/{rel}","templated":true}]}}