{"id":230,"date":"2024-10-22T10:19:38","date_gmt":"2024-10-22T10:19:38","guid":{"rendered":"https:\/\/spinbetter.app\/dk\/?page_id=230"},"modified":"2025-06-19T12:46:30","modified_gmt":"2025-06-19T12:46:30","slug":"mirror","status":"publish","type":"page","link":"https:\/\/spinbetter.app\/dk\/mirror\/","title":{"rendered":"Spejl"},"content":{"rendered":"","protected":false},"excerpt":{"rendered":"","protected":false},"author":1,"featured_media":0,"parent":0,"menu_order":0,"comment_status":"closed","ping_status":"closed","template":"","meta":{"footnotes":""},"class_list":["post-230","page","type-page","status-publish","hentry"],"yoast_head":"<!-- This site is optimized with the Yoast SEO plugin v23.4 - https:\/\/yoast.com\/wordpress\/plugins\/seo\/ -->\n<title>SpinBetter-spejl for at f\u00e5 adgang til webstedet &gt; Omg\u00e5 blokering<\/title>\n<meta name=\"description\" content=\"Har du brug for adgang til SpinBetter? Brug opdaterede spejle til at omg\u00e5 blokeringer og logge ind p\u00e5 platformen. Find ud af detaljerne i artiklen.\" \/>\n<meta name=\"robots\" content=\"index, follow, max-snippet:-1, max-image-preview:large, max-video-preview:-1\" \/>\n<meta property=\"og:locale\" content=\"da_DK\" \/>\n<meta property=\"og:type\" content=\"article\" \/>\n<meta property=\"og:title\" content=\"SpinBetter-spejl for at f\u00e5 adgang til webstedet &gt; Omg\u00e5 blokering\" \/>\n<meta property=\"og:description\" content=\"Har du brug for adgang til SpinBetter? Brug opdaterede spejle til at omg\u00e5 blokeringer og logge ind p\u00e5 platformen. Find ud af detaljerne i artiklen.\" \/>\n<meta property=\"og:url\" content=\"https:\/\/spinbetter.app\/dk\/mirror\/\" \/>\n<meta property=\"og:site_name\" content=\"Spinbetter App DK\" \/>\n<meta property=\"article:modified_time\" content=\"2025-06-19T12:46:30+00:00\" \/>\n<meta name=\"twitter:card\" content=\"summary_large_image\" \/>\n<script type=\"application\/ld+json\" class=\"yoast-schema-graph\">{\"@context\":\"https:\/\/schema.org\",\"@graph\":[{\"@type\":\"WebPage\",\"@id\":\"https:\/\/spinbetter.app\/dk\/mirror\/\",\"url\":\"https:\/\/spinbetter.app\/dk\/mirror\/\",\"name\":\"SpinBetter-spejl for at f\u00e5 adgang til webstedet > Omg\u00e5 blokering\",\"isPartOf\":{\"@id\":\"https:\/\/spinbetter.app\/dk\/#website\"},\"datePublished\":\"2024-10-22T10:19:38+00:00\",\"dateModified\":\"2025-06-19T12:46:30+00:00\",\"description\":\"Har du brug for adgang til SpinBetter? Brug opdaterede spejle til at omg\u00e5 blokeringer og logge ind p\u00e5 platformen. Find ud af detaljerne i artiklen.\",\"breadcrumb\":{\"@id\":\"https:\/\/spinbetter.app\/dk\/mirror\/#breadcrumb\"},\"inLanguage\":\"da-DK\",\"potentialAction\":[{\"@type\":\"ReadAction\",\"target\":[\"https:\/\/spinbetter.app\/dk\/mirror\/\"]}]},{\"@type\":\"BreadcrumbList\",\"@id\":\"https:\/\/spinbetter.app\/dk\/mirror\/#breadcrumb\",\"itemListElement\":[{\"@type\":\"ListItem\",\"position\":1,\"name\":\"Home\",\"item\":\"https:\/\/spinbetter.app\/dk\/\"},{\"@type\":\"ListItem\",\"position\":2,\"name\":\"Spejl\"}]},{\"@type\":\"WebSite\",\"@id\":\"https:\/\/spinbetter.app\/dk\/#website\",\"url\":\"https:\/\/spinbetter.app\/dk\/\",\"name\":\"Spinbetter App DK\",\"description\":\"\",\"potentialAction\":[{\"@type\":\"SearchAction\",\"target\":{\"@type\":\"EntryPoint\",\"urlTemplate\":\"https:\/\/spinbetter.app\/dk\/?s={search_term_string}\"},\"query-input\":{\"@type\":\"PropertyValueSpecification\",\"valueRequired\":true,\"valueName\":\"search_term_string\"}}],\"inLanguage\":\"da-DK\"}]}<\/script>\n<!-- \/ Yoast SEO plugin. -->","yoast_head_json":{"title":"SpinBetter-spejl for at f\u00e5 adgang til webstedet > Omg\u00e5 blokering","description":"Har du brug for adgang til SpinBetter? Brug opdaterede spejle til at omg\u00e5 blokeringer og logge ind p\u00e5 platformen. Find ud af detaljerne i artiklen.","robots":{"index":"index","follow":"follow","max-snippet":"max-snippet:-1","max-image-preview":"max-image-preview:large","max-video-preview":"max-video-preview:-1"},"og_locale":"da_DK","og_type":"article","og_title":"SpinBetter-spejl for at f\u00e5 adgang til webstedet > Omg\u00e5 blokering","og_description":"Har du brug for adgang til SpinBetter? Brug opdaterede spejle til at omg\u00e5 blokeringer og logge ind p\u00e5 platformen. Find ud af detaljerne i artiklen.","og_url":"https:\/\/spinbetter.app\/dk\/mirror\/","og_site_name":"Spinbetter App DK","article_modified_time":"2025-06-19T12:46:30+00:00","twitter_card":"summary_large_image","schema":{"@context":"https:\/\/schema.org","@graph":[{"@type":"WebPage","@id":"https:\/\/spinbetter.app\/dk\/mirror\/","url":"https:\/\/spinbetter.app\/dk\/mirror\/","name":"SpinBetter-spejl for at f\u00e5 adgang til webstedet > Omg\u00e5 blokering","isPartOf":{"@id":"https:\/\/spinbetter.app\/dk\/#website"},"datePublished":"2024-10-22T10:19:38+00:00","dateModified":"2025-06-19T12:46:30+00:00","description":"Har du brug for adgang til SpinBetter? Brug opdaterede spejle til at omg\u00e5 blokeringer og logge ind p\u00e5 platformen. Find ud af detaljerne i artiklen.","breadcrumb":{"@id":"https:\/\/spinbetter.app\/dk\/mirror\/#breadcrumb"},"inLanguage":"da-DK","potentialAction":[{"@type":"ReadAction","target":["https:\/\/spinbetter.app\/dk\/mirror\/"]}]},{"@type":"BreadcrumbList","@id":"https:\/\/spinbetter.app\/dk\/mirror\/#breadcrumb","itemListElement":[{"@type":"ListItem","position":1,"name":"Home","item":"https:\/\/spinbetter.app\/dk\/"},{"@type":"ListItem","position":2,"name":"Spejl"}]},{"@type":"WebSite","@id":"https:\/\/spinbetter.app\/dk\/#website","url":"https:\/\/spinbetter.app\/dk\/","name":"Spinbetter App DK","description":"","potentialAction":[{"@type":"SearchAction","target":{"@type":"EntryPoint","urlTemplate":"https:\/\/spinbetter.app\/dk\/?s={search_term_string}"},"query-input":{"@type":"PropertyValueSpecification","valueRequired":true,"valueName":"search_term_string"}}],"inLanguage":"da-DK"}]}},"_links":{"self":[{"href":"https:\/\/spinbetter.app\/dk\/wp-json\/wp\/v2\/pages\/230"}],"collection":[{"href":"https:\/\/spinbetter.app\/dk\/wp-json\/wp\/v2\/pages"}],"about":[{"href":"https:\/\/spinbetter.app\/dk\/wp-json\/wp\/v2\/types\/page"}],"author":[{"embeddable":true,"href":"https:\/\/spinbetter.app\/dk\/wp-json\/wp\/v2\/users\/1"}],"replies":[{"embeddable":true,"href":"https:\/\/spinbetter.app\/dk\/wp-json\/wp\/v2\/comments?post=230"}],"version-history":[{"count":13,"href":"https:\/\/spinbetter.app\/dk\/wp-json\/wp\/v2\/pages\/230\/revisions"}],"predecessor-version":[{"id":389,"href":"https:\/\/spinbetter.app\/dk\/wp-json\/wp\/v2\/pages\/230\/revisions\/389"}],"wp:attachment":[{"href":"https:\/\/spinbetter.app\/dk\/wp-json\/wp\/v2\/media?parent=230"}],"curies":[{"name":"wp","href":"https:\/\/api.w.org\/{rel}","templated":true}]}}