{"id":420,"date":"2025-06-27T09:49:24","date_gmt":"2025-06-27T09:49:24","guid":{"rendered":"https:\/\/spinbetter.app\/dk\/?page_id=420"},"modified":"2025-06-27T09:49:30","modified_gmt":"2025-06-27T09:49:30","slug":"spinbetter-vote","status":"publish","type":"page","link":"https:\/\/spinbetter.app\/dk\/bonus\/spinbetter-vote\/","title":{"rendered":"SpinBetter-stemme"},"content":{"rendered":"","protected":false},"excerpt":{"rendered":"","protected":false},"author":1,"featured_media":0,"parent":152,"menu_order":0,"comment_status":"closed","ping_status":"closed","template":"","meta":{"footnotes":""},"class_list":["post-420","page","type-page","status-publish","hentry"],"yoast_head":"<!-- This site is optimized with the Yoast SEO plugin v23.4 - https:\/\/yoast.com\/wordpress\/plugins\/seo\/ -->\n<title>Stem p\u00e5 den bedste sportsbonus &gt; Gratis v\u00e6ddem\u00e5l<\/title>\n<meta name=\"description\" content=\"Bliv medlem af SpinBetter og stem p\u00e5 din yndlingssport! Deltag i den sp\u00e6ndende kampagne &quot;Stem p\u00e5 den bedste sport&quot;, optjen gratis v\u00e6ddem\u00e5l og fede pr\u00e6mier! G\u00e5 ikke glip af din chance for at vise din loyalitet og g\u00f8re krav p\u00e5 eksklusive bonusser - tiden er begr\u00e6nset, s\u00e5 handle nu!\" \/>\n<meta name=\"robots\" content=\"index, follow, max-snippet:-1, max-image-preview:large, max-video-preview:-1\" \/>\n<meta property=\"og:locale\" content=\"da_DK\" \/>\n<meta property=\"og:type\" content=\"article\" \/>\n<meta property=\"og:title\" content=\"Stem p\u00e5 den bedste sportsbonus &gt; Gratis v\u00e6ddem\u00e5l\" \/>\n<meta property=\"og:description\" content=\"Bliv medlem af SpinBetter og stem p\u00e5 din yndlingssport! Deltag i den sp\u00e6ndende kampagne &quot;Stem p\u00e5 den bedste sport&quot;, optjen gratis v\u00e6ddem\u00e5l og fede pr\u00e6mier! G\u00e5 ikke glip af din chance for at vise din loyalitet og g\u00f8re krav p\u00e5 eksklusive bonusser - tiden er begr\u00e6nset, s\u00e5 handle nu!\" \/>\n<meta property=\"og:url\" content=\"https:\/\/spinbetter.app\/dk\/bonus\/spinbetter-vote\/\" \/>\n<meta property=\"og:site_name\" content=\"Spinbetter App DK\" \/>\n<meta property=\"article:modified_time\" content=\"2025-06-27T09:49:30+00:00\" \/>\n<meta name=\"twitter:card\" content=\"summary_large_image\" \/>\n<script type=\"application\/ld+json\" class=\"yoast-schema-graph\">{\"@context\":\"https:\/\/schema.org\",\"@graph\":[{\"@type\":\"WebPage\",\"@id\":\"https:\/\/spinbetter.app\/dk\/bonus\/spinbetter-vote\/\",\"url\":\"https:\/\/spinbetter.app\/dk\/bonus\/spinbetter-vote\/\",\"name\":\"Stem p\u00e5 den bedste sportsbonus > Gratis v\u00e6ddem\u00e5l\",\"isPartOf\":{\"@id\":\"https:\/\/spinbetter.app\/dk\/#website\"},\"datePublished\":\"2025-06-27T09:49:24+00:00\",\"dateModified\":\"2025-06-27T09:49:30+00:00\",\"description\":\"Bliv medlem af SpinBetter og stem p\u00e5 din yndlingssport! Deltag i den sp\u00e6ndende kampagne \\\"Stem p\u00e5 den bedste sport\\\", optjen gratis v\u00e6ddem\u00e5l og fede pr\u00e6mier! G\u00e5 ikke glip af din chance for at vise din loyalitet og g\u00f8re krav p\u00e5 eksklusive bonusser - tiden er begr\u00e6nset, s\u00e5 handle nu!\",\"breadcrumb\":{\"@id\":\"https:\/\/spinbetter.app\/dk\/bonus\/spinbetter-vote\/#breadcrumb\"},\"inLanguage\":\"da-DK\",\"potentialAction\":[{\"@type\":\"ReadAction\",\"target\":[\"https:\/\/spinbetter.app\/dk\/bonus\/spinbetter-vote\/\"]}]},{\"@type\":\"BreadcrumbList\",\"@id\":\"https:\/\/spinbetter.app\/dk\/bonus\/spinbetter-vote\/#breadcrumb\",\"itemListElement\":[{\"@type\":\"ListItem\",\"position\":1,\"name\":\"Home\",\"item\":\"https:\/\/spinbetter.app\/dk\/\"},{\"@type\":\"ListItem\",\"position\":2,\"name\":\"Bonus\",\"item\":\"https:\/\/spinbetter.app\/dk\/bonus\/\"},{\"@type\":\"ListItem\",\"position\":3,\"name\":\"SpinBetter-stemme\"}]},{\"@type\":\"WebSite\",\"@id\":\"https:\/\/spinbetter.app\/dk\/#website\",\"url\":\"https:\/\/spinbetter.app\/dk\/\",\"name\":\"Spinbetter App DK\",\"description\":\"\",\"potentialAction\":[{\"@type\":\"SearchAction\",\"target\":{\"@type\":\"EntryPoint\",\"urlTemplate\":\"https:\/\/spinbetter.app\/dk\/?s={search_term_string}\"},\"query-input\":{\"@type\":\"PropertyValueSpecification\",\"valueRequired\":true,\"valueName\":\"search_term_string\"}}],\"inLanguage\":\"da-DK\"}]}<\/script>\n<!-- \/ Yoast SEO plugin. -->","yoast_head_json":{"title":"Stem p\u00e5 den bedste sportsbonus > Gratis v\u00e6ddem\u00e5l","description":"Bliv medlem af SpinBetter og stem p\u00e5 din yndlingssport! Deltag i den sp\u00e6ndende kampagne \"Stem p\u00e5 den bedste sport\", optjen gratis v\u00e6ddem\u00e5l og fede pr\u00e6mier! G\u00e5 ikke glip af din chance for at vise din loyalitet og g\u00f8re krav p\u00e5 eksklusive bonusser - tiden er begr\u00e6nset, s\u00e5 handle nu!","robots":{"index":"index","follow":"follow","max-snippet":"max-snippet:-1","max-image-preview":"max-image-preview:large","max-video-preview":"max-video-preview:-1"},"og_locale":"da_DK","og_type":"article","og_title":"Stem p\u00e5 den bedste sportsbonus > Gratis v\u00e6ddem\u00e5l","og_description":"Bliv medlem af SpinBetter og stem p\u00e5 din yndlingssport! Deltag i den sp\u00e6ndende kampagne \"Stem p\u00e5 den bedste sport\", optjen gratis v\u00e6ddem\u00e5l og fede pr\u00e6mier! G\u00e5 ikke glip af din chance for at vise din loyalitet og g\u00f8re krav p\u00e5 eksklusive bonusser - tiden er begr\u00e6nset, s\u00e5 handle nu!","og_url":"https:\/\/spinbetter.app\/dk\/bonus\/spinbetter-vote\/","og_site_name":"Spinbetter App DK","article_modified_time":"2025-06-27T09:49:30+00:00","twitter_card":"summary_large_image","schema":{"@context":"https:\/\/schema.org","@graph":[{"@type":"WebPage","@id":"https:\/\/spinbetter.app\/dk\/bonus\/spinbetter-vote\/","url":"https:\/\/spinbetter.app\/dk\/bonus\/spinbetter-vote\/","name":"Stem p\u00e5 den bedste sportsbonus > Gratis v\u00e6ddem\u00e5l","isPartOf":{"@id":"https:\/\/spinbetter.app\/dk\/#website"},"datePublished":"2025-06-27T09:49:24+00:00","dateModified":"2025-06-27T09:49:30+00:00","description":"Bliv medlem af SpinBetter og stem p\u00e5 din yndlingssport! Deltag i den sp\u00e6ndende kampagne \"Stem p\u00e5 den bedste sport\", optjen gratis v\u00e6ddem\u00e5l og fede pr\u00e6mier! G\u00e5 ikke glip af din chance for at vise din loyalitet og g\u00f8re krav p\u00e5 eksklusive bonusser - tiden er begr\u00e6nset, s\u00e5 handle nu!","breadcrumb":{"@id":"https:\/\/spinbetter.app\/dk\/bonus\/spinbetter-vote\/#breadcrumb"},"inLanguage":"da-DK","potentialAction":[{"@type":"ReadAction","target":["https:\/\/spinbetter.app\/dk\/bonus\/spinbetter-vote\/"]}]},{"@type":"BreadcrumbList","@id":"https:\/\/spinbetter.app\/dk\/bonus\/spinbetter-vote\/#breadcrumb","itemListElement":[{"@type":"ListItem","position":1,"name":"Home","item":"https:\/\/spinbetter.app\/dk\/"},{"@type":"ListItem","position":2,"name":"Bonus","item":"https:\/\/spinbetter.app\/dk\/bonus\/"},{"@type":"ListItem","position":3,"name":"SpinBetter-stemme"}]},{"@type":"WebSite","@id":"https:\/\/spinbetter.app\/dk\/#website","url":"https:\/\/spinbetter.app\/dk\/","name":"Spinbetter App DK","description":"","potentialAction":[{"@type":"SearchAction","target":{"@type":"EntryPoint","urlTemplate":"https:\/\/spinbetter.app\/dk\/?s={search_term_string}"},"query-input":{"@type":"PropertyValueSpecification","valueRequired":true,"valueName":"search_term_string"}}],"inLanguage":"da-DK"}]}},"_links":{"self":[{"href":"https:\/\/spinbetter.app\/dk\/wp-json\/wp\/v2\/pages\/420"}],"collection":[{"href":"https:\/\/spinbetter.app\/dk\/wp-json\/wp\/v2\/pages"}],"about":[{"href":"https:\/\/spinbetter.app\/dk\/wp-json\/wp\/v2\/types\/page"}],"author":[{"embeddable":true,"href":"https:\/\/spinbetter.app\/dk\/wp-json\/wp\/v2\/users\/1"}],"replies":[{"embeddable":true,"href":"https:\/\/spinbetter.app\/dk\/wp-json\/wp\/v2\/comments?post=420"}],"version-history":[{"count":1,"href":"https:\/\/spinbetter.app\/dk\/wp-json\/wp\/v2\/pages\/420\/revisions"}],"predecessor-version":[{"id":421,"href":"https:\/\/spinbetter.app\/dk\/wp-json\/wp\/v2\/pages\/420\/revisions\/421"}],"up":[{"embeddable":true,"href":"https:\/\/spinbetter.app\/dk\/wp-json\/wp\/v2\/pages\/152"}],"wp:attachment":[{"href":"https:\/\/spinbetter.app\/dk\/wp-json\/wp\/v2\/media?parent=420"}],"curies":[{"name":"wp","href":"https:\/\/api.w.org\/{rel}","templated":true}]}}