{"id":152,"date":"2023-05-18T17:39:43","date_gmt":"2023-05-18T17:39:43","guid":{"rendered":"https:\/\/spinbetter.app\/ee\/?page_id=152"},"modified":"2026-01-13T14:03:37","modified_gmt":"2026-01-13T14:03:37","slug":"bonus","status":"publish","type":"page","link":"https:\/\/spinbetter.app\/ee\/bonus\/","title":{"rendered":"Boonus"},"content":{"rendered":"","protected":false},"excerpt":{"rendered":"","protected":false},"author":1,"featured_media":0,"parent":0,"menu_order":0,"comment_status":"closed","ping_status":"closed","template":"","meta":{"footnotes":""},"class_list":["post-152","page","type-page","status-publish","hentry"],"yoast_head":"<!-- This site is optimized with the Yoast SEO plugin v23.4 - https:\/\/yoast.com\/wordpress\/plugins\/seo\/ -->\n<title>SpinBetter boonus &gt; tasuta panused, deposiitboonused<\/title>\n<meta name=\"description\" content=\"Saa suurep\u00e4raseid boonuseid SpinBetterilt! Esimese deposiidi boonused, eripakkumised ja tasuta panused. Registreeru n\u00fc\u00fcd.\" \/>\n<meta name=\"robots\" content=\"index, follow, max-snippet:-1, max-image-preview:large, max-video-preview:-1\" \/>\n<meta property=\"og:locale\" content=\"et_EE\" \/>\n<meta property=\"og:type\" content=\"article\" \/>\n<meta property=\"og:title\" content=\"SpinBetter boonus &gt; tasuta panused, deposiitboonused\" \/>\n<meta property=\"og:description\" content=\"Saa suurep\u00e4raseid boonuseid SpinBetterilt! Esimese deposiidi boonused, eripakkumised ja tasuta panused. Registreeru n\u00fc\u00fcd.\" \/>\n<meta property=\"og:url\" content=\"https:\/\/spinbetter.app\/ee\/bonus\/\" \/>\n<meta property=\"og:site_name\" content=\"Spinbetter APP EE\" \/>\n<meta property=\"article:modified_time\" content=\"2026-01-13T14:03:37+00:00\" \/>\n<meta name=\"twitter:card\" content=\"summary_large_image\" \/>\n<script type=\"application\/ld+json\" class=\"yoast-schema-graph\">{\"@context\":\"https:\/\/schema.org\",\"@graph\":[{\"@type\":\"WebPage\",\"@id\":\"https:\/\/spinbetter.app\/ee\/bonus\/\",\"url\":\"https:\/\/spinbetter.app\/ee\/bonus\/\",\"name\":\"SpinBetter boonus > tasuta panused, deposiitboonused\",\"isPartOf\":{\"@id\":\"https:\/\/spinbetter.app\/ee\/#website\"},\"datePublished\":\"2023-05-18T17:39:43+00:00\",\"dateModified\":\"2026-01-13T14:03:37+00:00\",\"description\":\"Saa suurep\u00e4raseid boonuseid SpinBetterilt! Esimese deposiidi boonused, eripakkumised ja tasuta panused. Registreeru n\u00fc\u00fcd.\",\"breadcrumb\":{\"@id\":\"https:\/\/spinbetter.app\/ee\/bonus\/#breadcrumb\"},\"inLanguage\":\"et\",\"potentialAction\":[{\"@type\":\"ReadAction\",\"target\":[\"https:\/\/spinbetter.app\/ee\/bonus\/\"]}]},{\"@type\":\"BreadcrumbList\",\"@id\":\"https:\/\/spinbetter.app\/ee\/bonus\/#breadcrumb\",\"itemListElement\":[{\"@type\":\"ListItem\",\"position\":1,\"name\":\"Home\",\"item\":\"https:\/\/spinbetter.app\/ee\/\"},{\"@type\":\"ListItem\",\"position\":2,\"name\":\"Boonus\"}]},{\"@type\":\"WebSite\",\"@id\":\"https:\/\/spinbetter.app\/ee\/#website\",\"url\":\"https:\/\/spinbetter.app\/ee\/\",\"name\":\"Spinbetter APP EE\",\"description\":\"\",\"potentialAction\":[{\"@type\":\"SearchAction\",\"target\":{\"@type\":\"EntryPoint\",\"urlTemplate\":\"https:\/\/spinbetter.app\/ee\/?s={search_term_string}\"},\"query-input\":{\"@type\":\"PropertyValueSpecification\",\"valueRequired\":true,\"valueName\":\"search_term_string\"}}],\"inLanguage\":\"et\"}]}<\/script>\n<!-- \/ Yoast SEO plugin. -->","yoast_head_json":{"title":"SpinBetter boonus > tasuta panused, deposiitboonused","description":"Saa suurep\u00e4raseid boonuseid SpinBetterilt! Esimese deposiidi boonused, eripakkumised ja tasuta panused. Registreeru n\u00fc\u00fcd.","robots":{"index":"index","follow":"follow","max-snippet":"max-snippet:-1","max-image-preview":"max-image-preview:large","max-video-preview":"max-video-preview:-1"},"og_locale":"et_EE","og_type":"article","og_title":"SpinBetter boonus > tasuta panused, deposiitboonused","og_description":"Saa suurep\u00e4raseid boonuseid SpinBetterilt! Esimese deposiidi boonused, eripakkumised ja tasuta panused. Registreeru n\u00fc\u00fcd.","og_url":"https:\/\/spinbetter.app\/ee\/bonus\/","og_site_name":"Spinbetter APP EE","article_modified_time":"2026-01-13T14:03:37+00:00","twitter_card":"summary_large_image","schema":{"@context":"https:\/\/schema.org","@graph":[{"@type":"WebPage","@id":"https:\/\/spinbetter.app\/ee\/bonus\/","url":"https:\/\/spinbetter.app\/ee\/bonus\/","name":"SpinBetter boonus > tasuta panused, deposiitboonused","isPartOf":{"@id":"https:\/\/spinbetter.app\/ee\/#website"},"datePublished":"2023-05-18T17:39:43+00:00","dateModified":"2026-01-13T14:03:37+00:00","description":"Saa suurep\u00e4raseid boonuseid SpinBetterilt! Esimese deposiidi boonused, eripakkumised ja tasuta panused. Registreeru n\u00fc\u00fcd.","breadcrumb":{"@id":"https:\/\/spinbetter.app\/ee\/bonus\/#breadcrumb"},"inLanguage":"et","potentialAction":[{"@type":"ReadAction","target":["https:\/\/spinbetter.app\/ee\/bonus\/"]}]},{"@type":"BreadcrumbList","@id":"https:\/\/spinbetter.app\/ee\/bonus\/#breadcrumb","itemListElement":[{"@type":"ListItem","position":1,"name":"Home","item":"https:\/\/spinbetter.app\/ee\/"},{"@type":"ListItem","position":2,"name":"Boonus"}]},{"@type":"WebSite","@id":"https:\/\/spinbetter.app\/ee\/#website","url":"https:\/\/spinbetter.app\/ee\/","name":"Spinbetter APP EE","description":"","potentialAction":[{"@type":"SearchAction","target":{"@type":"EntryPoint","urlTemplate":"https:\/\/spinbetter.app\/ee\/?s={search_term_string}"},"query-input":{"@type":"PropertyValueSpecification","valueRequired":true,"valueName":"search_term_string"}}],"inLanguage":"et"}]}},"_links":{"self":[{"href":"https:\/\/spinbetter.app\/ee\/wp-json\/wp\/v2\/pages\/152"}],"collection":[{"href":"https:\/\/spinbetter.app\/ee\/wp-json\/wp\/v2\/pages"}],"about":[{"href":"https:\/\/spinbetter.app\/ee\/wp-json\/wp\/v2\/types\/page"}],"author":[{"embeddable":true,"href":"https:\/\/spinbetter.app\/ee\/wp-json\/wp\/v2\/users\/1"}],"replies":[{"embeddable":true,"href":"https:\/\/spinbetter.app\/ee\/wp-json\/wp\/v2\/comments?post=152"}],"version-history":[{"count":17,"href":"https:\/\/spinbetter.app\/ee\/wp-json\/wp\/v2\/pages\/152\/revisions"}],"predecessor-version":[{"id":439,"href":"https:\/\/spinbetter.app\/ee\/wp-json\/wp\/v2\/pages\/152\/revisions\/439"}],"wp:attachment":[{"href":"https:\/\/spinbetter.app\/ee\/wp-json\/wp\/v2\/media?parent=152"}],"curies":[{"name":"wp","href":"https:\/\/api.w.org\/{rel}","templated":true}]}}