{"id":417,"date":"2025-06-27T11:49:21","date_gmt":"2025-06-27T11:49:21","guid":{"rendered":"https:\/\/spinbetter.app\/ee\/?page_id=417"},"modified":"2025-06-27T11:49:33","modified_gmt":"2025-06-27T11:49:33","slug":"spinbetter-vote","status":"publish","type":"page","link":"https:\/\/spinbetter.app\/ee\/bonus\/spinbetter-vote\/","title":{"rendered":"SpinBetteri h\u00e4\u00e4letus"},"content":{"rendered":"","protected":false},"excerpt":{"rendered":"","protected":false},"author":1,"featured_media":0,"parent":152,"menu_order":0,"comment_status":"closed","ping_status":"closed","template":"","meta":{"footnotes":""},"class_list":["post-417","page","type-page","status-publish","hentry"],"yoast_head":"<!-- This site is optimized with the Yoast SEO plugin v23.4 - https:\/\/yoast.com\/wordpress\/plugins\/seo\/ -->\n<title>H\u00e4\u00e4leta parima spordiboonuse poolt &gt; Tasuta panused<\/title>\n<meta name=\"description\" content=\"Liitu SpinBetteriga ja h\u00e4\u00e4leta oma lemmikspordiala poolt! Osale p\u00f5nevas kampaanias \u201eH\u00e4\u00e4leta parima spordiala poolt\u201c, teeni tasuta panuseid ja lahedaid auhindu! \u00c4ra j\u00e4ta kasutamata v\u00f5imalust n\u00e4idata oma lojaalsust ja saada eksklusiivseid boonuseid \u2013 aeg on piiratud, tegutse kohe!\" \/>\n<meta name=\"robots\" content=\"index, follow, max-snippet:-1, max-image-preview:large, max-video-preview:-1\" \/>\n<meta property=\"og:locale\" content=\"et_EE\" \/>\n<meta property=\"og:type\" content=\"article\" \/>\n<meta property=\"og:title\" content=\"H\u00e4\u00e4leta parima spordiboonuse poolt &gt; Tasuta panused\" \/>\n<meta property=\"og:description\" content=\"Liitu SpinBetteriga ja h\u00e4\u00e4leta oma lemmikspordiala poolt! Osale p\u00f5nevas kampaanias \u201eH\u00e4\u00e4leta parima spordiala poolt\u201c, teeni tasuta panuseid ja lahedaid auhindu! \u00c4ra j\u00e4ta kasutamata v\u00f5imalust n\u00e4idata oma lojaalsust ja saada eksklusiivseid boonuseid \u2013 aeg on piiratud, tegutse kohe!\" \/>\n<meta property=\"og:url\" content=\"https:\/\/spinbetter.app\/ee\/bonus\/spinbetter-vote\/\" \/>\n<meta property=\"og:site_name\" content=\"Spinbetter APP EE\" \/>\n<meta property=\"article:modified_time\" content=\"2025-06-27T11:49:33+00:00\" \/>\n<meta name=\"twitter:card\" content=\"summary_large_image\" \/>\n<script type=\"application\/ld+json\" class=\"yoast-schema-graph\">{\"@context\":\"https:\/\/schema.org\",\"@graph\":[{\"@type\":\"WebPage\",\"@id\":\"https:\/\/spinbetter.app\/ee\/bonus\/spinbetter-vote\/\",\"url\":\"https:\/\/spinbetter.app\/ee\/bonus\/spinbetter-vote\/\",\"name\":\"H\u00e4\u00e4leta parima spordiboonuse poolt > Tasuta panused\",\"isPartOf\":{\"@id\":\"https:\/\/spinbetter.app\/ee\/#website\"},\"datePublished\":\"2025-06-27T11:49:21+00:00\",\"dateModified\":\"2025-06-27T11:49:33+00:00\",\"description\":\"Liitu SpinBetteriga ja h\u00e4\u00e4leta oma lemmikspordiala poolt! Osale p\u00f5nevas kampaanias \u201eH\u00e4\u00e4leta parima spordiala poolt\u201c, teeni tasuta panuseid ja lahedaid auhindu! \u00c4ra j\u00e4ta kasutamata v\u00f5imalust n\u00e4idata oma lojaalsust ja saada eksklusiivseid boonuseid \u2013 aeg on piiratud, tegutse kohe!\",\"breadcrumb\":{\"@id\":\"https:\/\/spinbetter.app\/ee\/bonus\/spinbetter-vote\/#breadcrumb\"},\"inLanguage\":\"et\",\"potentialAction\":[{\"@type\":\"ReadAction\",\"target\":[\"https:\/\/spinbetter.app\/ee\/bonus\/spinbetter-vote\/\"]}]},{\"@type\":\"BreadcrumbList\",\"@id\":\"https:\/\/spinbetter.app\/ee\/bonus\/spinbetter-vote\/#breadcrumb\",\"itemListElement\":[{\"@type\":\"ListItem\",\"position\":1,\"name\":\"Home\",\"item\":\"https:\/\/spinbetter.app\/ee\/\"},{\"@type\":\"ListItem\",\"position\":2,\"name\":\"Boonus\",\"item\":\"https:\/\/spinbetter.app\/ee\/bonus\/\"},{\"@type\":\"ListItem\",\"position\":3,\"name\":\"SpinBetteri h\u00e4\u00e4letus\"}]},{\"@type\":\"WebSite\",\"@id\":\"https:\/\/spinbetter.app\/ee\/#website\",\"url\":\"https:\/\/spinbetter.app\/ee\/\",\"name\":\"Spinbetter APP EE\",\"description\":\"\",\"potentialAction\":[{\"@type\":\"SearchAction\",\"target\":{\"@type\":\"EntryPoint\",\"urlTemplate\":\"https:\/\/spinbetter.app\/ee\/?s={search_term_string}\"},\"query-input\":{\"@type\":\"PropertyValueSpecification\",\"valueRequired\":true,\"valueName\":\"search_term_string\"}}],\"inLanguage\":\"et\"}]}<\/script>\n<!-- \/ Yoast SEO plugin. -->","yoast_head_json":{"title":"H\u00e4\u00e4leta parima spordiboonuse poolt > Tasuta panused","description":"Liitu SpinBetteriga ja h\u00e4\u00e4leta oma lemmikspordiala poolt! Osale p\u00f5nevas kampaanias \u201eH\u00e4\u00e4leta parima spordiala poolt\u201c, teeni tasuta panuseid ja lahedaid auhindu! \u00c4ra j\u00e4ta kasutamata v\u00f5imalust n\u00e4idata oma lojaalsust ja saada eksklusiivseid boonuseid \u2013 aeg on piiratud, tegutse kohe!","robots":{"index":"index","follow":"follow","max-snippet":"max-snippet:-1","max-image-preview":"max-image-preview:large","max-video-preview":"max-video-preview:-1"},"og_locale":"et_EE","og_type":"article","og_title":"H\u00e4\u00e4leta parima spordiboonuse poolt > Tasuta panused","og_description":"Liitu SpinBetteriga ja h\u00e4\u00e4leta oma lemmikspordiala poolt! Osale p\u00f5nevas kampaanias \u201eH\u00e4\u00e4leta parima spordiala poolt\u201c, teeni tasuta panuseid ja lahedaid auhindu! \u00c4ra j\u00e4ta kasutamata v\u00f5imalust n\u00e4idata oma lojaalsust ja saada eksklusiivseid boonuseid \u2013 aeg on piiratud, tegutse kohe!","og_url":"https:\/\/spinbetter.app\/ee\/bonus\/spinbetter-vote\/","og_site_name":"Spinbetter APP EE","article_modified_time":"2025-06-27T11:49:33+00:00","twitter_card":"summary_large_image","schema":{"@context":"https:\/\/schema.org","@graph":[{"@type":"WebPage","@id":"https:\/\/spinbetter.app\/ee\/bonus\/spinbetter-vote\/","url":"https:\/\/spinbetter.app\/ee\/bonus\/spinbetter-vote\/","name":"H\u00e4\u00e4leta parima spordiboonuse poolt > Tasuta panused","isPartOf":{"@id":"https:\/\/spinbetter.app\/ee\/#website"},"datePublished":"2025-06-27T11:49:21+00:00","dateModified":"2025-06-27T11:49:33+00:00","description":"Liitu SpinBetteriga ja h\u00e4\u00e4leta oma lemmikspordiala poolt! Osale p\u00f5nevas kampaanias \u201eH\u00e4\u00e4leta parima spordiala poolt\u201c, teeni tasuta panuseid ja lahedaid auhindu! \u00c4ra j\u00e4ta kasutamata v\u00f5imalust n\u00e4idata oma lojaalsust ja saada eksklusiivseid boonuseid \u2013 aeg on piiratud, tegutse kohe!","breadcrumb":{"@id":"https:\/\/spinbetter.app\/ee\/bonus\/spinbetter-vote\/#breadcrumb"},"inLanguage":"et","potentialAction":[{"@type":"ReadAction","target":["https:\/\/spinbetter.app\/ee\/bonus\/spinbetter-vote\/"]}]},{"@type":"BreadcrumbList","@id":"https:\/\/spinbetter.app\/ee\/bonus\/spinbetter-vote\/#breadcrumb","itemListElement":[{"@type":"ListItem","position":1,"name":"Home","item":"https:\/\/spinbetter.app\/ee\/"},{"@type":"ListItem","position":2,"name":"Boonus","item":"https:\/\/spinbetter.app\/ee\/bonus\/"},{"@type":"ListItem","position":3,"name":"SpinBetteri h\u00e4\u00e4letus"}]},{"@type":"WebSite","@id":"https:\/\/spinbetter.app\/ee\/#website","url":"https:\/\/spinbetter.app\/ee\/","name":"Spinbetter APP EE","description":"","potentialAction":[{"@type":"SearchAction","target":{"@type":"EntryPoint","urlTemplate":"https:\/\/spinbetter.app\/ee\/?s={search_term_string}"},"query-input":{"@type":"PropertyValueSpecification","valueRequired":true,"valueName":"search_term_string"}}],"inLanguage":"et"}]}},"_links":{"self":[{"href":"https:\/\/spinbetter.app\/ee\/wp-json\/wp\/v2\/pages\/417"}],"collection":[{"href":"https:\/\/spinbetter.app\/ee\/wp-json\/wp\/v2\/pages"}],"about":[{"href":"https:\/\/spinbetter.app\/ee\/wp-json\/wp\/v2\/types\/page"}],"author":[{"embeddable":true,"href":"https:\/\/spinbetter.app\/ee\/wp-json\/wp\/v2\/users\/1"}],"replies":[{"embeddable":true,"href":"https:\/\/spinbetter.app\/ee\/wp-json\/wp\/v2\/comments?post=417"}],"version-history":[{"count":1,"href":"https:\/\/spinbetter.app\/ee\/wp-json\/wp\/v2\/pages\/417\/revisions"}],"predecessor-version":[{"id":418,"href":"https:\/\/spinbetter.app\/ee\/wp-json\/wp\/v2\/pages\/417\/revisions\/418"}],"up":[{"embeddable":true,"href":"https:\/\/spinbetter.app\/ee\/wp-json\/wp\/v2\/pages\/152"}],"wp:attachment":[{"href":"https:\/\/spinbetter.app\/ee\/wp-json\/wp\/v2\/media?parent=417"}],"curies":[{"name":"wp","href":"https:\/\/api.w.org\/{rel}","templated":true}]}}