{"id":2,"date":"2023-05-18T17:18:34","date_gmt":"2023-05-18T17:18:34","guid":{"rendered":"https:\/\/spinbetter.app\/fi\/?page_id=2"},"modified":"2025-10-14T13:58:43","modified_gmt":"2025-10-14T13:58:43","slug":"sample-page","status":"publish","type":"page","link":"https:\/\/spinbetter.app\/fi\/","title":{"rendered":"Etusivu"},"content":{"rendered":"","protected":false},"excerpt":{"rendered":"","protected":false},"author":1,"featured_media":0,"parent":0,"menu_order":0,"comment_status":"closed","ping_status":"open","template":"","meta":{"footnotes":""},"class_list":["post-2","page","type-page","status-publish","hentry"],"yoast_head":"<!-- This site is optimized with the Yoast SEO plugin v23.4 - https:\/\/yoast.com\/wordpress\/plugins\/seo\/ -->\n<title>SpinBetter &gt; kasino, vedonly\u00f6nti, bonukset, mobiilisovellus<\/title>\n<meta name=\"description\" content=\"Yksityiskohtainen katsaus SpinBetteriin: rekister\u00f6ityminen, bonukset, k\u00e4ytett\u00e4viss\u00e4 olevat vedot ja mobiilisovellus. Selvit\u00e4 kaikki SpinBetterin ominaisuudet.\" \/>\n<meta name=\"robots\" content=\"index, follow, max-snippet:-1, max-image-preview:large, max-video-preview:-1\" \/>\n<meta property=\"og:locale\" content=\"fi_FI\" \/>\n<meta property=\"og:type\" content=\"article\" \/>\n<meta property=\"og:title\" content=\"SpinBetter &gt; kasino, vedonly\u00f6nti, bonukset, mobiilisovellus\" \/>\n<meta property=\"og:description\" content=\"Yksityiskohtainen katsaus SpinBetteriin: rekister\u00f6ityminen, bonukset, k\u00e4ytett\u00e4viss\u00e4 olevat vedot ja mobiilisovellus. Selvit\u00e4 kaikki SpinBetterin ominaisuudet.\" \/>\n<meta property=\"og:url\" content=\"https:\/\/spinbetter.app\/fi\/\" \/>\n<meta property=\"og:site_name\" content=\"Spinbetter App FI\" \/>\n<meta property=\"article:modified_time\" content=\"2025-10-14T13:58:43+00:00\" \/>\n<meta name=\"twitter:card\" content=\"summary_large_image\" \/>\n<script type=\"application\/ld+json\" class=\"yoast-schema-graph\">{\"@context\":\"https:\/\/schema.org\",\"@graph\":[{\"@type\":\"WebPage\",\"@id\":\"https:\/\/spinbetter.app\/fi\/\",\"url\":\"https:\/\/spinbetter.app\/fi\/\",\"name\":\"SpinBetter > kasino, vedonly\u00f6nti, bonukset, mobiilisovellus\",\"isPartOf\":{\"@id\":\"https:\/\/spinbetter.app\/fi\/#website\"},\"datePublished\":\"2023-05-18T17:18:34+00:00\",\"dateModified\":\"2025-10-14T13:58:43+00:00\",\"description\":\"Yksityiskohtainen katsaus SpinBetteriin: rekister\u00f6ityminen, bonukset, k\u00e4ytett\u00e4viss\u00e4 olevat vedot ja mobiilisovellus. Selvit\u00e4 kaikki SpinBetterin ominaisuudet.\",\"breadcrumb\":{\"@id\":\"https:\/\/spinbetter.app\/fi\/#breadcrumb\"},\"inLanguage\":\"fi\",\"potentialAction\":[{\"@type\":\"ReadAction\",\"target\":[\"https:\/\/spinbetter.app\/fi\/\"]}]},{\"@type\":\"BreadcrumbList\",\"@id\":\"https:\/\/spinbetter.app\/fi\/#breadcrumb\",\"itemListElement\":[{\"@type\":\"ListItem\",\"position\":1,\"name\":\"Home\",\"item\":\"https:\/\/spinbetter.app\/fi\/\"},{\"@type\":\"ListItem\",\"position\":2,\"name\":\"Etusivu\"}]},{\"@type\":\"WebSite\",\"@id\":\"https:\/\/spinbetter.app\/fi\/#website\",\"url\":\"https:\/\/spinbetter.app\/fi\/\",\"name\":\"Spinbetter App FI\",\"description\":\"\",\"potentialAction\":[{\"@type\":\"SearchAction\",\"target\":{\"@type\":\"EntryPoint\",\"urlTemplate\":\"https:\/\/spinbetter.app\/fi\/?s={search_term_string}\"},\"query-input\":{\"@type\":\"PropertyValueSpecification\",\"valueRequired\":true,\"valueName\":\"search_term_string\"}}],\"inLanguage\":\"fi\"}]}<\/script>\n<!-- \/ Yoast SEO plugin. -->","yoast_head_json":{"title":"SpinBetter > kasino, vedonly\u00f6nti, bonukset, mobiilisovellus","description":"Yksityiskohtainen katsaus SpinBetteriin: rekister\u00f6ityminen, bonukset, k\u00e4ytett\u00e4viss\u00e4 olevat vedot ja mobiilisovellus. Selvit\u00e4 kaikki SpinBetterin ominaisuudet.","robots":{"index":"index","follow":"follow","max-snippet":"max-snippet:-1","max-image-preview":"max-image-preview:large","max-video-preview":"max-video-preview:-1"},"og_locale":"fi_FI","og_type":"article","og_title":"SpinBetter > kasino, vedonly\u00f6nti, bonukset, mobiilisovellus","og_description":"Yksityiskohtainen katsaus SpinBetteriin: rekister\u00f6ityminen, bonukset, k\u00e4ytett\u00e4viss\u00e4 olevat vedot ja mobiilisovellus. Selvit\u00e4 kaikki SpinBetterin ominaisuudet.","og_url":"https:\/\/spinbetter.app\/fi\/","og_site_name":"Spinbetter App FI","article_modified_time":"2025-10-14T13:58:43+00:00","twitter_card":"summary_large_image","schema":{"@context":"https:\/\/schema.org","@graph":[{"@type":"WebPage","@id":"https:\/\/spinbetter.app\/fi\/","url":"https:\/\/spinbetter.app\/fi\/","name":"SpinBetter > kasino, vedonly\u00f6nti, bonukset, mobiilisovellus","isPartOf":{"@id":"https:\/\/spinbetter.app\/fi\/#website"},"datePublished":"2023-05-18T17:18:34+00:00","dateModified":"2025-10-14T13:58:43+00:00","description":"Yksityiskohtainen katsaus SpinBetteriin: rekister\u00f6ityminen, bonukset, k\u00e4ytett\u00e4viss\u00e4 olevat vedot ja mobiilisovellus. Selvit\u00e4 kaikki SpinBetterin ominaisuudet.","breadcrumb":{"@id":"https:\/\/spinbetter.app\/fi\/#breadcrumb"},"inLanguage":"fi","potentialAction":[{"@type":"ReadAction","target":["https:\/\/spinbetter.app\/fi\/"]}]},{"@type":"BreadcrumbList","@id":"https:\/\/spinbetter.app\/fi\/#breadcrumb","itemListElement":[{"@type":"ListItem","position":1,"name":"Home","item":"https:\/\/spinbetter.app\/fi\/"},{"@type":"ListItem","position":2,"name":"Etusivu"}]},{"@type":"WebSite","@id":"https:\/\/spinbetter.app\/fi\/#website","url":"https:\/\/spinbetter.app\/fi\/","name":"Spinbetter App FI","description":"","potentialAction":[{"@type":"SearchAction","target":{"@type":"EntryPoint","urlTemplate":"https:\/\/spinbetter.app\/fi\/?s={search_term_string}"},"query-input":{"@type":"PropertyValueSpecification","valueRequired":true,"valueName":"search_term_string"}}],"inLanguage":"fi"}]}},"_links":{"self":[{"href":"https:\/\/spinbetter.app\/fi\/wp-json\/wp\/v2\/pages\/2"}],"collection":[{"href":"https:\/\/spinbetter.app\/fi\/wp-json\/wp\/v2\/pages"}],"about":[{"href":"https:\/\/spinbetter.app\/fi\/wp-json\/wp\/v2\/types\/page"}],"author":[{"embeddable":true,"href":"https:\/\/spinbetter.app\/fi\/wp-json\/wp\/v2\/users\/1"}],"replies":[{"embeddable":true,"href":"https:\/\/spinbetter.app\/fi\/wp-json\/wp\/v2\/comments?post=2"}],"version-history":[{"count":41,"href":"https:\/\/spinbetter.app\/fi\/wp-json\/wp\/v2\/pages\/2\/revisions"}],"predecessor-version":[{"id":431,"href":"https:\/\/spinbetter.app\/fi\/wp-json\/wp\/v2\/pages\/2\/revisions\/431"}],"wp:attachment":[{"href":"https:\/\/spinbetter.app\/fi\/wp-json\/wp\/v2\/media?parent=2"}],"curies":[{"name":"wp","href":"https:\/\/api.w.org\/{rel}","templated":true}]}}