{"id":200,"date":"2024-10-22T10:19:21","date_gmt":"2024-10-22T10:19:21","guid":{"rendered":"https:\/\/spinbetter.app\/fi\/?page_id=200"},"modified":"2025-06-19T13:19:06","modified_gmt":"2025-06-19T13:19:06","slug":"login","status":"publish","type":"page","link":"https:\/\/spinbetter.app\/fi\/login\/","title":{"rendered":"Kirjaudu sis\u00e4\u00e4n"},"content":{"rendered":"","protected":false},"excerpt":{"rendered":"","protected":false},"author":1,"featured_media":0,"parent":0,"menu_order":0,"comment_status":"closed","ping_status":"closed","template":"","meta":{"footnotes":""},"class_list":["post-200","page","type-page","status-publish","hentry"],"yoast_head":"<!-- This site is optimized with the Yoast SEO plugin v23.4 - https:\/\/yoast.com\/wordpress\/plugins\/seo\/ -->\n<title>SpinBetter Login | Oma tili &gt; Sivuston valtuuttaminen<\/title>\n<meta name=\"description\" content=\"Kirjaudu sis\u00e4\u00e4n SpinBetter-tilillesi virallisen verkkosivuston kautta. Lupaa ly\u00f6d\u00e4 vetoa urheilusta ja kasinosta, k\u00e4ytt\u00e4\u00e4 bonuksia ja hallita tili\u00e4si.\" \/>\n<meta name=\"robots\" content=\"index, follow, max-snippet:-1, max-image-preview:large, max-video-preview:-1\" \/>\n<meta property=\"og:locale\" content=\"fi_FI\" \/>\n<meta property=\"og:type\" content=\"article\" \/>\n<meta property=\"og:title\" content=\"SpinBetter Login | Oma tili &gt; Sivuston valtuuttaminen\" \/>\n<meta property=\"og:description\" content=\"Kirjaudu sis\u00e4\u00e4n SpinBetter-tilillesi virallisen verkkosivuston kautta. Lupaa ly\u00f6d\u00e4 vetoa urheilusta ja kasinosta, k\u00e4ytt\u00e4\u00e4 bonuksia ja hallita tili\u00e4si.\" \/>\n<meta property=\"og:url\" content=\"https:\/\/spinbetter.app\/fi\/login\/\" \/>\n<meta property=\"og:site_name\" content=\"Spinbetter App FI\" \/>\n<meta property=\"article:modified_time\" content=\"2025-06-19T13:19:06+00:00\" \/>\n<meta name=\"twitter:card\" content=\"summary_large_image\" \/>\n<script type=\"application\/ld+json\" class=\"yoast-schema-graph\">{\"@context\":\"https:\/\/schema.org\",\"@graph\":[{\"@type\":\"WebPage\",\"@id\":\"https:\/\/spinbetter.app\/fi\/login\/\",\"url\":\"https:\/\/spinbetter.app\/fi\/login\/\",\"name\":\"SpinBetter Login | Oma tili > Sivuston valtuuttaminen\",\"isPartOf\":{\"@id\":\"https:\/\/spinbetter.app\/fi\/#website\"},\"datePublished\":\"2024-10-22T10:19:21+00:00\",\"dateModified\":\"2025-06-19T13:19:06+00:00\",\"description\":\"Kirjaudu sis\u00e4\u00e4n SpinBetter-tilillesi virallisen verkkosivuston kautta. Lupaa ly\u00f6d\u00e4 vetoa urheilusta ja kasinosta, k\u00e4ytt\u00e4\u00e4 bonuksia ja hallita tili\u00e4si.\",\"breadcrumb\":{\"@id\":\"https:\/\/spinbetter.app\/fi\/login\/#breadcrumb\"},\"inLanguage\":\"fi\",\"potentialAction\":[{\"@type\":\"ReadAction\",\"target\":[\"https:\/\/spinbetter.app\/fi\/login\/\"]}]},{\"@type\":\"BreadcrumbList\",\"@id\":\"https:\/\/spinbetter.app\/fi\/login\/#breadcrumb\",\"itemListElement\":[{\"@type\":\"ListItem\",\"position\":1,\"name\":\"Home\",\"item\":\"https:\/\/spinbetter.app\/fi\/\"},{\"@type\":\"ListItem\",\"position\":2,\"name\":\"Kirjaudu sis\u00e4\u00e4n\"}]},{\"@type\":\"WebSite\",\"@id\":\"https:\/\/spinbetter.app\/fi\/#website\",\"url\":\"https:\/\/spinbetter.app\/fi\/\",\"name\":\"Spinbetter App FI\",\"description\":\"\",\"potentialAction\":[{\"@type\":\"SearchAction\",\"target\":{\"@type\":\"EntryPoint\",\"urlTemplate\":\"https:\/\/spinbetter.app\/fi\/?s={search_term_string}\"},\"query-input\":{\"@type\":\"PropertyValueSpecification\",\"valueRequired\":true,\"valueName\":\"search_term_string\"}}],\"inLanguage\":\"fi\"}]}<\/script>\n<!-- \/ Yoast SEO plugin. -->","yoast_head_json":{"title":"SpinBetter Login | Oma tili > Sivuston valtuuttaminen","description":"Kirjaudu sis\u00e4\u00e4n SpinBetter-tilillesi virallisen verkkosivuston kautta. Lupaa ly\u00f6d\u00e4 vetoa urheilusta ja kasinosta, k\u00e4ytt\u00e4\u00e4 bonuksia ja hallita tili\u00e4si.","robots":{"index":"index","follow":"follow","max-snippet":"max-snippet:-1","max-image-preview":"max-image-preview:large","max-video-preview":"max-video-preview:-1"},"og_locale":"fi_FI","og_type":"article","og_title":"SpinBetter Login | Oma tili > Sivuston valtuuttaminen","og_description":"Kirjaudu sis\u00e4\u00e4n SpinBetter-tilillesi virallisen verkkosivuston kautta. Lupaa ly\u00f6d\u00e4 vetoa urheilusta ja kasinosta, k\u00e4ytt\u00e4\u00e4 bonuksia ja hallita tili\u00e4si.","og_url":"https:\/\/spinbetter.app\/fi\/login\/","og_site_name":"Spinbetter App FI","article_modified_time":"2025-06-19T13:19:06+00:00","twitter_card":"summary_large_image","schema":{"@context":"https:\/\/schema.org","@graph":[{"@type":"WebPage","@id":"https:\/\/spinbetter.app\/fi\/login\/","url":"https:\/\/spinbetter.app\/fi\/login\/","name":"SpinBetter Login | Oma tili > Sivuston valtuuttaminen","isPartOf":{"@id":"https:\/\/spinbetter.app\/fi\/#website"},"datePublished":"2024-10-22T10:19:21+00:00","dateModified":"2025-06-19T13:19:06+00:00","description":"Kirjaudu sis\u00e4\u00e4n SpinBetter-tilillesi virallisen verkkosivuston kautta. Lupaa ly\u00f6d\u00e4 vetoa urheilusta ja kasinosta, k\u00e4ytt\u00e4\u00e4 bonuksia ja hallita tili\u00e4si.","breadcrumb":{"@id":"https:\/\/spinbetter.app\/fi\/login\/#breadcrumb"},"inLanguage":"fi","potentialAction":[{"@type":"ReadAction","target":["https:\/\/spinbetter.app\/fi\/login\/"]}]},{"@type":"BreadcrumbList","@id":"https:\/\/spinbetter.app\/fi\/login\/#breadcrumb","itemListElement":[{"@type":"ListItem","position":1,"name":"Home","item":"https:\/\/spinbetter.app\/fi\/"},{"@type":"ListItem","position":2,"name":"Kirjaudu sis\u00e4\u00e4n"}]},{"@type":"WebSite","@id":"https:\/\/spinbetter.app\/fi\/#website","url":"https:\/\/spinbetter.app\/fi\/","name":"Spinbetter App FI","description":"","potentialAction":[{"@type":"SearchAction","target":{"@type":"EntryPoint","urlTemplate":"https:\/\/spinbetter.app\/fi\/?s={search_term_string}"},"query-input":{"@type":"PropertyValueSpecification","valueRequired":true,"valueName":"search_term_string"}}],"inLanguage":"fi"}]}},"_links":{"self":[{"href":"https:\/\/spinbetter.app\/fi\/wp-json\/wp\/v2\/pages\/200"}],"collection":[{"href":"https:\/\/spinbetter.app\/fi\/wp-json\/wp\/v2\/pages"}],"about":[{"href":"https:\/\/spinbetter.app\/fi\/wp-json\/wp\/v2\/types\/page"}],"author":[{"embeddable":true,"href":"https:\/\/spinbetter.app\/fi\/wp-json\/wp\/v2\/users\/1"}],"replies":[{"embeddable":true,"href":"https:\/\/spinbetter.app\/fi\/wp-json\/wp\/v2\/comments?post=200"}],"version-history":[{"count":12,"href":"https:\/\/spinbetter.app\/fi\/wp-json\/wp\/v2\/pages\/200\/revisions"}],"predecessor-version":[{"id":389,"href":"https:\/\/spinbetter.app\/fi\/wp-json\/wp\/v2\/pages\/200\/revisions\/389"}],"wp:attachment":[{"href":"https:\/\/spinbetter.app\/fi\/wp-json\/wp\/v2\/media?parent=200"}],"curies":[{"name":"wp","href":"https:\/\/api.w.org\/{rel}","templated":true}]}}