{"id":410,"date":"2025-06-27T14:10:24","date_gmt":"2025-06-27T14:10:24","guid":{"rendered":"https:\/\/spinbetter.app\/fi\/?page_id=410"},"modified":"2025-06-27T14:10:32","modified_gmt":"2025-06-27T14:10:32","slug":"deposit-lottery","status":"publish","type":"page","link":"https:\/\/spinbetter.app\/fi\/bonus\/deposit-lottery\/","title":{"rendered":"Talletusarpajaiset"},"content":{"rendered":"","protected":false},"excerpt":{"rendered":"","protected":false},"author":1,"featured_media":0,"parent":152,"menu_order":0,"comment_status":"closed","ping_status":"closed","template":"","meta":{"footnotes":""},"class_list":["post-410","page","type-page","status-publish","hentry"],"yoast_head":"<!-- This site is optimized with the Yoast SEO plugin v23.4 - https:\/\/yoast.com\/wordpress\/plugins\/seo\/ -->\n<title>SpinBetter-talletusarpajaiset \ud83e\udc12 Voita ilmaisvetoja<\/title>\n<meta name=\"description\" content=\"Talleta yli 3 euroa, saat kuponkeja ja osallistu viikoittaisiin arvontoihin, joissa voit voittaa 30 000 euroa ja 2 000 000 kampanjapistett\u00e4. Enemm\u00e4n talletuksia - enemm\u00e4n mahdollisuuksia voittaa!\" \/>\n<meta name=\"robots\" content=\"index, follow, max-snippet:-1, max-image-preview:large, max-video-preview:-1\" \/>\n<meta property=\"og:locale\" content=\"fi_FI\" \/>\n<meta property=\"og:type\" content=\"article\" \/>\n<meta property=\"og:title\" content=\"SpinBetter-talletusarpajaiset \ud83e\udc12 Voita ilmaisvetoja\" \/>\n<meta property=\"og:description\" content=\"Talleta yli 3 euroa, saat kuponkeja ja osallistu viikoittaisiin arvontoihin, joissa voit voittaa 30 000 euroa ja 2 000 000 kampanjapistett\u00e4. Enemm\u00e4n talletuksia - enemm\u00e4n mahdollisuuksia voittaa!\" \/>\n<meta property=\"og:url\" content=\"https:\/\/spinbetter.app\/fi\/bonus\/deposit-lottery\/\" \/>\n<meta property=\"og:site_name\" content=\"Spinbetter App FI\" \/>\n<meta property=\"article:modified_time\" content=\"2025-06-27T14:10:32+00:00\" \/>\n<meta name=\"twitter:card\" content=\"summary_large_image\" \/>\n<script type=\"application\/ld+json\" class=\"yoast-schema-graph\">{\"@context\":\"https:\/\/schema.org\",\"@graph\":[{\"@type\":\"WebPage\",\"@id\":\"https:\/\/spinbetter.app\/fi\/bonus\/deposit-lottery\/\",\"url\":\"https:\/\/spinbetter.app\/fi\/bonus\/deposit-lottery\/\",\"name\":\"SpinBetter-talletusarpajaiset \ud83e\udc12 Voita ilmaisvetoja\",\"isPartOf\":{\"@id\":\"https:\/\/spinbetter.app\/fi\/#website\"},\"datePublished\":\"2025-06-27T14:10:24+00:00\",\"dateModified\":\"2025-06-27T14:10:32+00:00\",\"description\":\"Talleta yli 3 euroa, saat kuponkeja ja osallistu viikoittaisiin arvontoihin, joissa voit voittaa 30 000 euroa ja 2 000 000 kampanjapistett\u00e4. Enemm\u00e4n talletuksia - enemm\u00e4n mahdollisuuksia voittaa!\",\"breadcrumb\":{\"@id\":\"https:\/\/spinbetter.app\/fi\/bonus\/deposit-lottery\/#breadcrumb\"},\"inLanguage\":\"fi\",\"potentialAction\":[{\"@type\":\"ReadAction\",\"target\":[\"https:\/\/spinbetter.app\/fi\/bonus\/deposit-lottery\/\"]}]},{\"@type\":\"BreadcrumbList\",\"@id\":\"https:\/\/spinbetter.app\/fi\/bonus\/deposit-lottery\/#breadcrumb\",\"itemListElement\":[{\"@type\":\"ListItem\",\"position\":1,\"name\":\"Home\",\"item\":\"https:\/\/spinbetter.app\/fi\/\"},{\"@type\":\"ListItem\",\"position\":2,\"name\":\"Bonus\",\"item\":\"https:\/\/spinbetter.app\/fi\/bonus\/\"},{\"@type\":\"ListItem\",\"position\":3,\"name\":\"Talletusarpajaiset\"}]},{\"@type\":\"WebSite\",\"@id\":\"https:\/\/spinbetter.app\/fi\/#website\",\"url\":\"https:\/\/spinbetter.app\/fi\/\",\"name\":\"Spinbetter App FI\",\"description\":\"\",\"potentialAction\":[{\"@type\":\"SearchAction\",\"target\":{\"@type\":\"EntryPoint\",\"urlTemplate\":\"https:\/\/spinbetter.app\/fi\/?s={search_term_string}\"},\"query-input\":{\"@type\":\"PropertyValueSpecification\",\"valueRequired\":true,\"valueName\":\"search_term_string\"}}],\"inLanguage\":\"fi\"}]}<\/script>\n<!-- \/ Yoast SEO plugin. -->","yoast_head_json":{"title":"SpinBetter-talletusarpajaiset \ud83e\udc12 Voita ilmaisvetoja","description":"Talleta yli 3 euroa, saat kuponkeja ja osallistu viikoittaisiin arvontoihin, joissa voit voittaa 30 000 euroa ja 2 000 000 kampanjapistett\u00e4. Enemm\u00e4n talletuksia - enemm\u00e4n mahdollisuuksia voittaa!","robots":{"index":"index","follow":"follow","max-snippet":"max-snippet:-1","max-image-preview":"max-image-preview:large","max-video-preview":"max-video-preview:-1"},"og_locale":"fi_FI","og_type":"article","og_title":"SpinBetter-talletusarpajaiset \ud83e\udc12 Voita ilmaisvetoja","og_description":"Talleta yli 3 euroa, saat kuponkeja ja osallistu viikoittaisiin arvontoihin, joissa voit voittaa 30 000 euroa ja 2 000 000 kampanjapistett\u00e4. Enemm\u00e4n talletuksia - enemm\u00e4n mahdollisuuksia voittaa!","og_url":"https:\/\/spinbetter.app\/fi\/bonus\/deposit-lottery\/","og_site_name":"Spinbetter App FI","article_modified_time":"2025-06-27T14:10:32+00:00","twitter_card":"summary_large_image","schema":{"@context":"https:\/\/schema.org","@graph":[{"@type":"WebPage","@id":"https:\/\/spinbetter.app\/fi\/bonus\/deposit-lottery\/","url":"https:\/\/spinbetter.app\/fi\/bonus\/deposit-lottery\/","name":"SpinBetter-talletusarpajaiset \ud83e\udc12 Voita ilmaisvetoja","isPartOf":{"@id":"https:\/\/spinbetter.app\/fi\/#website"},"datePublished":"2025-06-27T14:10:24+00:00","dateModified":"2025-06-27T14:10:32+00:00","description":"Talleta yli 3 euroa, saat kuponkeja ja osallistu viikoittaisiin arvontoihin, joissa voit voittaa 30 000 euroa ja 2 000 000 kampanjapistett\u00e4. Enemm\u00e4n talletuksia - enemm\u00e4n mahdollisuuksia voittaa!","breadcrumb":{"@id":"https:\/\/spinbetter.app\/fi\/bonus\/deposit-lottery\/#breadcrumb"},"inLanguage":"fi","potentialAction":[{"@type":"ReadAction","target":["https:\/\/spinbetter.app\/fi\/bonus\/deposit-lottery\/"]}]},{"@type":"BreadcrumbList","@id":"https:\/\/spinbetter.app\/fi\/bonus\/deposit-lottery\/#breadcrumb","itemListElement":[{"@type":"ListItem","position":1,"name":"Home","item":"https:\/\/spinbetter.app\/fi\/"},{"@type":"ListItem","position":2,"name":"Bonus","item":"https:\/\/spinbetter.app\/fi\/bonus\/"},{"@type":"ListItem","position":3,"name":"Talletusarpajaiset"}]},{"@type":"WebSite","@id":"https:\/\/spinbetter.app\/fi\/#website","url":"https:\/\/spinbetter.app\/fi\/","name":"Spinbetter App FI","description":"","potentialAction":[{"@type":"SearchAction","target":{"@type":"EntryPoint","urlTemplate":"https:\/\/spinbetter.app\/fi\/?s={search_term_string}"},"query-input":{"@type":"PropertyValueSpecification","valueRequired":true,"valueName":"search_term_string"}}],"inLanguage":"fi"}]}},"_links":{"self":[{"href":"https:\/\/spinbetter.app\/fi\/wp-json\/wp\/v2\/pages\/410"}],"collection":[{"href":"https:\/\/spinbetter.app\/fi\/wp-json\/wp\/v2\/pages"}],"about":[{"href":"https:\/\/spinbetter.app\/fi\/wp-json\/wp\/v2\/types\/page"}],"author":[{"embeddable":true,"href":"https:\/\/spinbetter.app\/fi\/wp-json\/wp\/v2\/users\/1"}],"replies":[{"embeddable":true,"href":"https:\/\/spinbetter.app\/fi\/wp-json\/wp\/v2\/comments?post=410"}],"version-history":[{"count":1,"href":"https:\/\/spinbetter.app\/fi\/wp-json\/wp\/v2\/pages\/410\/revisions"}],"predecessor-version":[{"id":411,"href":"https:\/\/spinbetter.app\/fi\/wp-json\/wp\/v2\/pages\/410\/revisions\/411"}],"up":[{"embeddable":true,"href":"https:\/\/spinbetter.app\/fi\/wp-json\/wp\/v2\/pages\/152"}],"wp:attachment":[{"href":"https:\/\/spinbetter.app\/fi\/wp-json\/wp\/v2\/media?parent=410"}],"curies":[{"name":"wp","href":"https:\/\/api.w.org\/{rel}","templated":true}]}}