{"id":412,"date":"2025-06-27T14:13:23","date_gmt":"2025-06-27T14:13:23","guid":{"rendered":"https:\/\/spinbetter.app\/fi\/?page_id=412"},"modified":"2025-06-27T14:13:31","modified_gmt":"2025-06-27T14:13:31","slug":"spinbetter-vote","status":"publish","type":"page","link":"https:\/\/spinbetter.app\/fi\/bonus\/spinbetter-vote\/","title":{"rendered":"SpinBetter-\u00e4\u00e4nestys"},"content":{"rendered":"","protected":false},"excerpt":{"rendered":"","protected":false},"author":1,"featured_media":0,"parent":152,"menu_order":0,"comment_status":"closed","ping_status":"closed","template":"","meta":{"footnotes":""},"class_list":["post-412","page","type-page","status-publish","hentry"],"yoast_head":"<!-- This site is optimized with the Yoast SEO plugin v23.4 - https:\/\/yoast.com\/wordpress\/plugins\/seo\/ -->\n<title>\u00c4\u00e4nest\u00e4 parasta urheiluvedonly\u00f6ntibonusta &gt; Ilmaisvedot<\/title>\n<meta name=\"description\" content=\"Liity SpinBetteriin ja \u00e4\u00e4nest\u00e4 suosikkilajiasi! Osallistu j\u00e4nnitt\u00e4v\u00e4\u00e4n &quot;\u00c4\u00e4nest\u00e4 parasta lajia&quot; -kampanjaan, ansaitse ilmaisvetoja ja hienoja palkintoja! \u00c4l\u00e4 missaa tilaisuuttasi osoittaa uskollisuutesi ja lunastaa ainutlaatuisia bonuksia - aika on rajallinen, toimi nyt!\" \/>\n<meta name=\"robots\" content=\"index, follow, max-snippet:-1, max-image-preview:large, max-video-preview:-1\" \/>\n<meta property=\"og:locale\" content=\"fi_FI\" \/>\n<meta property=\"og:type\" content=\"article\" \/>\n<meta property=\"og:title\" content=\"\u00c4\u00e4nest\u00e4 parasta urheiluvedonly\u00f6ntibonusta &gt; Ilmaisvedot\" \/>\n<meta property=\"og:description\" content=\"Liity SpinBetteriin ja \u00e4\u00e4nest\u00e4 suosikkilajiasi! Osallistu j\u00e4nnitt\u00e4v\u00e4\u00e4n &quot;\u00c4\u00e4nest\u00e4 parasta lajia&quot; -kampanjaan, ansaitse ilmaisvetoja ja hienoja palkintoja! \u00c4l\u00e4 missaa tilaisuuttasi osoittaa uskollisuutesi ja lunastaa ainutlaatuisia bonuksia - aika on rajallinen, toimi nyt!\" \/>\n<meta property=\"og:url\" content=\"https:\/\/spinbetter.app\/fi\/bonus\/spinbetter-vote\/\" \/>\n<meta property=\"og:site_name\" content=\"Spinbetter App FI\" \/>\n<meta property=\"article:modified_time\" content=\"2025-06-27T14:13:31+00:00\" \/>\n<meta name=\"twitter:card\" content=\"summary_large_image\" \/>\n<script type=\"application\/ld+json\" class=\"yoast-schema-graph\">{\"@context\":\"https:\/\/schema.org\",\"@graph\":[{\"@type\":\"WebPage\",\"@id\":\"https:\/\/spinbetter.app\/fi\/bonus\/spinbetter-vote\/\",\"url\":\"https:\/\/spinbetter.app\/fi\/bonus\/spinbetter-vote\/\",\"name\":\"\u00c4\u00e4nest\u00e4 parasta urheiluvedonly\u00f6ntibonusta > Ilmaisvedot\",\"isPartOf\":{\"@id\":\"https:\/\/spinbetter.app\/fi\/#website\"},\"datePublished\":\"2025-06-27T14:13:23+00:00\",\"dateModified\":\"2025-06-27T14:13:31+00:00\",\"description\":\"Liity SpinBetteriin ja \u00e4\u00e4nest\u00e4 suosikkilajiasi! Osallistu j\u00e4nnitt\u00e4v\u00e4\u00e4n \\\"\u00c4\u00e4nest\u00e4 parasta lajia\\\" -kampanjaan, ansaitse ilmaisvetoja ja hienoja palkintoja! \u00c4l\u00e4 missaa tilaisuuttasi osoittaa uskollisuutesi ja lunastaa ainutlaatuisia bonuksia - aika on rajallinen, toimi nyt!\",\"breadcrumb\":{\"@id\":\"https:\/\/spinbetter.app\/fi\/bonus\/spinbetter-vote\/#breadcrumb\"},\"inLanguage\":\"fi\",\"potentialAction\":[{\"@type\":\"ReadAction\",\"target\":[\"https:\/\/spinbetter.app\/fi\/bonus\/spinbetter-vote\/\"]}]},{\"@type\":\"BreadcrumbList\",\"@id\":\"https:\/\/spinbetter.app\/fi\/bonus\/spinbetter-vote\/#breadcrumb\",\"itemListElement\":[{\"@type\":\"ListItem\",\"position\":1,\"name\":\"Home\",\"item\":\"https:\/\/spinbetter.app\/fi\/\"},{\"@type\":\"ListItem\",\"position\":2,\"name\":\"Bonus\",\"item\":\"https:\/\/spinbetter.app\/fi\/bonus\/\"},{\"@type\":\"ListItem\",\"position\":3,\"name\":\"SpinBetter-\u00e4\u00e4nestys\"}]},{\"@type\":\"WebSite\",\"@id\":\"https:\/\/spinbetter.app\/fi\/#website\",\"url\":\"https:\/\/spinbetter.app\/fi\/\",\"name\":\"Spinbetter App FI\",\"description\":\"\",\"potentialAction\":[{\"@type\":\"SearchAction\",\"target\":{\"@type\":\"EntryPoint\",\"urlTemplate\":\"https:\/\/spinbetter.app\/fi\/?s={search_term_string}\"},\"query-input\":{\"@type\":\"PropertyValueSpecification\",\"valueRequired\":true,\"valueName\":\"search_term_string\"}}],\"inLanguage\":\"fi\"}]}<\/script>\n<!-- \/ Yoast SEO plugin. -->","yoast_head_json":{"title":"\u00c4\u00e4nest\u00e4 parasta urheiluvedonly\u00f6ntibonusta > Ilmaisvedot","description":"Liity SpinBetteriin ja \u00e4\u00e4nest\u00e4 suosikkilajiasi! Osallistu j\u00e4nnitt\u00e4v\u00e4\u00e4n \"\u00c4\u00e4nest\u00e4 parasta lajia\" -kampanjaan, ansaitse ilmaisvetoja ja hienoja palkintoja! \u00c4l\u00e4 missaa tilaisuuttasi osoittaa uskollisuutesi ja lunastaa ainutlaatuisia bonuksia - aika on rajallinen, toimi nyt!","robots":{"index":"index","follow":"follow","max-snippet":"max-snippet:-1","max-image-preview":"max-image-preview:large","max-video-preview":"max-video-preview:-1"},"og_locale":"fi_FI","og_type":"article","og_title":"\u00c4\u00e4nest\u00e4 parasta urheiluvedonly\u00f6ntibonusta > Ilmaisvedot","og_description":"Liity SpinBetteriin ja \u00e4\u00e4nest\u00e4 suosikkilajiasi! Osallistu j\u00e4nnitt\u00e4v\u00e4\u00e4n \"\u00c4\u00e4nest\u00e4 parasta lajia\" -kampanjaan, ansaitse ilmaisvetoja ja hienoja palkintoja! \u00c4l\u00e4 missaa tilaisuuttasi osoittaa uskollisuutesi ja lunastaa ainutlaatuisia bonuksia - aika on rajallinen, toimi nyt!","og_url":"https:\/\/spinbetter.app\/fi\/bonus\/spinbetter-vote\/","og_site_name":"Spinbetter App FI","article_modified_time":"2025-06-27T14:13:31+00:00","twitter_card":"summary_large_image","schema":{"@context":"https:\/\/schema.org","@graph":[{"@type":"WebPage","@id":"https:\/\/spinbetter.app\/fi\/bonus\/spinbetter-vote\/","url":"https:\/\/spinbetter.app\/fi\/bonus\/spinbetter-vote\/","name":"\u00c4\u00e4nest\u00e4 parasta urheiluvedonly\u00f6ntibonusta > Ilmaisvedot","isPartOf":{"@id":"https:\/\/spinbetter.app\/fi\/#website"},"datePublished":"2025-06-27T14:13:23+00:00","dateModified":"2025-06-27T14:13:31+00:00","description":"Liity SpinBetteriin ja \u00e4\u00e4nest\u00e4 suosikkilajiasi! Osallistu j\u00e4nnitt\u00e4v\u00e4\u00e4n \"\u00c4\u00e4nest\u00e4 parasta lajia\" -kampanjaan, ansaitse ilmaisvetoja ja hienoja palkintoja! \u00c4l\u00e4 missaa tilaisuuttasi osoittaa uskollisuutesi ja lunastaa ainutlaatuisia bonuksia - aika on rajallinen, toimi nyt!","breadcrumb":{"@id":"https:\/\/spinbetter.app\/fi\/bonus\/spinbetter-vote\/#breadcrumb"},"inLanguage":"fi","potentialAction":[{"@type":"ReadAction","target":["https:\/\/spinbetter.app\/fi\/bonus\/spinbetter-vote\/"]}]},{"@type":"BreadcrumbList","@id":"https:\/\/spinbetter.app\/fi\/bonus\/spinbetter-vote\/#breadcrumb","itemListElement":[{"@type":"ListItem","position":1,"name":"Home","item":"https:\/\/spinbetter.app\/fi\/"},{"@type":"ListItem","position":2,"name":"Bonus","item":"https:\/\/spinbetter.app\/fi\/bonus\/"},{"@type":"ListItem","position":3,"name":"SpinBetter-\u00e4\u00e4nestys"}]},{"@type":"WebSite","@id":"https:\/\/spinbetter.app\/fi\/#website","url":"https:\/\/spinbetter.app\/fi\/","name":"Spinbetter App FI","description":"","potentialAction":[{"@type":"SearchAction","target":{"@type":"EntryPoint","urlTemplate":"https:\/\/spinbetter.app\/fi\/?s={search_term_string}"},"query-input":{"@type":"PropertyValueSpecification","valueRequired":true,"valueName":"search_term_string"}}],"inLanguage":"fi"}]}},"_links":{"self":[{"href":"https:\/\/spinbetter.app\/fi\/wp-json\/wp\/v2\/pages\/412"}],"collection":[{"href":"https:\/\/spinbetter.app\/fi\/wp-json\/wp\/v2\/pages"}],"about":[{"href":"https:\/\/spinbetter.app\/fi\/wp-json\/wp\/v2\/types\/page"}],"author":[{"embeddable":true,"href":"https:\/\/spinbetter.app\/fi\/wp-json\/wp\/v2\/users\/1"}],"replies":[{"embeddable":true,"href":"https:\/\/spinbetter.app\/fi\/wp-json\/wp\/v2\/comments?post=412"}],"version-history":[{"count":1,"href":"https:\/\/spinbetter.app\/fi\/wp-json\/wp\/v2\/pages\/412\/revisions"}],"predecessor-version":[{"id":413,"href":"https:\/\/spinbetter.app\/fi\/wp-json\/wp\/v2\/pages\/412\/revisions\/413"}],"up":[{"embeddable":true,"href":"https:\/\/spinbetter.app\/fi\/wp-json\/wp\/v2\/pages\/152"}],"wp:attachment":[{"href":"https:\/\/spinbetter.app\/fi\/wp-json\/wp\/v2\/media?parent=412"}],"curies":[{"name":"wp","href":"https:\/\/api.w.org\/{rel}","templated":true}]}}