{"id":414,"date":"2025-06-27T14:15:24","date_gmt":"2025-06-27T14:15:24","guid":{"rendered":"https:\/\/spinbetter.app\/fi\/?page_id=414"},"modified":"2025-06-27T14:15:33","modified_gmt":"2025-06-27T14:15:33","slug":"freebet","status":"publish","type":"page","link":"https:\/\/spinbetter.app\/fi\/bonus\/freebet\/","title":{"rendered":"Ilmaisveto"},"content":{"rendered":"","protected":false},"excerpt":{"rendered":"","protected":false},"author":1,"featured_media":0,"parent":152,"menu_order":0,"comment_status":"closed","ping_status":"closed","template":"","meta":{"footnotes":""},"class_list":["post-414","page","type-page","status-publish","hentry"],"yoast_head":"<!-- This site is optimized with the Yoast SEO plugin v23.4 - https:\/\/yoast.com\/wordpress\/plugins\/seo\/ -->\n<title>Vedonly\u00f6nti SpinBetter-sovelluksessa \ud83e\udc12 Ilmaisveto jopa 10 EUR<\/title>\n<meta name=\"description\" content=\"Lataa SpinBetter-sovellus, tee 10 vetoa alkaen 1 eurosta ja saat ilmaisvedon jopa 10 euroon asti. Ly\u00f6 vetoa k\u00e4tev\u00e4sti - voita enemm\u00e4n!\" \/>\n<meta name=\"robots\" content=\"index, follow, max-snippet:-1, max-image-preview:large, max-video-preview:-1\" \/>\n<meta property=\"og:locale\" content=\"fi_FI\" \/>\n<meta property=\"og:type\" content=\"article\" \/>\n<meta property=\"og:title\" content=\"Vedonly\u00f6nti SpinBetter-sovelluksessa \ud83e\udc12 Ilmaisveto jopa 10 EUR\" \/>\n<meta property=\"og:description\" content=\"Lataa SpinBetter-sovellus, tee 10 vetoa alkaen 1 eurosta ja saat ilmaisvedon jopa 10 euroon asti. Ly\u00f6 vetoa k\u00e4tev\u00e4sti - voita enemm\u00e4n!\" \/>\n<meta property=\"og:url\" content=\"https:\/\/spinbetter.app\/fi\/bonus\/freebet\/\" \/>\n<meta property=\"og:site_name\" content=\"Spinbetter App FI\" \/>\n<meta property=\"article:modified_time\" content=\"2025-06-27T14:15:33+00:00\" \/>\n<meta name=\"twitter:card\" content=\"summary_large_image\" \/>\n<script type=\"application\/ld+json\" class=\"yoast-schema-graph\">{\"@context\":\"https:\/\/schema.org\",\"@graph\":[{\"@type\":\"WebPage\",\"@id\":\"https:\/\/spinbetter.app\/fi\/bonus\/freebet\/\",\"url\":\"https:\/\/spinbetter.app\/fi\/bonus\/freebet\/\",\"name\":\"Vedonly\u00f6nti SpinBetter-sovelluksessa \ud83e\udc12 Ilmaisveto jopa 10 EUR\",\"isPartOf\":{\"@id\":\"https:\/\/spinbetter.app\/fi\/#website\"},\"datePublished\":\"2025-06-27T14:15:24+00:00\",\"dateModified\":\"2025-06-27T14:15:33+00:00\",\"description\":\"Lataa SpinBetter-sovellus, tee 10 vetoa alkaen 1 eurosta ja saat ilmaisvedon jopa 10 euroon asti. Ly\u00f6 vetoa k\u00e4tev\u00e4sti - voita enemm\u00e4n!\",\"breadcrumb\":{\"@id\":\"https:\/\/spinbetter.app\/fi\/bonus\/freebet\/#breadcrumb\"},\"inLanguage\":\"fi\",\"potentialAction\":[{\"@type\":\"ReadAction\",\"target\":[\"https:\/\/spinbetter.app\/fi\/bonus\/freebet\/\"]}]},{\"@type\":\"BreadcrumbList\",\"@id\":\"https:\/\/spinbetter.app\/fi\/bonus\/freebet\/#breadcrumb\",\"itemListElement\":[{\"@type\":\"ListItem\",\"position\":1,\"name\":\"Home\",\"item\":\"https:\/\/spinbetter.app\/fi\/\"},{\"@type\":\"ListItem\",\"position\":2,\"name\":\"Bonus\",\"item\":\"https:\/\/spinbetter.app\/fi\/bonus\/\"},{\"@type\":\"ListItem\",\"position\":3,\"name\":\"Ilmaisveto\"}]},{\"@type\":\"WebSite\",\"@id\":\"https:\/\/spinbetter.app\/fi\/#website\",\"url\":\"https:\/\/spinbetter.app\/fi\/\",\"name\":\"Spinbetter App FI\",\"description\":\"\",\"potentialAction\":[{\"@type\":\"SearchAction\",\"target\":{\"@type\":\"EntryPoint\",\"urlTemplate\":\"https:\/\/spinbetter.app\/fi\/?s={search_term_string}\"},\"query-input\":{\"@type\":\"PropertyValueSpecification\",\"valueRequired\":true,\"valueName\":\"search_term_string\"}}],\"inLanguage\":\"fi\"}]}<\/script>\n<!-- \/ Yoast SEO plugin. -->","yoast_head_json":{"title":"Vedonly\u00f6nti SpinBetter-sovelluksessa \ud83e\udc12 Ilmaisveto jopa 10 EUR","description":"Lataa SpinBetter-sovellus, tee 10 vetoa alkaen 1 eurosta ja saat ilmaisvedon jopa 10 euroon asti. Ly\u00f6 vetoa k\u00e4tev\u00e4sti - voita enemm\u00e4n!","robots":{"index":"index","follow":"follow","max-snippet":"max-snippet:-1","max-image-preview":"max-image-preview:large","max-video-preview":"max-video-preview:-1"},"og_locale":"fi_FI","og_type":"article","og_title":"Vedonly\u00f6nti SpinBetter-sovelluksessa \ud83e\udc12 Ilmaisveto jopa 10 EUR","og_description":"Lataa SpinBetter-sovellus, tee 10 vetoa alkaen 1 eurosta ja saat ilmaisvedon jopa 10 euroon asti. Ly\u00f6 vetoa k\u00e4tev\u00e4sti - voita enemm\u00e4n!","og_url":"https:\/\/spinbetter.app\/fi\/bonus\/freebet\/","og_site_name":"Spinbetter App FI","article_modified_time":"2025-06-27T14:15:33+00:00","twitter_card":"summary_large_image","schema":{"@context":"https:\/\/schema.org","@graph":[{"@type":"WebPage","@id":"https:\/\/spinbetter.app\/fi\/bonus\/freebet\/","url":"https:\/\/spinbetter.app\/fi\/bonus\/freebet\/","name":"Vedonly\u00f6nti SpinBetter-sovelluksessa \ud83e\udc12 Ilmaisveto jopa 10 EUR","isPartOf":{"@id":"https:\/\/spinbetter.app\/fi\/#website"},"datePublished":"2025-06-27T14:15:24+00:00","dateModified":"2025-06-27T14:15:33+00:00","description":"Lataa SpinBetter-sovellus, tee 10 vetoa alkaen 1 eurosta ja saat ilmaisvedon jopa 10 euroon asti. Ly\u00f6 vetoa k\u00e4tev\u00e4sti - voita enemm\u00e4n!","breadcrumb":{"@id":"https:\/\/spinbetter.app\/fi\/bonus\/freebet\/#breadcrumb"},"inLanguage":"fi","potentialAction":[{"@type":"ReadAction","target":["https:\/\/spinbetter.app\/fi\/bonus\/freebet\/"]}]},{"@type":"BreadcrumbList","@id":"https:\/\/spinbetter.app\/fi\/bonus\/freebet\/#breadcrumb","itemListElement":[{"@type":"ListItem","position":1,"name":"Home","item":"https:\/\/spinbetter.app\/fi\/"},{"@type":"ListItem","position":2,"name":"Bonus","item":"https:\/\/spinbetter.app\/fi\/bonus\/"},{"@type":"ListItem","position":3,"name":"Ilmaisveto"}]},{"@type":"WebSite","@id":"https:\/\/spinbetter.app\/fi\/#website","url":"https:\/\/spinbetter.app\/fi\/","name":"Spinbetter App FI","description":"","potentialAction":[{"@type":"SearchAction","target":{"@type":"EntryPoint","urlTemplate":"https:\/\/spinbetter.app\/fi\/?s={search_term_string}"},"query-input":{"@type":"PropertyValueSpecification","valueRequired":true,"valueName":"search_term_string"}}],"inLanguage":"fi"}]}},"_links":{"self":[{"href":"https:\/\/spinbetter.app\/fi\/wp-json\/wp\/v2\/pages\/414"}],"collection":[{"href":"https:\/\/spinbetter.app\/fi\/wp-json\/wp\/v2\/pages"}],"about":[{"href":"https:\/\/spinbetter.app\/fi\/wp-json\/wp\/v2\/types\/page"}],"author":[{"embeddable":true,"href":"https:\/\/spinbetter.app\/fi\/wp-json\/wp\/v2\/users\/1"}],"replies":[{"embeddable":true,"href":"https:\/\/spinbetter.app\/fi\/wp-json\/wp\/v2\/comments?post=414"}],"version-history":[{"count":1,"href":"https:\/\/spinbetter.app\/fi\/wp-json\/wp\/v2\/pages\/414\/revisions"}],"predecessor-version":[{"id":415,"href":"https:\/\/spinbetter.app\/fi\/wp-json\/wp\/v2\/pages\/414\/revisions\/415"}],"up":[{"embeddable":true,"href":"https:\/\/spinbetter.app\/fi\/wp-json\/wp\/v2\/pages\/152"}],"wp:attachment":[{"href":"https:\/\/spinbetter.app\/fi\/wp-json\/wp\/v2\/media?parent=414"}],"curies":[{"name":"wp","href":"https:\/\/api.w.org\/{rel}","templated":true}]}}