{"id":416,"date":"2025-06-27T14:17:46","date_gmt":"2025-06-27T14:17:46","guid":{"rendered":"https:\/\/spinbetter.app\/fi\/?page_id=416"},"modified":"2025-06-27T14:17:53","modified_gmt":"2025-06-27T14:17:53","slug":"bad-bets","status":"publish","type":"page","link":"https:\/\/spinbetter.app\/fi\/bonus\/bad-bets\/","title":{"rendered":"Huonot vedot"},"content":{"rendered":"","protected":false},"excerpt":{"rendered":"","protected":false},"author":1,"featured_media":0,"parent":152,"menu_order":0,"comment_status":"closed","ping_status":"closed","template":"","meta":{"footnotes":""},"class_list":["post-416","page","type-page","status-publish","hentry"],"yoast_head":"<!-- This site is optimized with the Yoast SEO plugin v23.4 - https:\/\/yoast.com\/wordpress\/plugins\/seo\/ -->\n<title>SpinBetter-bonus ep\u00e4onnistuneille vedoille \ud83e\udc12 jopa 500 EUR tuki<\/title>\n<meta name=\"description\" content=\"H\u00e4visitk\u00f6 20 vetoa per\u00e4kk\u00e4in? Saat jopa 500 euron bonuksen vetojesi m\u00e4\u00e4r\u00e4st\u00e4 riippuen. SpinBetter-kasino tukee pelaajiaan my\u00f6s vaikeina aikoina!\" \/>\n<meta name=\"robots\" content=\"index, follow, max-snippet:-1, max-image-preview:large, max-video-preview:-1\" \/>\n<meta property=\"og:locale\" content=\"fi_FI\" \/>\n<meta property=\"og:type\" content=\"article\" \/>\n<meta property=\"og:title\" content=\"SpinBetter-bonus ep\u00e4onnistuneille vedoille \ud83e\udc12 jopa 500 EUR tuki\" \/>\n<meta property=\"og:description\" content=\"H\u00e4visitk\u00f6 20 vetoa per\u00e4kk\u00e4in? Saat jopa 500 euron bonuksen vetojesi m\u00e4\u00e4r\u00e4st\u00e4 riippuen. SpinBetter-kasino tukee pelaajiaan my\u00f6s vaikeina aikoina!\" \/>\n<meta property=\"og:url\" content=\"https:\/\/spinbetter.app\/fi\/bonus\/bad-bets\/\" \/>\n<meta property=\"og:site_name\" content=\"Spinbetter App FI\" \/>\n<meta property=\"article:modified_time\" content=\"2025-06-27T14:17:53+00:00\" \/>\n<meta name=\"twitter:card\" content=\"summary_large_image\" \/>\n<script type=\"application\/ld+json\" class=\"yoast-schema-graph\">{\"@context\":\"https:\/\/schema.org\",\"@graph\":[{\"@type\":\"WebPage\",\"@id\":\"https:\/\/spinbetter.app\/fi\/bonus\/bad-bets\/\",\"url\":\"https:\/\/spinbetter.app\/fi\/bonus\/bad-bets\/\",\"name\":\"SpinBetter-bonus ep\u00e4onnistuneille vedoille \ud83e\udc12 jopa 500 EUR tuki\",\"isPartOf\":{\"@id\":\"https:\/\/spinbetter.app\/fi\/#website\"},\"datePublished\":\"2025-06-27T14:17:46+00:00\",\"dateModified\":\"2025-06-27T14:17:53+00:00\",\"description\":\"H\u00e4visitk\u00f6 20 vetoa per\u00e4kk\u00e4in? Saat jopa 500 euron bonuksen vetojesi m\u00e4\u00e4r\u00e4st\u00e4 riippuen. SpinBetter-kasino tukee pelaajiaan my\u00f6s vaikeina aikoina!\",\"breadcrumb\":{\"@id\":\"https:\/\/spinbetter.app\/fi\/bonus\/bad-bets\/#breadcrumb\"},\"inLanguage\":\"fi\",\"potentialAction\":[{\"@type\":\"ReadAction\",\"target\":[\"https:\/\/spinbetter.app\/fi\/bonus\/bad-bets\/\"]}]},{\"@type\":\"BreadcrumbList\",\"@id\":\"https:\/\/spinbetter.app\/fi\/bonus\/bad-bets\/#breadcrumb\",\"itemListElement\":[{\"@type\":\"ListItem\",\"position\":1,\"name\":\"Home\",\"item\":\"https:\/\/spinbetter.app\/fi\/\"},{\"@type\":\"ListItem\",\"position\":2,\"name\":\"Bonus\",\"item\":\"https:\/\/spinbetter.app\/fi\/bonus\/\"},{\"@type\":\"ListItem\",\"position\":3,\"name\":\"Huonot vedot\"}]},{\"@type\":\"WebSite\",\"@id\":\"https:\/\/spinbetter.app\/fi\/#website\",\"url\":\"https:\/\/spinbetter.app\/fi\/\",\"name\":\"Spinbetter App FI\",\"description\":\"\",\"potentialAction\":[{\"@type\":\"SearchAction\",\"target\":{\"@type\":\"EntryPoint\",\"urlTemplate\":\"https:\/\/spinbetter.app\/fi\/?s={search_term_string}\"},\"query-input\":{\"@type\":\"PropertyValueSpecification\",\"valueRequired\":true,\"valueName\":\"search_term_string\"}}],\"inLanguage\":\"fi\"}]}<\/script>\n<!-- \/ Yoast SEO plugin. -->","yoast_head_json":{"title":"SpinBetter-bonus ep\u00e4onnistuneille vedoille \ud83e\udc12 jopa 500 EUR tuki","description":"H\u00e4visitk\u00f6 20 vetoa per\u00e4kk\u00e4in? Saat jopa 500 euron bonuksen vetojesi m\u00e4\u00e4r\u00e4st\u00e4 riippuen. SpinBetter-kasino tukee pelaajiaan my\u00f6s vaikeina aikoina!","robots":{"index":"index","follow":"follow","max-snippet":"max-snippet:-1","max-image-preview":"max-image-preview:large","max-video-preview":"max-video-preview:-1"},"og_locale":"fi_FI","og_type":"article","og_title":"SpinBetter-bonus ep\u00e4onnistuneille vedoille \ud83e\udc12 jopa 500 EUR tuki","og_description":"H\u00e4visitk\u00f6 20 vetoa per\u00e4kk\u00e4in? Saat jopa 500 euron bonuksen vetojesi m\u00e4\u00e4r\u00e4st\u00e4 riippuen. SpinBetter-kasino tukee pelaajiaan my\u00f6s vaikeina aikoina!","og_url":"https:\/\/spinbetter.app\/fi\/bonus\/bad-bets\/","og_site_name":"Spinbetter App FI","article_modified_time":"2025-06-27T14:17:53+00:00","twitter_card":"summary_large_image","schema":{"@context":"https:\/\/schema.org","@graph":[{"@type":"WebPage","@id":"https:\/\/spinbetter.app\/fi\/bonus\/bad-bets\/","url":"https:\/\/spinbetter.app\/fi\/bonus\/bad-bets\/","name":"SpinBetter-bonus ep\u00e4onnistuneille vedoille \ud83e\udc12 jopa 500 EUR tuki","isPartOf":{"@id":"https:\/\/spinbetter.app\/fi\/#website"},"datePublished":"2025-06-27T14:17:46+00:00","dateModified":"2025-06-27T14:17:53+00:00","description":"H\u00e4visitk\u00f6 20 vetoa per\u00e4kk\u00e4in? Saat jopa 500 euron bonuksen vetojesi m\u00e4\u00e4r\u00e4st\u00e4 riippuen. SpinBetter-kasino tukee pelaajiaan my\u00f6s vaikeina aikoina!","breadcrumb":{"@id":"https:\/\/spinbetter.app\/fi\/bonus\/bad-bets\/#breadcrumb"},"inLanguage":"fi","potentialAction":[{"@type":"ReadAction","target":["https:\/\/spinbetter.app\/fi\/bonus\/bad-bets\/"]}]},{"@type":"BreadcrumbList","@id":"https:\/\/spinbetter.app\/fi\/bonus\/bad-bets\/#breadcrumb","itemListElement":[{"@type":"ListItem","position":1,"name":"Home","item":"https:\/\/spinbetter.app\/fi\/"},{"@type":"ListItem","position":2,"name":"Bonus","item":"https:\/\/spinbetter.app\/fi\/bonus\/"},{"@type":"ListItem","position":3,"name":"Huonot vedot"}]},{"@type":"WebSite","@id":"https:\/\/spinbetter.app\/fi\/#website","url":"https:\/\/spinbetter.app\/fi\/","name":"Spinbetter App FI","description":"","potentialAction":[{"@type":"SearchAction","target":{"@type":"EntryPoint","urlTemplate":"https:\/\/spinbetter.app\/fi\/?s={search_term_string}"},"query-input":{"@type":"PropertyValueSpecification","valueRequired":true,"valueName":"search_term_string"}}],"inLanguage":"fi"}]}},"_links":{"self":[{"href":"https:\/\/spinbetter.app\/fi\/wp-json\/wp\/v2\/pages\/416"}],"collection":[{"href":"https:\/\/spinbetter.app\/fi\/wp-json\/wp\/v2\/pages"}],"about":[{"href":"https:\/\/spinbetter.app\/fi\/wp-json\/wp\/v2\/types\/page"}],"author":[{"embeddable":true,"href":"https:\/\/spinbetter.app\/fi\/wp-json\/wp\/v2\/users\/1"}],"replies":[{"embeddable":true,"href":"https:\/\/spinbetter.app\/fi\/wp-json\/wp\/v2\/comments?post=416"}],"version-history":[{"count":1,"href":"https:\/\/spinbetter.app\/fi\/wp-json\/wp\/v2\/pages\/416\/revisions"}],"predecessor-version":[{"id":417,"href":"https:\/\/spinbetter.app\/fi\/wp-json\/wp\/v2\/pages\/416\/revisions\/417"}],"up":[{"embeddable":true,"href":"https:\/\/spinbetter.app\/fi\/wp-json\/wp\/v2\/pages\/152"}],"wp:attachment":[{"href":"https:\/\/spinbetter.app\/fi\/wp-json\/wp\/v2\/media?parent=416"}],"curies":[{"name":"wp","href":"https:\/\/api.w.org\/{rel}","templated":true}]}}