{"id":422,"date":"2025-07-06T07:51:27","date_gmt":"2025-07-06T07:51:27","guid":{"rendered":"https:\/\/spinbetter.app\/fi\/?page_id=422"},"modified":"2025-07-06T07:51:36","modified_gmt":"2025-07-06T07:51:36","slug":"loyalty-program","status":"publish","type":"page","link":"https:\/\/spinbetter.app\/fi\/bonus\/loyalty-program\/","title":{"rendered":"Kanta-asiakasohjelma"},"content":{"rendered":"","protected":false},"excerpt":{"rendered":"","protected":false},"author":1,"featured_media":0,"parent":152,"menu_order":0,"comment_status":"closed","ping_status":"closed","template":"","meta":{"footnotes":""},"class_list":["post-422","page","type-page","status-publish","hentry"],"yoast_head":"<!-- This site is optimized with the Yoast SEO plugin v23.4 - https:\/\/yoast.com\/wordpress\/plugins\/seo\/ -->\n<title>SpinBetter-kanta-asiakasohjelma \u1405 Polkusi VIP-etuihin<\/title>\n<meta name=\"description\" content=\"Kiipe\u00e4 SpinBetter-kasinon tasoille ja saat jopa 11 % k\u00e4teispalautusta, henkil\u00f6kohtaisia \u200b\u200bbonuksia ja VIP-statuksen. Avaa ainutlaatuisia palkintoja ja etuja!\" \/>\n<meta name=\"robots\" content=\"index, follow, max-snippet:-1, max-image-preview:large, max-video-preview:-1\" \/>\n<meta property=\"og:locale\" content=\"fi_FI\" \/>\n<meta property=\"og:type\" content=\"article\" \/>\n<meta property=\"og:title\" content=\"SpinBetter-kanta-asiakasohjelma \u1405 Polkusi VIP-etuihin\" \/>\n<meta property=\"og:description\" content=\"Kiipe\u00e4 SpinBetter-kasinon tasoille ja saat jopa 11 % k\u00e4teispalautusta, henkil\u00f6kohtaisia \u200b\u200bbonuksia ja VIP-statuksen. Avaa ainutlaatuisia palkintoja ja etuja!\" \/>\n<meta property=\"og:url\" content=\"https:\/\/spinbetter.app\/fi\/bonus\/loyalty-program\/\" \/>\n<meta property=\"og:site_name\" content=\"Spinbetter App FI\" \/>\n<meta property=\"article:modified_time\" content=\"2025-07-06T07:51:36+00:00\" \/>\n<meta name=\"twitter:card\" content=\"summary_large_image\" \/>\n<script type=\"application\/ld+json\" class=\"yoast-schema-graph\">{\"@context\":\"https:\/\/schema.org\",\"@graph\":[{\"@type\":\"WebPage\",\"@id\":\"https:\/\/spinbetter.app\/fi\/bonus\/loyalty-program\/\",\"url\":\"https:\/\/spinbetter.app\/fi\/bonus\/loyalty-program\/\",\"name\":\"SpinBetter-kanta-asiakasohjelma \u1405 Polkusi VIP-etuihin\",\"isPartOf\":{\"@id\":\"https:\/\/spinbetter.app\/fi\/#website\"},\"datePublished\":\"2025-07-06T07:51:27+00:00\",\"dateModified\":\"2025-07-06T07:51:36+00:00\",\"description\":\"Kiipe\u00e4 SpinBetter-kasinon tasoille ja saat jopa 11 % k\u00e4teispalautusta, henkil\u00f6kohtaisia \u200b\u200bbonuksia ja VIP-statuksen. Avaa ainutlaatuisia palkintoja ja etuja!\",\"breadcrumb\":{\"@id\":\"https:\/\/spinbetter.app\/fi\/bonus\/loyalty-program\/#breadcrumb\"},\"inLanguage\":\"fi\",\"potentialAction\":[{\"@type\":\"ReadAction\",\"target\":[\"https:\/\/spinbetter.app\/fi\/bonus\/loyalty-program\/\"]}]},{\"@type\":\"BreadcrumbList\",\"@id\":\"https:\/\/spinbetter.app\/fi\/bonus\/loyalty-program\/#breadcrumb\",\"itemListElement\":[{\"@type\":\"ListItem\",\"position\":1,\"name\":\"Home\",\"item\":\"https:\/\/spinbetter.app\/fi\/\"},{\"@type\":\"ListItem\",\"position\":2,\"name\":\"Bonus\",\"item\":\"https:\/\/spinbetter.app\/fi\/bonus\/\"},{\"@type\":\"ListItem\",\"position\":3,\"name\":\"Kanta-asiakasohjelma\"}]},{\"@type\":\"WebSite\",\"@id\":\"https:\/\/spinbetter.app\/fi\/#website\",\"url\":\"https:\/\/spinbetter.app\/fi\/\",\"name\":\"Spinbetter App FI\",\"description\":\"\",\"potentialAction\":[{\"@type\":\"SearchAction\",\"target\":{\"@type\":\"EntryPoint\",\"urlTemplate\":\"https:\/\/spinbetter.app\/fi\/?s={search_term_string}\"},\"query-input\":{\"@type\":\"PropertyValueSpecification\",\"valueRequired\":true,\"valueName\":\"search_term_string\"}}],\"inLanguage\":\"fi\"}]}<\/script>\n<!-- \/ Yoast SEO plugin. -->","yoast_head_json":{"title":"SpinBetter-kanta-asiakasohjelma \u1405 Polkusi VIP-etuihin","description":"Kiipe\u00e4 SpinBetter-kasinon tasoille ja saat jopa 11 % k\u00e4teispalautusta, henkil\u00f6kohtaisia \u200b\u200bbonuksia ja VIP-statuksen. Avaa ainutlaatuisia palkintoja ja etuja!","robots":{"index":"index","follow":"follow","max-snippet":"max-snippet:-1","max-image-preview":"max-image-preview:large","max-video-preview":"max-video-preview:-1"},"og_locale":"fi_FI","og_type":"article","og_title":"SpinBetter-kanta-asiakasohjelma \u1405 Polkusi VIP-etuihin","og_description":"Kiipe\u00e4 SpinBetter-kasinon tasoille ja saat jopa 11 % k\u00e4teispalautusta, henkil\u00f6kohtaisia \u200b\u200bbonuksia ja VIP-statuksen. Avaa ainutlaatuisia palkintoja ja etuja!","og_url":"https:\/\/spinbetter.app\/fi\/bonus\/loyalty-program\/","og_site_name":"Spinbetter App FI","article_modified_time":"2025-07-06T07:51:36+00:00","twitter_card":"summary_large_image","schema":{"@context":"https:\/\/schema.org","@graph":[{"@type":"WebPage","@id":"https:\/\/spinbetter.app\/fi\/bonus\/loyalty-program\/","url":"https:\/\/spinbetter.app\/fi\/bonus\/loyalty-program\/","name":"SpinBetter-kanta-asiakasohjelma \u1405 Polkusi VIP-etuihin","isPartOf":{"@id":"https:\/\/spinbetter.app\/fi\/#website"},"datePublished":"2025-07-06T07:51:27+00:00","dateModified":"2025-07-06T07:51:36+00:00","description":"Kiipe\u00e4 SpinBetter-kasinon tasoille ja saat jopa 11 % k\u00e4teispalautusta, henkil\u00f6kohtaisia \u200b\u200bbonuksia ja VIP-statuksen. Avaa ainutlaatuisia palkintoja ja etuja!","breadcrumb":{"@id":"https:\/\/spinbetter.app\/fi\/bonus\/loyalty-program\/#breadcrumb"},"inLanguage":"fi","potentialAction":[{"@type":"ReadAction","target":["https:\/\/spinbetter.app\/fi\/bonus\/loyalty-program\/"]}]},{"@type":"BreadcrumbList","@id":"https:\/\/spinbetter.app\/fi\/bonus\/loyalty-program\/#breadcrumb","itemListElement":[{"@type":"ListItem","position":1,"name":"Home","item":"https:\/\/spinbetter.app\/fi\/"},{"@type":"ListItem","position":2,"name":"Bonus","item":"https:\/\/spinbetter.app\/fi\/bonus\/"},{"@type":"ListItem","position":3,"name":"Kanta-asiakasohjelma"}]},{"@type":"WebSite","@id":"https:\/\/spinbetter.app\/fi\/#website","url":"https:\/\/spinbetter.app\/fi\/","name":"Spinbetter App FI","description":"","potentialAction":[{"@type":"SearchAction","target":{"@type":"EntryPoint","urlTemplate":"https:\/\/spinbetter.app\/fi\/?s={search_term_string}"},"query-input":{"@type":"PropertyValueSpecification","valueRequired":true,"valueName":"search_term_string"}}],"inLanguage":"fi"}]}},"_links":{"self":[{"href":"https:\/\/spinbetter.app\/fi\/wp-json\/wp\/v2\/pages\/422"}],"collection":[{"href":"https:\/\/spinbetter.app\/fi\/wp-json\/wp\/v2\/pages"}],"about":[{"href":"https:\/\/spinbetter.app\/fi\/wp-json\/wp\/v2\/types\/page"}],"author":[{"embeddable":true,"href":"https:\/\/spinbetter.app\/fi\/wp-json\/wp\/v2\/users\/1"}],"replies":[{"embeddable":true,"href":"https:\/\/spinbetter.app\/fi\/wp-json\/wp\/v2\/comments?post=422"}],"version-history":[{"count":1,"href":"https:\/\/spinbetter.app\/fi\/wp-json\/wp\/v2\/pages\/422\/revisions"}],"predecessor-version":[{"id":423,"href":"https:\/\/spinbetter.app\/fi\/wp-json\/wp\/v2\/pages\/422\/revisions\/423"}],"up":[{"embeddable":true,"href":"https:\/\/spinbetter.app\/fi\/wp-json\/wp\/v2\/pages\/152"}],"wp:attachment":[{"href":"https:\/\/spinbetter.app\/fi\/wp-json\/wp\/v2\/media?parent=422"}],"curies":[{"name":"wp","href":"https:\/\/api.w.org\/{rel}","templated":true}]}}