{"id":395,"date":"2025-07-01T07:53:49","date_gmt":"2025-07-01T07:53:49","guid":{"rendered":"https:\/\/spinbetter.app\/fr\/?page_id=395"},"modified":"2025-07-01T07:53:59","modified_gmt":"2025-07-01T07:53:59","slug":"spinbetter-vote","status":"publish","type":"page","link":"https:\/\/spinbetter.app\/fr\/bonus\/spinbetter-vote\/","title":{"rendered":"vote SpinBetter"},"content":{"rendered":"","protected":false},"excerpt":{"rendered":"","protected":false},"author":1,"featured_media":0,"parent":152,"menu_order":0,"comment_status":"closed","ping_status":"closed","template":"","meta":{"footnotes":""},"class_list":["post-395","page","type-page","status-publish","hentry"],"yoast_head":"<!-- This site is optimized with the Yoast SEO plugin v23.4 - https:\/\/yoast.com\/wordpress\/plugins\/seo\/ -->\n<title>Votez pour le meilleur bonus sportif &gt; Paris gratuits<\/title>\n<meta name=\"description\" content=\"Rejoignez SpinBetter et votez pour votre sport pr\u00e9f\u00e9r\u00e9 ! Participez \u00e0 la promotion \u00ab Votez pour le meilleur sport \u00bb, gagnez des paris gratuits et des prix exceptionnels ! Ne manquez pas votre chance de montrer votre fid\u00e9lit\u00e9 et de remporter des bonus exclusifs\u00a0! Le temps est limit\u00e9, n&#039;attendez plus\u00a0!\" \/>\n<meta name=\"robots\" content=\"index, follow, max-snippet:-1, max-image-preview:large, max-video-preview:-1\" \/>\n<meta property=\"og:locale\" content=\"fr_FR\" \/>\n<meta property=\"og:type\" content=\"article\" \/>\n<meta property=\"og:title\" content=\"Votez pour le meilleur bonus sportif &gt; Paris gratuits\" \/>\n<meta property=\"og:description\" content=\"Rejoignez SpinBetter et votez pour votre sport pr\u00e9f\u00e9r\u00e9 ! Participez \u00e0 la promotion \u00ab Votez pour le meilleur sport \u00bb, gagnez des paris gratuits et des prix exceptionnels ! Ne manquez pas votre chance de montrer votre fid\u00e9lit\u00e9 et de remporter des bonus exclusifs\u00a0! Le temps est limit\u00e9, n&#039;attendez plus\u00a0!\" \/>\n<meta property=\"og:url\" content=\"https:\/\/spinbetter.app\/fr\/bonus\/spinbetter-vote\/\" \/>\n<meta property=\"og:site_name\" content=\"Spinbetter App FR\" \/>\n<meta property=\"article:modified_time\" content=\"2025-07-01T07:53:59+00:00\" \/>\n<meta name=\"twitter:card\" content=\"summary_large_image\" \/>\n<script type=\"application\/ld+json\" class=\"yoast-schema-graph\">{\"@context\":\"https:\/\/schema.org\",\"@graph\":[{\"@type\":\"WebPage\",\"@id\":\"https:\/\/spinbetter.app\/fr\/bonus\/spinbetter-vote\/\",\"url\":\"https:\/\/spinbetter.app\/fr\/bonus\/spinbetter-vote\/\",\"name\":\"Votez pour le meilleur bonus sportif > Paris gratuits\",\"isPartOf\":{\"@id\":\"https:\/\/spinbetter.app\/fr\/#website\"},\"datePublished\":\"2025-07-01T07:53:49+00:00\",\"dateModified\":\"2025-07-01T07:53:59+00:00\",\"description\":\"Rejoignez SpinBetter et votez pour votre sport pr\u00e9f\u00e9r\u00e9 ! Participez \u00e0 la promotion \u00ab Votez pour le meilleur sport \u00bb, gagnez des paris gratuits et des prix exceptionnels ! Ne manquez pas votre chance de montrer votre fid\u00e9lit\u00e9 et de remporter des bonus exclusifs\u00a0! Le temps est limit\u00e9, n'attendez plus\u00a0!\",\"breadcrumb\":{\"@id\":\"https:\/\/spinbetter.app\/fr\/bonus\/spinbetter-vote\/#breadcrumb\"},\"inLanguage\":\"fr-FR\",\"potentialAction\":[{\"@type\":\"ReadAction\",\"target\":[\"https:\/\/spinbetter.app\/fr\/bonus\/spinbetter-vote\/\"]}]},{\"@type\":\"BreadcrumbList\",\"@id\":\"https:\/\/spinbetter.app\/fr\/bonus\/spinbetter-vote\/#breadcrumb\",\"itemListElement\":[{\"@type\":\"ListItem\",\"position\":1,\"name\":\"Home\",\"item\":\"https:\/\/spinbetter.app\/fr\/\"},{\"@type\":\"ListItem\",\"position\":2,\"name\":\"Bonification\",\"item\":\"https:\/\/spinbetter.app\/fr\/bonus\/\"},{\"@type\":\"ListItem\",\"position\":3,\"name\":\"vote SpinBetter\"}]},{\"@type\":\"WebSite\",\"@id\":\"https:\/\/spinbetter.app\/fr\/#website\",\"url\":\"https:\/\/spinbetter.app\/fr\/\",\"name\":\"Spinbetter App FR\",\"description\":\"\",\"potentialAction\":[{\"@type\":\"SearchAction\",\"target\":{\"@type\":\"EntryPoint\",\"urlTemplate\":\"https:\/\/spinbetter.app\/fr\/?s={search_term_string}\"},\"query-input\":{\"@type\":\"PropertyValueSpecification\",\"valueRequired\":true,\"valueName\":\"search_term_string\"}}],\"inLanguage\":\"fr-FR\"}]}<\/script>\n<!-- \/ Yoast SEO plugin. -->","yoast_head_json":{"title":"Votez pour le meilleur bonus sportif > Paris gratuits","description":"Rejoignez SpinBetter et votez pour votre sport pr\u00e9f\u00e9r\u00e9 ! Participez \u00e0 la promotion \u00ab Votez pour le meilleur sport \u00bb, gagnez des paris gratuits et des prix exceptionnels ! Ne manquez pas votre chance de montrer votre fid\u00e9lit\u00e9 et de remporter des bonus exclusifs\u00a0! Le temps est limit\u00e9, n'attendez plus\u00a0!","robots":{"index":"index","follow":"follow","max-snippet":"max-snippet:-1","max-image-preview":"max-image-preview:large","max-video-preview":"max-video-preview:-1"},"og_locale":"fr_FR","og_type":"article","og_title":"Votez pour le meilleur bonus sportif > Paris gratuits","og_description":"Rejoignez SpinBetter et votez pour votre sport pr\u00e9f\u00e9r\u00e9 ! Participez \u00e0 la promotion \u00ab Votez pour le meilleur sport \u00bb, gagnez des paris gratuits et des prix exceptionnels ! Ne manquez pas votre chance de montrer votre fid\u00e9lit\u00e9 et de remporter des bonus exclusifs\u00a0! Le temps est limit\u00e9, n'attendez plus\u00a0!","og_url":"https:\/\/spinbetter.app\/fr\/bonus\/spinbetter-vote\/","og_site_name":"Spinbetter App FR","article_modified_time":"2025-07-01T07:53:59+00:00","twitter_card":"summary_large_image","schema":{"@context":"https:\/\/schema.org","@graph":[{"@type":"WebPage","@id":"https:\/\/spinbetter.app\/fr\/bonus\/spinbetter-vote\/","url":"https:\/\/spinbetter.app\/fr\/bonus\/spinbetter-vote\/","name":"Votez pour le meilleur bonus sportif > Paris gratuits","isPartOf":{"@id":"https:\/\/spinbetter.app\/fr\/#website"},"datePublished":"2025-07-01T07:53:49+00:00","dateModified":"2025-07-01T07:53:59+00:00","description":"Rejoignez SpinBetter et votez pour votre sport pr\u00e9f\u00e9r\u00e9 ! Participez \u00e0 la promotion \u00ab Votez pour le meilleur sport \u00bb, gagnez des paris gratuits et des prix exceptionnels ! Ne manquez pas votre chance de montrer votre fid\u00e9lit\u00e9 et de remporter des bonus exclusifs\u00a0! Le temps est limit\u00e9, n'attendez plus\u00a0!","breadcrumb":{"@id":"https:\/\/spinbetter.app\/fr\/bonus\/spinbetter-vote\/#breadcrumb"},"inLanguage":"fr-FR","potentialAction":[{"@type":"ReadAction","target":["https:\/\/spinbetter.app\/fr\/bonus\/spinbetter-vote\/"]}]},{"@type":"BreadcrumbList","@id":"https:\/\/spinbetter.app\/fr\/bonus\/spinbetter-vote\/#breadcrumb","itemListElement":[{"@type":"ListItem","position":1,"name":"Home","item":"https:\/\/spinbetter.app\/fr\/"},{"@type":"ListItem","position":2,"name":"Bonification","item":"https:\/\/spinbetter.app\/fr\/bonus\/"},{"@type":"ListItem","position":3,"name":"vote SpinBetter"}]},{"@type":"WebSite","@id":"https:\/\/spinbetter.app\/fr\/#website","url":"https:\/\/spinbetter.app\/fr\/","name":"Spinbetter App FR","description":"","potentialAction":[{"@type":"SearchAction","target":{"@type":"EntryPoint","urlTemplate":"https:\/\/spinbetter.app\/fr\/?s={search_term_string}"},"query-input":{"@type":"PropertyValueSpecification","valueRequired":true,"valueName":"search_term_string"}}],"inLanguage":"fr-FR"}]}},"_links":{"self":[{"href":"https:\/\/spinbetter.app\/fr\/wp-json\/wp\/v2\/pages\/395"}],"collection":[{"href":"https:\/\/spinbetter.app\/fr\/wp-json\/wp\/v2\/pages"}],"about":[{"href":"https:\/\/spinbetter.app\/fr\/wp-json\/wp\/v2\/types\/page"}],"author":[{"embeddable":true,"href":"https:\/\/spinbetter.app\/fr\/wp-json\/wp\/v2\/users\/1"}],"replies":[{"embeddable":true,"href":"https:\/\/spinbetter.app\/fr\/wp-json\/wp\/v2\/comments?post=395"}],"version-history":[{"count":1,"href":"https:\/\/spinbetter.app\/fr\/wp-json\/wp\/v2\/pages\/395\/revisions"}],"predecessor-version":[{"id":396,"href":"https:\/\/spinbetter.app\/fr\/wp-json\/wp\/v2\/pages\/395\/revisions\/396"}],"up":[{"embeddable":true,"href":"https:\/\/spinbetter.app\/fr\/wp-json\/wp\/v2\/pages\/152"}],"wp:attachment":[{"href":"https:\/\/spinbetter.app\/fr\/wp-json\/wp\/v2\/media?parent=395"}],"curies":[{"name":"wp","href":"https:\/\/api.w.org\/{rel}","templated":true}]}}