{"id":417,"date":"2025-07-01T08:21:42","date_gmt":"2025-07-01T08:21:42","guid":{"rendered":"https:\/\/spinbetter.app\/hr\/?page_id=417"},"modified":"2025-07-01T08:21:49","modified_gmt":"2025-07-01T08:21:49","slug":"deposit-lottery","status":"publish","type":"page","link":"https:\/\/spinbetter.app\/hr\/bonus\/deposit-lottery\/","title":{"rendered":"Lutrija s depozitom"},"content":{"rendered":"","protected":false},"excerpt":{"rendered":"","protected":false},"author":1,"featured_media":0,"parent":152,"menu_order":0,"comment_status":"closed","ping_status":"closed","template":"","meta":{"footnotes":""},"class_list":["post-417","page","type-page","status-publish","hentry"],"yoast_head":"<!-- This site is optimized with the Yoast SEO plugin v23.4 - https:\/\/yoast.com\/wordpress\/plugins\/seo\/ -->\n<title>SpinBetter lutrija s depozitom \ud83e\udc12 Osvojite besplatne oklade<\/title>\n<meta name=\"description\" content=\"Uplatite od 3 EUR, osvojite ulaznice i sudjelujte u tjednim izvla\u010denjima za 30 000 EUR i 2 000 000 promotivnih bodova. Vi\u0161e uplata - vi\u0161e \u0161ansi za pobjedu!\" \/>\n<meta name=\"robots\" content=\"index, follow, max-snippet:-1, max-image-preview:large, max-video-preview:-1\" \/>\n<meta property=\"og:locale\" content=\"hr_HR\" \/>\n<meta property=\"og:type\" content=\"article\" \/>\n<meta property=\"og:title\" content=\"SpinBetter lutrija s depozitom \ud83e\udc12 Osvojite besplatne oklade\" \/>\n<meta property=\"og:description\" content=\"Uplatite od 3 EUR, osvojite ulaznice i sudjelujte u tjednim izvla\u010denjima za 30 000 EUR i 2 000 000 promotivnih bodova. Vi\u0161e uplata - vi\u0161e \u0161ansi za pobjedu!\" \/>\n<meta property=\"og:url\" content=\"https:\/\/spinbetter.app\/hr\/bonus\/deposit-lottery\/\" \/>\n<meta property=\"og:site_name\" content=\"Spinbetter APP HR\" \/>\n<meta property=\"article:modified_time\" content=\"2025-07-01T08:21:49+00:00\" \/>\n<meta name=\"twitter:card\" content=\"summary_large_image\" \/>\n<script type=\"application\/ld+json\" class=\"yoast-schema-graph\">{\"@context\":\"https:\/\/schema.org\",\"@graph\":[{\"@type\":\"WebPage\",\"@id\":\"https:\/\/spinbetter.app\/hr\/bonus\/deposit-lottery\/\",\"url\":\"https:\/\/spinbetter.app\/hr\/bonus\/deposit-lottery\/\",\"name\":\"SpinBetter lutrija s depozitom \ud83e\udc12 Osvojite besplatne oklade\",\"isPartOf\":{\"@id\":\"https:\/\/spinbetter.app\/hr\/#website\"},\"datePublished\":\"2025-07-01T08:21:42+00:00\",\"dateModified\":\"2025-07-01T08:21:49+00:00\",\"description\":\"Uplatite od 3 EUR, osvojite ulaznice i sudjelujte u tjednim izvla\u010denjima za 30 000 EUR i 2 000 000 promotivnih bodova. Vi\u0161e uplata - vi\u0161e \u0161ansi za pobjedu!\",\"breadcrumb\":{\"@id\":\"https:\/\/spinbetter.app\/hr\/bonus\/deposit-lottery\/#breadcrumb\"},\"inLanguage\":\"hr\",\"potentialAction\":[{\"@type\":\"ReadAction\",\"target\":[\"https:\/\/spinbetter.app\/hr\/bonus\/deposit-lottery\/\"]}]},{\"@type\":\"BreadcrumbList\",\"@id\":\"https:\/\/spinbetter.app\/hr\/bonus\/deposit-lottery\/#breadcrumb\",\"itemListElement\":[{\"@type\":\"ListItem\",\"position\":1,\"name\":\"Home\",\"item\":\"https:\/\/spinbetter.app\/hr\/\"},{\"@type\":\"ListItem\",\"position\":2,\"name\":\"Bonus\",\"item\":\"https:\/\/spinbetter.app\/hr\/bonus\/\"},{\"@type\":\"ListItem\",\"position\":3,\"name\":\"Lutrija s depozitom\"}]},{\"@type\":\"WebSite\",\"@id\":\"https:\/\/spinbetter.app\/hr\/#website\",\"url\":\"https:\/\/spinbetter.app\/hr\/\",\"name\":\"Spinbetter APP HR\",\"description\":\"\",\"potentialAction\":[{\"@type\":\"SearchAction\",\"target\":{\"@type\":\"EntryPoint\",\"urlTemplate\":\"https:\/\/spinbetter.app\/hr\/?s={search_term_string}\"},\"query-input\":{\"@type\":\"PropertyValueSpecification\",\"valueRequired\":true,\"valueName\":\"search_term_string\"}}],\"inLanguage\":\"hr\"}]}<\/script>\n<!-- \/ Yoast SEO plugin. -->","yoast_head_json":{"title":"SpinBetter lutrija s depozitom \ud83e\udc12 Osvojite besplatne oklade","description":"Uplatite od 3 EUR, osvojite ulaznice i sudjelujte u tjednim izvla\u010denjima za 30 000 EUR i 2 000 000 promotivnih bodova. Vi\u0161e uplata - vi\u0161e \u0161ansi za pobjedu!","robots":{"index":"index","follow":"follow","max-snippet":"max-snippet:-1","max-image-preview":"max-image-preview:large","max-video-preview":"max-video-preview:-1"},"og_locale":"hr_HR","og_type":"article","og_title":"SpinBetter lutrija s depozitom \ud83e\udc12 Osvojite besplatne oklade","og_description":"Uplatite od 3 EUR, osvojite ulaznice i sudjelujte u tjednim izvla\u010denjima za 30 000 EUR i 2 000 000 promotivnih bodova. Vi\u0161e uplata - vi\u0161e \u0161ansi za pobjedu!","og_url":"https:\/\/spinbetter.app\/hr\/bonus\/deposit-lottery\/","og_site_name":"Spinbetter APP HR","article_modified_time":"2025-07-01T08:21:49+00:00","twitter_card":"summary_large_image","schema":{"@context":"https:\/\/schema.org","@graph":[{"@type":"WebPage","@id":"https:\/\/spinbetter.app\/hr\/bonus\/deposit-lottery\/","url":"https:\/\/spinbetter.app\/hr\/bonus\/deposit-lottery\/","name":"SpinBetter lutrija s depozitom \ud83e\udc12 Osvojite besplatne oklade","isPartOf":{"@id":"https:\/\/spinbetter.app\/hr\/#website"},"datePublished":"2025-07-01T08:21:42+00:00","dateModified":"2025-07-01T08:21:49+00:00","description":"Uplatite od 3 EUR, osvojite ulaznice i sudjelujte u tjednim izvla\u010denjima za 30 000 EUR i 2 000 000 promotivnih bodova. Vi\u0161e uplata - vi\u0161e \u0161ansi za pobjedu!","breadcrumb":{"@id":"https:\/\/spinbetter.app\/hr\/bonus\/deposit-lottery\/#breadcrumb"},"inLanguage":"hr","potentialAction":[{"@type":"ReadAction","target":["https:\/\/spinbetter.app\/hr\/bonus\/deposit-lottery\/"]}]},{"@type":"BreadcrumbList","@id":"https:\/\/spinbetter.app\/hr\/bonus\/deposit-lottery\/#breadcrumb","itemListElement":[{"@type":"ListItem","position":1,"name":"Home","item":"https:\/\/spinbetter.app\/hr\/"},{"@type":"ListItem","position":2,"name":"Bonus","item":"https:\/\/spinbetter.app\/hr\/bonus\/"},{"@type":"ListItem","position":3,"name":"Lutrija s depozitom"}]},{"@type":"WebSite","@id":"https:\/\/spinbetter.app\/hr\/#website","url":"https:\/\/spinbetter.app\/hr\/","name":"Spinbetter APP HR","description":"","potentialAction":[{"@type":"SearchAction","target":{"@type":"EntryPoint","urlTemplate":"https:\/\/spinbetter.app\/hr\/?s={search_term_string}"},"query-input":{"@type":"PropertyValueSpecification","valueRequired":true,"valueName":"search_term_string"}}],"inLanguage":"hr"}]}},"_links":{"self":[{"href":"https:\/\/spinbetter.app\/hr\/wp-json\/wp\/v2\/pages\/417"}],"collection":[{"href":"https:\/\/spinbetter.app\/hr\/wp-json\/wp\/v2\/pages"}],"about":[{"href":"https:\/\/spinbetter.app\/hr\/wp-json\/wp\/v2\/types\/page"}],"author":[{"embeddable":true,"href":"https:\/\/spinbetter.app\/hr\/wp-json\/wp\/v2\/users\/1"}],"replies":[{"embeddable":true,"href":"https:\/\/spinbetter.app\/hr\/wp-json\/wp\/v2\/comments?post=417"}],"version-history":[{"count":1,"href":"https:\/\/spinbetter.app\/hr\/wp-json\/wp\/v2\/pages\/417\/revisions"}],"predecessor-version":[{"id":418,"href":"https:\/\/spinbetter.app\/hr\/wp-json\/wp\/v2\/pages\/417\/revisions\/418"}],"up":[{"embeddable":true,"href":"https:\/\/spinbetter.app\/hr\/wp-json\/wp\/v2\/pages\/152"}],"wp:attachment":[{"href":"https:\/\/spinbetter.app\/hr\/wp-json\/wp\/v2\/media?parent=417"}],"curies":[{"name":"wp","href":"https:\/\/api.w.org\/{rel}","templated":true}]}}