{"id":423,"date":"2025-07-01T08:32:05","date_gmt":"2025-07-01T08:32:05","guid":{"rendered":"https:\/\/spinbetter.app\/hr\/?page_id=423"},"modified":"2025-07-01T08:32:21","modified_gmt":"2025-07-01T08:32:21","slug":"bad-bets","status":"publish","type":"page","link":"https:\/\/spinbetter.app\/hr\/bonus\/bad-bets\/","title":{"rendered":"Lo\u0161e oklade"},"content":{"rendered":"","protected":false},"excerpt":{"rendered":"","protected":false},"author":1,"featured_media":0,"parent":152,"menu_order":0,"comment_status":"closed","ping_status":"closed","template":"","meta":{"footnotes":""},"class_list":["post-423","page","type-page","status-publish","hentry"],"yoast_head":"<!-- This site is optimized with the Yoast SEO plugin v23.4 - https:\/\/yoast.com\/wordpress\/plugins\/seo\/ -->\n<title>SpinBetter bonus za neuspje\u0161ne oklade \ud83e\udc12 do 500 EUR<\/title>\n<meta name=\"description\" content=\"Izgubili ste 20 oklada zaredom? Ostvarite bonus do 500 EUR ovisno o iznosu va\u0161ih oklada. SpinBetter casino podr\u017eava svoje igra\u010de \u010dak i u te\u0161kim trenucima!\" \/>\n<meta name=\"robots\" content=\"index, follow, max-snippet:-1, max-image-preview:large, max-video-preview:-1\" \/>\n<meta property=\"og:locale\" content=\"hr_HR\" \/>\n<meta property=\"og:type\" content=\"article\" \/>\n<meta property=\"og:title\" content=\"SpinBetter bonus za neuspje\u0161ne oklade \ud83e\udc12 do 500 EUR\" \/>\n<meta property=\"og:description\" content=\"Izgubili ste 20 oklada zaredom? Ostvarite bonus do 500 EUR ovisno o iznosu va\u0161ih oklada. SpinBetter casino podr\u017eava svoje igra\u010de \u010dak i u te\u0161kim trenucima!\" \/>\n<meta property=\"og:url\" content=\"https:\/\/spinbetter.app\/hr\/bonus\/bad-bets\/\" \/>\n<meta property=\"og:site_name\" content=\"Spinbetter APP HR\" \/>\n<meta property=\"article:modified_time\" content=\"2025-07-01T08:32:21+00:00\" \/>\n<meta name=\"twitter:card\" content=\"summary_large_image\" \/>\n<script type=\"application\/ld+json\" class=\"yoast-schema-graph\">{\"@context\":\"https:\/\/schema.org\",\"@graph\":[{\"@type\":\"WebPage\",\"@id\":\"https:\/\/spinbetter.app\/hr\/bonus\/bad-bets\/\",\"url\":\"https:\/\/spinbetter.app\/hr\/bonus\/bad-bets\/\",\"name\":\"SpinBetter bonus za neuspje\u0161ne oklade \ud83e\udc12 do 500 EUR\",\"isPartOf\":{\"@id\":\"https:\/\/spinbetter.app\/hr\/#website\"},\"datePublished\":\"2025-07-01T08:32:05+00:00\",\"dateModified\":\"2025-07-01T08:32:21+00:00\",\"description\":\"Izgubili ste 20 oklada zaredom? Ostvarite bonus do 500 EUR ovisno o iznosu va\u0161ih oklada. SpinBetter casino podr\u017eava svoje igra\u010de \u010dak i u te\u0161kim trenucima!\",\"breadcrumb\":{\"@id\":\"https:\/\/spinbetter.app\/hr\/bonus\/bad-bets\/#breadcrumb\"},\"inLanguage\":\"hr\",\"potentialAction\":[{\"@type\":\"ReadAction\",\"target\":[\"https:\/\/spinbetter.app\/hr\/bonus\/bad-bets\/\"]}]},{\"@type\":\"BreadcrumbList\",\"@id\":\"https:\/\/spinbetter.app\/hr\/bonus\/bad-bets\/#breadcrumb\",\"itemListElement\":[{\"@type\":\"ListItem\",\"position\":1,\"name\":\"Home\",\"item\":\"https:\/\/spinbetter.app\/hr\/\"},{\"@type\":\"ListItem\",\"position\":2,\"name\":\"Bonus\",\"item\":\"https:\/\/spinbetter.app\/hr\/bonus\/\"},{\"@type\":\"ListItem\",\"position\":3,\"name\":\"Lo\u0161e oklade\"}]},{\"@type\":\"WebSite\",\"@id\":\"https:\/\/spinbetter.app\/hr\/#website\",\"url\":\"https:\/\/spinbetter.app\/hr\/\",\"name\":\"Spinbetter APP HR\",\"description\":\"\",\"potentialAction\":[{\"@type\":\"SearchAction\",\"target\":{\"@type\":\"EntryPoint\",\"urlTemplate\":\"https:\/\/spinbetter.app\/hr\/?s={search_term_string}\"},\"query-input\":{\"@type\":\"PropertyValueSpecification\",\"valueRequired\":true,\"valueName\":\"search_term_string\"}}],\"inLanguage\":\"hr\"}]}<\/script>\n<!-- \/ Yoast SEO plugin. -->","yoast_head_json":{"title":"SpinBetter bonus za neuspje\u0161ne oklade \ud83e\udc12 do 500 EUR","description":"Izgubili ste 20 oklada zaredom? Ostvarite bonus do 500 EUR ovisno o iznosu va\u0161ih oklada. SpinBetter casino podr\u017eava svoje igra\u010de \u010dak i u te\u0161kim trenucima!","robots":{"index":"index","follow":"follow","max-snippet":"max-snippet:-1","max-image-preview":"max-image-preview:large","max-video-preview":"max-video-preview:-1"},"og_locale":"hr_HR","og_type":"article","og_title":"SpinBetter bonus za neuspje\u0161ne oklade \ud83e\udc12 do 500 EUR","og_description":"Izgubili ste 20 oklada zaredom? Ostvarite bonus do 500 EUR ovisno o iznosu va\u0161ih oklada. SpinBetter casino podr\u017eava svoje igra\u010de \u010dak i u te\u0161kim trenucima!","og_url":"https:\/\/spinbetter.app\/hr\/bonus\/bad-bets\/","og_site_name":"Spinbetter APP HR","article_modified_time":"2025-07-01T08:32:21+00:00","twitter_card":"summary_large_image","schema":{"@context":"https:\/\/schema.org","@graph":[{"@type":"WebPage","@id":"https:\/\/spinbetter.app\/hr\/bonus\/bad-bets\/","url":"https:\/\/spinbetter.app\/hr\/bonus\/bad-bets\/","name":"SpinBetter bonus za neuspje\u0161ne oklade \ud83e\udc12 do 500 EUR","isPartOf":{"@id":"https:\/\/spinbetter.app\/hr\/#website"},"datePublished":"2025-07-01T08:32:05+00:00","dateModified":"2025-07-01T08:32:21+00:00","description":"Izgubili ste 20 oklada zaredom? Ostvarite bonus do 500 EUR ovisno o iznosu va\u0161ih oklada. SpinBetter casino podr\u017eava svoje igra\u010de \u010dak i u te\u0161kim trenucima!","breadcrumb":{"@id":"https:\/\/spinbetter.app\/hr\/bonus\/bad-bets\/#breadcrumb"},"inLanguage":"hr","potentialAction":[{"@type":"ReadAction","target":["https:\/\/spinbetter.app\/hr\/bonus\/bad-bets\/"]}]},{"@type":"BreadcrumbList","@id":"https:\/\/spinbetter.app\/hr\/bonus\/bad-bets\/#breadcrumb","itemListElement":[{"@type":"ListItem","position":1,"name":"Home","item":"https:\/\/spinbetter.app\/hr\/"},{"@type":"ListItem","position":2,"name":"Bonus","item":"https:\/\/spinbetter.app\/hr\/bonus\/"},{"@type":"ListItem","position":3,"name":"Lo\u0161e oklade"}]},{"@type":"WebSite","@id":"https:\/\/spinbetter.app\/hr\/#website","url":"https:\/\/spinbetter.app\/hr\/","name":"Spinbetter APP HR","description":"","potentialAction":[{"@type":"SearchAction","target":{"@type":"EntryPoint","urlTemplate":"https:\/\/spinbetter.app\/hr\/?s={search_term_string}"},"query-input":{"@type":"PropertyValueSpecification","valueRequired":true,"valueName":"search_term_string"}}],"inLanguage":"hr"}]}},"_links":{"self":[{"href":"https:\/\/spinbetter.app\/hr\/wp-json\/wp\/v2\/pages\/423"}],"collection":[{"href":"https:\/\/spinbetter.app\/hr\/wp-json\/wp\/v2\/pages"}],"about":[{"href":"https:\/\/spinbetter.app\/hr\/wp-json\/wp\/v2\/types\/page"}],"author":[{"embeddable":true,"href":"https:\/\/spinbetter.app\/hr\/wp-json\/wp\/v2\/users\/1"}],"replies":[{"embeddable":true,"href":"https:\/\/spinbetter.app\/hr\/wp-json\/wp\/v2\/comments?post=423"}],"version-history":[{"count":1,"href":"https:\/\/spinbetter.app\/hr\/wp-json\/wp\/v2\/pages\/423\/revisions"}],"predecessor-version":[{"id":424,"href":"https:\/\/spinbetter.app\/hr\/wp-json\/wp\/v2\/pages\/423\/revisions\/424"}],"up":[{"embeddable":true,"href":"https:\/\/spinbetter.app\/hr\/wp-json\/wp\/v2\/pages\/152"}],"wp:attachment":[{"href":"https:\/\/spinbetter.app\/hr\/wp-json\/wp\/v2\/media?parent=423"}],"curies":[{"name":"wp","href":"https:\/\/api.w.org\/{rel}","templated":true}]}}