{"id":152,"date":"2023-05-18T17:39:43","date_gmt":"2023-05-18T17:39:43","guid":{"rendered":"https:\/\/spinbetter.app\/hu\/?page_id=152"},"modified":"2026-01-13T13:16:02","modified_gmt":"2026-01-13T13:16:02","slug":"bonus","status":"publish","type":"page","link":"https:\/\/spinbetter.app\/hu\/bonus\/","title":{"rendered":"B\u00f3nusz"},"content":{"rendered":"","protected":false},"excerpt":{"rendered":"","protected":false},"author":1,"featured_media":0,"parent":0,"menu_order":0,"comment_status":"closed","ping_status":"closed","template":"","meta":{"footnotes":""},"class_list":["post-152","page","type-page","status-publish","hentry"],"yoast_head":"<!-- This site is optimized with the Yoast SEO plugin v23.4 - https:\/\/yoast.com\/wordpress\/plugins\/seo\/ -->\n<title>SpinBetter b\u00f3nuszok &gt; ingyenes fogad\u00e1sok, befizet\u00e9si b\u00f3nuszok<\/title>\n<meta name=\"description\" content=\"Szerezzen kedvez\u0151 b\u00f3nuszokat a SpinBetter-t\u0151l! Els\u0151 befizet\u00e9si b\u00f3nuszok, k\u00fcl\u00f6nleges prom\u00f3ci\u00f3k \u00e9s ingyenes fogad\u00e1sok. Regisztr\u00e1ljon.\" \/>\n<meta name=\"robots\" content=\"index, follow, max-snippet:-1, max-image-preview:large, max-video-preview:-1\" \/>\n<meta property=\"og:locale\" content=\"hu_HU\" \/>\n<meta property=\"og:type\" content=\"article\" \/>\n<meta property=\"og:title\" content=\"SpinBetter b\u00f3nuszok &gt; ingyenes fogad\u00e1sok, befizet\u00e9si b\u00f3nuszok\" \/>\n<meta property=\"og:description\" content=\"Szerezzen kedvez\u0151 b\u00f3nuszokat a SpinBetter-t\u0151l! Els\u0151 befizet\u00e9si b\u00f3nuszok, k\u00fcl\u00f6nleges prom\u00f3ci\u00f3k \u00e9s ingyenes fogad\u00e1sok. Regisztr\u00e1ljon.\" \/>\n<meta property=\"og:url\" content=\"https:\/\/spinbetter.app\/hu\/bonus\/\" \/>\n<meta property=\"og:site_name\" content=\"SpinBetter App HU\" \/>\n<meta property=\"article:modified_time\" content=\"2026-01-13T13:16:02+00:00\" \/>\n<meta name=\"twitter:card\" content=\"summary_large_image\" \/>\n<script type=\"application\/ld+json\" class=\"yoast-schema-graph\">{\"@context\":\"https:\/\/schema.org\",\"@graph\":[{\"@type\":\"WebPage\",\"@id\":\"https:\/\/spinbetter.app\/hu\/bonus\/\",\"url\":\"https:\/\/spinbetter.app\/hu\/bonus\/\",\"name\":\"SpinBetter b\u00f3nuszok > ingyenes fogad\u00e1sok, befizet\u00e9si b\u00f3nuszok\",\"isPartOf\":{\"@id\":\"https:\/\/spinbetter.app\/hu\/#website\"},\"datePublished\":\"2023-05-18T17:39:43+00:00\",\"dateModified\":\"2026-01-13T13:16:02+00:00\",\"description\":\"Szerezzen kedvez\u0151 b\u00f3nuszokat a SpinBetter-t\u0151l! Els\u0151 befizet\u00e9si b\u00f3nuszok, k\u00fcl\u00f6nleges prom\u00f3ci\u00f3k \u00e9s ingyenes fogad\u00e1sok. Regisztr\u00e1ljon.\",\"breadcrumb\":{\"@id\":\"https:\/\/spinbetter.app\/hu\/bonus\/#breadcrumb\"},\"inLanguage\":\"hu\",\"potentialAction\":[{\"@type\":\"ReadAction\",\"target\":[\"https:\/\/spinbetter.app\/hu\/bonus\/\"]}]},{\"@type\":\"BreadcrumbList\",\"@id\":\"https:\/\/spinbetter.app\/hu\/bonus\/#breadcrumb\",\"itemListElement\":[{\"@type\":\"ListItem\",\"position\":1,\"name\":\"Home\",\"item\":\"https:\/\/spinbetter.app\/hu\/\"},{\"@type\":\"ListItem\",\"position\":2,\"name\":\"B\u00f3nusz\"}]},{\"@type\":\"WebSite\",\"@id\":\"https:\/\/spinbetter.app\/hu\/#website\",\"url\":\"https:\/\/spinbetter.app\/hu\/\",\"name\":\"SpinBetter App HU\",\"description\":\"\",\"potentialAction\":[{\"@type\":\"SearchAction\",\"target\":{\"@type\":\"EntryPoint\",\"urlTemplate\":\"https:\/\/spinbetter.app\/hu\/?s={search_term_string}\"},\"query-input\":{\"@type\":\"PropertyValueSpecification\",\"valueRequired\":true,\"valueName\":\"search_term_string\"}}],\"inLanguage\":\"hu\"}]}<\/script>\n<!-- \/ Yoast SEO plugin. -->","yoast_head_json":{"title":"SpinBetter b\u00f3nuszok > ingyenes fogad\u00e1sok, befizet\u00e9si b\u00f3nuszok","description":"Szerezzen kedvez\u0151 b\u00f3nuszokat a SpinBetter-t\u0151l! Els\u0151 befizet\u00e9si b\u00f3nuszok, k\u00fcl\u00f6nleges prom\u00f3ci\u00f3k \u00e9s ingyenes fogad\u00e1sok. Regisztr\u00e1ljon.","robots":{"index":"index","follow":"follow","max-snippet":"max-snippet:-1","max-image-preview":"max-image-preview:large","max-video-preview":"max-video-preview:-1"},"og_locale":"hu_HU","og_type":"article","og_title":"SpinBetter b\u00f3nuszok > ingyenes fogad\u00e1sok, befizet\u00e9si b\u00f3nuszok","og_description":"Szerezzen kedvez\u0151 b\u00f3nuszokat a SpinBetter-t\u0151l! Els\u0151 befizet\u00e9si b\u00f3nuszok, k\u00fcl\u00f6nleges prom\u00f3ci\u00f3k \u00e9s ingyenes fogad\u00e1sok. Regisztr\u00e1ljon.","og_url":"https:\/\/spinbetter.app\/hu\/bonus\/","og_site_name":"SpinBetter App HU","article_modified_time":"2026-01-13T13:16:02+00:00","twitter_card":"summary_large_image","schema":{"@context":"https:\/\/schema.org","@graph":[{"@type":"WebPage","@id":"https:\/\/spinbetter.app\/hu\/bonus\/","url":"https:\/\/spinbetter.app\/hu\/bonus\/","name":"SpinBetter b\u00f3nuszok > ingyenes fogad\u00e1sok, befizet\u00e9si b\u00f3nuszok","isPartOf":{"@id":"https:\/\/spinbetter.app\/hu\/#website"},"datePublished":"2023-05-18T17:39:43+00:00","dateModified":"2026-01-13T13:16:02+00:00","description":"Szerezzen kedvez\u0151 b\u00f3nuszokat a SpinBetter-t\u0151l! Els\u0151 befizet\u00e9si b\u00f3nuszok, k\u00fcl\u00f6nleges prom\u00f3ci\u00f3k \u00e9s ingyenes fogad\u00e1sok. Regisztr\u00e1ljon.","breadcrumb":{"@id":"https:\/\/spinbetter.app\/hu\/bonus\/#breadcrumb"},"inLanguage":"hu","potentialAction":[{"@type":"ReadAction","target":["https:\/\/spinbetter.app\/hu\/bonus\/"]}]},{"@type":"BreadcrumbList","@id":"https:\/\/spinbetter.app\/hu\/bonus\/#breadcrumb","itemListElement":[{"@type":"ListItem","position":1,"name":"Home","item":"https:\/\/spinbetter.app\/hu\/"},{"@type":"ListItem","position":2,"name":"B\u00f3nusz"}]},{"@type":"WebSite","@id":"https:\/\/spinbetter.app\/hu\/#website","url":"https:\/\/spinbetter.app\/hu\/","name":"SpinBetter App HU","description":"","potentialAction":[{"@type":"SearchAction","target":{"@type":"EntryPoint","urlTemplate":"https:\/\/spinbetter.app\/hu\/?s={search_term_string}"},"query-input":{"@type":"PropertyValueSpecification","valueRequired":true,"valueName":"search_term_string"}}],"inLanguage":"hu"}]}},"_links":{"self":[{"href":"https:\/\/spinbetter.app\/hu\/wp-json\/wp\/v2\/pages\/152"}],"collection":[{"href":"https:\/\/spinbetter.app\/hu\/wp-json\/wp\/v2\/pages"}],"about":[{"href":"https:\/\/spinbetter.app\/hu\/wp-json\/wp\/v2\/types\/page"}],"author":[{"embeddable":true,"href":"https:\/\/spinbetter.app\/hu\/wp-json\/wp\/v2\/users\/1"}],"replies":[{"embeddable":true,"href":"https:\/\/spinbetter.app\/hu\/wp-json\/wp\/v2\/comments?post=152"}],"version-history":[{"count":13,"href":"https:\/\/spinbetter.app\/hu\/wp-json\/wp\/v2\/pages\/152\/revisions"}],"predecessor-version":[{"id":447,"href":"https:\/\/spinbetter.app\/hu\/wp-json\/wp\/v2\/pages\/152\/revisions\/447"}],"wp:attachment":[{"href":"https:\/\/spinbetter.app\/hu\/wp-json\/wp\/v2\/media?parent=152"}],"curies":[{"name":"wp","href":"https:\/\/api.w.org\/{rel}","templated":true}]}}