{"id":212,"date":"2024-10-22T10:20:07","date_gmt":"2024-10-22T10:20:07","guid":{"rendered":"https:\/\/spinbetter.app\/hu\/?page_id=212"},"modified":"2026-01-13T13:16:30","modified_gmt":"2026-01-13T13:16:31","slug":"promo-code","status":"publish","type":"page","link":"https:\/\/spinbetter.app\/hu\/promo-code\/","title":{"rendered":"Prom\u00f3ci\u00f3s m\u00f3d"},"content":{"rendered":"","protected":false},"excerpt":{"rendered":"","protected":false},"author":1,"featured_media":0,"parent":0,"menu_order":0,"comment_status":"closed","ping_status":"closed","template":"","meta":{"footnotes":""},"class_list":["post-212","page","type-page","status-publish","hentry"],"yoast_head":"<!-- This site is optimized with the Yoast SEO plugin v23.4 - https:\/\/yoast.com\/wordpress\/plugins\/seo\/ -->\n<title>SpinBetter Promo k\u00f3d &gt; Minden prom\u00f3ci\u00f3s k\u00f3d egy helyen<\/title>\n<meta name=\"description\" content=\"Szeretne b\u00f3nuszokat a SpinBettert\u0151l? \u00d6sszegy\u0171jt\u00f6tt\u00fck az \u00f6sszes jelenlegi prom\u00f3ci\u00f3s k\u00f3dokat egy oldalon a honlapunkon.\" \/>\n<meta name=\"robots\" content=\"index, follow, max-snippet:-1, max-image-preview:large, max-video-preview:-1\" \/>\n<meta property=\"og:locale\" content=\"hu_HU\" \/>\n<meta property=\"og:type\" content=\"article\" \/>\n<meta property=\"og:title\" content=\"SpinBetter Promo k\u00f3d &gt; Minden prom\u00f3ci\u00f3s k\u00f3d egy helyen\" \/>\n<meta property=\"og:description\" content=\"Szeretne b\u00f3nuszokat a SpinBettert\u0151l? \u00d6sszegy\u0171jt\u00f6tt\u00fck az \u00f6sszes jelenlegi prom\u00f3ci\u00f3s k\u00f3dokat egy oldalon a honlapunkon.\" \/>\n<meta property=\"og:url\" content=\"https:\/\/spinbetter.app\/hu\/promo-code\/\" \/>\n<meta property=\"og:site_name\" content=\"SpinBetter App HU\" \/>\n<meta property=\"article:modified_time\" content=\"2026-01-13T13:16:31+00:00\" \/>\n<meta name=\"twitter:card\" content=\"summary_large_image\" \/>\n<script type=\"application\/ld+json\" class=\"yoast-schema-graph\">{\"@context\":\"https:\/\/schema.org\",\"@graph\":[{\"@type\":\"WebPage\",\"@id\":\"https:\/\/spinbetter.app\/hu\/promo-code\/\",\"url\":\"https:\/\/spinbetter.app\/hu\/promo-code\/\",\"name\":\"SpinBetter Promo k\u00f3d > Minden prom\u00f3ci\u00f3s k\u00f3d egy helyen\",\"isPartOf\":{\"@id\":\"https:\/\/spinbetter.app\/hu\/#website\"},\"datePublished\":\"2024-10-22T10:20:07+00:00\",\"dateModified\":\"2026-01-13T13:16:31+00:00\",\"description\":\"Szeretne b\u00f3nuszokat a SpinBettert\u0151l? \u00d6sszegy\u0171jt\u00f6tt\u00fck az \u00f6sszes jelenlegi prom\u00f3ci\u00f3s k\u00f3dokat egy oldalon a honlapunkon.\",\"breadcrumb\":{\"@id\":\"https:\/\/spinbetter.app\/hu\/promo-code\/#breadcrumb\"},\"inLanguage\":\"hu\",\"potentialAction\":[{\"@type\":\"ReadAction\",\"target\":[\"https:\/\/spinbetter.app\/hu\/promo-code\/\"]}]},{\"@type\":\"BreadcrumbList\",\"@id\":\"https:\/\/spinbetter.app\/hu\/promo-code\/#breadcrumb\",\"itemListElement\":[{\"@type\":\"ListItem\",\"position\":1,\"name\":\"Home\",\"item\":\"https:\/\/spinbetter.app\/hu\/\"},{\"@type\":\"ListItem\",\"position\":2,\"name\":\"Prom\u00f3ci\u00f3s m\u00f3d\"}]},{\"@type\":\"WebSite\",\"@id\":\"https:\/\/spinbetter.app\/hu\/#website\",\"url\":\"https:\/\/spinbetter.app\/hu\/\",\"name\":\"SpinBetter App HU\",\"description\":\"\",\"potentialAction\":[{\"@type\":\"SearchAction\",\"target\":{\"@type\":\"EntryPoint\",\"urlTemplate\":\"https:\/\/spinbetter.app\/hu\/?s={search_term_string}\"},\"query-input\":{\"@type\":\"PropertyValueSpecification\",\"valueRequired\":true,\"valueName\":\"search_term_string\"}}],\"inLanguage\":\"hu\"}]}<\/script>\n<!-- \/ Yoast SEO plugin. -->","yoast_head_json":{"title":"SpinBetter Promo k\u00f3d > Minden prom\u00f3ci\u00f3s k\u00f3d egy helyen","description":"Szeretne b\u00f3nuszokat a SpinBettert\u0151l? \u00d6sszegy\u0171jt\u00f6tt\u00fck az \u00f6sszes jelenlegi prom\u00f3ci\u00f3s k\u00f3dokat egy oldalon a honlapunkon.","robots":{"index":"index","follow":"follow","max-snippet":"max-snippet:-1","max-image-preview":"max-image-preview:large","max-video-preview":"max-video-preview:-1"},"og_locale":"hu_HU","og_type":"article","og_title":"SpinBetter Promo k\u00f3d > Minden prom\u00f3ci\u00f3s k\u00f3d egy helyen","og_description":"Szeretne b\u00f3nuszokat a SpinBettert\u0151l? \u00d6sszegy\u0171jt\u00f6tt\u00fck az \u00f6sszes jelenlegi prom\u00f3ci\u00f3s k\u00f3dokat egy oldalon a honlapunkon.","og_url":"https:\/\/spinbetter.app\/hu\/promo-code\/","og_site_name":"SpinBetter App HU","article_modified_time":"2026-01-13T13:16:31+00:00","twitter_card":"summary_large_image","schema":{"@context":"https:\/\/schema.org","@graph":[{"@type":"WebPage","@id":"https:\/\/spinbetter.app\/hu\/promo-code\/","url":"https:\/\/spinbetter.app\/hu\/promo-code\/","name":"SpinBetter Promo k\u00f3d > Minden prom\u00f3ci\u00f3s k\u00f3d egy helyen","isPartOf":{"@id":"https:\/\/spinbetter.app\/hu\/#website"},"datePublished":"2024-10-22T10:20:07+00:00","dateModified":"2026-01-13T13:16:31+00:00","description":"Szeretne b\u00f3nuszokat a SpinBettert\u0151l? \u00d6sszegy\u0171jt\u00f6tt\u00fck az \u00f6sszes jelenlegi prom\u00f3ci\u00f3s k\u00f3dokat egy oldalon a honlapunkon.","breadcrumb":{"@id":"https:\/\/spinbetter.app\/hu\/promo-code\/#breadcrumb"},"inLanguage":"hu","potentialAction":[{"@type":"ReadAction","target":["https:\/\/spinbetter.app\/hu\/promo-code\/"]}]},{"@type":"BreadcrumbList","@id":"https:\/\/spinbetter.app\/hu\/promo-code\/#breadcrumb","itemListElement":[{"@type":"ListItem","position":1,"name":"Home","item":"https:\/\/spinbetter.app\/hu\/"},{"@type":"ListItem","position":2,"name":"Prom\u00f3ci\u00f3s m\u00f3d"}]},{"@type":"WebSite","@id":"https:\/\/spinbetter.app\/hu\/#website","url":"https:\/\/spinbetter.app\/hu\/","name":"SpinBetter App HU","description":"","potentialAction":[{"@type":"SearchAction","target":{"@type":"EntryPoint","urlTemplate":"https:\/\/spinbetter.app\/hu\/?s={search_term_string}"},"query-input":{"@type":"PropertyValueSpecification","valueRequired":true,"valueName":"search_term_string"}}],"inLanguage":"hu"}]}},"_links":{"self":[{"href":"https:\/\/spinbetter.app\/hu\/wp-json\/wp\/v2\/pages\/212"}],"collection":[{"href":"https:\/\/spinbetter.app\/hu\/wp-json\/wp\/v2\/pages"}],"about":[{"href":"https:\/\/spinbetter.app\/hu\/wp-json\/wp\/v2\/types\/page"}],"author":[{"embeddable":true,"href":"https:\/\/spinbetter.app\/hu\/wp-json\/wp\/v2\/users\/1"}],"replies":[{"embeddable":true,"href":"https:\/\/spinbetter.app\/hu\/wp-json\/wp\/v2\/comments?post=212"}],"version-history":[{"count":19,"href":"https:\/\/spinbetter.app\/hu\/wp-json\/wp\/v2\/pages\/212\/revisions"}],"predecessor-version":[{"id":448,"href":"https:\/\/spinbetter.app\/hu\/wp-json\/wp\/v2\/pages\/212\/revisions\/448"}],"wp:attachment":[{"href":"https:\/\/spinbetter.app\/hu\/wp-json\/wp\/v2\/media?parent=212"}],"curies":[{"name":"wp","href":"https:\/\/api.w.org\/{rel}","templated":true}]}}