{"id":230,"date":"2024-10-22T10:19:38","date_gmt":"2024-10-22T10:19:38","guid":{"rendered":"https:\/\/spinbetter.app\/hu\/?page_id=230"},"modified":"2025-06-19T21:03:37","modified_gmt":"2025-06-19T21:03:37","slug":"mirror","status":"publish","type":"page","link":"https:\/\/spinbetter.app\/hu\/mirror\/","title":{"rendered":"T\u00fck\u00f6r"},"content":{"rendered":"","protected":false},"excerpt":{"rendered":"","protected":false},"author":1,"featured_media":0,"parent":0,"menu_order":0,"comment_status":"closed","ping_status":"closed","template":"","meta":{"footnotes":""},"class_list":["post-230","page","type-page","status-publish","hentry"],"yoast_head":"<!-- This site is optimized with the Yoast SEO plugin v23.4 - https:\/\/yoast.com\/wordpress\/plugins\/seo\/ -->\n<title>SpinBetter t\u00fck\u00f6r a webhely el\u00e9r\u00e9s\u00e9hez &gt; Bypass Blocking<\/title>\n<meta name=\"description\" content=\"Hozz\u00e1f\u00e9r\u00e9sre van sz\u00fcks\u00e9ge a SpinBetterhez? Haszn\u00e1lja a naprak\u00e9sz t\u00fckr\u00f6ket a blokkol\u00e1sok \u00e1thidal\u00e1s\u00e1hoz \u00e9s a platformra val\u00f3 bejelentkez\u00e9shez. A r\u00e9szleteket a cikkben tal\u00e1lja.\" \/>\n<meta name=\"robots\" content=\"index, follow, max-snippet:-1, max-image-preview:large, max-video-preview:-1\" \/>\n<meta property=\"og:locale\" content=\"hu_HU\" \/>\n<meta property=\"og:type\" content=\"article\" \/>\n<meta property=\"og:title\" content=\"SpinBetter t\u00fck\u00f6r a webhely el\u00e9r\u00e9s\u00e9hez &gt; Bypass Blocking\" \/>\n<meta property=\"og:description\" content=\"Hozz\u00e1f\u00e9r\u00e9sre van sz\u00fcks\u00e9ge a SpinBetterhez? Haszn\u00e1lja a naprak\u00e9sz t\u00fckr\u00f6ket a blokkol\u00e1sok \u00e1thidal\u00e1s\u00e1hoz \u00e9s a platformra val\u00f3 bejelentkez\u00e9shez. A r\u00e9szleteket a cikkben tal\u00e1lja.\" \/>\n<meta property=\"og:url\" content=\"https:\/\/spinbetter.app\/hu\/mirror\/\" \/>\n<meta property=\"og:site_name\" content=\"SpinBetter App HU\" \/>\n<meta property=\"article:modified_time\" content=\"2025-06-19T21:03:37+00:00\" \/>\n<meta name=\"twitter:card\" content=\"summary_large_image\" \/>\n<script type=\"application\/ld+json\" class=\"yoast-schema-graph\">{\"@context\":\"https:\/\/schema.org\",\"@graph\":[{\"@type\":\"WebPage\",\"@id\":\"https:\/\/spinbetter.app\/hu\/mirror\/\",\"url\":\"https:\/\/spinbetter.app\/hu\/mirror\/\",\"name\":\"SpinBetter t\u00fck\u00f6r a webhely el\u00e9r\u00e9s\u00e9hez > Bypass Blocking\",\"isPartOf\":{\"@id\":\"https:\/\/spinbetter.app\/hu\/#website\"},\"datePublished\":\"2024-10-22T10:19:38+00:00\",\"dateModified\":\"2025-06-19T21:03:37+00:00\",\"description\":\"Hozz\u00e1f\u00e9r\u00e9sre van sz\u00fcks\u00e9ge a SpinBetterhez? Haszn\u00e1lja a naprak\u00e9sz t\u00fckr\u00f6ket a blokkol\u00e1sok \u00e1thidal\u00e1s\u00e1hoz \u00e9s a platformra val\u00f3 bejelentkez\u00e9shez. A r\u00e9szleteket a cikkben tal\u00e1lja.\",\"breadcrumb\":{\"@id\":\"https:\/\/spinbetter.app\/hu\/mirror\/#breadcrumb\"},\"inLanguage\":\"hu\",\"potentialAction\":[{\"@type\":\"ReadAction\",\"target\":[\"https:\/\/spinbetter.app\/hu\/mirror\/\"]}]},{\"@type\":\"BreadcrumbList\",\"@id\":\"https:\/\/spinbetter.app\/hu\/mirror\/#breadcrumb\",\"itemListElement\":[{\"@type\":\"ListItem\",\"position\":1,\"name\":\"Home\",\"item\":\"https:\/\/spinbetter.app\/hu\/\"},{\"@type\":\"ListItem\",\"position\":2,\"name\":\"T\u00fck\u00f6r\"}]},{\"@type\":\"WebSite\",\"@id\":\"https:\/\/spinbetter.app\/hu\/#website\",\"url\":\"https:\/\/spinbetter.app\/hu\/\",\"name\":\"SpinBetter App HU\",\"description\":\"\",\"potentialAction\":[{\"@type\":\"SearchAction\",\"target\":{\"@type\":\"EntryPoint\",\"urlTemplate\":\"https:\/\/spinbetter.app\/hu\/?s={search_term_string}\"},\"query-input\":{\"@type\":\"PropertyValueSpecification\",\"valueRequired\":true,\"valueName\":\"search_term_string\"}}],\"inLanguage\":\"hu\"}]}<\/script>\n<!-- \/ Yoast SEO plugin. -->","yoast_head_json":{"title":"SpinBetter t\u00fck\u00f6r a webhely el\u00e9r\u00e9s\u00e9hez > Bypass Blocking","description":"Hozz\u00e1f\u00e9r\u00e9sre van sz\u00fcks\u00e9ge a SpinBetterhez? Haszn\u00e1lja a naprak\u00e9sz t\u00fckr\u00f6ket a blokkol\u00e1sok \u00e1thidal\u00e1s\u00e1hoz \u00e9s a platformra val\u00f3 bejelentkez\u00e9shez. A r\u00e9szleteket a cikkben tal\u00e1lja.","robots":{"index":"index","follow":"follow","max-snippet":"max-snippet:-1","max-image-preview":"max-image-preview:large","max-video-preview":"max-video-preview:-1"},"og_locale":"hu_HU","og_type":"article","og_title":"SpinBetter t\u00fck\u00f6r a webhely el\u00e9r\u00e9s\u00e9hez > Bypass Blocking","og_description":"Hozz\u00e1f\u00e9r\u00e9sre van sz\u00fcks\u00e9ge a SpinBetterhez? Haszn\u00e1lja a naprak\u00e9sz t\u00fckr\u00f6ket a blokkol\u00e1sok \u00e1thidal\u00e1s\u00e1hoz \u00e9s a platformra val\u00f3 bejelentkez\u00e9shez. A r\u00e9szleteket a cikkben tal\u00e1lja.","og_url":"https:\/\/spinbetter.app\/hu\/mirror\/","og_site_name":"SpinBetter App HU","article_modified_time":"2025-06-19T21:03:37+00:00","twitter_card":"summary_large_image","schema":{"@context":"https:\/\/schema.org","@graph":[{"@type":"WebPage","@id":"https:\/\/spinbetter.app\/hu\/mirror\/","url":"https:\/\/spinbetter.app\/hu\/mirror\/","name":"SpinBetter t\u00fck\u00f6r a webhely el\u00e9r\u00e9s\u00e9hez > Bypass Blocking","isPartOf":{"@id":"https:\/\/spinbetter.app\/hu\/#website"},"datePublished":"2024-10-22T10:19:38+00:00","dateModified":"2025-06-19T21:03:37+00:00","description":"Hozz\u00e1f\u00e9r\u00e9sre van sz\u00fcks\u00e9ge a SpinBetterhez? Haszn\u00e1lja a naprak\u00e9sz t\u00fckr\u00f6ket a blokkol\u00e1sok \u00e1thidal\u00e1s\u00e1hoz \u00e9s a platformra val\u00f3 bejelentkez\u00e9shez. A r\u00e9szleteket a cikkben tal\u00e1lja.","breadcrumb":{"@id":"https:\/\/spinbetter.app\/hu\/mirror\/#breadcrumb"},"inLanguage":"hu","potentialAction":[{"@type":"ReadAction","target":["https:\/\/spinbetter.app\/hu\/mirror\/"]}]},{"@type":"BreadcrumbList","@id":"https:\/\/spinbetter.app\/hu\/mirror\/#breadcrumb","itemListElement":[{"@type":"ListItem","position":1,"name":"Home","item":"https:\/\/spinbetter.app\/hu\/"},{"@type":"ListItem","position":2,"name":"T\u00fck\u00f6r"}]},{"@type":"WebSite","@id":"https:\/\/spinbetter.app\/hu\/#website","url":"https:\/\/spinbetter.app\/hu\/","name":"SpinBetter App HU","description":"","potentialAction":[{"@type":"SearchAction","target":{"@type":"EntryPoint","urlTemplate":"https:\/\/spinbetter.app\/hu\/?s={search_term_string}"},"query-input":{"@type":"PropertyValueSpecification","valueRequired":true,"valueName":"search_term_string"}}],"inLanguage":"hu"}]}},"_links":{"self":[{"href":"https:\/\/spinbetter.app\/hu\/wp-json\/wp\/v2\/pages\/230"}],"collection":[{"href":"https:\/\/spinbetter.app\/hu\/wp-json\/wp\/v2\/pages"}],"about":[{"href":"https:\/\/spinbetter.app\/hu\/wp-json\/wp\/v2\/types\/page"}],"author":[{"embeddable":true,"href":"https:\/\/spinbetter.app\/hu\/wp-json\/wp\/v2\/users\/1"}],"replies":[{"embeddable":true,"href":"https:\/\/spinbetter.app\/hu\/wp-json\/wp\/v2\/comments?post=230"}],"version-history":[{"count":13,"href":"https:\/\/spinbetter.app\/hu\/wp-json\/wp\/v2\/pages\/230\/revisions"}],"predecessor-version":[{"id":393,"href":"https:\/\/spinbetter.app\/hu\/wp-json\/wp\/v2\/pages\/230\/revisions\/393"}],"wp:attachment":[{"href":"https:\/\/spinbetter.app\/hu\/wp-json\/wp\/v2\/media?parent=230"}],"curies":[{"name":"wp","href":"https:\/\/api.w.org\/{rel}","templated":true}]}}