{"id":235,"date":"2024-10-22T10:19:54","date_gmt":"2024-10-22T10:19:54","guid":{"rendered":"https:\/\/spinbetter.app\/hu\/?page_id=235"},"modified":"2025-06-19T21:03:52","modified_gmt":"2025-06-19T21:03:52","slug":"partners","status":"publish","type":"page","link":"https:\/\/spinbetter.app\/hu\/partners\/","title":{"rendered":"Partnerek"},"content":{"rendered":"","protected":false},"excerpt":{"rendered":"","protected":false},"author":1,"featured_media":0,"parent":0,"menu_order":0,"comment_status":"closed","ping_status":"closed","template":"","meta":{"footnotes":""},"class_list":["post-235","page","type-page","status-publish","hentry"],"yoast_head":"<!-- This site is optimized with the Yoast SEO plugin v23.4 - https:\/\/yoast.com\/wordpress\/plugins\/seo\/ -->\n<title>SpinBetter Partners &gt; A legjobb kaszin\u00f3 affiliate program<\/title>\n<meta name=\"description\" content=\"Csatlakozzon a SpinBetter Partnershez, \u00e9s keressen a j\u00e1t\u00e9kosok aj\u00e1nl\u00e1s\u00e1val. Magas kifizet\u00e9sek \u00e9s a legjobb felt\u00e9telek.\" \/>\n<meta name=\"robots\" content=\"index, follow, max-snippet:-1, max-image-preview:large, max-video-preview:-1\" \/>\n<meta property=\"og:locale\" content=\"hu_HU\" \/>\n<meta property=\"og:type\" content=\"article\" \/>\n<meta property=\"og:title\" content=\"SpinBetter Partners &gt; A legjobb kaszin\u00f3 affiliate program\" \/>\n<meta property=\"og:description\" content=\"Csatlakozzon a SpinBetter Partnershez, \u00e9s keressen a j\u00e1t\u00e9kosok aj\u00e1nl\u00e1s\u00e1val. Magas kifizet\u00e9sek \u00e9s a legjobb felt\u00e9telek.\" \/>\n<meta property=\"og:url\" content=\"https:\/\/spinbetter.app\/hu\/partners\/\" \/>\n<meta property=\"og:site_name\" content=\"SpinBetter App HU\" \/>\n<meta property=\"article:modified_time\" content=\"2025-06-19T21:03:52+00:00\" \/>\n<meta name=\"twitter:card\" content=\"summary_large_image\" \/>\n<script type=\"application\/ld+json\" class=\"yoast-schema-graph\">{\"@context\":\"https:\/\/schema.org\",\"@graph\":[{\"@type\":\"WebPage\",\"@id\":\"https:\/\/spinbetter.app\/hu\/partners\/\",\"url\":\"https:\/\/spinbetter.app\/hu\/partners\/\",\"name\":\"SpinBetter Partners > A legjobb kaszin\u00f3 affiliate program\",\"isPartOf\":{\"@id\":\"https:\/\/spinbetter.app\/hu\/#website\"},\"datePublished\":\"2024-10-22T10:19:54+00:00\",\"dateModified\":\"2025-06-19T21:03:52+00:00\",\"description\":\"Csatlakozzon a SpinBetter Partnershez, \u00e9s keressen a j\u00e1t\u00e9kosok aj\u00e1nl\u00e1s\u00e1val. Magas kifizet\u00e9sek \u00e9s a legjobb felt\u00e9telek.\",\"breadcrumb\":{\"@id\":\"https:\/\/spinbetter.app\/hu\/partners\/#breadcrumb\"},\"inLanguage\":\"hu\",\"potentialAction\":[{\"@type\":\"ReadAction\",\"target\":[\"https:\/\/spinbetter.app\/hu\/partners\/\"]}]},{\"@type\":\"BreadcrumbList\",\"@id\":\"https:\/\/spinbetter.app\/hu\/partners\/#breadcrumb\",\"itemListElement\":[{\"@type\":\"ListItem\",\"position\":1,\"name\":\"Home\",\"item\":\"https:\/\/spinbetter.app\/hu\/\"},{\"@type\":\"ListItem\",\"position\":2,\"name\":\"Partnerek\"}]},{\"@type\":\"WebSite\",\"@id\":\"https:\/\/spinbetter.app\/hu\/#website\",\"url\":\"https:\/\/spinbetter.app\/hu\/\",\"name\":\"SpinBetter App HU\",\"description\":\"\",\"potentialAction\":[{\"@type\":\"SearchAction\",\"target\":{\"@type\":\"EntryPoint\",\"urlTemplate\":\"https:\/\/spinbetter.app\/hu\/?s={search_term_string}\"},\"query-input\":{\"@type\":\"PropertyValueSpecification\",\"valueRequired\":true,\"valueName\":\"search_term_string\"}}],\"inLanguage\":\"hu\"}]}<\/script>\n<!-- \/ Yoast SEO plugin. -->","yoast_head_json":{"title":"SpinBetter Partners > A legjobb kaszin\u00f3 affiliate program","description":"Csatlakozzon a SpinBetter Partnershez, \u00e9s keressen a j\u00e1t\u00e9kosok aj\u00e1nl\u00e1s\u00e1val. Magas kifizet\u00e9sek \u00e9s a legjobb felt\u00e9telek.","robots":{"index":"index","follow":"follow","max-snippet":"max-snippet:-1","max-image-preview":"max-image-preview:large","max-video-preview":"max-video-preview:-1"},"og_locale":"hu_HU","og_type":"article","og_title":"SpinBetter Partners > A legjobb kaszin\u00f3 affiliate program","og_description":"Csatlakozzon a SpinBetter Partnershez, \u00e9s keressen a j\u00e1t\u00e9kosok aj\u00e1nl\u00e1s\u00e1val. Magas kifizet\u00e9sek \u00e9s a legjobb felt\u00e9telek.","og_url":"https:\/\/spinbetter.app\/hu\/partners\/","og_site_name":"SpinBetter App HU","article_modified_time":"2025-06-19T21:03:52+00:00","twitter_card":"summary_large_image","schema":{"@context":"https:\/\/schema.org","@graph":[{"@type":"WebPage","@id":"https:\/\/spinbetter.app\/hu\/partners\/","url":"https:\/\/spinbetter.app\/hu\/partners\/","name":"SpinBetter Partners > A legjobb kaszin\u00f3 affiliate program","isPartOf":{"@id":"https:\/\/spinbetter.app\/hu\/#website"},"datePublished":"2024-10-22T10:19:54+00:00","dateModified":"2025-06-19T21:03:52+00:00","description":"Csatlakozzon a SpinBetter Partnershez, \u00e9s keressen a j\u00e1t\u00e9kosok aj\u00e1nl\u00e1s\u00e1val. Magas kifizet\u00e9sek \u00e9s a legjobb felt\u00e9telek.","breadcrumb":{"@id":"https:\/\/spinbetter.app\/hu\/partners\/#breadcrumb"},"inLanguage":"hu","potentialAction":[{"@type":"ReadAction","target":["https:\/\/spinbetter.app\/hu\/partners\/"]}]},{"@type":"BreadcrumbList","@id":"https:\/\/spinbetter.app\/hu\/partners\/#breadcrumb","itemListElement":[{"@type":"ListItem","position":1,"name":"Home","item":"https:\/\/spinbetter.app\/hu\/"},{"@type":"ListItem","position":2,"name":"Partnerek"}]},{"@type":"WebSite","@id":"https:\/\/spinbetter.app\/hu\/#website","url":"https:\/\/spinbetter.app\/hu\/","name":"SpinBetter App HU","description":"","potentialAction":[{"@type":"SearchAction","target":{"@type":"EntryPoint","urlTemplate":"https:\/\/spinbetter.app\/hu\/?s={search_term_string}"},"query-input":{"@type":"PropertyValueSpecification","valueRequired":true,"valueName":"search_term_string"}}],"inLanguage":"hu"}]}},"_links":{"self":[{"href":"https:\/\/spinbetter.app\/hu\/wp-json\/wp\/v2\/pages\/235"}],"collection":[{"href":"https:\/\/spinbetter.app\/hu\/wp-json\/wp\/v2\/pages"}],"about":[{"href":"https:\/\/spinbetter.app\/hu\/wp-json\/wp\/v2\/types\/page"}],"author":[{"embeddable":true,"href":"https:\/\/spinbetter.app\/hu\/wp-json\/wp\/v2\/users\/1"}],"replies":[{"embeddable":true,"href":"https:\/\/spinbetter.app\/hu\/wp-json\/wp\/v2\/comments?post=235"}],"version-history":[{"count":12,"href":"https:\/\/spinbetter.app\/hu\/wp-json\/wp\/v2\/pages\/235\/revisions"}],"predecessor-version":[{"id":396,"href":"https:\/\/spinbetter.app\/hu\/wp-json\/wp\/v2\/pages\/235\/revisions\/396"}],"wp:attachment":[{"href":"https:\/\/spinbetter.app\/hu\/wp-json\/wp\/v2\/media?parent=235"}],"curies":[{"name":"wp","href":"https:\/\/api.w.org\/{rel}","templated":true}]}}