{"id":414,"date":"2025-06-03T06:52:58","date_gmt":"2025-06-03T06:52:58","guid":{"rendered":"https:\/\/spinbetter.app\/hu\/?page_id=414"},"modified":"2025-06-03T06:59:54","modified_gmt":"2025-06-03T06:59:54","slug":"bad-bets","status":"publish","type":"page","link":"https:\/\/spinbetter.app\/hu\/bonus\/bad-bets\/","title":{"rendered":"Rossz fogad\u00e1sok"},"content":{"rendered":"","protected":false},"excerpt":{"rendered":"","protected":false},"author":1,"featured_media":0,"parent":152,"menu_order":0,"comment_status":"closed","ping_status":"closed","template":"","meta":{"footnotes":""},"class_list":["post-414","page","type-page","status-publish","hentry"],"yoast_head":"<!-- This site is optimized with the Yoast SEO plugin v23.4 - https:\/\/yoast.com\/wordpress\/plugins\/seo\/ -->\n<title>SpinBetter b\u00f3nusz sikertelen fogad\u00e1sok\u00e9rt \ud83e\udc12 ak\u00e1r 500 EUR-ig<\/title>\n<meta name=\"description\" content=\"20 fogad\u00e1st vesztett\u00e9l el egym\u00e1s ut\u00e1n? Kapjon ak\u00e1r 500 EUR b\u00f3nuszt a fogad\u00e1sok \u00f6sszeg\u00e9t\u0151l f\u00fcgg\u0151en. A SpinBetter kaszin\u00f3 t\u00e1mogatja j\u00e1t\u00e9kosait!\" \/>\n<meta name=\"robots\" content=\"index, follow, max-snippet:-1, max-image-preview:large, max-video-preview:-1\" \/>\n<meta property=\"og:locale\" content=\"hu_HU\" \/>\n<meta property=\"og:type\" content=\"article\" \/>\n<meta property=\"og:title\" content=\"SpinBetter b\u00f3nusz sikertelen fogad\u00e1sok\u00e9rt \ud83e\udc12 ak\u00e1r 500 EUR-ig\" \/>\n<meta property=\"og:description\" content=\"20 fogad\u00e1st vesztett\u00e9l el egym\u00e1s ut\u00e1n? Kapjon ak\u00e1r 500 EUR b\u00f3nuszt a fogad\u00e1sok \u00f6sszeg\u00e9t\u0151l f\u00fcgg\u0151en. A SpinBetter kaszin\u00f3 t\u00e1mogatja j\u00e1t\u00e9kosait!\" \/>\n<meta property=\"og:url\" content=\"https:\/\/spinbetter.app\/hu\/bonus\/bad-bets\/\" \/>\n<meta property=\"og:site_name\" content=\"SpinBetter App HU\" \/>\n<meta property=\"article:modified_time\" content=\"2025-06-03T06:59:54+00:00\" \/>\n<meta name=\"twitter:card\" content=\"summary_large_image\" \/>\n<script type=\"application\/ld+json\" class=\"yoast-schema-graph\">{\"@context\":\"https:\/\/schema.org\",\"@graph\":[{\"@type\":\"WebPage\",\"@id\":\"https:\/\/spinbetter.app\/hu\/bonus\/bad-bets\/\",\"url\":\"https:\/\/spinbetter.app\/hu\/bonus\/bad-bets\/\",\"name\":\"SpinBetter b\u00f3nusz sikertelen fogad\u00e1sok\u00e9rt \ud83e\udc12 ak\u00e1r 500 EUR-ig\",\"isPartOf\":{\"@id\":\"https:\/\/spinbetter.app\/hu\/#website\"},\"datePublished\":\"2025-06-03T06:52:58+00:00\",\"dateModified\":\"2025-06-03T06:59:54+00:00\",\"description\":\"20 fogad\u00e1st vesztett\u00e9l el egym\u00e1s ut\u00e1n? Kapjon ak\u00e1r 500 EUR b\u00f3nuszt a fogad\u00e1sok \u00f6sszeg\u00e9t\u0151l f\u00fcgg\u0151en. A SpinBetter kaszin\u00f3 t\u00e1mogatja j\u00e1t\u00e9kosait!\",\"breadcrumb\":{\"@id\":\"https:\/\/spinbetter.app\/hu\/bonus\/bad-bets\/#breadcrumb\"},\"inLanguage\":\"hu\",\"potentialAction\":[{\"@type\":\"ReadAction\",\"target\":[\"https:\/\/spinbetter.app\/hu\/bonus\/bad-bets\/\"]}]},{\"@type\":\"BreadcrumbList\",\"@id\":\"https:\/\/spinbetter.app\/hu\/bonus\/bad-bets\/#breadcrumb\",\"itemListElement\":[{\"@type\":\"ListItem\",\"position\":1,\"name\":\"Home\",\"item\":\"https:\/\/spinbetter.app\/hu\/\"},{\"@type\":\"ListItem\",\"position\":2,\"name\":\"B\u00f3nusz\",\"item\":\"https:\/\/spinbetter.app\/hu\/bonus\/\"},{\"@type\":\"ListItem\",\"position\":3,\"name\":\"Rossz fogad\u00e1sok\"}]},{\"@type\":\"WebSite\",\"@id\":\"https:\/\/spinbetter.app\/hu\/#website\",\"url\":\"https:\/\/spinbetter.app\/hu\/\",\"name\":\"SpinBetter App HU\",\"description\":\"\",\"potentialAction\":[{\"@type\":\"SearchAction\",\"target\":{\"@type\":\"EntryPoint\",\"urlTemplate\":\"https:\/\/spinbetter.app\/hu\/?s={search_term_string}\"},\"query-input\":{\"@type\":\"PropertyValueSpecification\",\"valueRequired\":true,\"valueName\":\"search_term_string\"}}],\"inLanguage\":\"hu\"}]}<\/script>\n<!-- \/ Yoast SEO plugin. -->","yoast_head_json":{"title":"SpinBetter b\u00f3nusz sikertelen fogad\u00e1sok\u00e9rt \ud83e\udc12 ak\u00e1r 500 EUR-ig","description":"20 fogad\u00e1st vesztett\u00e9l el egym\u00e1s ut\u00e1n? Kapjon ak\u00e1r 500 EUR b\u00f3nuszt a fogad\u00e1sok \u00f6sszeg\u00e9t\u0151l f\u00fcgg\u0151en. A SpinBetter kaszin\u00f3 t\u00e1mogatja j\u00e1t\u00e9kosait!","robots":{"index":"index","follow":"follow","max-snippet":"max-snippet:-1","max-image-preview":"max-image-preview:large","max-video-preview":"max-video-preview:-1"},"og_locale":"hu_HU","og_type":"article","og_title":"SpinBetter b\u00f3nusz sikertelen fogad\u00e1sok\u00e9rt \ud83e\udc12 ak\u00e1r 500 EUR-ig","og_description":"20 fogad\u00e1st vesztett\u00e9l el egym\u00e1s ut\u00e1n? Kapjon ak\u00e1r 500 EUR b\u00f3nuszt a fogad\u00e1sok \u00f6sszeg\u00e9t\u0151l f\u00fcgg\u0151en. A SpinBetter kaszin\u00f3 t\u00e1mogatja j\u00e1t\u00e9kosait!","og_url":"https:\/\/spinbetter.app\/hu\/bonus\/bad-bets\/","og_site_name":"SpinBetter App HU","article_modified_time":"2025-06-03T06:59:54+00:00","twitter_card":"summary_large_image","schema":{"@context":"https:\/\/schema.org","@graph":[{"@type":"WebPage","@id":"https:\/\/spinbetter.app\/hu\/bonus\/bad-bets\/","url":"https:\/\/spinbetter.app\/hu\/bonus\/bad-bets\/","name":"SpinBetter b\u00f3nusz sikertelen fogad\u00e1sok\u00e9rt \ud83e\udc12 ak\u00e1r 500 EUR-ig","isPartOf":{"@id":"https:\/\/spinbetter.app\/hu\/#website"},"datePublished":"2025-06-03T06:52:58+00:00","dateModified":"2025-06-03T06:59:54+00:00","description":"20 fogad\u00e1st vesztett\u00e9l el egym\u00e1s ut\u00e1n? Kapjon ak\u00e1r 500 EUR b\u00f3nuszt a fogad\u00e1sok \u00f6sszeg\u00e9t\u0151l f\u00fcgg\u0151en. A SpinBetter kaszin\u00f3 t\u00e1mogatja j\u00e1t\u00e9kosait!","breadcrumb":{"@id":"https:\/\/spinbetter.app\/hu\/bonus\/bad-bets\/#breadcrumb"},"inLanguage":"hu","potentialAction":[{"@type":"ReadAction","target":["https:\/\/spinbetter.app\/hu\/bonus\/bad-bets\/"]}]},{"@type":"BreadcrumbList","@id":"https:\/\/spinbetter.app\/hu\/bonus\/bad-bets\/#breadcrumb","itemListElement":[{"@type":"ListItem","position":1,"name":"Home","item":"https:\/\/spinbetter.app\/hu\/"},{"@type":"ListItem","position":2,"name":"B\u00f3nusz","item":"https:\/\/spinbetter.app\/hu\/bonus\/"},{"@type":"ListItem","position":3,"name":"Rossz fogad\u00e1sok"}]},{"@type":"WebSite","@id":"https:\/\/spinbetter.app\/hu\/#website","url":"https:\/\/spinbetter.app\/hu\/","name":"SpinBetter App HU","description":"","potentialAction":[{"@type":"SearchAction","target":{"@type":"EntryPoint","urlTemplate":"https:\/\/spinbetter.app\/hu\/?s={search_term_string}"},"query-input":{"@type":"PropertyValueSpecification","valueRequired":true,"valueName":"search_term_string"}}],"inLanguage":"hu"}]}},"_links":{"self":[{"href":"https:\/\/spinbetter.app\/hu\/wp-json\/wp\/v2\/pages\/414"}],"collection":[{"href":"https:\/\/spinbetter.app\/hu\/wp-json\/wp\/v2\/pages"}],"about":[{"href":"https:\/\/spinbetter.app\/hu\/wp-json\/wp\/v2\/types\/page"}],"author":[{"embeddable":true,"href":"https:\/\/spinbetter.app\/hu\/wp-json\/wp\/v2\/users\/1"}],"replies":[{"embeddable":true,"href":"https:\/\/spinbetter.app\/hu\/wp-json\/wp\/v2\/comments?post=414"}],"version-history":[{"count":3,"href":"https:\/\/spinbetter.app\/hu\/wp-json\/wp\/v2\/pages\/414\/revisions"}],"predecessor-version":[{"id":417,"href":"https:\/\/spinbetter.app\/hu\/wp-json\/wp\/v2\/pages\/414\/revisions\/417"}],"up":[{"embeddable":true,"href":"https:\/\/spinbetter.app\/hu\/wp-json\/wp\/v2\/pages\/152"}],"wp:attachment":[{"href":"https:\/\/spinbetter.app\/hu\/wp-json\/wp\/v2\/media?parent=414"}],"curies":[{"name":"wp","href":"https:\/\/api.w.org\/{rel}","templated":true}]}}