{"id":418,"date":"2025-06-03T07:00:50","date_gmt":"2025-06-03T07:00:50","guid":{"rendered":"https:\/\/spinbetter.app\/hu\/?page_id=418"},"modified":"2025-06-03T07:02:52","modified_gmt":"2025-06-03T07:02:52","slug":"betting-cashback","status":"publish","type":"page","link":"https:\/\/spinbetter.app\/hu\/bonus\/betting-cashback\/","title":{"rendered":"Fogad\u00e1s Cashback"},"content":{"rendered":"","protected":false},"excerpt":{"rendered":"","protected":false},"author":1,"featured_media":0,"parent":152,"menu_order":0,"comment_status":"closed","ping_status":"closed","template":"","meta":{"footnotes":""},"class_list":["post-418","page","type-page","status-publish","hentry"],"yoast_head":"<!-- This site is optimized with the Yoast SEO plugin v23.4 - https:\/\/yoast.com\/wordpress\/plugins\/seo\/ -->\n<title>Fogad\u00e1s Cashback SpinBetter \u1405 ak\u00e1r 1 000 EUR hetente<\/title>\n<meta name=\"description\" content=\"Fogadjon sportfogad\u00e1sokra a SpinBetter kaszin\u00f3ban, \u00e9s keddenk\u00e9nt automatikusan visszakapja elvesz\u00edtett t\u00e9tje 3%-\u00e1t. Maxim\u00e1lis el\u0151ny\u00f6k!\" \/>\n<meta name=\"robots\" content=\"index, follow, max-snippet:-1, max-image-preview:large, max-video-preview:-1\" \/>\n<meta property=\"og:locale\" content=\"hu_HU\" \/>\n<meta property=\"og:type\" content=\"article\" \/>\n<meta property=\"og:title\" content=\"Fogad\u00e1s Cashback SpinBetter \u1405 ak\u00e1r 1 000 EUR hetente\" \/>\n<meta property=\"og:description\" content=\"Fogadjon sportfogad\u00e1sokra a SpinBetter kaszin\u00f3ban, \u00e9s keddenk\u00e9nt automatikusan visszakapja elvesz\u00edtett t\u00e9tje 3%-\u00e1t. Maxim\u00e1lis el\u0151ny\u00f6k!\" \/>\n<meta property=\"og:url\" content=\"https:\/\/spinbetter.app\/hu\/bonus\/betting-cashback\/\" \/>\n<meta property=\"og:site_name\" content=\"SpinBetter App HU\" \/>\n<meta property=\"article:modified_time\" content=\"2025-06-03T07:02:52+00:00\" \/>\n<meta name=\"twitter:card\" content=\"summary_large_image\" \/>\n<script type=\"application\/ld+json\" class=\"yoast-schema-graph\">{\"@context\":\"https:\/\/schema.org\",\"@graph\":[{\"@type\":\"WebPage\",\"@id\":\"https:\/\/spinbetter.app\/hu\/bonus\/betting-cashback\/\",\"url\":\"https:\/\/spinbetter.app\/hu\/bonus\/betting-cashback\/\",\"name\":\"Fogad\u00e1s Cashback SpinBetter \u1405 ak\u00e1r 1 000 EUR hetente\",\"isPartOf\":{\"@id\":\"https:\/\/spinbetter.app\/hu\/#website\"},\"datePublished\":\"2025-06-03T07:00:50+00:00\",\"dateModified\":\"2025-06-03T07:02:52+00:00\",\"description\":\"Fogadjon sportfogad\u00e1sokra a SpinBetter kaszin\u00f3ban, \u00e9s keddenk\u00e9nt automatikusan visszakapja elvesz\u00edtett t\u00e9tje 3%-\u00e1t. Maxim\u00e1lis el\u0151ny\u00f6k!\",\"breadcrumb\":{\"@id\":\"https:\/\/spinbetter.app\/hu\/bonus\/betting-cashback\/#breadcrumb\"},\"inLanguage\":\"hu\",\"potentialAction\":[{\"@type\":\"ReadAction\",\"target\":[\"https:\/\/spinbetter.app\/hu\/bonus\/betting-cashback\/\"]}]},{\"@type\":\"BreadcrumbList\",\"@id\":\"https:\/\/spinbetter.app\/hu\/bonus\/betting-cashback\/#breadcrumb\",\"itemListElement\":[{\"@type\":\"ListItem\",\"position\":1,\"name\":\"Home\",\"item\":\"https:\/\/spinbetter.app\/hu\/\"},{\"@type\":\"ListItem\",\"position\":2,\"name\":\"B\u00f3nusz\",\"item\":\"https:\/\/spinbetter.app\/hu\/bonus\/\"},{\"@type\":\"ListItem\",\"position\":3,\"name\":\"Fogad\u00e1s Cashback\"}]},{\"@type\":\"WebSite\",\"@id\":\"https:\/\/spinbetter.app\/hu\/#website\",\"url\":\"https:\/\/spinbetter.app\/hu\/\",\"name\":\"SpinBetter App HU\",\"description\":\"\",\"potentialAction\":[{\"@type\":\"SearchAction\",\"target\":{\"@type\":\"EntryPoint\",\"urlTemplate\":\"https:\/\/spinbetter.app\/hu\/?s={search_term_string}\"},\"query-input\":{\"@type\":\"PropertyValueSpecification\",\"valueRequired\":true,\"valueName\":\"search_term_string\"}}],\"inLanguage\":\"hu\"}]}<\/script>\n<!-- \/ Yoast SEO plugin. -->","yoast_head_json":{"title":"Fogad\u00e1s Cashback SpinBetter \u1405 ak\u00e1r 1 000 EUR hetente","description":"Fogadjon sportfogad\u00e1sokra a SpinBetter kaszin\u00f3ban, \u00e9s keddenk\u00e9nt automatikusan visszakapja elvesz\u00edtett t\u00e9tje 3%-\u00e1t. Maxim\u00e1lis el\u0151ny\u00f6k!","robots":{"index":"index","follow":"follow","max-snippet":"max-snippet:-1","max-image-preview":"max-image-preview:large","max-video-preview":"max-video-preview:-1"},"og_locale":"hu_HU","og_type":"article","og_title":"Fogad\u00e1s Cashback SpinBetter \u1405 ak\u00e1r 1 000 EUR hetente","og_description":"Fogadjon sportfogad\u00e1sokra a SpinBetter kaszin\u00f3ban, \u00e9s keddenk\u00e9nt automatikusan visszakapja elvesz\u00edtett t\u00e9tje 3%-\u00e1t. Maxim\u00e1lis el\u0151ny\u00f6k!","og_url":"https:\/\/spinbetter.app\/hu\/bonus\/betting-cashback\/","og_site_name":"SpinBetter App HU","article_modified_time":"2025-06-03T07:02:52+00:00","twitter_card":"summary_large_image","schema":{"@context":"https:\/\/schema.org","@graph":[{"@type":"WebPage","@id":"https:\/\/spinbetter.app\/hu\/bonus\/betting-cashback\/","url":"https:\/\/spinbetter.app\/hu\/bonus\/betting-cashback\/","name":"Fogad\u00e1s Cashback SpinBetter \u1405 ak\u00e1r 1 000 EUR hetente","isPartOf":{"@id":"https:\/\/spinbetter.app\/hu\/#website"},"datePublished":"2025-06-03T07:00:50+00:00","dateModified":"2025-06-03T07:02:52+00:00","description":"Fogadjon sportfogad\u00e1sokra a SpinBetter kaszin\u00f3ban, \u00e9s keddenk\u00e9nt automatikusan visszakapja elvesz\u00edtett t\u00e9tje 3%-\u00e1t. Maxim\u00e1lis el\u0151ny\u00f6k!","breadcrumb":{"@id":"https:\/\/spinbetter.app\/hu\/bonus\/betting-cashback\/#breadcrumb"},"inLanguage":"hu","potentialAction":[{"@type":"ReadAction","target":["https:\/\/spinbetter.app\/hu\/bonus\/betting-cashback\/"]}]},{"@type":"BreadcrumbList","@id":"https:\/\/spinbetter.app\/hu\/bonus\/betting-cashback\/#breadcrumb","itemListElement":[{"@type":"ListItem","position":1,"name":"Home","item":"https:\/\/spinbetter.app\/hu\/"},{"@type":"ListItem","position":2,"name":"B\u00f3nusz","item":"https:\/\/spinbetter.app\/hu\/bonus\/"},{"@type":"ListItem","position":3,"name":"Fogad\u00e1s Cashback"}]},{"@type":"WebSite","@id":"https:\/\/spinbetter.app\/hu\/#website","url":"https:\/\/spinbetter.app\/hu\/","name":"SpinBetter App HU","description":"","potentialAction":[{"@type":"SearchAction","target":{"@type":"EntryPoint","urlTemplate":"https:\/\/spinbetter.app\/hu\/?s={search_term_string}"},"query-input":{"@type":"PropertyValueSpecification","valueRequired":true,"valueName":"search_term_string"}}],"inLanguage":"hu"}]}},"_links":{"self":[{"href":"https:\/\/spinbetter.app\/hu\/wp-json\/wp\/v2\/pages\/418"}],"collection":[{"href":"https:\/\/spinbetter.app\/hu\/wp-json\/wp\/v2\/pages"}],"about":[{"href":"https:\/\/spinbetter.app\/hu\/wp-json\/wp\/v2\/types\/page"}],"author":[{"embeddable":true,"href":"https:\/\/spinbetter.app\/hu\/wp-json\/wp\/v2\/users\/1"}],"replies":[{"embeddable":true,"href":"https:\/\/spinbetter.app\/hu\/wp-json\/wp\/v2\/comments?post=418"}],"version-history":[{"count":2,"href":"https:\/\/spinbetter.app\/hu\/wp-json\/wp\/v2\/pages\/418\/revisions"}],"predecessor-version":[{"id":420,"href":"https:\/\/spinbetter.app\/hu\/wp-json\/wp\/v2\/pages\/418\/revisions\/420"}],"up":[{"embeddable":true,"href":"https:\/\/spinbetter.app\/hu\/wp-json\/wp\/v2\/pages\/152"}],"wp:attachment":[{"href":"https:\/\/spinbetter.app\/hu\/wp-json\/wp\/v2\/media?parent=418"}],"curies":[{"name":"wp","href":"https:\/\/api.w.org\/{rel}","templated":true}]}}