{"id":426,"date":"2025-06-03T07:14:55","date_gmt":"2025-06-03T07:14:55","guid":{"rendered":"https:\/\/spinbetter.app\/hu\/?page_id=426"},"modified":"2025-06-03T07:33:03","modified_gmt":"2025-06-03T07:33:03","slug":"spinbetter-vote","status":"publish","type":"page","link":"https:\/\/spinbetter.app\/hu\/bonus\/spinbetter-vote\/","title":{"rendered":"SpinBetter szavaz\u00e1s"},"content":{"rendered":"","protected":false},"excerpt":{"rendered":"","protected":false},"author":1,"featured_media":0,"parent":152,"menu_order":0,"comment_status":"closed","ping_status":"closed","template":"","meta":{"footnotes":""},"class_list":["post-426","page","type-page","status-publish","hentry"],"yoast_head":"<!-- This site is optimized with the Yoast SEO plugin v23.4 - https:\/\/yoast.com\/wordpress\/plugins\/seo\/ -->\n<title>Szavazzon a Sport B\u00f3nuszra: Ingyenes fogad\u00e1sok \u00e9s jutalmak!<\/title>\n<meta name=\"description\" content=\"Csatlakozzon a SpinBetterhez \u00e9s szavazzon kedvenc sport\u00e1g\u00e1ra! Vegyen r\u00e9szt az izgalmas &#039;Szavazzon a legjobb sport\u00e1gra&#039; prom\u00f3ci\u00f3ban, nyerjen ingyenes fogad\u00e1sokat \u00e9s men\u0151 nyerem\u00e9nyeket!\" \/>\n<meta name=\"robots\" content=\"index, follow, max-snippet:-1, max-image-preview:large, max-video-preview:-1\" \/>\n<meta property=\"og:locale\" content=\"hu_HU\" \/>\n<meta property=\"og:type\" content=\"article\" \/>\n<meta property=\"og:title\" content=\"Szavazzon a Sport B\u00f3nuszra: Ingyenes fogad\u00e1sok \u00e9s jutalmak!\" \/>\n<meta property=\"og:description\" content=\"Csatlakozzon a SpinBetterhez \u00e9s szavazzon kedvenc sport\u00e1g\u00e1ra! Vegyen r\u00e9szt az izgalmas &#039;Szavazzon a legjobb sport\u00e1gra&#039; prom\u00f3ci\u00f3ban, nyerjen ingyenes fogad\u00e1sokat \u00e9s men\u0151 nyerem\u00e9nyeket!\" \/>\n<meta property=\"og:url\" content=\"https:\/\/spinbetter.app\/hu\/bonus\/spinbetter-vote\/\" \/>\n<meta property=\"og:site_name\" content=\"SpinBetter App HU\" \/>\n<meta property=\"article:modified_time\" content=\"2025-06-03T07:33:03+00:00\" \/>\n<meta name=\"twitter:card\" content=\"summary_large_image\" \/>\n<script type=\"application\/ld+json\" class=\"yoast-schema-graph\">{\"@context\":\"https:\/\/schema.org\",\"@graph\":[{\"@type\":\"WebPage\",\"@id\":\"https:\/\/spinbetter.app\/hu\/bonus\/spinbetter-vote\/\",\"url\":\"https:\/\/spinbetter.app\/hu\/bonus\/spinbetter-vote\/\",\"name\":\"Szavazzon a Sport B\u00f3nuszra: Ingyenes fogad\u00e1sok \u00e9s jutalmak!\",\"isPartOf\":{\"@id\":\"https:\/\/spinbetter.app\/hu\/#website\"},\"datePublished\":\"2025-06-03T07:14:55+00:00\",\"dateModified\":\"2025-06-03T07:33:03+00:00\",\"description\":\"Csatlakozzon a SpinBetterhez \u00e9s szavazzon kedvenc sport\u00e1g\u00e1ra! Vegyen r\u00e9szt az izgalmas 'Szavazzon a legjobb sport\u00e1gra' prom\u00f3ci\u00f3ban, nyerjen ingyenes fogad\u00e1sokat \u00e9s men\u0151 nyerem\u00e9nyeket!\",\"breadcrumb\":{\"@id\":\"https:\/\/spinbetter.app\/hu\/bonus\/spinbetter-vote\/#breadcrumb\"},\"inLanguage\":\"hu\",\"potentialAction\":[{\"@type\":\"ReadAction\",\"target\":[\"https:\/\/spinbetter.app\/hu\/bonus\/spinbetter-vote\/\"]}]},{\"@type\":\"BreadcrumbList\",\"@id\":\"https:\/\/spinbetter.app\/hu\/bonus\/spinbetter-vote\/#breadcrumb\",\"itemListElement\":[{\"@type\":\"ListItem\",\"position\":1,\"name\":\"Home\",\"item\":\"https:\/\/spinbetter.app\/hu\/\"},{\"@type\":\"ListItem\",\"position\":2,\"name\":\"B\u00f3nusz\",\"item\":\"https:\/\/spinbetter.app\/hu\/bonus\/\"},{\"@type\":\"ListItem\",\"position\":3,\"name\":\"SpinBetter szavaz\u00e1s\"}]},{\"@type\":\"WebSite\",\"@id\":\"https:\/\/spinbetter.app\/hu\/#website\",\"url\":\"https:\/\/spinbetter.app\/hu\/\",\"name\":\"SpinBetter App HU\",\"description\":\"\",\"potentialAction\":[{\"@type\":\"SearchAction\",\"target\":{\"@type\":\"EntryPoint\",\"urlTemplate\":\"https:\/\/spinbetter.app\/hu\/?s={search_term_string}\"},\"query-input\":{\"@type\":\"PropertyValueSpecification\",\"valueRequired\":true,\"valueName\":\"search_term_string\"}}],\"inLanguage\":\"hu\"}]}<\/script>\n<!-- \/ Yoast SEO plugin. -->","yoast_head_json":{"title":"Szavazzon a Sport B\u00f3nuszra: Ingyenes fogad\u00e1sok \u00e9s jutalmak!","description":"Csatlakozzon a SpinBetterhez \u00e9s szavazzon kedvenc sport\u00e1g\u00e1ra! Vegyen r\u00e9szt az izgalmas 'Szavazzon a legjobb sport\u00e1gra' prom\u00f3ci\u00f3ban, nyerjen ingyenes fogad\u00e1sokat \u00e9s men\u0151 nyerem\u00e9nyeket!","robots":{"index":"index","follow":"follow","max-snippet":"max-snippet:-1","max-image-preview":"max-image-preview:large","max-video-preview":"max-video-preview:-1"},"og_locale":"hu_HU","og_type":"article","og_title":"Szavazzon a Sport B\u00f3nuszra: Ingyenes fogad\u00e1sok \u00e9s jutalmak!","og_description":"Csatlakozzon a SpinBetterhez \u00e9s szavazzon kedvenc sport\u00e1g\u00e1ra! Vegyen r\u00e9szt az izgalmas 'Szavazzon a legjobb sport\u00e1gra' prom\u00f3ci\u00f3ban, nyerjen ingyenes fogad\u00e1sokat \u00e9s men\u0151 nyerem\u00e9nyeket!","og_url":"https:\/\/spinbetter.app\/hu\/bonus\/spinbetter-vote\/","og_site_name":"SpinBetter App HU","article_modified_time":"2025-06-03T07:33:03+00:00","twitter_card":"summary_large_image","schema":{"@context":"https:\/\/schema.org","@graph":[{"@type":"WebPage","@id":"https:\/\/spinbetter.app\/hu\/bonus\/spinbetter-vote\/","url":"https:\/\/spinbetter.app\/hu\/bonus\/spinbetter-vote\/","name":"Szavazzon a Sport B\u00f3nuszra: Ingyenes fogad\u00e1sok \u00e9s jutalmak!","isPartOf":{"@id":"https:\/\/spinbetter.app\/hu\/#website"},"datePublished":"2025-06-03T07:14:55+00:00","dateModified":"2025-06-03T07:33:03+00:00","description":"Csatlakozzon a SpinBetterhez \u00e9s szavazzon kedvenc sport\u00e1g\u00e1ra! Vegyen r\u00e9szt az izgalmas 'Szavazzon a legjobb sport\u00e1gra' prom\u00f3ci\u00f3ban, nyerjen ingyenes fogad\u00e1sokat \u00e9s men\u0151 nyerem\u00e9nyeket!","breadcrumb":{"@id":"https:\/\/spinbetter.app\/hu\/bonus\/spinbetter-vote\/#breadcrumb"},"inLanguage":"hu","potentialAction":[{"@type":"ReadAction","target":["https:\/\/spinbetter.app\/hu\/bonus\/spinbetter-vote\/"]}]},{"@type":"BreadcrumbList","@id":"https:\/\/spinbetter.app\/hu\/bonus\/spinbetter-vote\/#breadcrumb","itemListElement":[{"@type":"ListItem","position":1,"name":"Home","item":"https:\/\/spinbetter.app\/hu\/"},{"@type":"ListItem","position":2,"name":"B\u00f3nusz","item":"https:\/\/spinbetter.app\/hu\/bonus\/"},{"@type":"ListItem","position":3,"name":"SpinBetter szavaz\u00e1s"}]},{"@type":"WebSite","@id":"https:\/\/spinbetter.app\/hu\/#website","url":"https:\/\/spinbetter.app\/hu\/","name":"SpinBetter App HU","description":"","potentialAction":[{"@type":"SearchAction","target":{"@type":"EntryPoint","urlTemplate":"https:\/\/spinbetter.app\/hu\/?s={search_term_string}"},"query-input":{"@type":"PropertyValueSpecification","valueRequired":true,"valueName":"search_term_string"}}],"inLanguage":"hu"}]}},"_links":{"self":[{"href":"https:\/\/spinbetter.app\/hu\/wp-json\/wp\/v2\/pages\/426"}],"collection":[{"href":"https:\/\/spinbetter.app\/hu\/wp-json\/wp\/v2\/pages"}],"about":[{"href":"https:\/\/spinbetter.app\/hu\/wp-json\/wp\/v2\/types\/page"}],"author":[{"embeddable":true,"href":"https:\/\/spinbetter.app\/hu\/wp-json\/wp\/v2\/users\/1"}],"replies":[{"embeddable":true,"href":"https:\/\/spinbetter.app\/hu\/wp-json\/wp\/v2\/comments?post=426"}],"version-history":[{"count":3,"href":"https:\/\/spinbetter.app\/hu\/wp-json\/wp\/v2\/pages\/426\/revisions"}],"predecessor-version":[{"id":429,"href":"https:\/\/spinbetter.app\/hu\/wp-json\/wp\/v2\/pages\/426\/revisions\/429"}],"up":[{"embeddable":true,"href":"https:\/\/spinbetter.app\/hu\/wp-json\/wp\/v2\/pages\/152"}],"wp:attachment":[{"href":"https:\/\/spinbetter.app\/hu\/wp-json\/wp\/v2\/media?parent=426"}],"curies":[{"name":"wp","href":"https:\/\/api.w.org\/{rel}","templated":true}]}}