{"id":436,"date":"2025-07-06T07:59:00","date_gmt":"2025-07-06T07:59:00","guid":{"rendered":"https:\/\/spinbetter.app\/hu\/?page_id=436"},"modified":"2025-07-06T07:59:07","modified_gmt":"2025-07-06T07:59:07","slug":"loyalty-program","status":"publish","type":"page","link":"https:\/\/spinbetter.app\/hu\/bonus\/loyalty-program\/","title":{"rendered":"H\u0171s\u00e9gprogram"},"content":{"rendered":"","protected":false},"excerpt":{"rendered":"","protected":false},"author":1,"featured_media":0,"parent":152,"menu_order":0,"comment_status":"closed","ping_status":"closed","template":"","meta":{"footnotes":""},"class_list":["post-436","page","type-page","status-publish","hentry"],"yoast_head":"<!-- This site is optimized with the Yoast SEO plugin v23.4 - https:\/\/yoast.com\/wordpress\/plugins\/seo\/ -->\n<title>SpinBetter h\u0171s\u00e9gprogram \u1405 Az utad a VIP privil\u00e9giumok fel\u00e9<\/title>\n<meta name=\"description\" content=\"M\u00e1szd meg a SpinBetter kaszin\u00f3 szintjeit, \u00e9s szerezz ak\u00e1r 11% p\u00e9nzvisszat\u00e9r\u00edt\u00e9st, szem\u00e9lyes b\u00f3nuszokat \u00e9s VIP st\u00e1tuszt. Oldj fel exkluz\u00edv jutalmakat \u00e9s kiv\u00e1lts\u00e1gokat!\" \/>\n<meta name=\"robots\" content=\"index, follow, max-snippet:-1, max-image-preview:large, max-video-preview:-1\" \/>\n<meta property=\"og:locale\" content=\"hu_HU\" \/>\n<meta property=\"og:type\" content=\"article\" \/>\n<meta property=\"og:title\" content=\"SpinBetter h\u0171s\u00e9gprogram \u1405 Az utad a VIP privil\u00e9giumok fel\u00e9\" \/>\n<meta property=\"og:description\" content=\"M\u00e1szd meg a SpinBetter kaszin\u00f3 szintjeit, \u00e9s szerezz ak\u00e1r 11% p\u00e9nzvisszat\u00e9r\u00edt\u00e9st, szem\u00e9lyes b\u00f3nuszokat \u00e9s VIP st\u00e1tuszt. Oldj fel exkluz\u00edv jutalmakat \u00e9s kiv\u00e1lts\u00e1gokat!\" \/>\n<meta property=\"og:url\" content=\"https:\/\/spinbetter.app\/hu\/bonus\/loyalty-program\/\" \/>\n<meta property=\"og:site_name\" content=\"SpinBetter App HU\" \/>\n<meta property=\"article:modified_time\" content=\"2025-07-06T07:59:07+00:00\" \/>\n<meta name=\"twitter:card\" content=\"summary_large_image\" \/>\n<script type=\"application\/ld+json\" class=\"yoast-schema-graph\">{\"@context\":\"https:\/\/schema.org\",\"@graph\":[{\"@type\":\"WebPage\",\"@id\":\"https:\/\/spinbetter.app\/hu\/bonus\/loyalty-program\/\",\"url\":\"https:\/\/spinbetter.app\/hu\/bonus\/loyalty-program\/\",\"name\":\"SpinBetter h\u0171s\u00e9gprogram \u1405 Az utad a VIP privil\u00e9giumok fel\u00e9\",\"isPartOf\":{\"@id\":\"https:\/\/spinbetter.app\/hu\/#website\"},\"datePublished\":\"2025-07-06T07:59:00+00:00\",\"dateModified\":\"2025-07-06T07:59:07+00:00\",\"description\":\"M\u00e1szd meg a SpinBetter kaszin\u00f3 szintjeit, \u00e9s szerezz ak\u00e1r 11% p\u00e9nzvisszat\u00e9r\u00edt\u00e9st, szem\u00e9lyes b\u00f3nuszokat \u00e9s VIP st\u00e1tuszt. Oldj fel exkluz\u00edv jutalmakat \u00e9s kiv\u00e1lts\u00e1gokat!\",\"breadcrumb\":{\"@id\":\"https:\/\/spinbetter.app\/hu\/bonus\/loyalty-program\/#breadcrumb\"},\"inLanguage\":\"hu\",\"potentialAction\":[{\"@type\":\"ReadAction\",\"target\":[\"https:\/\/spinbetter.app\/hu\/bonus\/loyalty-program\/\"]}]},{\"@type\":\"BreadcrumbList\",\"@id\":\"https:\/\/spinbetter.app\/hu\/bonus\/loyalty-program\/#breadcrumb\",\"itemListElement\":[{\"@type\":\"ListItem\",\"position\":1,\"name\":\"Home\",\"item\":\"https:\/\/spinbetter.app\/hu\/\"},{\"@type\":\"ListItem\",\"position\":2,\"name\":\"B\u00f3nusz\",\"item\":\"https:\/\/spinbetter.app\/hu\/bonus\/\"},{\"@type\":\"ListItem\",\"position\":3,\"name\":\"H\u0171s\u00e9gprogram\"}]},{\"@type\":\"WebSite\",\"@id\":\"https:\/\/spinbetter.app\/hu\/#website\",\"url\":\"https:\/\/spinbetter.app\/hu\/\",\"name\":\"SpinBetter App HU\",\"description\":\"\",\"potentialAction\":[{\"@type\":\"SearchAction\",\"target\":{\"@type\":\"EntryPoint\",\"urlTemplate\":\"https:\/\/spinbetter.app\/hu\/?s={search_term_string}\"},\"query-input\":{\"@type\":\"PropertyValueSpecification\",\"valueRequired\":true,\"valueName\":\"search_term_string\"}}],\"inLanguage\":\"hu\"}]}<\/script>\n<!-- \/ Yoast SEO plugin. -->","yoast_head_json":{"title":"SpinBetter h\u0171s\u00e9gprogram \u1405 Az utad a VIP privil\u00e9giumok fel\u00e9","description":"M\u00e1szd meg a SpinBetter kaszin\u00f3 szintjeit, \u00e9s szerezz ak\u00e1r 11% p\u00e9nzvisszat\u00e9r\u00edt\u00e9st, szem\u00e9lyes b\u00f3nuszokat \u00e9s VIP st\u00e1tuszt. Oldj fel exkluz\u00edv jutalmakat \u00e9s kiv\u00e1lts\u00e1gokat!","robots":{"index":"index","follow":"follow","max-snippet":"max-snippet:-1","max-image-preview":"max-image-preview:large","max-video-preview":"max-video-preview:-1"},"og_locale":"hu_HU","og_type":"article","og_title":"SpinBetter h\u0171s\u00e9gprogram \u1405 Az utad a VIP privil\u00e9giumok fel\u00e9","og_description":"M\u00e1szd meg a SpinBetter kaszin\u00f3 szintjeit, \u00e9s szerezz ak\u00e1r 11% p\u00e9nzvisszat\u00e9r\u00edt\u00e9st, szem\u00e9lyes b\u00f3nuszokat \u00e9s VIP st\u00e1tuszt. Oldj fel exkluz\u00edv jutalmakat \u00e9s kiv\u00e1lts\u00e1gokat!","og_url":"https:\/\/spinbetter.app\/hu\/bonus\/loyalty-program\/","og_site_name":"SpinBetter App HU","article_modified_time":"2025-07-06T07:59:07+00:00","twitter_card":"summary_large_image","schema":{"@context":"https:\/\/schema.org","@graph":[{"@type":"WebPage","@id":"https:\/\/spinbetter.app\/hu\/bonus\/loyalty-program\/","url":"https:\/\/spinbetter.app\/hu\/bonus\/loyalty-program\/","name":"SpinBetter h\u0171s\u00e9gprogram \u1405 Az utad a VIP privil\u00e9giumok fel\u00e9","isPartOf":{"@id":"https:\/\/spinbetter.app\/hu\/#website"},"datePublished":"2025-07-06T07:59:00+00:00","dateModified":"2025-07-06T07:59:07+00:00","description":"M\u00e1szd meg a SpinBetter kaszin\u00f3 szintjeit, \u00e9s szerezz ak\u00e1r 11% p\u00e9nzvisszat\u00e9r\u00edt\u00e9st, szem\u00e9lyes b\u00f3nuszokat \u00e9s VIP st\u00e1tuszt. Oldj fel exkluz\u00edv jutalmakat \u00e9s kiv\u00e1lts\u00e1gokat!","breadcrumb":{"@id":"https:\/\/spinbetter.app\/hu\/bonus\/loyalty-program\/#breadcrumb"},"inLanguage":"hu","potentialAction":[{"@type":"ReadAction","target":["https:\/\/spinbetter.app\/hu\/bonus\/loyalty-program\/"]}]},{"@type":"BreadcrumbList","@id":"https:\/\/spinbetter.app\/hu\/bonus\/loyalty-program\/#breadcrumb","itemListElement":[{"@type":"ListItem","position":1,"name":"Home","item":"https:\/\/spinbetter.app\/hu\/"},{"@type":"ListItem","position":2,"name":"B\u00f3nusz","item":"https:\/\/spinbetter.app\/hu\/bonus\/"},{"@type":"ListItem","position":3,"name":"H\u0171s\u00e9gprogram"}]},{"@type":"WebSite","@id":"https:\/\/spinbetter.app\/hu\/#website","url":"https:\/\/spinbetter.app\/hu\/","name":"SpinBetter App HU","description":"","potentialAction":[{"@type":"SearchAction","target":{"@type":"EntryPoint","urlTemplate":"https:\/\/spinbetter.app\/hu\/?s={search_term_string}"},"query-input":{"@type":"PropertyValueSpecification","valueRequired":true,"valueName":"search_term_string"}}],"inLanguage":"hu"}]}},"_links":{"self":[{"href":"https:\/\/spinbetter.app\/hu\/wp-json\/wp\/v2\/pages\/436"}],"collection":[{"href":"https:\/\/spinbetter.app\/hu\/wp-json\/wp\/v2\/pages"}],"about":[{"href":"https:\/\/spinbetter.app\/hu\/wp-json\/wp\/v2\/types\/page"}],"author":[{"embeddable":true,"href":"https:\/\/spinbetter.app\/hu\/wp-json\/wp\/v2\/users\/1"}],"replies":[{"embeddable":true,"href":"https:\/\/spinbetter.app\/hu\/wp-json\/wp\/v2\/comments?post=436"}],"version-history":[{"count":1,"href":"https:\/\/spinbetter.app\/hu\/wp-json\/wp\/v2\/pages\/436\/revisions"}],"predecessor-version":[{"id":437,"href":"https:\/\/spinbetter.app\/hu\/wp-json\/wp\/v2\/pages\/436\/revisions\/437"}],"up":[{"embeddable":true,"href":"https:\/\/spinbetter.app\/hu\/wp-json\/wp\/v2\/pages\/152"}],"wp:attachment":[{"href":"https:\/\/spinbetter.app\/hu\/wp-json\/wp\/v2\/media?parent=436"}],"curies":[{"name":"wp","href":"https:\/\/api.w.org\/{rel}","templated":true}]}}