{"id":386,"date":"2025-07-01T08:51:15","date_gmt":"2025-07-01T08:51:15","guid":{"rendered":"https:\/\/spinbetter.app\/it\/?page_id=386"},"modified":"2025-07-01T08:51:31","modified_gmt":"2025-07-01T08:51:31","slug":"deposit-lottery","status":"publish","type":"page","link":"https:\/\/spinbetter.app\/it\/bonus\/deposit-lottery\/","title":{"rendered":"Lotteria dei depositi"},"content":{"rendered":"","protected":false},"excerpt":{"rendered":"","protected":false},"author":1,"featured_media":0,"parent":152,"menu_order":0,"comment_status":"closed","ping_status":"closed","template":"","meta":{"footnotes":""},"class_list":["post-386","page","type-page","status-publish","hentry"],"yoast_head":"<!-- This site is optimized with the Yoast SEO plugin v23.4 - https:\/\/yoast.com\/wordpress\/plugins\/seo\/ -->\n<title>Lotteria di deposito SpinBetter \ud83e\udc12 Vinci scommesse gratuite<\/title>\n<meta name=\"description\" content=\"Deposita a partire da 3 EUR, ottieni biglietti e partecipa alle estrazioni settimanali per vincere 30.000 EUR e 2.000.000 di punti promozionali. Pi\u00f9 depositi, pi\u00f9 possibilit\u00e0 di vincere!\" \/>\n<meta name=\"robots\" content=\"index, follow, max-snippet:-1, max-image-preview:large, max-video-preview:-1\" \/>\n<meta property=\"og:locale\" content=\"it_IT\" \/>\n<meta property=\"og:type\" content=\"article\" \/>\n<meta property=\"og:title\" content=\"Lotteria di deposito SpinBetter \ud83e\udc12 Vinci scommesse gratuite\" \/>\n<meta property=\"og:description\" content=\"Deposita a partire da 3 EUR, ottieni biglietti e partecipa alle estrazioni settimanali per vincere 30.000 EUR e 2.000.000 di punti promozionali. Pi\u00f9 depositi, pi\u00f9 possibilit\u00e0 di vincere!\" \/>\n<meta property=\"og:url\" content=\"https:\/\/spinbetter.app\/it\/bonus\/deposit-lottery\/\" \/>\n<meta property=\"og:site_name\" content=\"Spinbetter App IT\" \/>\n<meta property=\"article:modified_time\" content=\"2025-07-01T08:51:31+00:00\" \/>\n<meta name=\"twitter:card\" content=\"summary_large_image\" \/>\n<script type=\"application\/ld+json\" class=\"yoast-schema-graph\">{\"@context\":\"https:\/\/schema.org\",\"@graph\":[{\"@type\":\"WebPage\",\"@id\":\"https:\/\/spinbetter.app\/it\/bonus\/deposit-lottery\/\",\"url\":\"https:\/\/spinbetter.app\/it\/bonus\/deposit-lottery\/\",\"name\":\"Lotteria di deposito SpinBetter \ud83e\udc12 Vinci scommesse gratuite\",\"isPartOf\":{\"@id\":\"https:\/\/spinbetter.app\/it\/#website\"},\"datePublished\":\"2025-07-01T08:51:15+00:00\",\"dateModified\":\"2025-07-01T08:51:31+00:00\",\"description\":\"Deposita a partire da 3 EUR, ottieni biglietti e partecipa alle estrazioni settimanali per vincere 30.000 EUR e 2.000.000 di punti promozionali. Pi\u00f9 depositi, pi\u00f9 possibilit\u00e0 di vincere!\",\"breadcrumb\":{\"@id\":\"https:\/\/spinbetter.app\/it\/bonus\/deposit-lottery\/#breadcrumb\"},\"inLanguage\":\"it-IT\",\"potentialAction\":[{\"@type\":\"ReadAction\",\"target\":[\"https:\/\/spinbetter.app\/it\/bonus\/deposit-lottery\/\"]}]},{\"@type\":\"BreadcrumbList\",\"@id\":\"https:\/\/spinbetter.app\/it\/bonus\/deposit-lottery\/#breadcrumb\",\"itemListElement\":[{\"@type\":\"ListItem\",\"position\":1,\"name\":\"Home\",\"item\":\"https:\/\/spinbetter.app\/it\/\"},{\"@type\":\"ListItem\",\"position\":2,\"name\":\"Premio\",\"item\":\"https:\/\/spinbetter.app\/it\/bonus\/\"},{\"@type\":\"ListItem\",\"position\":3,\"name\":\"Lotteria dei depositi\"}]},{\"@type\":\"WebSite\",\"@id\":\"https:\/\/spinbetter.app\/it\/#website\",\"url\":\"https:\/\/spinbetter.app\/it\/\",\"name\":\"Spinbetter App IT\",\"description\":\"\",\"potentialAction\":[{\"@type\":\"SearchAction\",\"target\":{\"@type\":\"EntryPoint\",\"urlTemplate\":\"https:\/\/spinbetter.app\/it\/?s={search_term_string}\"},\"query-input\":{\"@type\":\"PropertyValueSpecification\",\"valueRequired\":true,\"valueName\":\"search_term_string\"}}],\"inLanguage\":\"it-IT\"}]}<\/script>\n<!-- \/ Yoast SEO plugin. -->","yoast_head_json":{"title":"Lotteria di deposito SpinBetter \ud83e\udc12 Vinci scommesse gratuite","description":"Deposita a partire da 3 EUR, ottieni biglietti e partecipa alle estrazioni settimanali per vincere 30.000 EUR e 2.000.000 di punti promozionali. Pi\u00f9 depositi, pi\u00f9 possibilit\u00e0 di vincere!","robots":{"index":"index","follow":"follow","max-snippet":"max-snippet:-1","max-image-preview":"max-image-preview:large","max-video-preview":"max-video-preview:-1"},"og_locale":"it_IT","og_type":"article","og_title":"Lotteria di deposito SpinBetter \ud83e\udc12 Vinci scommesse gratuite","og_description":"Deposita a partire da 3 EUR, ottieni biglietti e partecipa alle estrazioni settimanali per vincere 30.000 EUR e 2.000.000 di punti promozionali. Pi\u00f9 depositi, pi\u00f9 possibilit\u00e0 di vincere!","og_url":"https:\/\/spinbetter.app\/it\/bonus\/deposit-lottery\/","og_site_name":"Spinbetter App IT","article_modified_time":"2025-07-01T08:51:31+00:00","twitter_card":"summary_large_image","schema":{"@context":"https:\/\/schema.org","@graph":[{"@type":"WebPage","@id":"https:\/\/spinbetter.app\/it\/bonus\/deposit-lottery\/","url":"https:\/\/spinbetter.app\/it\/bonus\/deposit-lottery\/","name":"Lotteria di deposito SpinBetter \ud83e\udc12 Vinci scommesse gratuite","isPartOf":{"@id":"https:\/\/spinbetter.app\/it\/#website"},"datePublished":"2025-07-01T08:51:15+00:00","dateModified":"2025-07-01T08:51:31+00:00","description":"Deposita a partire da 3 EUR, ottieni biglietti e partecipa alle estrazioni settimanali per vincere 30.000 EUR e 2.000.000 di punti promozionali. Pi\u00f9 depositi, pi\u00f9 possibilit\u00e0 di vincere!","breadcrumb":{"@id":"https:\/\/spinbetter.app\/it\/bonus\/deposit-lottery\/#breadcrumb"},"inLanguage":"it-IT","potentialAction":[{"@type":"ReadAction","target":["https:\/\/spinbetter.app\/it\/bonus\/deposit-lottery\/"]}]},{"@type":"BreadcrumbList","@id":"https:\/\/spinbetter.app\/it\/bonus\/deposit-lottery\/#breadcrumb","itemListElement":[{"@type":"ListItem","position":1,"name":"Home","item":"https:\/\/spinbetter.app\/it\/"},{"@type":"ListItem","position":2,"name":"Premio","item":"https:\/\/spinbetter.app\/it\/bonus\/"},{"@type":"ListItem","position":3,"name":"Lotteria dei depositi"}]},{"@type":"WebSite","@id":"https:\/\/spinbetter.app\/it\/#website","url":"https:\/\/spinbetter.app\/it\/","name":"Spinbetter App IT","description":"","potentialAction":[{"@type":"SearchAction","target":{"@type":"EntryPoint","urlTemplate":"https:\/\/spinbetter.app\/it\/?s={search_term_string}"},"query-input":{"@type":"PropertyValueSpecification","valueRequired":true,"valueName":"search_term_string"}}],"inLanguage":"it-IT"}]}},"_links":{"self":[{"href":"https:\/\/spinbetter.app\/it\/wp-json\/wp\/v2\/pages\/386"}],"collection":[{"href":"https:\/\/spinbetter.app\/it\/wp-json\/wp\/v2\/pages"}],"about":[{"href":"https:\/\/spinbetter.app\/it\/wp-json\/wp\/v2\/types\/page"}],"author":[{"embeddable":true,"href":"https:\/\/spinbetter.app\/it\/wp-json\/wp\/v2\/users\/1"}],"replies":[{"embeddable":true,"href":"https:\/\/spinbetter.app\/it\/wp-json\/wp\/v2\/comments?post=386"}],"version-history":[{"count":1,"href":"https:\/\/spinbetter.app\/it\/wp-json\/wp\/v2\/pages\/386\/revisions"}],"predecessor-version":[{"id":387,"href":"https:\/\/spinbetter.app\/it\/wp-json\/wp\/v2\/pages\/386\/revisions\/387"}],"up":[{"embeddable":true,"href":"https:\/\/spinbetter.app\/it\/wp-json\/wp\/v2\/pages\/152"}],"wp:attachment":[{"href":"https:\/\/spinbetter.app\/it\/wp-json\/wp\/v2\/media?parent=386"}],"curies":[{"name":"wp","href":"https:\/\/api.w.org\/{rel}","templated":true}]}}