{"id":190,"date":"2024-10-22T10:18:49","date_gmt":"2024-10-22T10:18:49","guid":{"rendered":"https:\/\/spinbetter.app\/lv\/?page_id=190"},"modified":"2025-01-06T08:16:17","modified_gmt":"2025-01-06T08:16:17","slug":"casino","status":"publish","type":"page","link":"https:\/\/spinbetter.app\/lv\/casino\/","title":{"rendered":"Kazino"},"content":{"rendered":"","protected":false},"excerpt":{"rendered":"","protected":false},"author":1,"featured_media":0,"parent":0,"menu_order":0,"comment_status":"closed","ping_status":"closed","template":"","meta":{"footnotes":""},"class_list":["post-190","page","type-page","status-publish","hentry"],"yoast_head":"<!-- This site is optimized with the Yoast SEO plugin v23.4 - https:\/\/yoast.com\/wordpress\/plugins\/seo\/ -->\n<title>SpinBetter Casino: lab\u0101k\u0101s kazino sp\u0113les un pr\u0113mijas<\/title>\n<meta name=\"description\" content=\"Sp\u0113l\u0113jiet SpinBetter Casino! J\u016bs gaida lab\u0101kie sp\u0113\u013cu autom\u0101ti, dz\u012bv\u0101s sp\u0113les un d\u0101sni bonusi. Re\u0123istr\u0113jieties un s\u0101ciet vinn\u0113t.\" \/>\n<meta name=\"robots\" content=\"index, follow, max-snippet:-1, max-image-preview:large, max-video-preview:-1\" \/>\n<meta property=\"og:locale\" content=\"lv_LV\" \/>\n<meta property=\"og:type\" content=\"article\" \/>\n<meta property=\"og:title\" content=\"SpinBetter Casino: lab\u0101k\u0101s kazino sp\u0113les un pr\u0113mijas\" \/>\n<meta property=\"og:description\" content=\"Sp\u0113l\u0113jiet SpinBetter Casino! J\u016bs gaida lab\u0101kie sp\u0113\u013cu autom\u0101ti, dz\u012bv\u0101s sp\u0113les un d\u0101sni bonusi. Re\u0123istr\u0113jieties un s\u0101ciet vinn\u0113t.\" \/>\n<meta property=\"og:url\" content=\"https:\/\/spinbetter.app\/lv\/casino\/\" \/>\n<meta property=\"og:site_name\" content=\"Spinbetter App LV\" \/>\n<meta property=\"article:modified_time\" content=\"2025-01-06T08:16:17+00:00\" \/>\n<meta name=\"twitter:card\" content=\"summary_large_image\" \/>\n<script type=\"application\/ld+json\" class=\"yoast-schema-graph\">{\"@context\":\"https:\/\/schema.org\",\"@graph\":[{\"@type\":\"WebPage\",\"@id\":\"https:\/\/spinbetter.app\/lv\/casino\/\",\"url\":\"https:\/\/spinbetter.app\/lv\/casino\/\",\"name\":\"SpinBetter Casino: lab\u0101k\u0101s kazino sp\u0113les un pr\u0113mijas\",\"isPartOf\":{\"@id\":\"https:\/\/spinbetter.app\/lv\/#website\"},\"datePublished\":\"2024-10-22T10:18:49+00:00\",\"dateModified\":\"2025-01-06T08:16:17+00:00\",\"description\":\"Sp\u0113l\u0113jiet SpinBetter Casino! J\u016bs gaida lab\u0101kie sp\u0113\u013cu autom\u0101ti, dz\u012bv\u0101s sp\u0113les un d\u0101sni bonusi. Re\u0123istr\u0113jieties un s\u0101ciet vinn\u0113t.\",\"breadcrumb\":{\"@id\":\"https:\/\/spinbetter.app\/lv\/casino\/#breadcrumb\"},\"inLanguage\":\"lv-LV\",\"potentialAction\":[{\"@type\":\"ReadAction\",\"target\":[\"https:\/\/spinbetter.app\/lv\/casino\/\"]}]},{\"@type\":\"BreadcrumbList\",\"@id\":\"https:\/\/spinbetter.app\/lv\/casino\/#breadcrumb\",\"itemListElement\":[{\"@type\":\"ListItem\",\"position\":1,\"name\":\"Home\",\"item\":\"https:\/\/spinbetter.app\/lv\/\"},{\"@type\":\"ListItem\",\"position\":2,\"name\":\"Kazino\"}]},{\"@type\":\"WebSite\",\"@id\":\"https:\/\/spinbetter.app\/lv\/#website\",\"url\":\"https:\/\/spinbetter.app\/lv\/\",\"name\":\"Spinbetter App LV\",\"description\":\"\",\"potentialAction\":[{\"@type\":\"SearchAction\",\"target\":{\"@type\":\"EntryPoint\",\"urlTemplate\":\"https:\/\/spinbetter.app\/lv\/?s={search_term_string}\"},\"query-input\":{\"@type\":\"PropertyValueSpecification\",\"valueRequired\":true,\"valueName\":\"search_term_string\"}}],\"inLanguage\":\"lv-LV\"}]}<\/script>\n<!-- \/ Yoast SEO plugin. -->","yoast_head_json":{"title":"SpinBetter Casino: lab\u0101k\u0101s kazino sp\u0113les un pr\u0113mijas","description":"Sp\u0113l\u0113jiet SpinBetter Casino! J\u016bs gaida lab\u0101kie sp\u0113\u013cu autom\u0101ti, dz\u012bv\u0101s sp\u0113les un d\u0101sni bonusi. Re\u0123istr\u0113jieties un s\u0101ciet vinn\u0113t.","robots":{"index":"index","follow":"follow","max-snippet":"max-snippet:-1","max-image-preview":"max-image-preview:large","max-video-preview":"max-video-preview:-1"},"og_locale":"lv_LV","og_type":"article","og_title":"SpinBetter Casino: lab\u0101k\u0101s kazino sp\u0113les un pr\u0113mijas","og_description":"Sp\u0113l\u0113jiet SpinBetter Casino! J\u016bs gaida lab\u0101kie sp\u0113\u013cu autom\u0101ti, dz\u012bv\u0101s sp\u0113les un d\u0101sni bonusi. Re\u0123istr\u0113jieties un s\u0101ciet vinn\u0113t.","og_url":"https:\/\/spinbetter.app\/lv\/casino\/","og_site_name":"Spinbetter App LV","article_modified_time":"2025-01-06T08:16:17+00:00","twitter_card":"summary_large_image","schema":{"@context":"https:\/\/schema.org","@graph":[{"@type":"WebPage","@id":"https:\/\/spinbetter.app\/lv\/casino\/","url":"https:\/\/spinbetter.app\/lv\/casino\/","name":"SpinBetter Casino: lab\u0101k\u0101s kazino sp\u0113les un pr\u0113mijas","isPartOf":{"@id":"https:\/\/spinbetter.app\/lv\/#website"},"datePublished":"2024-10-22T10:18:49+00:00","dateModified":"2025-01-06T08:16:17+00:00","description":"Sp\u0113l\u0113jiet SpinBetter Casino! J\u016bs gaida lab\u0101kie sp\u0113\u013cu autom\u0101ti, dz\u012bv\u0101s sp\u0113les un d\u0101sni bonusi. Re\u0123istr\u0113jieties un s\u0101ciet vinn\u0113t.","breadcrumb":{"@id":"https:\/\/spinbetter.app\/lv\/casino\/#breadcrumb"},"inLanguage":"lv-LV","potentialAction":[{"@type":"ReadAction","target":["https:\/\/spinbetter.app\/lv\/casino\/"]}]},{"@type":"BreadcrumbList","@id":"https:\/\/spinbetter.app\/lv\/casino\/#breadcrumb","itemListElement":[{"@type":"ListItem","position":1,"name":"Home","item":"https:\/\/spinbetter.app\/lv\/"},{"@type":"ListItem","position":2,"name":"Kazino"}]},{"@type":"WebSite","@id":"https:\/\/spinbetter.app\/lv\/#website","url":"https:\/\/spinbetter.app\/lv\/","name":"Spinbetter App LV","description":"","potentialAction":[{"@type":"SearchAction","target":{"@type":"EntryPoint","urlTemplate":"https:\/\/spinbetter.app\/lv\/?s={search_term_string}"},"query-input":{"@type":"PropertyValueSpecification","valueRequired":true,"valueName":"search_term_string"}}],"inLanguage":"lv-LV"}]}},"_links":{"self":[{"href":"https:\/\/spinbetter.app\/lv\/wp-json\/wp\/v2\/pages\/190"}],"collection":[{"href":"https:\/\/spinbetter.app\/lv\/wp-json\/wp\/v2\/pages"}],"about":[{"href":"https:\/\/spinbetter.app\/lv\/wp-json\/wp\/v2\/types\/page"}],"author":[{"embeddable":true,"href":"https:\/\/spinbetter.app\/lv\/wp-json\/wp\/v2\/users\/1"}],"replies":[{"embeddable":true,"href":"https:\/\/spinbetter.app\/lv\/wp-json\/wp\/v2\/comments?post=190"}],"version-history":[{"count":18,"href":"https:\/\/spinbetter.app\/lv\/wp-json\/wp\/v2\/pages\/190\/revisions"}],"predecessor-version":[{"id":388,"href":"https:\/\/spinbetter.app\/lv\/wp-json\/wp\/v2\/pages\/190\/revisions\/388"}],"wp:attachment":[{"href":"https:\/\/spinbetter.app\/lv\/wp-json\/wp\/v2\/media?parent=190"}],"curies":[{"name":"wp","href":"https:\/\/api.w.org\/{rel}","templated":true}]}}