{"id":2,"date":"2023-05-18T17:18:34","date_gmt":"2023-05-18T17:18:34","guid":{"rendered":"https:\/\/spinbetter.app\/lv\/?page_id=2"},"modified":"2025-10-14T14:24:56","modified_gmt":"2025-10-14T14:24:56","slug":"sample-page","status":"publish","type":"page","link":"https:\/\/spinbetter.app\/lv\/","title":{"rendered":"S\u0101kums"},"content":{"rendered":"","protected":false},"excerpt":{"rendered":"","protected":false},"author":1,"featured_media":0,"parent":0,"menu_order":0,"comment_status":"closed","ping_status":"open","template":"","meta":{"footnotes":""},"class_list":["post-2","page","type-page","status-publish","hentry"],"yoast_head":"<!-- This site is optimized with the Yoast SEO plugin v23.4 - https:\/\/yoast.com\/wordpress\/plugins\/seo\/ -->\n<title>SpinBetter &gt; kazino, der\u012bbas, pr\u0113mijas, mobil\u0101 aplik\u0101cija<\/title>\n<meta name=\"description\" content=\"Detaliz\u0113ts SpinBetter p\u0101rskats: re\u0123istr\u0101cija, bonusi, pieejam\u0101s likmes un mobil\u0101 aplik\u0101cija. Uzziniet visu par SpinBetter iesp\u0113j\u0101m.\" \/>\n<meta name=\"robots\" content=\"index, follow, max-snippet:-1, max-image-preview:large, max-video-preview:-1\" \/>\n<meta property=\"og:locale\" content=\"lv_LV\" \/>\n<meta property=\"og:type\" content=\"article\" \/>\n<meta property=\"og:title\" content=\"SpinBetter &gt; kazino, der\u012bbas, pr\u0113mijas, mobil\u0101 aplik\u0101cija\" \/>\n<meta property=\"og:description\" content=\"Detaliz\u0113ts SpinBetter p\u0101rskats: re\u0123istr\u0101cija, bonusi, pieejam\u0101s likmes un mobil\u0101 aplik\u0101cija. Uzziniet visu par SpinBetter iesp\u0113j\u0101m.\" \/>\n<meta property=\"og:url\" content=\"https:\/\/spinbetter.app\/lv\/\" \/>\n<meta property=\"og:site_name\" content=\"Spinbetter App LV\" \/>\n<meta property=\"article:modified_time\" content=\"2025-10-14T14:24:56+00:00\" \/>\n<meta name=\"twitter:card\" content=\"summary_large_image\" \/>\n<script type=\"application\/ld+json\" class=\"yoast-schema-graph\">{\"@context\":\"https:\/\/schema.org\",\"@graph\":[{\"@type\":\"WebPage\",\"@id\":\"https:\/\/spinbetter.app\/lv\/\",\"url\":\"https:\/\/spinbetter.app\/lv\/\",\"name\":\"SpinBetter > kazino, der\u012bbas, pr\u0113mijas, mobil\u0101 aplik\u0101cija\",\"isPartOf\":{\"@id\":\"https:\/\/spinbetter.app\/lv\/#website\"},\"datePublished\":\"2023-05-18T17:18:34+00:00\",\"dateModified\":\"2025-10-14T14:24:56+00:00\",\"description\":\"Detaliz\u0113ts SpinBetter p\u0101rskats: re\u0123istr\u0101cija, bonusi, pieejam\u0101s likmes un mobil\u0101 aplik\u0101cija. Uzziniet visu par SpinBetter iesp\u0113j\u0101m.\",\"breadcrumb\":{\"@id\":\"https:\/\/spinbetter.app\/lv\/#breadcrumb\"},\"inLanguage\":\"lv-LV\",\"potentialAction\":[{\"@type\":\"ReadAction\",\"target\":[\"https:\/\/spinbetter.app\/lv\/\"]}]},{\"@type\":\"BreadcrumbList\",\"@id\":\"https:\/\/spinbetter.app\/lv\/#breadcrumb\",\"itemListElement\":[{\"@type\":\"ListItem\",\"position\":1,\"name\":\"Home\",\"item\":\"https:\/\/spinbetter.app\/lv\/\"},{\"@type\":\"ListItem\",\"position\":2,\"name\":\"S\u0101kums\"}]},{\"@type\":\"WebSite\",\"@id\":\"https:\/\/spinbetter.app\/lv\/#website\",\"url\":\"https:\/\/spinbetter.app\/lv\/\",\"name\":\"Spinbetter App LV\",\"description\":\"\",\"potentialAction\":[{\"@type\":\"SearchAction\",\"target\":{\"@type\":\"EntryPoint\",\"urlTemplate\":\"https:\/\/spinbetter.app\/lv\/?s={search_term_string}\"},\"query-input\":{\"@type\":\"PropertyValueSpecification\",\"valueRequired\":true,\"valueName\":\"search_term_string\"}}],\"inLanguage\":\"lv-LV\"}]}<\/script>\n<!-- \/ Yoast SEO plugin. -->","yoast_head_json":{"title":"SpinBetter > kazino, der\u012bbas, pr\u0113mijas, mobil\u0101 aplik\u0101cija","description":"Detaliz\u0113ts SpinBetter p\u0101rskats: re\u0123istr\u0101cija, bonusi, pieejam\u0101s likmes un mobil\u0101 aplik\u0101cija. Uzziniet visu par SpinBetter iesp\u0113j\u0101m.","robots":{"index":"index","follow":"follow","max-snippet":"max-snippet:-1","max-image-preview":"max-image-preview:large","max-video-preview":"max-video-preview:-1"},"og_locale":"lv_LV","og_type":"article","og_title":"SpinBetter > kazino, der\u012bbas, pr\u0113mijas, mobil\u0101 aplik\u0101cija","og_description":"Detaliz\u0113ts SpinBetter p\u0101rskats: re\u0123istr\u0101cija, bonusi, pieejam\u0101s likmes un mobil\u0101 aplik\u0101cija. Uzziniet visu par SpinBetter iesp\u0113j\u0101m.","og_url":"https:\/\/spinbetter.app\/lv\/","og_site_name":"Spinbetter App LV","article_modified_time":"2025-10-14T14:24:56+00:00","twitter_card":"summary_large_image","schema":{"@context":"https:\/\/schema.org","@graph":[{"@type":"WebPage","@id":"https:\/\/spinbetter.app\/lv\/","url":"https:\/\/spinbetter.app\/lv\/","name":"SpinBetter > kazino, der\u012bbas, pr\u0113mijas, mobil\u0101 aplik\u0101cija","isPartOf":{"@id":"https:\/\/spinbetter.app\/lv\/#website"},"datePublished":"2023-05-18T17:18:34+00:00","dateModified":"2025-10-14T14:24:56+00:00","description":"Detaliz\u0113ts SpinBetter p\u0101rskats: re\u0123istr\u0101cija, bonusi, pieejam\u0101s likmes un mobil\u0101 aplik\u0101cija. Uzziniet visu par SpinBetter iesp\u0113j\u0101m.","breadcrumb":{"@id":"https:\/\/spinbetter.app\/lv\/#breadcrumb"},"inLanguage":"lv-LV","potentialAction":[{"@type":"ReadAction","target":["https:\/\/spinbetter.app\/lv\/"]}]},{"@type":"BreadcrumbList","@id":"https:\/\/spinbetter.app\/lv\/#breadcrumb","itemListElement":[{"@type":"ListItem","position":1,"name":"Home","item":"https:\/\/spinbetter.app\/lv\/"},{"@type":"ListItem","position":2,"name":"S\u0101kums"}]},{"@type":"WebSite","@id":"https:\/\/spinbetter.app\/lv\/#website","url":"https:\/\/spinbetter.app\/lv\/","name":"Spinbetter App LV","description":"","potentialAction":[{"@type":"SearchAction","target":{"@type":"EntryPoint","urlTemplate":"https:\/\/spinbetter.app\/lv\/?s={search_term_string}"},"query-input":{"@type":"PropertyValueSpecification","valueRequired":true,"valueName":"search_term_string"}}],"inLanguage":"lv-LV"}]}},"_links":{"self":[{"href":"https:\/\/spinbetter.app\/lv\/wp-json\/wp\/v2\/pages\/2"}],"collection":[{"href":"https:\/\/spinbetter.app\/lv\/wp-json\/wp\/v2\/pages"}],"about":[{"href":"https:\/\/spinbetter.app\/lv\/wp-json\/wp\/v2\/types\/page"}],"author":[{"embeddable":true,"href":"https:\/\/spinbetter.app\/lv\/wp-json\/wp\/v2\/users\/1"}],"replies":[{"embeddable":true,"href":"https:\/\/spinbetter.app\/lv\/wp-json\/wp\/v2\/comments?post=2"}],"version-history":[{"count":38,"href":"https:\/\/spinbetter.app\/lv\/wp-json\/wp\/v2\/pages\/2\/revisions"}],"predecessor-version":[{"id":429,"href":"https:\/\/spinbetter.app\/lv\/wp-json\/wp\/v2\/pages\/2\/revisions\/429"}],"wp:attachment":[{"href":"https:\/\/spinbetter.app\/lv\/wp-json\/wp\/v2\/media?parent=2"}],"curies":[{"name":"wp","href":"https:\/\/api.w.org\/{rel}","templated":true}]}}