{"id":200,"date":"2024-10-22T10:19:21","date_gmt":"2024-10-22T10:19:21","guid":{"rendered":"https:\/\/spinbetter.app\/lv\/?page_id=200"},"modified":"2025-06-19T21:20:47","modified_gmt":"2025-06-19T21:20:47","slug":"login","status":"publish","type":"page","link":"https:\/\/spinbetter.app\/lv\/login\/","title":{"rendered":"Pieteik\u0161an\u0101s"},"content":{"rendered":"","protected":false},"excerpt":{"rendered":"","protected":false},"author":1,"featured_media":0,"parent":0,"menu_order":0,"comment_status":"closed","ping_status":"closed","template":"","meta":{"footnotes":""},"class_list":["post-200","page","type-page","status-publish","hentry"],"yoast_head":"<!-- This site is optimized with the Yoast SEO plugin v23.4 - https:\/\/yoast.com\/wordpress\/plugins\/seo\/ -->\n<title>SpinBetter pieteik\u0161an\u0101s | Mans konts &gt; Vietnes autoriz\u0101cija<\/title>\n<meta name=\"description\" content=\"Piesakieties sav\u0101 SpinBetter kont\u0101 ofici\u0101laj\u0101 vietn\u0113. Autoriz\u0113jieties, lai liktu likmes uz sporta un kazino, piek\u013c\u016bstiet bonusiem un p\u0101rvaldiet savu kontu.\" \/>\n<meta name=\"robots\" content=\"index, follow, max-snippet:-1, max-image-preview:large, max-video-preview:-1\" \/>\n<meta property=\"og:locale\" content=\"lv_LV\" \/>\n<meta property=\"og:type\" content=\"article\" \/>\n<meta property=\"og:title\" content=\"SpinBetter pieteik\u0161an\u0101s | Mans konts &gt; Vietnes autoriz\u0101cija\" \/>\n<meta property=\"og:description\" content=\"Piesakieties sav\u0101 SpinBetter kont\u0101 ofici\u0101laj\u0101 vietn\u0113. Autoriz\u0113jieties, lai liktu likmes uz sporta un kazino, piek\u013c\u016bstiet bonusiem un p\u0101rvaldiet savu kontu.\" \/>\n<meta property=\"og:url\" content=\"https:\/\/spinbetter.app\/lv\/login\/\" \/>\n<meta property=\"og:site_name\" content=\"Spinbetter App LV\" \/>\n<meta property=\"article:modified_time\" content=\"2025-06-19T21:20:47+00:00\" \/>\n<meta name=\"twitter:card\" content=\"summary_large_image\" \/>\n<script type=\"application\/ld+json\" class=\"yoast-schema-graph\">{\"@context\":\"https:\/\/schema.org\",\"@graph\":[{\"@type\":\"WebPage\",\"@id\":\"https:\/\/spinbetter.app\/lv\/login\/\",\"url\":\"https:\/\/spinbetter.app\/lv\/login\/\",\"name\":\"SpinBetter pieteik\u0161an\u0101s | Mans konts > Vietnes autoriz\u0101cija\",\"isPartOf\":{\"@id\":\"https:\/\/spinbetter.app\/lv\/#website\"},\"datePublished\":\"2024-10-22T10:19:21+00:00\",\"dateModified\":\"2025-06-19T21:20:47+00:00\",\"description\":\"Piesakieties sav\u0101 SpinBetter kont\u0101 ofici\u0101laj\u0101 vietn\u0113. Autoriz\u0113jieties, lai liktu likmes uz sporta un kazino, piek\u013c\u016bstiet bonusiem un p\u0101rvaldiet savu kontu.\",\"breadcrumb\":{\"@id\":\"https:\/\/spinbetter.app\/lv\/login\/#breadcrumb\"},\"inLanguage\":\"lv-LV\",\"potentialAction\":[{\"@type\":\"ReadAction\",\"target\":[\"https:\/\/spinbetter.app\/lv\/login\/\"]}]},{\"@type\":\"BreadcrumbList\",\"@id\":\"https:\/\/spinbetter.app\/lv\/login\/#breadcrumb\",\"itemListElement\":[{\"@type\":\"ListItem\",\"position\":1,\"name\":\"Home\",\"item\":\"https:\/\/spinbetter.app\/lv\/\"},{\"@type\":\"ListItem\",\"position\":2,\"name\":\"Pieteik\u0161an\u0101s\"}]},{\"@type\":\"WebSite\",\"@id\":\"https:\/\/spinbetter.app\/lv\/#website\",\"url\":\"https:\/\/spinbetter.app\/lv\/\",\"name\":\"Spinbetter App LV\",\"description\":\"\",\"potentialAction\":[{\"@type\":\"SearchAction\",\"target\":{\"@type\":\"EntryPoint\",\"urlTemplate\":\"https:\/\/spinbetter.app\/lv\/?s={search_term_string}\"},\"query-input\":{\"@type\":\"PropertyValueSpecification\",\"valueRequired\":true,\"valueName\":\"search_term_string\"}}],\"inLanguage\":\"lv-LV\"}]}<\/script>\n<!-- \/ Yoast SEO plugin. -->","yoast_head_json":{"title":"SpinBetter pieteik\u0161an\u0101s | Mans konts > Vietnes autoriz\u0101cija","description":"Piesakieties sav\u0101 SpinBetter kont\u0101 ofici\u0101laj\u0101 vietn\u0113. Autoriz\u0113jieties, lai liktu likmes uz sporta un kazino, piek\u013c\u016bstiet bonusiem un p\u0101rvaldiet savu kontu.","robots":{"index":"index","follow":"follow","max-snippet":"max-snippet:-1","max-image-preview":"max-image-preview:large","max-video-preview":"max-video-preview:-1"},"og_locale":"lv_LV","og_type":"article","og_title":"SpinBetter pieteik\u0161an\u0101s | Mans konts > Vietnes autoriz\u0101cija","og_description":"Piesakieties sav\u0101 SpinBetter kont\u0101 ofici\u0101laj\u0101 vietn\u0113. Autoriz\u0113jieties, lai liktu likmes uz sporta un kazino, piek\u013c\u016bstiet bonusiem un p\u0101rvaldiet savu kontu.","og_url":"https:\/\/spinbetter.app\/lv\/login\/","og_site_name":"Spinbetter App LV","article_modified_time":"2025-06-19T21:20:47+00:00","twitter_card":"summary_large_image","schema":{"@context":"https:\/\/schema.org","@graph":[{"@type":"WebPage","@id":"https:\/\/spinbetter.app\/lv\/login\/","url":"https:\/\/spinbetter.app\/lv\/login\/","name":"SpinBetter pieteik\u0161an\u0101s | Mans konts > Vietnes autoriz\u0101cija","isPartOf":{"@id":"https:\/\/spinbetter.app\/lv\/#website"},"datePublished":"2024-10-22T10:19:21+00:00","dateModified":"2025-06-19T21:20:47+00:00","description":"Piesakieties sav\u0101 SpinBetter kont\u0101 ofici\u0101laj\u0101 vietn\u0113. Autoriz\u0113jieties, lai liktu likmes uz sporta un kazino, piek\u013c\u016bstiet bonusiem un p\u0101rvaldiet savu kontu.","breadcrumb":{"@id":"https:\/\/spinbetter.app\/lv\/login\/#breadcrumb"},"inLanguage":"lv-LV","potentialAction":[{"@type":"ReadAction","target":["https:\/\/spinbetter.app\/lv\/login\/"]}]},{"@type":"BreadcrumbList","@id":"https:\/\/spinbetter.app\/lv\/login\/#breadcrumb","itemListElement":[{"@type":"ListItem","position":1,"name":"Home","item":"https:\/\/spinbetter.app\/lv\/"},{"@type":"ListItem","position":2,"name":"Pieteik\u0161an\u0101s"}]},{"@type":"WebSite","@id":"https:\/\/spinbetter.app\/lv\/#website","url":"https:\/\/spinbetter.app\/lv\/","name":"Spinbetter App LV","description":"","potentialAction":[{"@type":"SearchAction","target":{"@type":"EntryPoint","urlTemplate":"https:\/\/spinbetter.app\/lv\/?s={search_term_string}"},"query-input":{"@type":"PropertyValueSpecification","valueRequired":true,"valueName":"search_term_string"}}],"inLanguage":"lv-LV"}]}},"_links":{"self":[{"href":"https:\/\/spinbetter.app\/lv\/wp-json\/wp\/v2\/pages\/200"}],"collection":[{"href":"https:\/\/spinbetter.app\/lv\/wp-json\/wp\/v2\/pages"}],"about":[{"href":"https:\/\/spinbetter.app\/lv\/wp-json\/wp\/v2\/types\/page"}],"author":[{"embeddable":true,"href":"https:\/\/spinbetter.app\/lv\/wp-json\/wp\/v2\/users\/1"}],"replies":[{"embeddable":true,"href":"https:\/\/spinbetter.app\/lv\/wp-json\/wp\/v2\/comments?post=200"}],"version-history":[{"count":12,"href":"https:\/\/spinbetter.app\/lv\/wp-json\/wp\/v2\/pages\/200\/revisions"}],"predecessor-version":[{"id":391,"href":"https:\/\/spinbetter.app\/lv\/wp-json\/wp\/v2\/pages\/200\/revisions\/391"}],"wp:attachment":[{"href":"https:\/\/spinbetter.app\/lv\/wp-json\/wp\/v2\/media?parent=200"}],"curies":[{"name":"wp","href":"https:\/\/api.w.org\/{rel}","templated":true}]}}