{"id":411,"date":"2025-07-01T12:15:21","date_gmt":"2025-07-01T12:15:21","guid":{"rendered":"https:\/\/spinbetter.app\/lv\/?page_id=411"},"modified":"2025-07-01T12:15:29","modified_gmt":"2025-07-01T12:15:29","slug":"deposit-lottery","status":"publish","type":"page","link":"https:\/\/spinbetter.app\/lv\/bonus\/deposit-lottery\/","title":{"rendered":"Depoz\u012bta loterija"},"content":{"rendered":"","protected":false},"excerpt":{"rendered":"","protected":false},"author":1,"featured_media":0,"parent":152,"menu_order":0,"comment_status":"closed","ping_status":"closed","template":"","meta":{"footnotes":""},"class_list":["post-411","page","type-page","status-publish","hentry"],"yoast_head":"<!-- This site is optimized with the Yoast SEO plugin v23.4 - https:\/\/yoast.com\/wordpress\/plugins\/seo\/ -->\n<title>SpinBetter depoz\u012bta loterija \ud83e\udc12 Viniet bezmaksas likmes<\/title>\n<meta name=\"description\" content=\"Veiciet iemaksu no 3 EUR, ieg\u016bstiet bi\u013cetes un piedalieties ikned\u0113\u013cas izloz\u0113s, lai laim\u0113tu 30\u00a0000 EUR un 2\u00a0000\u00a0000 akcijas punktus. Vair\u0101k iemaksu \u2014 vair\u0101k iesp\u0113ju laim\u0113t!\" \/>\n<meta name=\"robots\" content=\"index, follow, max-snippet:-1, max-image-preview:large, max-video-preview:-1\" \/>\n<meta property=\"og:locale\" content=\"lv_LV\" \/>\n<meta property=\"og:type\" content=\"article\" \/>\n<meta property=\"og:title\" content=\"SpinBetter depoz\u012bta loterija \ud83e\udc12 Viniet bezmaksas likmes\" \/>\n<meta property=\"og:description\" content=\"Veiciet iemaksu no 3 EUR, ieg\u016bstiet bi\u013cetes un piedalieties ikned\u0113\u013cas izloz\u0113s, lai laim\u0113tu 30\u00a0000 EUR un 2\u00a0000\u00a0000 akcijas punktus. Vair\u0101k iemaksu \u2014 vair\u0101k iesp\u0113ju laim\u0113t!\" \/>\n<meta property=\"og:url\" content=\"https:\/\/spinbetter.app\/lv\/bonus\/deposit-lottery\/\" \/>\n<meta property=\"og:site_name\" content=\"Spinbetter App LV\" \/>\n<meta property=\"article:modified_time\" content=\"2025-07-01T12:15:29+00:00\" \/>\n<meta name=\"twitter:card\" content=\"summary_large_image\" \/>\n<script type=\"application\/ld+json\" class=\"yoast-schema-graph\">{\"@context\":\"https:\/\/schema.org\",\"@graph\":[{\"@type\":\"WebPage\",\"@id\":\"https:\/\/spinbetter.app\/lv\/bonus\/deposit-lottery\/\",\"url\":\"https:\/\/spinbetter.app\/lv\/bonus\/deposit-lottery\/\",\"name\":\"SpinBetter depoz\u012bta loterija \ud83e\udc12 Viniet bezmaksas likmes\",\"isPartOf\":{\"@id\":\"https:\/\/spinbetter.app\/lv\/#website\"},\"datePublished\":\"2025-07-01T12:15:21+00:00\",\"dateModified\":\"2025-07-01T12:15:29+00:00\",\"description\":\"Veiciet iemaksu no 3 EUR, ieg\u016bstiet bi\u013cetes un piedalieties ikned\u0113\u013cas izloz\u0113s, lai laim\u0113tu 30\u00a0000 EUR un 2\u00a0000\u00a0000 akcijas punktus. Vair\u0101k iemaksu \u2014 vair\u0101k iesp\u0113ju laim\u0113t!\",\"breadcrumb\":{\"@id\":\"https:\/\/spinbetter.app\/lv\/bonus\/deposit-lottery\/#breadcrumb\"},\"inLanguage\":\"lv-LV\",\"potentialAction\":[{\"@type\":\"ReadAction\",\"target\":[\"https:\/\/spinbetter.app\/lv\/bonus\/deposit-lottery\/\"]}]},{\"@type\":\"BreadcrumbList\",\"@id\":\"https:\/\/spinbetter.app\/lv\/bonus\/deposit-lottery\/#breadcrumb\",\"itemListElement\":[{\"@type\":\"ListItem\",\"position\":1,\"name\":\"Home\",\"item\":\"https:\/\/spinbetter.app\/lv\/\"},{\"@type\":\"ListItem\",\"position\":2,\"name\":\"Bonuss\",\"item\":\"https:\/\/spinbetter.app\/lv\/bonus\/\"},{\"@type\":\"ListItem\",\"position\":3,\"name\":\"Depoz\u012bta loterija\"}]},{\"@type\":\"WebSite\",\"@id\":\"https:\/\/spinbetter.app\/lv\/#website\",\"url\":\"https:\/\/spinbetter.app\/lv\/\",\"name\":\"Spinbetter App LV\",\"description\":\"\",\"potentialAction\":[{\"@type\":\"SearchAction\",\"target\":{\"@type\":\"EntryPoint\",\"urlTemplate\":\"https:\/\/spinbetter.app\/lv\/?s={search_term_string}\"},\"query-input\":{\"@type\":\"PropertyValueSpecification\",\"valueRequired\":true,\"valueName\":\"search_term_string\"}}],\"inLanguage\":\"lv-LV\"}]}<\/script>\n<!-- \/ Yoast SEO plugin. -->","yoast_head_json":{"title":"SpinBetter depoz\u012bta loterija \ud83e\udc12 Viniet bezmaksas likmes","description":"Veiciet iemaksu no 3 EUR, ieg\u016bstiet bi\u013cetes un piedalieties ikned\u0113\u013cas izloz\u0113s, lai laim\u0113tu 30\u00a0000 EUR un 2\u00a0000\u00a0000 akcijas punktus. Vair\u0101k iemaksu \u2014 vair\u0101k iesp\u0113ju laim\u0113t!","robots":{"index":"index","follow":"follow","max-snippet":"max-snippet:-1","max-image-preview":"max-image-preview:large","max-video-preview":"max-video-preview:-1"},"og_locale":"lv_LV","og_type":"article","og_title":"SpinBetter depoz\u012bta loterija \ud83e\udc12 Viniet bezmaksas likmes","og_description":"Veiciet iemaksu no 3 EUR, ieg\u016bstiet bi\u013cetes un piedalieties ikned\u0113\u013cas izloz\u0113s, lai laim\u0113tu 30\u00a0000 EUR un 2\u00a0000\u00a0000 akcijas punktus. Vair\u0101k iemaksu \u2014 vair\u0101k iesp\u0113ju laim\u0113t!","og_url":"https:\/\/spinbetter.app\/lv\/bonus\/deposit-lottery\/","og_site_name":"Spinbetter App LV","article_modified_time":"2025-07-01T12:15:29+00:00","twitter_card":"summary_large_image","schema":{"@context":"https:\/\/schema.org","@graph":[{"@type":"WebPage","@id":"https:\/\/spinbetter.app\/lv\/bonus\/deposit-lottery\/","url":"https:\/\/spinbetter.app\/lv\/bonus\/deposit-lottery\/","name":"SpinBetter depoz\u012bta loterija \ud83e\udc12 Viniet bezmaksas likmes","isPartOf":{"@id":"https:\/\/spinbetter.app\/lv\/#website"},"datePublished":"2025-07-01T12:15:21+00:00","dateModified":"2025-07-01T12:15:29+00:00","description":"Veiciet iemaksu no 3 EUR, ieg\u016bstiet bi\u013cetes un piedalieties ikned\u0113\u013cas izloz\u0113s, lai laim\u0113tu 30\u00a0000 EUR un 2\u00a0000\u00a0000 akcijas punktus. Vair\u0101k iemaksu \u2014 vair\u0101k iesp\u0113ju laim\u0113t!","breadcrumb":{"@id":"https:\/\/spinbetter.app\/lv\/bonus\/deposit-lottery\/#breadcrumb"},"inLanguage":"lv-LV","potentialAction":[{"@type":"ReadAction","target":["https:\/\/spinbetter.app\/lv\/bonus\/deposit-lottery\/"]}]},{"@type":"BreadcrumbList","@id":"https:\/\/spinbetter.app\/lv\/bonus\/deposit-lottery\/#breadcrumb","itemListElement":[{"@type":"ListItem","position":1,"name":"Home","item":"https:\/\/spinbetter.app\/lv\/"},{"@type":"ListItem","position":2,"name":"Bonuss","item":"https:\/\/spinbetter.app\/lv\/bonus\/"},{"@type":"ListItem","position":3,"name":"Depoz\u012bta loterija"}]},{"@type":"WebSite","@id":"https:\/\/spinbetter.app\/lv\/#website","url":"https:\/\/spinbetter.app\/lv\/","name":"Spinbetter App LV","description":"","potentialAction":[{"@type":"SearchAction","target":{"@type":"EntryPoint","urlTemplate":"https:\/\/spinbetter.app\/lv\/?s={search_term_string}"},"query-input":{"@type":"PropertyValueSpecification","valueRequired":true,"valueName":"search_term_string"}}],"inLanguage":"lv-LV"}]}},"_links":{"self":[{"href":"https:\/\/spinbetter.app\/lv\/wp-json\/wp\/v2\/pages\/411"}],"collection":[{"href":"https:\/\/spinbetter.app\/lv\/wp-json\/wp\/v2\/pages"}],"about":[{"href":"https:\/\/spinbetter.app\/lv\/wp-json\/wp\/v2\/types\/page"}],"author":[{"embeddable":true,"href":"https:\/\/spinbetter.app\/lv\/wp-json\/wp\/v2\/users\/1"}],"replies":[{"embeddable":true,"href":"https:\/\/spinbetter.app\/lv\/wp-json\/wp\/v2\/comments?post=411"}],"version-history":[{"count":1,"href":"https:\/\/spinbetter.app\/lv\/wp-json\/wp\/v2\/pages\/411\/revisions"}],"predecessor-version":[{"id":412,"href":"https:\/\/spinbetter.app\/lv\/wp-json\/wp\/v2\/pages\/411\/revisions\/412"}],"up":[{"embeddable":true,"href":"https:\/\/spinbetter.app\/lv\/wp-json\/wp\/v2\/pages\/152"}],"wp:attachment":[{"href":"https:\/\/spinbetter.app\/lv\/wp-json\/wp\/v2\/media?parent=411"}],"curies":[{"name":"wp","href":"https:\/\/api.w.org\/{rel}","templated":true}]}}