{"id":413,"date":"2025-07-01T12:18:40","date_gmt":"2025-07-01T12:18:40","guid":{"rendered":"https:\/\/spinbetter.app\/lv\/?page_id=413"},"modified":"2025-07-01T12:18:49","modified_gmt":"2025-07-01T12:18:49","slug":"spinbetter-vote","status":"publish","type":"page","link":"https:\/\/spinbetter.app\/lv\/bonus\/spinbetter-vote\/","title":{"rendered":"SpinBetter balsojums"},"content":{"rendered":"","protected":false},"excerpt":{"rendered":"","protected":false},"author":1,"featured_media":0,"parent":152,"menu_order":0,"comment_status":"closed","ping_status":"closed","template":"","meta":{"footnotes":""},"class_list":["post-413","page","type-page","status-publish","hentry"],"yoast_head":"<!-- This site is optimized with the Yoast SEO plugin v23.4 - https:\/\/yoast.com\/wordpress\/plugins\/seo\/ -->\n<title>Balsojiet par lab\u0101ko sporta bonusu &gt; Bezmaksas likmes<\/title>\n<meta name=\"description\" content=\"Pievienojies SpinBetter un balso par savu iecien\u012bt\u0101ko sporta veidu! Piedalies aizraujo\u0161aj\u0101 akcij\u0101 \u201cBalso par lab\u0101ko sporta veidu\u201d, nopelni bezmaksas likmes un lieliskas balvas! Nepalaid gar\u0101m iesp\u0113ju par\u0101d\u012bt savu lojalit\u0101ti un sa\u0146emt ekskluz\u012bvus bonusus \u2013 laiks ir ierobe\u017eots, r\u012bkojies tagad!\" \/>\n<meta name=\"robots\" content=\"index, follow, max-snippet:-1, max-image-preview:large, max-video-preview:-1\" \/>\n<meta property=\"og:locale\" content=\"lv_LV\" \/>\n<meta property=\"og:type\" content=\"article\" \/>\n<meta property=\"og:title\" content=\"Balsojiet par lab\u0101ko sporta bonusu &gt; Bezmaksas likmes\" \/>\n<meta property=\"og:description\" content=\"Pievienojies SpinBetter un balso par savu iecien\u012bt\u0101ko sporta veidu! Piedalies aizraujo\u0161aj\u0101 akcij\u0101 \u201cBalso par lab\u0101ko sporta veidu\u201d, nopelni bezmaksas likmes un lieliskas balvas! Nepalaid gar\u0101m iesp\u0113ju par\u0101d\u012bt savu lojalit\u0101ti un sa\u0146emt ekskluz\u012bvus bonusus \u2013 laiks ir ierobe\u017eots, r\u012bkojies tagad!\" \/>\n<meta property=\"og:url\" content=\"https:\/\/spinbetter.app\/lv\/bonus\/spinbetter-vote\/\" \/>\n<meta property=\"og:site_name\" content=\"Spinbetter App LV\" \/>\n<meta property=\"article:modified_time\" content=\"2025-07-01T12:18:49+00:00\" \/>\n<meta name=\"twitter:card\" content=\"summary_large_image\" \/>\n<script type=\"application\/ld+json\" class=\"yoast-schema-graph\">{\"@context\":\"https:\/\/schema.org\",\"@graph\":[{\"@type\":\"WebPage\",\"@id\":\"https:\/\/spinbetter.app\/lv\/bonus\/spinbetter-vote\/\",\"url\":\"https:\/\/spinbetter.app\/lv\/bonus\/spinbetter-vote\/\",\"name\":\"Balsojiet par lab\u0101ko sporta bonusu > Bezmaksas likmes\",\"isPartOf\":{\"@id\":\"https:\/\/spinbetter.app\/lv\/#website\"},\"datePublished\":\"2025-07-01T12:18:40+00:00\",\"dateModified\":\"2025-07-01T12:18:49+00:00\",\"description\":\"Pievienojies SpinBetter un balso par savu iecien\u012bt\u0101ko sporta veidu! Piedalies aizraujo\u0161aj\u0101 akcij\u0101 \u201cBalso par lab\u0101ko sporta veidu\u201d, nopelni bezmaksas likmes un lieliskas balvas! Nepalaid gar\u0101m iesp\u0113ju par\u0101d\u012bt savu lojalit\u0101ti un sa\u0146emt ekskluz\u012bvus bonusus \u2013 laiks ir ierobe\u017eots, r\u012bkojies tagad!\",\"breadcrumb\":{\"@id\":\"https:\/\/spinbetter.app\/lv\/bonus\/spinbetter-vote\/#breadcrumb\"},\"inLanguage\":\"lv-LV\",\"potentialAction\":[{\"@type\":\"ReadAction\",\"target\":[\"https:\/\/spinbetter.app\/lv\/bonus\/spinbetter-vote\/\"]}]},{\"@type\":\"BreadcrumbList\",\"@id\":\"https:\/\/spinbetter.app\/lv\/bonus\/spinbetter-vote\/#breadcrumb\",\"itemListElement\":[{\"@type\":\"ListItem\",\"position\":1,\"name\":\"Home\",\"item\":\"https:\/\/spinbetter.app\/lv\/\"},{\"@type\":\"ListItem\",\"position\":2,\"name\":\"Bonuss\",\"item\":\"https:\/\/spinbetter.app\/lv\/bonus\/\"},{\"@type\":\"ListItem\",\"position\":3,\"name\":\"SpinBetter balsojums\"}]},{\"@type\":\"WebSite\",\"@id\":\"https:\/\/spinbetter.app\/lv\/#website\",\"url\":\"https:\/\/spinbetter.app\/lv\/\",\"name\":\"Spinbetter App LV\",\"description\":\"\",\"potentialAction\":[{\"@type\":\"SearchAction\",\"target\":{\"@type\":\"EntryPoint\",\"urlTemplate\":\"https:\/\/spinbetter.app\/lv\/?s={search_term_string}\"},\"query-input\":{\"@type\":\"PropertyValueSpecification\",\"valueRequired\":true,\"valueName\":\"search_term_string\"}}],\"inLanguage\":\"lv-LV\"}]}<\/script>\n<!-- \/ Yoast SEO plugin. -->","yoast_head_json":{"title":"Balsojiet par lab\u0101ko sporta bonusu > Bezmaksas likmes","description":"Pievienojies SpinBetter un balso par savu iecien\u012bt\u0101ko sporta veidu! Piedalies aizraujo\u0161aj\u0101 akcij\u0101 \u201cBalso par lab\u0101ko sporta veidu\u201d, nopelni bezmaksas likmes un lieliskas balvas! Nepalaid gar\u0101m iesp\u0113ju par\u0101d\u012bt savu lojalit\u0101ti un sa\u0146emt ekskluz\u012bvus bonusus \u2013 laiks ir ierobe\u017eots, r\u012bkojies tagad!","robots":{"index":"index","follow":"follow","max-snippet":"max-snippet:-1","max-image-preview":"max-image-preview:large","max-video-preview":"max-video-preview:-1"},"og_locale":"lv_LV","og_type":"article","og_title":"Balsojiet par lab\u0101ko sporta bonusu > Bezmaksas likmes","og_description":"Pievienojies SpinBetter un balso par savu iecien\u012bt\u0101ko sporta veidu! Piedalies aizraujo\u0161aj\u0101 akcij\u0101 \u201cBalso par lab\u0101ko sporta veidu\u201d, nopelni bezmaksas likmes un lieliskas balvas! Nepalaid gar\u0101m iesp\u0113ju par\u0101d\u012bt savu lojalit\u0101ti un sa\u0146emt ekskluz\u012bvus bonusus \u2013 laiks ir ierobe\u017eots, r\u012bkojies tagad!","og_url":"https:\/\/spinbetter.app\/lv\/bonus\/spinbetter-vote\/","og_site_name":"Spinbetter App LV","article_modified_time":"2025-07-01T12:18:49+00:00","twitter_card":"summary_large_image","schema":{"@context":"https:\/\/schema.org","@graph":[{"@type":"WebPage","@id":"https:\/\/spinbetter.app\/lv\/bonus\/spinbetter-vote\/","url":"https:\/\/spinbetter.app\/lv\/bonus\/spinbetter-vote\/","name":"Balsojiet par lab\u0101ko sporta bonusu > Bezmaksas likmes","isPartOf":{"@id":"https:\/\/spinbetter.app\/lv\/#website"},"datePublished":"2025-07-01T12:18:40+00:00","dateModified":"2025-07-01T12:18:49+00:00","description":"Pievienojies SpinBetter un balso par savu iecien\u012bt\u0101ko sporta veidu! Piedalies aizraujo\u0161aj\u0101 akcij\u0101 \u201cBalso par lab\u0101ko sporta veidu\u201d, nopelni bezmaksas likmes un lieliskas balvas! Nepalaid gar\u0101m iesp\u0113ju par\u0101d\u012bt savu lojalit\u0101ti un sa\u0146emt ekskluz\u012bvus bonusus \u2013 laiks ir ierobe\u017eots, r\u012bkojies tagad!","breadcrumb":{"@id":"https:\/\/spinbetter.app\/lv\/bonus\/spinbetter-vote\/#breadcrumb"},"inLanguage":"lv-LV","potentialAction":[{"@type":"ReadAction","target":["https:\/\/spinbetter.app\/lv\/bonus\/spinbetter-vote\/"]}]},{"@type":"BreadcrumbList","@id":"https:\/\/spinbetter.app\/lv\/bonus\/spinbetter-vote\/#breadcrumb","itemListElement":[{"@type":"ListItem","position":1,"name":"Home","item":"https:\/\/spinbetter.app\/lv\/"},{"@type":"ListItem","position":2,"name":"Bonuss","item":"https:\/\/spinbetter.app\/lv\/bonus\/"},{"@type":"ListItem","position":3,"name":"SpinBetter balsojums"}]},{"@type":"WebSite","@id":"https:\/\/spinbetter.app\/lv\/#website","url":"https:\/\/spinbetter.app\/lv\/","name":"Spinbetter App LV","description":"","potentialAction":[{"@type":"SearchAction","target":{"@type":"EntryPoint","urlTemplate":"https:\/\/spinbetter.app\/lv\/?s={search_term_string}"},"query-input":{"@type":"PropertyValueSpecification","valueRequired":true,"valueName":"search_term_string"}}],"inLanguage":"lv-LV"}]}},"_links":{"self":[{"href":"https:\/\/spinbetter.app\/lv\/wp-json\/wp\/v2\/pages\/413"}],"collection":[{"href":"https:\/\/spinbetter.app\/lv\/wp-json\/wp\/v2\/pages"}],"about":[{"href":"https:\/\/spinbetter.app\/lv\/wp-json\/wp\/v2\/types\/page"}],"author":[{"embeddable":true,"href":"https:\/\/spinbetter.app\/lv\/wp-json\/wp\/v2\/users\/1"}],"replies":[{"embeddable":true,"href":"https:\/\/spinbetter.app\/lv\/wp-json\/wp\/v2\/comments?post=413"}],"version-history":[{"count":1,"href":"https:\/\/spinbetter.app\/lv\/wp-json\/wp\/v2\/pages\/413\/revisions"}],"predecessor-version":[{"id":414,"href":"https:\/\/spinbetter.app\/lv\/wp-json\/wp\/v2\/pages\/413\/revisions\/414"}],"up":[{"embeddable":true,"href":"https:\/\/spinbetter.app\/lv\/wp-json\/wp\/v2\/pages\/152"}],"wp:attachment":[{"href":"https:\/\/spinbetter.app\/lv\/wp-json\/wp\/v2\/media?parent=413"}],"curies":[{"name":"wp","href":"https:\/\/api.w.org\/{rel}","templated":true}]}}