{"id":417,"date":"2025-07-01T12:22:49","date_gmt":"2025-07-01T12:22:49","guid":{"rendered":"https:\/\/spinbetter.app\/lv\/?page_id=417"},"modified":"2025-07-01T12:23:00","modified_gmt":"2025-07-01T12:23:00","slug":"bad-bets","status":"publish","type":"page","link":"https:\/\/spinbetter.app\/lv\/bonus\/bad-bets\/","title":{"rendered":"Sliktas likmes"},"content":{"rendered":"","protected":false},"excerpt":{"rendered":"","protected":false},"author":1,"featured_media":0,"parent":152,"menu_order":0,"comment_status":"closed","ping_status":"closed","template":"","meta":{"footnotes":""},"class_list":["post-417","page","type-page","status-publish","hentry"],"yoast_head":"<!-- This site is optimized with the Yoast SEO plugin v23.4 - https:\/\/yoast.com\/wordpress\/plugins\/seo\/ -->\n<title>SpinBetter bonuss neveiksm\u012bg\u0101m likm\u0113m \ud83e\udc12 atbalsts l\u012bdz 500 EUR<\/title>\n<meta name=\"description\" content=\"Zaud\u0113j\u0101t 20 likmes p\u0113c k\u0101rtas? Sa\u0146emiet bonusu l\u012bdz pat 500 EUR atkar\u012bb\u0101 no j\u016bsu likmju summas. SpinBetter kazino atbalsta savus sp\u0113l\u0113t\u0101jus pat gr\u016btos br\u012b\u017eos!\" \/>\n<meta name=\"robots\" content=\"index, follow, max-snippet:-1, max-image-preview:large, max-video-preview:-1\" \/>\n<meta property=\"og:locale\" content=\"lv_LV\" \/>\n<meta property=\"og:type\" content=\"article\" \/>\n<meta property=\"og:title\" content=\"SpinBetter bonuss neveiksm\u012bg\u0101m likm\u0113m \ud83e\udc12 atbalsts l\u012bdz 500 EUR\" \/>\n<meta property=\"og:description\" content=\"Zaud\u0113j\u0101t 20 likmes p\u0113c k\u0101rtas? Sa\u0146emiet bonusu l\u012bdz pat 500 EUR atkar\u012bb\u0101 no j\u016bsu likmju summas. SpinBetter kazino atbalsta savus sp\u0113l\u0113t\u0101jus pat gr\u016btos br\u012b\u017eos!\" \/>\n<meta property=\"og:url\" content=\"https:\/\/spinbetter.app\/lv\/bonus\/bad-bets\/\" \/>\n<meta property=\"og:site_name\" content=\"Spinbetter App LV\" \/>\n<meta property=\"article:modified_time\" content=\"2025-07-01T12:23:00+00:00\" \/>\n<meta name=\"twitter:card\" content=\"summary_large_image\" \/>\n<script type=\"application\/ld+json\" class=\"yoast-schema-graph\">{\"@context\":\"https:\/\/schema.org\",\"@graph\":[{\"@type\":\"WebPage\",\"@id\":\"https:\/\/spinbetter.app\/lv\/bonus\/bad-bets\/\",\"url\":\"https:\/\/spinbetter.app\/lv\/bonus\/bad-bets\/\",\"name\":\"SpinBetter bonuss neveiksm\u012bg\u0101m likm\u0113m \ud83e\udc12 atbalsts l\u012bdz 500 EUR\",\"isPartOf\":{\"@id\":\"https:\/\/spinbetter.app\/lv\/#website\"},\"datePublished\":\"2025-07-01T12:22:49+00:00\",\"dateModified\":\"2025-07-01T12:23:00+00:00\",\"description\":\"Zaud\u0113j\u0101t 20 likmes p\u0113c k\u0101rtas? Sa\u0146emiet bonusu l\u012bdz pat 500 EUR atkar\u012bb\u0101 no j\u016bsu likmju summas. SpinBetter kazino atbalsta savus sp\u0113l\u0113t\u0101jus pat gr\u016btos br\u012b\u017eos!\",\"breadcrumb\":{\"@id\":\"https:\/\/spinbetter.app\/lv\/bonus\/bad-bets\/#breadcrumb\"},\"inLanguage\":\"lv-LV\",\"potentialAction\":[{\"@type\":\"ReadAction\",\"target\":[\"https:\/\/spinbetter.app\/lv\/bonus\/bad-bets\/\"]}]},{\"@type\":\"BreadcrumbList\",\"@id\":\"https:\/\/spinbetter.app\/lv\/bonus\/bad-bets\/#breadcrumb\",\"itemListElement\":[{\"@type\":\"ListItem\",\"position\":1,\"name\":\"Home\",\"item\":\"https:\/\/spinbetter.app\/lv\/\"},{\"@type\":\"ListItem\",\"position\":2,\"name\":\"Bonuss\",\"item\":\"https:\/\/spinbetter.app\/lv\/bonus\/\"},{\"@type\":\"ListItem\",\"position\":3,\"name\":\"Sliktas likmes\"}]},{\"@type\":\"WebSite\",\"@id\":\"https:\/\/spinbetter.app\/lv\/#website\",\"url\":\"https:\/\/spinbetter.app\/lv\/\",\"name\":\"Spinbetter App LV\",\"description\":\"\",\"potentialAction\":[{\"@type\":\"SearchAction\",\"target\":{\"@type\":\"EntryPoint\",\"urlTemplate\":\"https:\/\/spinbetter.app\/lv\/?s={search_term_string}\"},\"query-input\":{\"@type\":\"PropertyValueSpecification\",\"valueRequired\":true,\"valueName\":\"search_term_string\"}}],\"inLanguage\":\"lv-LV\"}]}<\/script>\n<!-- \/ Yoast SEO plugin. -->","yoast_head_json":{"title":"SpinBetter bonuss neveiksm\u012bg\u0101m likm\u0113m \ud83e\udc12 atbalsts l\u012bdz 500 EUR","description":"Zaud\u0113j\u0101t 20 likmes p\u0113c k\u0101rtas? Sa\u0146emiet bonusu l\u012bdz pat 500 EUR atkar\u012bb\u0101 no j\u016bsu likmju summas. SpinBetter kazino atbalsta savus sp\u0113l\u0113t\u0101jus pat gr\u016btos br\u012b\u017eos!","robots":{"index":"index","follow":"follow","max-snippet":"max-snippet:-1","max-image-preview":"max-image-preview:large","max-video-preview":"max-video-preview:-1"},"og_locale":"lv_LV","og_type":"article","og_title":"SpinBetter bonuss neveiksm\u012bg\u0101m likm\u0113m \ud83e\udc12 atbalsts l\u012bdz 500 EUR","og_description":"Zaud\u0113j\u0101t 20 likmes p\u0113c k\u0101rtas? Sa\u0146emiet bonusu l\u012bdz pat 500 EUR atkar\u012bb\u0101 no j\u016bsu likmju summas. SpinBetter kazino atbalsta savus sp\u0113l\u0113t\u0101jus pat gr\u016btos br\u012b\u017eos!","og_url":"https:\/\/spinbetter.app\/lv\/bonus\/bad-bets\/","og_site_name":"Spinbetter App LV","article_modified_time":"2025-07-01T12:23:00+00:00","twitter_card":"summary_large_image","schema":{"@context":"https:\/\/schema.org","@graph":[{"@type":"WebPage","@id":"https:\/\/spinbetter.app\/lv\/bonus\/bad-bets\/","url":"https:\/\/spinbetter.app\/lv\/bonus\/bad-bets\/","name":"SpinBetter bonuss neveiksm\u012bg\u0101m likm\u0113m \ud83e\udc12 atbalsts l\u012bdz 500 EUR","isPartOf":{"@id":"https:\/\/spinbetter.app\/lv\/#website"},"datePublished":"2025-07-01T12:22:49+00:00","dateModified":"2025-07-01T12:23:00+00:00","description":"Zaud\u0113j\u0101t 20 likmes p\u0113c k\u0101rtas? Sa\u0146emiet bonusu l\u012bdz pat 500 EUR atkar\u012bb\u0101 no j\u016bsu likmju summas. SpinBetter kazino atbalsta savus sp\u0113l\u0113t\u0101jus pat gr\u016btos br\u012b\u017eos!","breadcrumb":{"@id":"https:\/\/spinbetter.app\/lv\/bonus\/bad-bets\/#breadcrumb"},"inLanguage":"lv-LV","potentialAction":[{"@type":"ReadAction","target":["https:\/\/spinbetter.app\/lv\/bonus\/bad-bets\/"]}]},{"@type":"BreadcrumbList","@id":"https:\/\/spinbetter.app\/lv\/bonus\/bad-bets\/#breadcrumb","itemListElement":[{"@type":"ListItem","position":1,"name":"Home","item":"https:\/\/spinbetter.app\/lv\/"},{"@type":"ListItem","position":2,"name":"Bonuss","item":"https:\/\/spinbetter.app\/lv\/bonus\/"},{"@type":"ListItem","position":3,"name":"Sliktas likmes"}]},{"@type":"WebSite","@id":"https:\/\/spinbetter.app\/lv\/#website","url":"https:\/\/spinbetter.app\/lv\/","name":"Spinbetter App LV","description":"","potentialAction":[{"@type":"SearchAction","target":{"@type":"EntryPoint","urlTemplate":"https:\/\/spinbetter.app\/lv\/?s={search_term_string}"},"query-input":{"@type":"PropertyValueSpecification","valueRequired":true,"valueName":"search_term_string"}}],"inLanguage":"lv-LV"}]}},"_links":{"self":[{"href":"https:\/\/spinbetter.app\/lv\/wp-json\/wp\/v2\/pages\/417"}],"collection":[{"href":"https:\/\/spinbetter.app\/lv\/wp-json\/wp\/v2\/pages"}],"about":[{"href":"https:\/\/spinbetter.app\/lv\/wp-json\/wp\/v2\/types\/page"}],"author":[{"embeddable":true,"href":"https:\/\/spinbetter.app\/lv\/wp-json\/wp\/v2\/users\/1"}],"replies":[{"embeddable":true,"href":"https:\/\/spinbetter.app\/lv\/wp-json\/wp\/v2\/comments?post=417"}],"version-history":[{"count":1,"href":"https:\/\/spinbetter.app\/lv\/wp-json\/wp\/v2\/pages\/417\/revisions"}],"predecessor-version":[{"id":418,"href":"https:\/\/spinbetter.app\/lv\/wp-json\/wp\/v2\/pages\/417\/revisions\/418"}],"up":[{"embeddable":true,"href":"https:\/\/spinbetter.app\/lv\/wp-json\/wp\/v2\/pages\/152"}],"wp:attachment":[{"href":"https:\/\/spinbetter.app\/lv\/wp-json\/wp\/v2\/media?parent=417"}],"curies":[{"name":"wp","href":"https:\/\/api.w.org\/{rel}","templated":true}]}}