{"id":419,"date":"2025-07-01T12:26:31","date_gmt":"2025-07-01T12:26:31","guid":{"rendered":"https:\/\/spinbetter.app\/lv\/?page_id=419"},"modified":"2025-07-01T12:26:39","modified_gmt":"2025-07-01T12:26:39","slug":"betting-cashback","status":"publish","type":"page","link":"https:\/\/spinbetter.app\/lv\/bonus\/betting-cashback\/","title":{"rendered":"Naudas atmaksa likm\u0113m"},"content":{"rendered":"","protected":false},"excerpt":{"rendered":"","protected":false},"author":1,"featured_media":0,"parent":152,"menu_order":0,"comment_status":"closed","ping_status":"closed","template":"","meta":{"footnotes":""},"class_list":["post-419","page","type-page","status-publish","hentry"],"yoast_head":"<!-- This site is optimized with the Yoast SEO plugin v23.4 - https:\/\/yoast.com\/wordpress\/plugins\/seo\/ -->\n<title>Naudas atmaksas likmes SpinBetter \u1405 l\u012bdz 1000 EUR<\/title>\n<meta name=\"description\" content=\"Veiciet sporta likmes SpinBetter kazino un otrdien\u0101s autom\u0101tiski sa\u0146emiet 3% no zaud\u0113taj\u0101m likm\u0113m atpaka\u013c. Minim\u0101lie nosac\u012bjumi - maksim\u0101las priek\u0161roc\u012bbas!\" \/>\n<meta name=\"robots\" content=\"index, follow, max-snippet:-1, max-image-preview:large, max-video-preview:-1\" \/>\n<meta property=\"og:locale\" content=\"lv_LV\" \/>\n<meta property=\"og:type\" content=\"article\" \/>\n<meta property=\"og:title\" content=\"Naudas atmaksas likmes SpinBetter \u1405 l\u012bdz 1000 EUR\" \/>\n<meta property=\"og:description\" content=\"Veiciet sporta likmes SpinBetter kazino un otrdien\u0101s autom\u0101tiski sa\u0146emiet 3% no zaud\u0113taj\u0101m likm\u0113m atpaka\u013c. Minim\u0101lie nosac\u012bjumi - maksim\u0101las priek\u0161roc\u012bbas!\" \/>\n<meta property=\"og:url\" content=\"https:\/\/spinbetter.app\/lv\/bonus\/betting-cashback\/\" \/>\n<meta property=\"og:site_name\" content=\"Spinbetter App LV\" \/>\n<meta property=\"article:modified_time\" content=\"2025-07-01T12:26:39+00:00\" \/>\n<meta name=\"twitter:card\" content=\"summary_large_image\" \/>\n<script type=\"application\/ld+json\" class=\"yoast-schema-graph\">{\"@context\":\"https:\/\/schema.org\",\"@graph\":[{\"@type\":\"WebPage\",\"@id\":\"https:\/\/spinbetter.app\/lv\/bonus\/betting-cashback\/\",\"url\":\"https:\/\/spinbetter.app\/lv\/bonus\/betting-cashback\/\",\"name\":\"Naudas atmaksas likmes SpinBetter \u1405 l\u012bdz 1000 EUR\",\"isPartOf\":{\"@id\":\"https:\/\/spinbetter.app\/lv\/#website\"},\"datePublished\":\"2025-07-01T12:26:31+00:00\",\"dateModified\":\"2025-07-01T12:26:39+00:00\",\"description\":\"Veiciet sporta likmes SpinBetter kazino un otrdien\u0101s autom\u0101tiski sa\u0146emiet 3% no zaud\u0113taj\u0101m likm\u0113m atpaka\u013c. Minim\u0101lie nosac\u012bjumi - maksim\u0101las priek\u0161roc\u012bbas!\",\"breadcrumb\":{\"@id\":\"https:\/\/spinbetter.app\/lv\/bonus\/betting-cashback\/#breadcrumb\"},\"inLanguage\":\"lv-LV\",\"potentialAction\":[{\"@type\":\"ReadAction\",\"target\":[\"https:\/\/spinbetter.app\/lv\/bonus\/betting-cashback\/\"]}]},{\"@type\":\"BreadcrumbList\",\"@id\":\"https:\/\/spinbetter.app\/lv\/bonus\/betting-cashback\/#breadcrumb\",\"itemListElement\":[{\"@type\":\"ListItem\",\"position\":1,\"name\":\"Home\",\"item\":\"https:\/\/spinbetter.app\/lv\/\"},{\"@type\":\"ListItem\",\"position\":2,\"name\":\"Bonuss\",\"item\":\"https:\/\/spinbetter.app\/lv\/bonus\/\"},{\"@type\":\"ListItem\",\"position\":3,\"name\":\"Naudas atmaksa likm\u0113m\"}]},{\"@type\":\"WebSite\",\"@id\":\"https:\/\/spinbetter.app\/lv\/#website\",\"url\":\"https:\/\/spinbetter.app\/lv\/\",\"name\":\"Spinbetter App LV\",\"description\":\"\",\"potentialAction\":[{\"@type\":\"SearchAction\",\"target\":{\"@type\":\"EntryPoint\",\"urlTemplate\":\"https:\/\/spinbetter.app\/lv\/?s={search_term_string}\"},\"query-input\":{\"@type\":\"PropertyValueSpecification\",\"valueRequired\":true,\"valueName\":\"search_term_string\"}}],\"inLanguage\":\"lv-LV\"}]}<\/script>\n<!-- \/ Yoast SEO plugin. -->","yoast_head_json":{"title":"Naudas atmaksas likmes SpinBetter \u1405 l\u012bdz 1000 EUR","description":"Veiciet sporta likmes SpinBetter kazino un otrdien\u0101s autom\u0101tiski sa\u0146emiet 3% no zaud\u0113taj\u0101m likm\u0113m atpaka\u013c. Minim\u0101lie nosac\u012bjumi - maksim\u0101las priek\u0161roc\u012bbas!","robots":{"index":"index","follow":"follow","max-snippet":"max-snippet:-1","max-image-preview":"max-image-preview:large","max-video-preview":"max-video-preview:-1"},"og_locale":"lv_LV","og_type":"article","og_title":"Naudas atmaksas likmes SpinBetter \u1405 l\u012bdz 1000 EUR","og_description":"Veiciet sporta likmes SpinBetter kazino un otrdien\u0101s autom\u0101tiski sa\u0146emiet 3% no zaud\u0113taj\u0101m likm\u0113m atpaka\u013c. Minim\u0101lie nosac\u012bjumi - maksim\u0101las priek\u0161roc\u012bbas!","og_url":"https:\/\/spinbetter.app\/lv\/bonus\/betting-cashback\/","og_site_name":"Spinbetter App LV","article_modified_time":"2025-07-01T12:26:39+00:00","twitter_card":"summary_large_image","schema":{"@context":"https:\/\/schema.org","@graph":[{"@type":"WebPage","@id":"https:\/\/spinbetter.app\/lv\/bonus\/betting-cashback\/","url":"https:\/\/spinbetter.app\/lv\/bonus\/betting-cashback\/","name":"Naudas atmaksas likmes SpinBetter \u1405 l\u012bdz 1000 EUR","isPartOf":{"@id":"https:\/\/spinbetter.app\/lv\/#website"},"datePublished":"2025-07-01T12:26:31+00:00","dateModified":"2025-07-01T12:26:39+00:00","description":"Veiciet sporta likmes SpinBetter kazino un otrdien\u0101s autom\u0101tiski sa\u0146emiet 3% no zaud\u0113taj\u0101m likm\u0113m atpaka\u013c. Minim\u0101lie nosac\u012bjumi - maksim\u0101las priek\u0161roc\u012bbas!","breadcrumb":{"@id":"https:\/\/spinbetter.app\/lv\/bonus\/betting-cashback\/#breadcrumb"},"inLanguage":"lv-LV","potentialAction":[{"@type":"ReadAction","target":["https:\/\/spinbetter.app\/lv\/bonus\/betting-cashback\/"]}]},{"@type":"BreadcrumbList","@id":"https:\/\/spinbetter.app\/lv\/bonus\/betting-cashback\/#breadcrumb","itemListElement":[{"@type":"ListItem","position":1,"name":"Home","item":"https:\/\/spinbetter.app\/lv\/"},{"@type":"ListItem","position":2,"name":"Bonuss","item":"https:\/\/spinbetter.app\/lv\/bonus\/"},{"@type":"ListItem","position":3,"name":"Naudas atmaksa likm\u0113m"}]},{"@type":"WebSite","@id":"https:\/\/spinbetter.app\/lv\/#website","url":"https:\/\/spinbetter.app\/lv\/","name":"Spinbetter App LV","description":"","potentialAction":[{"@type":"SearchAction","target":{"@type":"EntryPoint","urlTemplate":"https:\/\/spinbetter.app\/lv\/?s={search_term_string}"},"query-input":{"@type":"PropertyValueSpecification","valueRequired":true,"valueName":"search_term_string"}}],"inLanguage":"lv-LV"}]}},"_links":{"self":[{"href":"https:\/\/spinbetter.app\/lv\/wp-json\/wp\/v2\/pages\/419"}],"collection":[{"href":"https:\/\/spinbetter.app\/lv\/wp-json\/wp\/v2\/pages"}],"about":[{"href":"https:\/\/spinbetter.app\/lv\/wp-json\/wp\/v2\/types\/page"}],"author":[{"embeddable":true,"href":"https:\/\/spinbetter.app\/lv\/wp-json\/wp\/v2\/users\/1"}],"replies":[{"embeddable":true,"href":"https:\/\/spinbetter.app\/lv\/wp-json\/wp\/v2\/comments?post=419"}],"version-history":[{"count":1,"href":"https:\/\/spinbetter.app\/lv\/wp-json\/wp\/v2\/pages\/419\/revisions"}],"predecessor-version":[{"id":420,"href":"https:\/\/spinbetter.app\/lv\/wp-json\/wp\/v2\/pages\/419\/revisions\/420"}],"up":[{"embeddable":true,"href":"https:\/\/spinbetter.app\/lv\/wp-json\/wp\/v2\/pages\/152"}],"wp:attachment":[{"href":"https:\/\/spinbetter.app\/lv\/wp-json\/wp\/v2\/media?parent=419"}],"curies":[{"name":"wp","href":"https:\/\/api.w.org\/{rel}","templated":true}]}}