{"id":423,"date":"2025-07-06T08:08:03","date_gmt":"2025-07-06T08:08:03","guid":{"rendered":"https:\/\/spinbetter.app\/lv\/?page_id=423"},"modified":"2025-07-06T08:08:13","modified_gmt":"2025-07-06T08:08:13","slug":"loyalty-program","status":"publish","type":"page","link":"https:\/\/spinbetter.app\/lv\/bonus\/loyalty-program\/","title":{"rendered":"Lojalit\u0101tes programma"},"content":{"rendered":"","protected":false},"excerpt":{"rendered":"","protected":false},"author":1,"featured_media":0,"parent":152,"menu_order":0,"comment_status":"closed","ping_status":"closed","template":"","meta":{"footnotes":""},"class_list":["post-423","page","type-page","status-publish","hentry"],"yoast_head":"<!-- This site is optimized with the Yoast SEO plugin v23.4 - https:\/\/yoast.com\/wordpress\/plugins\/seo\/ -->\n<title>SpinBetter lojalit\u0101tes programma \u1405 J\u016bsu ce\u013c\u0161 uz VIP privil\u0113\u0123ij\u0101m<\/title>\n<meta name=\"description\" content=\"K\u0101piet augst\u0101kos SpinBetter kazino l\u012bme\u0146os un sa\u0146emiet l\u012bdz pat 11% naudas atmaksu, person\u012bgos bonusus un VIP statusu. Atblo\u0137\u0113jiet ekskluz\u012bvas balvas un privil\u0113\u0123ijas!\" \/>\n<meta name=\"robots\" content=\"index, follow, max-snippet:-1, max-image-preview:large, max-video-preview:-1\" \/>\n<meta property=\"og:locale\" content=\"lv_LV\" \/>\n<meta property=\"og:type\" content=\"article\" \/>\n<meta property=\"og:title\" content=\"SpinBetter lojalit\u0101tes programma \u1405 J\u016bsu ce\u013c\u0161 uz VIP privil\u0113\u0123ij\u0101m\" \/>\n<meta property=\"og:description\" content=\"K\u0101piet augst\u0101kos SpinBetter kazino l\u012bme\u0146os un sa\u0146emiet l\u012bdz pat 11% naudas atmaksu, person\u012bgos bonusus un VIP statusu. Atblo\u0137\u0113jiet ekskluz\u012bvas balvas un privil\u0113\u0123ijas!\" \/>\n<meta property=\"og:url\" content=\"https:\/\/spinbetter.app\/lv\/bonus\/loyalty-program\/\" \/>\n<meta property=\"og:site_name\" content=\"Spinbetter App LV\" \/>\n<meta property=\"article:modified_time\" content=\"2025-07-06T08:08:13+00:00\" \/>\n<meta name=\"twitter:card\" content=\"summary_large_image\" \/>\n<script type=\"application\/ld+json\" class=\"yoast-schema-graph\">{\"@context\":\"https:\/\/schema.org\",\"@graph\":[{\"@type\":\"WebPage\",\"@id\":\"https:\/\/spinbetter.app\/lv\/bonus\/loyalty-program\/\",\"url\":\"https:\/\/spinbetter.app\/lv\/bonus\/loyalty-program\/\",\"name\":\"SpinBetter lojalit\u0101tes programma \u1405 J\u016bsu ce\u013c\u0161 uz VIP privil\u0113\u0123ij\u0101m\",\"isPartOf\":{\"@id\":\"https:\/\/spinbetter.app\/lv\/#website\"},\"datePublished\":\"2025-07-06T08:08:03+00:00\",\"dateModified\":\"2025-07-06T08:08:13+00:00\",\"description\":\"K\u0101piet augst\u0101kos SpinBetter kazino l\u012bme\u0146os un sa\u0146emiet l\u012bdz pat 11% naudas atmaksu, person\u012bgos bonusus un VIP statusu. Atblo\u0137\u0113jiet ekskluz\u012bvas balvas un privil\u0113\u0123ijas!\",\"breadcrumb\":{\"@id\":\"https:\/\/spinbetter.app\/lv\/bonus\/loyalty-program\/#breadcrumb\"},\"inLanguage\":\"lv-LV\",\"potentialAction\":[{\"@type\":\"ReadAction\",\"target\":[\"https:\/\/spinbetter.app\/lv\/bonus\/loyalty-program\/\"]}]},{\"@type\":\"BreadcrumbList\",\"@id\":\"https:\/\/spinbetter.app\/lv\/bonus\/loyalty-program\/#breadcrumb\",\"itemListElement\":[{\"@type\":\"ListItem\",\"position\":1,\"name\":\"Home\",\"item\":\"https:\/\/spinbetter.app\/lv\/\"},{\"@type\":\"ListItem\",\"position\":2,\"name\":\"Bonuss\",\"item\":\"https:\/\/spinbetter.app\/lv\/bonus\/\"},{\"@type\":\"ListItem\",\"position\":3,\"name\":\"Lojalit\u0101tes programma\"}]},{\"@type\":\"WebSite\",\"@id\":\"https:\/\/spinbetter.app\/lv\/#website\",\"url\":\"https:\/\/spinbetter.app\/lv\/\",\"name\":\"Spinbetter App LV\",\"description\":\"\",\"potentialAction\":[{\"@type\":\"SearchAction\",\"target\":{\"@type\":\"EntryPoint\",\"urlTemplate\":\"https:\/\/spinbetter.app\/lv\/?s={search_term_string}\"},\"query-input\":{\"@type\":\"PropertyValueSpecification\",\"valueRequired\":true,\"valueName\":\"search_term_string\"}}],\"inLanguage\":\"lv-LV\"}]}<\/script>\n<!-- \/ Yoast SEO plugin. -->","yoast_head_json":{"title":"SpinBetter lojalit\u0101tes programma \u1405 J\u016bsu ce\u013c\u0161 uz VIP privil\u0113\u0123ij\u0101m","description":"K\u0101piet augst\u0101kos SpinBetter kazino l\u012bme\u0146os un sa\u0146emiet l\u012bdz pat 11% naudas atmaksu, person\u012bgos bonusus un VIP statusu. Atblo\u0137\u0113jiet ekskluz\u012bvas balvas un privil\u0113\u0123ijas!","robots":{"index":"index","follow":"follow","max-snippet":"max-snippet:-1","max-image-preview":"max-image-preview:large","max-video-preview":"max-video-preview:-1"},"og_locale":"lv_LV","og_type":"article","og_title":"SpinBetter lojalit\u0101tes programma \u1405 J\u016bsu ce\u013c\u0161 uz VIP privil\u0113\u0123ij\u0101m","og_description":"K\u0101piet augst\u0101kos SpinBetter kazino l\u012bme\u0146os un sa\u0146emiet l\u012bdz pat 11% naudas atmaksu, person\u012bgos bonusus un VIP statusu. Atblo\u0137\u0113jiet ekskluz\u012bvas balvas un privil\u0113\u0123ijas!","og_url":"https:\/\/spinbetter.app\/lv\/bonus\/loyalty-program\/","og_site_name":"Spinbetter App LV","article_modified_time":"2025-07-06T08:08:13+00:00","twitter_card":"summary_large_image","schema":{"@context":"https:\/\/schema.org","@graph":[{"@type":"WebPage","@id":"https:\/\/spinbetter.app\/lv\/bonus\/loyalty-program\/","url":"https:\/\/spinbetter.app\/lv\/bonus\/loyalty-program\/","name":"SpinBetter lojalit\u0101tes programma \u1405 J\u016bsu ce\u013c\u0161 uz VIP privil\u0113\u0123ij\u0101m","isPartOf":{"@id":"https:\/\/spinbetter.app\/lv\/#website"},"datePublished":"2025-07-06T08:08:03+00:00","dateModified":"2025-07-06T08:08:13+00:00","description":"K\u0101piet augst\u0101kos SpinBetter kazino l\u012bme\u0146os un sa\u0146emiet l\u012bdz pat 11% naudas atmaksu, person\u012bgos bonusus un VIP statusu. Atblo\u0137\u0113jiet ekskluz\u012bvas balvas un privil\u0113\u0123ijas!","breadcrumb":{"@id":"https:\/\/spinbetter.app\/lv\/bonus\/loyalty-program\/#breadcrumb"},"inLanguage":"lv-LV","potentialAction":[{"@type":"ReadAction","target":["https:\/\/spinbetter.app\/lv\/bonus\/loyalty-program\/"]}]},{"@type":"BreadcrumbList","@id":"https:\/\/spinbetter.app\/lv\/bonus\/loyalty-program\/#breadcrumb","itemListElement":[{"@type":"ListItem","position":1,"name":"Home","item":"https:\/\/spinbetter.app\/lv\/"},{"@type":"ListItem","position":2,"name":"Bonuss","item":"https:\/\/spinbetter.app\/lv\/bonus\/"},{"@type":"ListItem","position":3,"name":"Lojalit\u0101tes programma"}]},{"@type":"WebSite","@id":"https:\/\/spinbetter.app\/lv\/#website","url":"https:\/\/spinbetter.app\/lv\/","name":"Spinbetter App LV","description":"","potentialAction":[{"@type":"SearchAction","target":{"@type":"EntryPoint","urlTemplate":"https:\/\/spinbetter.app\/lv\/?s={search_term_string}"},"query-input":{"@type":"PropertyValueSpecification","valueRequired":true,"valueName":"search_term_string"}}],"inLanguage":"lv-LV"}]}},"_links":{"self":[{"href":"https:\/\/spinbetter.app\/lv\/wp-json\/wp\/v2\/pages\/423"}],"collection":[{"href":"https:\/\/spinbetter.app\/lv\/wp-json\/wp\/v2\/pages"}],"about":[{"href":"https:\/\/spinbetter.app\/lv\/wp-json\/wp\/v2\/types\/page"}],"author":[{"embeddable":true,"href":"https:\/\/spinbetter.app\/lv\/wp-json\/wp\/v2\/users\/1"}],"replies":[{"embeddable":true,"href":"https:\/\/spinbetter.app\/lv\/wp-json\/wp\/v2\/comments?post=423"}],"version-history":[{"count":1,"href":"https:\/\/spinbetter.app\/lv\/wp-json\/wp\/v2\/pages\/423\/revisions"}],"predecessor-version":[{"id":424,"href":"https:\/\/spinbetter.app\/lv\/wp-json\/wp\/v2\/pages\/423\/revisions\/424"}],"up":[{"embeddable":true,"href":"https:\/\/spinbetter.app\/lv\/wp-json\/wp\/v2\/pages\/152"}],"wp:attachment":[{"href":"https:\/\/spinbetter.app\/lv\/wp-json\/wp\/v2\/media?parent=423"}],"curies":[{"name":"wp","href":"https:\/\/api.w.org\/{rel}","templated":true}]}}