{"id":200,"date":"2024-10-22T10:19:21","date_gmt":"2024-10-22T10:19:21","guid":{"rendered":"https:\/\/spinbetter.app\/no\/?page_id=200"},"modified":"2025-06-19T21:24:17","modified_gmt":"2025-06-19T21:24:17","slug":"login","status":"publish","type":"page","link":"https:\/\/spinbetter.app\/no\/login\/","title":{"rendered":"Logg inn"},"content":{"rendered":"","protected":false},"excerpt":{"rendered":"","protected":false},"author":1,"featured_media":0,"parent":0,"menu_order":0,"comment_status":"closed","ping_status":"closed","template":"","meta":{"footnotes":""},"class_list":["post-200","page","type-page","status-publish","hentry"],"yoast_head":"<!-- This site is optimized with the Yoast SEO plugin v23.4 - https:\/\/yoast.com\/wordpress\/plugins\/seo\/ -->\n<title>SpinBetter-p\u00e5logging | Min konto &gt; Autorisasjon av nettstedet<\/title>\n<meta name=\"description\" content=\"Logg inn p\u00e5 SpinBetter-kontoen din via den offisielle nettsiden. Autoriser deg til \u00e5 spille p\u00e5 sport og casino, f\u00e5 tilgang til bonuser og administrer kontoen din.\" \/>\n<meta name=\"robots\" content=\"index, follow, max-snippet:-1, max-image-preview:large, max-video-preview:-1\" \/>\n<meta property=\"og:locale\" content=\"nn_NO\" \/>\n<meta property=\"og:type\" content=\"article\" \/>\n<meta property=\"og:title\" content=\"SpinBetter-p\u00e5logging | Min konto &gt; Autorisasjon av nettstedet\" \/>\n<meta property=\"og:description\" content=\"Logg inn p\u00e5 SpinBetter-kontoen din via den offisielle nettsiden. Autoriser deg til \u00e5 spille p\u00e5 sport og casino, f\u00e5 tilgang til bonuser og administrer kontoen din.\" \/>\n<meta property=\"og:url\" content=\"https:\/\/spinbetter.app\/no\/login\/\" \/>\n<meta property=\"og:site_name\" content=\"Spinbetter APP NO\" \/>\n<meta property=\"article:modified_time\" content=\"2025-06-19T21:24:17+00:00\" \/>\n<meta name=\"twitter:card\" content=\"summary_large_image\" \/>\n<script type=\"application\/ld+json\" class=\"yoast-schema-graph\">{\"@context\":\"https:\/\/schema.org\",\"@graph\":[{\"@type\":\"WebPage\",\"@id\":\"https:\/\/spinbetter.app\/no\/login\/\",\"url\":\"https:\/\/spinbetter.app\/no\/login\/\",\"name\":\"SpinBetter-p\u00e5logging | Min konto > Autorisasjon av nettstedet\",\"isPartOf\":{\"@id\":\"https:\/\/spinbetter.app\/no\/#website\"},\"datePublished\":\"2024-10-22T10:19:21+00:00\",\"dateModified\":\"2025-06-19T21:24:17+00:00\",\"description\":\"Logg inn p\u00e5 SpinBetter-kontoen din via den offisielle nettsiden. Autoriser deg til \u00e5 spille p\u00e5 sport og casino, f\u00e5 tilgang til bonuser og administrer kontoen din.\",\"breadcrumb\":{\"@id\":\"https:\/\/spinbetter.app\/no\/login\/#breadcrumb\"},\"inLanguage\":\"nn-NO\",\"potentialAction\":[{\"@type\":\"ReadAction\",\"target\":[\"https:\/\/spinbetter.app\/no\/login\/\"]}]},{\"@type\":\"BreadcrumbList\",\"@id\":\"https:\/\/spinbetter.app\/no\/login\/#breadcrumb\",\"itemListElement\":[{\"@type\":\"ListItem\",\"position\":1,\"name\":\"Home\",\"item\":\"https:\/\/spinbetter.app\/no\/\"},{\"@type\":\"ListItem\",\"position\":2,\"name\":\"Logg inn\"}]},{\"@type\":\"WebSite\",\"@id\":\"https:\/\/spinbetter.app\/no\/#website\",\"url\":\"https:\/\/spinbetter.app\/no\/\",\"name\":\"Spinbetter APP NO\",\"description\":\"\",\"potentialAction\":[{\"@type\":\"SearchAction\",\"target\":{\"@type\":\"EntryPoint\",\"urlTemplate\":\"https:\/\/spinbetter.app\/no\/?s={search_term_string}\"},\"query-input\":{\"@type\":\"PropertyValueSpecification\",\"valueRequired\":true,\"valueName\":\"search_term_string\"}}],\"inLanguage\":\"nn-NO\"}]}<\/script>\n<!-- \/ Yoast SEO plugin. -->","yoast_head_json":{"title":"SpinBetter-p\u00e5logging | Min konto > Autorisasjon av nettstedet","description":"Logg inn p\u00e5 SpinBetter-kontoen din via den offisielle nettsiden. Autoriser deg til \u00e5 spille p\u00e5 sport og casino, f\u00e5 tilgang til bonuser og administrer kontoen din.","robots":{"index":"index","follow":"follow","max-snippet":"max-snippet:-1","max-image-preview":"max-image-preview:large","max-video-preview":"max-video-preview:-1"},"og_locale":"nn_NO","og_type":"article","og_title":"SpinBetter-p\u00e5logging | Min konto > Autorisasjon av nettstedet","og_description":"Logg inn p\u00e5 SpinBetter-kontoen din via den offisielle nettsiden. Autoriser deg til \u00e5 spille p\u00e5 sport og casino, f\u00e5 tilgang til bonuser og administrer kontoen din.","og_url":"https:\/\/spinbetter.app\/no\/login\/","og_site_name":"Spinbetter APP NO","article_modified_time":"2025-06-19T21:24:17+00:00","twitter_card":"summary_large_image","schema":{"@context":"https:\/\/schema.org","@graph":[{"@type":"WebPage","@id":"https:\/\/spinbetter.app\/no\/login\/","url":"https:\/\/spinbetter.app\/no\/login\/","name":"SpinBetter-p\u00e5logging | Min konto > Autorisasjon av nettstedet","isPartOf":{"@id":"https:\/\/spinbetter.app\/no\/#website"},"datePublished":"2024-10-22T10:19:21+00:00","dateModified":"2025-06-19T21:24:17+00:00","description":"Logg inn p\u00e5 SpinBetter-kontoen din via den offisielle nettsiden. Autoriser deg til \u00e5 spille p\u00e5 sport og casino, f\u00e5 tilgang til bonuser og administrer kontoen din.","breadcrumb":{"@id":"https:\/\/spinbetter.app\/no\/login\/#breadcrumb"},"inLanguage":"nn-NO","potentialAction":[{"@type":"ReadAction","target":["https:\/\/spinbetter.app\/no\/login\/"]}]},{"@type":"BreadcrumbList","@id":"https:\/\/spinbetter.app\/no\/login\/#breadcrumb","itemListElement":[{"@type":"ListItem","position":1,"name":"Home","item":"https:\/\/spinbetter.app\/no\/"},{"@type":"ListItem","position":2,"name":"Logg inn"}]},{"@type":"WebSite","@id":"https:\/\/spinbetter.app\/no\/#website","url":"https:\/\/spinbetter.app\/no\/","name":"Spinbetter APP NO","description":"","potentialAction":[{"@type":"SearchAction","target":{"@type":"EntryPoint","urlTemplate":"https:\/\/spinbetter.app\/no\/?s={search_term_string}"},"query-input":{"@type":"PropertyValueSpecification","valueRequired":true,"valueName":"search_term_string"}}],"inLanguage":"nn-NO"}]}},"_links":{"self":[{"href":"https:\/\/spinbetter.app\/no\/wp-json\/wp\/v2\/pages\/200"}],"collection":[{"href":"https:\/\/spinbetter.app\/no\/wp-json\/wp\/v2\/pages"}],"about":[{"href":"https:\/\/spinbetter.app\/no\/wp-json\/wp\/v2\/types\/page"}],"author":[{"embeddable":true,"href":"https:\/\/spinbetter.app\/no\/wp-json\/wp\/v2\/users\/1"}],"replies":[{"embeddable":true,"href":"https:\/\/spinbetter.app\/no\/wp-json\/wp\/v2\/comments?post=200"}],"version-history":[{"count":12,"href":"https:\/\/spinbetter.app\/no\/wp-json\/wp\/v2\/pages\/200\/revisions"}],"predecessor-version":[{"id":400,"href":"https:\/\/spinbetter.app\/no\/wp-json\/wp\/v2\/pages\/200\/revisions\/400"}],"wp:attachment":[{"href":"https:\/\/spinbetter.app\/no\/wp-json\/wp\/v2\/media?parent=200"}],"curies":[{"name":"wp","href":"https:\/\/api.w.org\/{rel}","templated":true}]}}