{"id":223,"date":"2024-10-22T10:19:08","date_gmt":"2024-10-22T10:19:08","guid":{"rendered":"https:\/\/spinbetter.app\/no\/?page_id=223"},"modified":"2025-06-19T21:25:14","modified_gmt":"2025-06-19T21:25:14","slug":"download","status":"publish","type":"page","link":"https:\/\/spinbetter.app\/no\/download\/","title":{"rendered":"Last ned"},"content":{"rendered":"","protected":false},"excerpt":{"rendered":"","protected":false},"author":1,"featured_media":0,"parent":0,"menu_order":0,"comment_status":"closed","ping_status":"closed","template":"","meta":{"footnotes":""},"class_list":["post-223","page","type-page","status-publish","hentry"],"yoast_head":"<!-- This site is optimized with the Yoast SEO plugin v23.4 - https:\/\/yoast.com\/wordpress\/plugins\/seo\/ -->\n<title>Last ned SpinBetter &gt; Mobilapplikasjon for Android og iOS<\/title>\n<meta name=\"description\" content=\"Last ned SpinBetters mobilapplikasjon p\u00e5 Android og iOS. Praktisk sports- og casinospill, bonuser for nye spillere. Begynn \u00e5 spille n\u00e5!\" \/>\n<meta name=\"robots\" content=\"index, follow, max-snippet:-1, max-image-preview:large, max-video-preview:-1\" \/>\n<meta property=\"og:locale\" content=\"nn_NO\" \/>\n<meta property=\"og:type\" content=\"article\" \/>\n<meta property=\"og:title\" content=\"Last ned SpinBetter &gt; Mobilapplikasjon for Android og iOS\" \/>\n<meta property=\"og:description\" content=\"Last ned SpinBetters mobilapplikasjon p\u00e5 Android og iOS. Praktisk sports- og casinospill, bonuser for nye spillere. Begynn \u00e5 spille n\u00e5!\" \/>\n<meta property=\"og:url\" content=\"https:\/\/spinbetter.app\/no\/download\/\" \/>\n<meta property=\"og:site_name\" content=\"Spinbetter APP NO\" \/>\n<meta property=\"article:modified_time\" content=\"2025-06-19T21:25:14+00:00\" \/>\n<meta name=\"twitter:card\" content=\"summary_large_image\" \/>\n<script type=\"application\/ld+json\" class=\"yoast-schema-graph\">{\"@context\":\"https:\/\/schema.org\",\"@graph\":[{\"@type\":\"WebPage\",\"@id\":\"https:\/\/spinbetter.app\/no\/download\/\",\"url\":\"https:\/\/spinbetter.app\/no\/download\/\",\"name\":\"Last ned SpinBetter > Mobilapplikasjon for Android og iOS\",\"isPartOf\":{\"@id\":\"https:\/\/spinbetter.app\/no\/#website\"},\"datePublished\":\"2024-10-22T10:19:08+00:00\",\"dateModified\":\"2025-06-19T21:25:14+00:00\",\"description\":\"Last ned SpinBetters mobilapplikasjon p\u00e5 Android og iOS. Praktisk sports- og casinospill, bonuser for nye spillere. Begynn \u00e5 spille n\u00e5!\",\"breadcrumb\":{\"@id\":\"https:\/\/spinbetter.app\/no\/download\/#breadcrumb\"},\"inLanguage\":\"nn-NO\",\"potentialAction\":[{\"@type\":\"ReadAction\",\"target\":[\"https:\/\/spinbetter.app\/no\/download\/\"]}]},{\"@type\":\"BreadcrumbList\",\"@id\":\"https:\/\/spinbetter.app\/no\/download\/#breadcrumb\",\"itemListElement\":[{\"@type\":\"ListItem\",\"position\":1,\"name\":\"Home\",\"item\":\"https:\/\/spinbetter.app\/no\/\"},{\"@type\":\"ListItem\",\"position\":2,\"name\":\"Last ned\"}]},{\"@type\":\"WebSite\",\"@id\":\"https:\/\/spinbetter.app\/no\/#website\",\"url\":\"https:\/\/spinbetter.app\/no\/\",\"name\":\"Spinbetter APP NO\",\"description\":\"\",\"potentialAction\":[{\"@type\":\"SearchAction\",\"target\":{\"@type\":\"EntryPoint\",\"urlTemplate\":\"https:\/\/spinbetter.app\/no\/?s={search_term_string}\"},\"query-input\":{\"@type\":\"PropertyValueSpecification\",\"valueRequired\":true,\"valueName\":\"search_term_string\"}}],\"inLanguage\":\"nn-NO\"}]}<\/script>\n<!-- \/ Yoast SEO plugin. -->","yoast_head_json":{"title":"Last ned SpinBetter > Mobilapplikasjon for Android og iOS","description":"Last ned SpinBetters mobilapplikasjon p\u00e5 Android og iOS. Praktisk sports- og casinospill, bonuser for nye spillere. Begynn \u00e5 spille n\u00e5!","robots":{"index":"index","follow":"follow","max-snippet":"max-snippet:-1","max-image-preview":"max-image-preview:large","max-video-preview":"max-video-preview:-1"},"og_locale":"nn_NO","og_type":"article","og_title":"Last ned SpinBetter > Mobilapplikasjon for Android og iOS","og_description":"Last ned SpinBetters mobilapplikasjon p\u00e5 Android og iOS. Praktisk sports- og casinospill, bonuser for nye spillere. Begynn \u00e5 spille n\u00e5!","og_url":"https:\/\/spinbetter.app\/no\/download\/","og_site_name":"Spinbetter APP NO","article_modified_time":"2025-06-19T21:25:14+00:00","twitter_card":"summary_large_image","schema":{"@context":"https:\/\/schema.org","@graph":[{"@type":"WebPage","@id":"https:\/\/spinbetter.app\/no\/download\/","url":"https:\/\/spinbetter.app\/no\/download\/","name":"Last ned SpinBetter > Mobilapplikasjon for Android og iOS","isPartOf":{"@id":"https:\/\/spinbetter.app\/no\/#website"},"datePublished":"2024-10-22T10:19:08+00:00","dateModified":"2025-06-19T21:25:14+00:00","description":"Last ned SpinBetters mobilapplikasjon p\u00e5 Android og iOS. Praktisk sports- og casinospill, bonuser for nye spillere. Begynn \u00e5 spille n\u00e5!","breadcrumb":{"@id":"https:\/\/spinbetter.app\/no\/download\/#breadcrumb"},"inLanguage":"nn-NO","potentialAction":[{"@type":"ReadAction","target":["https:\/\/spinbetter.app\/no\/download\/"]}]},{"@type":"BreadcrumbList","@id":"https:\/\/spinbetter.app\/no\/download\/#breadcrumb","itemListElement":[{"@type":"ListItem","position":1,"name":"Home","item":"https:\/\/spinbetter.app\/no\/"},{"@type":"ListItem","position":2,"name":"Last ned"}]},{"@type":"WebSite","@id":"https:\/\/spinbetter.app\/no\/#website","url":"https:\/\/spinbetter.app\/no\/","name":"Spinbetter APP NO","description":"","potentialAction":[{"@type":"SearchAction","target":{"@type":"EntryPoint","urlTemplate":"https:\/\/spinbetter.app\/no\/?s={search_term_string}"},"query-input":{"@type":"PropertyValueSpecification","valueRequired":true,"valueName":"search_term_string"}}],"inLanguage":"nn-NO"}]}},"_links":{"self":[{"href":"https:\/\/spinbetter.app\/no\/wp-json\/wp\/v2\/pages\/223"}],"collection":[{"href":"https:\/\/spinbetter.app\/no\/wp-json\/wp\/v2\/pages"}],"about":[{"href":"https:\/\/spinbetter.app\/no\/wp-json\/wp\/v2\/types\/page"}],"author":[{"embeddable":true,"href":"https:\/\/spinbetter.app\/no\/wp-json\/wp\/v2\/users\/1"}],"replies":[{"embeddable":true,"href":"https:\/\/spinbetter.app\/no\/wp-json\/wp\/v2\/comments?post=223"}],"version-history":[{"count":16,"href":"https:\/\/spinbetter.app\/no\/wp-json\/wp\/v2\/pages\/223\/revisions"}],"predecessor-version":[{"id":395,"href":"https:\/\/spinbetter.app\/no\/wp-json\/wp\/v2\/pages\/223\/revisions\/395"}],"wp:attachment":[{"href":"https:\/\/spinbetter.app\/no\/wp-json\/wp\/v2\/media?parent=223"}],"curies":[{"name":"wp","href":"https:\/\/api.w.org\/{rel}","templated":true}]}}