{"id":230,"date":"2024-10-22T10:19:38","date_gmt":"2024-10-22T10:19:38","guid":{"rendered":"https:\/\/spinbetter.app\/no\/?page_id=230"},"modified":"2025-06-19T21:25:40","modified_gmt":"2025-06-19T21:25:40","slug":"mirror","status":"publish","type":"page","link":"https:\/\/spinbetter.app\/no\/mirror\/","title":{"rendered":"Speil"},"content":{"rendered":"","protected":false},"excerpt":{"rendered":"","protected":false},"author":1,"featured_media":0,"parent":0,"menu_order":0,"comment_status":"closed","ping_status":"closed","template":"","meta":{"footnotes":""},"class_list":["post-230","page","type-page","status-publish","hentry"],"yoast_head":"<!-- This site is optimized with the Yoast SEO plugin v23.4 - https:\/\/yoast.com\/wordpress\/plugins\/seo\/ -->\n<title>SpinBetter-speil for \u00e5 f\u00e5 tilgang til nettstedet &gt; Omg\u00e5 blokkering<\/title>\n<meta name=\"description\" content=\"Trenger du tilgang til SpinBetter? Bruk oppdaterte speil for \u00e5 omg\u00e5 blokkeringer og logge inn p\u00e5 plattformen. Finn ut detaljene i artikkelen.\" \/>\n<meta name=\"robots\" content=\"index, follow, max-snippet:-1, max-image-preview:large, max-video-preview:-1\" \/>\n<meta property=\"og:locale\" content=\"nn_NO\" \/>\n<meta property=\"og:type\" content=\"article\" \/>\n<meta property=\"og:title\" content=\"SpinBetter-speil for \u00e5 f\u00e5 tilgang til nettstedet &gt; Omg\u00e5 blokkering\" \/>\n<meta property=\"og:description\" content=\"Trenger du tilgang til SpinBetter? Bruk oppdaterte speil for \u00e5 omg\u00e5 blokkeringer og logge inn p\u00e5 plattformen. Finn ut detaljene i artikkelen.\" \/>\n<meta property=\"og:url\" content=\"https:\/\/spinbetter.app\/no\/mirror\/\" \/>\n<meta property=\"og:site_name\" content=\"Spinbetter APP NO\" \/>\n<meta property=\"article:modified_time\" content=\"2025-06-19T21:25:40+00:00\" \/>\n<meta name=\"twitter:card\" content=\"summary_large_image\" \/>\n<script type=\"application\/ld+json\" class=\"yoast-schema-graph\">{\"@context\":\"https:\/\/schema.org\",\"@graph\":[{\"@type\":\"WebPage\",\"@id\":\"https:\/\/spinbetter.app\/no\/mirror\/\",\"url\":\"https:\/\/spinbetter.app\/no\/mirror\/\",\"name\":\"SpinBetter-speil for \u00e5 f\u00e5 tilgang til nettstedet > Omg\u00e5 blokkering\",\"isPartOf\":{\"@id\":\"https:\/\/spinbetter.app\/no\/#website\"},\"datePublished\":\"2024-10-22T10:19:38+00:00\",\"dateModified\":\"2025-06-19T21:25:40+00:00\",\"description\":\"Trenger du tilgang til SpinBetter? Bruk oppdaterte speil for \u00e5 omg\u00e5 blokkeringer og logge inn p\u00e5 plattformen. Finn ut detaljene i artikkelen.\",\"breadcrumb\":{\"@id\":\"https:\/\/spinbetter.app\/no\/mirror\/#breadcrumb\"},\"inLanguage\":\"nn-NO\",\"potentialAction\":[{\"@type\":\"ReadAction\",\"target\":[\"https:\/\/spinbetter.app\/no\/mirror\/\"]}]},{\"@type\":\"BreadcrumbList\",\"@id\":\"https:\/\/spinbetter.app\/no\/mirror\/#breadcrumb\",\"itemListElement\":[{\"@type\":\"ListItem\",\"position\":1,\"name\":\"Home\",\"item\":\"https:\/\/spinbetter.app\/no\/\"},{\"@type\":\"ListItem\",\"position\":2,\"name\":\"Speil\"}]},{\"@type\":\"WebSite\",\"@id\":\"https:\/\/spinbetter.app\/no\/#website\",\"url\":\"https:\/\/spinbetter.app\/no\/\",\"name\":\"Spinbetter APP NO\",\"description\":\"\",\"potentialAction\":[{\"@type\":\"SearchAction\",\"target\":{\"@type\":\"EntryPoint\",\"urlTemplate\":\"https:\/\/spinbetter.app\/no\/?s={search_term_string}\"},\"query-input\":{\"@type\":\"PropertyValueSpecification\",\"valueRequired\":true,\"valueName\":\"search_term_string\"}}],\"inLanguage\":\"nn-NO\"}]}<\/script>\n<!-- \/ Yoast SEO plugin. -->","yoast_head_json":{"title":"SpinBetter-speil for \u00e5 f\u00e5 tilgang til nettstedet > Omg\u00e5 blokkering","description":"Trenger du tilgang til SpinBetter? Bruk oppdaterte speil for \u00e5 omg\u00e5 blokkeringer og logge inn p\u00e5 plattformen. Finn ut detaljene i artikkelen.","robots":{"index":"index","follow":"follow","max-snippet":"max-snippet:-1","max-image-preview":"max-image-preview:large","max-video-preview":"max-video-preview:-1"},"og_locale":"nn_NO","og_type":"article","og_title":"SpinBetter-speil for \u00e5 f\u00e5 tilgang til nettstedet > Omg\u00e5 blokkering","og_description":"Trenger du tilgang til SpinBetter? Bruk oppdaterte speil for \u00e5 omg\u00e5 blokkeringer og logge inn p\u00e5 plattformen. Finn ut detaljene i artikkelen.","og_url":"https:\/\/spinbetter.app\/no\/mirror\/","og_site_name":"Spinbetter APP NO","article_modified_time":"2025-06-19T21:25:40+00:00","twitter_card":"summary_large_image","schema":{"@context":"https:\/\/schema.org","@graph":[{"@type":"WebPage","@id":"https:\/\/spinbetter.app\/no\/mirror\/","url":"https:\/\/spinbetter.app\/no\/mirror\/","name":"SpinBetter-speil for \u00e5 f\u00e5 tilgang til nettstedet > Omg\u00e5 blokkering","isPartOf":{"@id":"https:\/\/spinbetter.app\/no\/#website"},"datePublished":"2024-10-22T10:19:38+00:00","dateModified":"2025-06-19T21:25:40+00:00","description":"Trenger du tilgang til SpinBetter? Bruk oppdaterte speil for \u00e5 omg\u00e5 blokkeringer og logge inn p\u00e5 plattformen. Finn ut detaljene i artikkelen.","breadcrumb":{"@id":"https:\/\/spinbetter.app\/no\/mirror\/#breadcrumb"},"inLanguage":"nn-NO","potentialAction":[{"@type":"ReadAction","target":["https:\/\/spinbetter.app\/no\/mirror\/"]}]},{"@type":"BreadcrumbList","@id":"https:\/\/spinbetter.app\/no\/mirror\/#breadcrumb","itemListElement":[{"@type":"ListItem","position":1,"name":"Home","item":"https:\/\/spinbetter.app\/no\/"},{"@type":"ListItem","position":2,"name":"Speil"}]},{"@type":"WebSite","@id":"https:\/\/spinbetter.app\/no\/#website","url":"https:\/\/spinbetter.app\/no\/","name":"Spinbetter APP NO","description":"","potentialAction":[{"@type":"SearchAction","target":{"@type":"EntryPoint","urlTemplate":"https:\/\/spinbetter.app\/no\/?s={search_term_string}"},"query-input":{"@type":"PropertyValueSpecification","valueRequired":true,"valueName":"search_term_string"}}],"inLanguage":"nn-NO"}]}},"_links":{"self":[{"href":"https:\/\/spinbetter.app\/no\/wp-json\/wp\/v2\/pages\/230"}],"collection":[{"href":"https:\/\/spinbetter.app\/no\/wp-json\/wp\/v2\/pages"}],"about":[{"href":"https:\/\/spinbetter.app\/no\/wp-json\/wp\/v2\/types\/page"}],"author":[{"embeddable":true,"href":"https:\/\/spinbetter.app\/no\/wp-json\/wp\/v2\/users\/1"}],"replies":[{"embeddable":true,"href":"https:\/\/spinbetter.app\/no\/wp-json\/wp\/v2\/comments?post=230"}],"version-history":[{"count":13,"href":"https:\/\/spinbetter.app\/no\/wp-json\/wp\/v2\/pages\/230\/revisions"}],"predecessor-version":[{"id":392,"href":"https:\/\/spinbetter.app\/no\/wp-json\/wp\/v2\/pages\/230\/revisions\/392"}],"wp:attachment":[{"href":"https:\/\/spinbetter.app\/no\/wp-json\/wp\/v2\/media?parent=230"}],"curies":[{"name":"wp","href":"https:\/\/api.w.org\/{rel}","templated":true}]}}