{"id":420,"date":"2025-07-01T13:35:01","date_gmt":"2025-07-01T13:35:01","guid":{"rendered":"https:\/\/spinbetter.app\/no\/?page_id=420"},"modified":"2025-07-01T13:35:09","modified_gmt":"2025-07-01T13:35:09","slug":"bad-bets","status":"publish","type":"page","link":"https:\/\/spinbetter.app\/no\/bonus\/bad-bets\/","title":{"rendered":"D\u00e5rlige spill"},"content":{"rendered":"","protected":false},"excerpt":{"rendered":"","protected":false},"author":1,"featured_media":0,"parent":152,"menu_order":0,"comment_status":"closed","ping_status":"closed","template":"","meta":{"footnotes":""},"class_list":["post-420","page","type-page","status-publish","hentry"],"yoast_head":"<!-- This site is optimized with the Yoast SEO plugin v23.4 - https:\/\/yoast.com\/wordpress\/plugins\/seo\/ -->\n<title>SpinBetter-bonus for mislykkede spill \ud83e\udc12 opptil 500 EUR<\/title>\n<meta name=\"description\" content=\"Tapte du 20 spill p\u00e5 rad? F\u00e5 en bonus p\u00e5 opptil 500 EUR, avhengig av bel\u00f8pet p\u00e5 innsatsene dine. SpinBetter casino st\u00f8tter spillerne sine selv i vanskelige \u00f8yeblikk!\" \/>\n<meta name=\"robots\" content=\"index, follow, max-snippet:-1, max-image-preview:large, max-video-preview:-1\" \/>\n<meta property=\"og:locale\" content=\"nn_NO\" \/>\n<meta property=\"og:type\" content=\"article\" \/>\n<meta property=\"og:title\" content=\"SpinBetter-bonus for mislykkede spill \ud83e\udc12 opptil 500 EUR\" \/>\n<meta property=\"og:description\" content=\"Tapte du 20 spill p\u00e5 rad? F\u00e5 en bonus p\u00e5 opptil 500 EUR, avhengig av bel\u00f8pet p\u00e5 innsatsene dine. SpinBetter casino st\u00f8tter spillerne sine selv i vanskelige \u00f8yeblikk!\" \/>\n<meta property=\"og:url\" content=\"https:\/\/spinbetter.app\/no\/bonus\/bad-bets\/\" \/>\n<meta property=\"og:site_name\" content=\"Spinbetter APP NO\" \/>\n<meta property=\"article:modified_time\" content=\"2025-07-01T13:35:09+00:00\" \/>\n<meta name=\"twitter:card\" content=\"summary_large_image\" \/>\n<script type=\"application\/ld+json\" class=\"yoast-schema-graph\">{\"@context\":\"https:\/\/schema.org\",\"@graph\":[{\"@type\":\"WebPage\",\"@id\":\"https:\/\/spinbetter.app\/no\/bonus\/bad-bets\/\",\"url\":\"https:\/\/spinbetter.app\/no\/bonus\/bad-bets\/\",\"name\":\"SpinBetter-bonus for mislykkede spill \ud83e\udc12 opptil 500 EUR\",\"isPartOf\":{\"@id\":\"https:\/\/spinbetter.app\/no\/#website\"},\"datePublished\":\"2025-07-01T13:35:01+00:00\",\"dateModified\":\"2025-07-01T13:35:09+00:00\",\"description\":\"Tapte du 20 spill p\u00e5 rad? F\u00e5 en bonus p\u00e5 opptil 500 EUR, avhengig av bel\u00f8pet p\u00e5 innsatsene dine. SpinBetter casino st\u00f8tter spillerne sine selv i vanskelige \u00f8yeblikk!\",\"breadcrumb\":{\"@id\":\"https:\/\/spinbetter.app\/no\/bonus\/bad-bets\/#breadcrumb\"},\"inLanguage\":\"nn-NO\",\"potentialAction\":[{\"@type\":\"ReadAction\",\"target\":[\"https:\/\/spinbetter.app\/no\/bonus\/bad-bets\/\"]}]},{\"@type\":\"BreadcrumbList\",\"@id\":\"https:\/\/spinbetter.app\/no\/bonus\/bad-bets\/#breadcrumb\",\"itemListElement\":[{\"@type\":\"ListItem\",\"position\":1,\"name\":\"Home\",\"item\":\"https:\/\/spinbetter.app\/no\/\"},{\"@type\":\"ListItem\",\"position\":2,\"name\":\"Bonuser\",\"item\":\"https:\/\/spinbetter.app\/no\/bonus\/\"},{\"@type\":\"ListItem\",\"position\":3,\"name\":\"D\u00e5rlige spill\"}]},{\"@type\":\"WebSite\",\"@id\":\"https:\/\/spinbetter.app\/no\/#website\",\"url\":\"https:\/\/spinbetter.app\/no\/\",\"name\":\"Spinbetter APP NO\",\"description\":\"\",\"potentialAction\":[{\"@type\":\"SearchAction\",\"target\":{\"@type\":\"EntryPoint\",\"urlTemplate\":\"https:\/\/spinbetter.app\/no\/?s={search_term_string}\"},\"query-input\":{\"@type\":\"PropertyValueSpecification\",\"valueRequired\":true,\"valueName\":\"search_term_string\"}}],\"inLanguage\":\"nn-NO\"}]}<\/script>\n<!-- \/ Yoast SEO plugin. -->","yoast_head_json":{"title":"SpinBetter-bonus for mislykkede spill \ud83e\udc12 opptil 500 EUR","description":"Tapte du 20 spill p\u00e5 rad? F\u00e5 en bonus p\u00e5 opptil 500 EUR, avhengig av bel\u00f8pet p\u00e5 innsatsene dine. SpinBetter casino st\u00f8tter spillerne sine selv i vanskelige \u00f8yeblikk!","robots":{"index":"index","follow":"follow","max-snippet":"max-snippet:-1","max-image-preview":"max-image-preview:large","max-video-preview":"max-video-preview:-1"},"og_locale":"nn_NO","og_type":"article","og_title":"SpinBetter-bonus for mislykkede spill \ud83e\udc12 opptil 500 EUR","og_description":"Tapte du 20 spill p\u00e5 rad? F\u00e5 en bonus p\u00e5 opptil 500 EUR, avhengig av bel\u00f8pet p\u00e5 innsatsene dine. SpinBetter casino st\u00f8tter spillerne sine selv i vanskelige \u00f8yeblikk!","og_url":"https:\/\/spinbetter.app\/no\/bonus\/bad-bets\/","og_site_name":"Spinbetter APP NO","article_modified_time":"2025-07-01T13:35:09+00:00","twitter_card":"summary_large_image","schema":{"@context":"https:\/\/schema.org","@graph":[{"@type":"WebPage","@id":"https:\/\/spinbetter.app\/no\/bonus\/bad-bets\/","url":"https:\/\/spinbetter.app\/no\/bonus\/bad-bets\/","name":"SpinBetter-bonus for mislykkede spill \ud83e\udc12 opptil 500 EUR","isPartOf":{"@id":"https:\/\/spinbetter.app\/no\/#website"},"datePublished":"2025-07-01T13:35:01+00:00","dateModified":"2025-07-01T13:35:09+00:00","description":"Tapte du 20 spill p\u00e5 rad? F\u00e5 en bonus p\u00e5 opptil 500 EUR, avhengig av bel\u00f8pet p\u00e5 innsatsene dine. SpinBetter casino st\u00f8tter spillerne sine selv i vanskelige \u00f8yeblikk!","breadcrumb":{"@id":"https:\/\/spinbetter.app\/no\/bonus\/bad-bets\/#breadcrumb"},"inLanguage":"nn-NO","potentialAction":[{"@type":"ReadAction","target":["https:\/\/spinbetter.app\/no\/bonus\/bad-bets\/"]}]},{"@type":"BreadcrumbList","@id":"https:\/\/spinbetter.app\/no\/bonus\/bad-bets\/#breadcrumb","itemListElement":[{"@type":"ListItem","position":1,"name":"Home","item":"https:\/\/spinbetter.app\/no\/"},{"@type":"ListItem","position":2,"name":"Bonuser","item":"https:\/\/spinbetter.app\/no\/bonus\/"},{"@type":"ListItem","position":3,"name":"D\u00e5rlige spill"}]},{"@type":"WebSite","@id":"https:\/\/spinbetter.app\/no\/#website","url":"https:\/\/spinbetter.app\/no\/","name":"Spinbetter APP NO","description":"","potentialAction":[{"@type":"SearchAction","target":{"@type":"EntryPoint","urlTemplate":"https:\/\/spinbetter.app\/no\/?s={search_term_string}"},"query-input":{"@type":"PropertyValueSpecification","valueRequired":true,"valueName":"search_term_string"}}],"inLanguage":"nn-NO"}]}},"_links":{"self":[{"href":"https:\/\/spinbetter.app\/no\/wp-json\/wp\/v2\/pages\/420"}],"collection":[{"href":"https:\/\/spinbetter.app\/no\/wp-json\/wp\/v2\/pages"}],"about":[{"href":"https:\/\/spinbetter.app\/no\/wp-json\/wp\/v2\/types\/page"}],"author":[{"embeddable":true,"href":"https:\/\/spinbetter.app\/no\/wp-json\/wp\/v2\/users\/1"}],"replies":[{"embeddable":true,"href":"https:\/\/spinbetter.app\/no\/wp-json\/wp\/v2\/comments?post=420"}],"version-history":[{"count":1,"href":"https:\/\/spinbetter.app\/no\/wp-json\/wp\/v2\/pages\/420\/revisions"}],"predecessor-version":[{"id":421,"href":"https:\/\/spinbetter.app\/no\/wp-json\/wp\/v2\/pages\/420\/revisions\/421"}],"up":[{"embeddable":true,"href":"https:\/\/spinbetter.app\/no\/wp-json\/wp\/v2\/pages\/152"}],"wp:attachment":[{"href":"https:\/\/spinbetter.app\/no\/wp-json\/wp\/v2\/media?parent=420"}],"curies":[{"name":"wp","href":"https:\/\/api.w.org\/{rel}","templated":true}]}}