{"id":223,"date":"2024-10-22T10:19:08","date_gmt":"2024-10-22T10:19:08","guid":{"rendered":"https:\/\/spinbetter.app\/pl\/?page_id=223"},"modified":"2025-06-19T21:30:32","modified_gmt":"2025-06-19T21:30:32","slug":"download","status":"publish","type":"page","link":"https:\/\/spinbetter.app\/pl\/download\/","title":{"rendered":"Pobierz"},"content":{"rendered":"","protected":false},"excerpt":{"rendered":"","protected":false},"author":1,"featured_media":0,"parent":0,"menu_order":0,"comment_status":"closed","ping_status":"closed","template":"","meta":{"footnotes":""},"class_list":["post-223","page","type-page","status-publish","hentry"],"yoast_head":"<!-- This site is optimized with the Yoast SEO plugin v23.4 - https:\/\/yoast.com\/wordpress\/plugins\/seo\/ -->\n<title>Pobierz SpinBetter &gt; Aplikacja mobilna na Androida i iOS<\/title>\n<meta name=\"description\" content=\"Pobierz aplikacj\u0119 mobiln\u0105 SpinBetter na Androida i iOS. Wygodne zak\u0142ady sportowe i kasynowe, bonusy dla nowych graczy. Zacznij gra\u0107 ju\u017c teraz!\" \/>\n<meta name=\"robots\" content=\"index, follow, max-snippet:-1, max-image-preview:large, max-video-preview:-1\" \/>\n<meta property=\"og:locale\" content=\"pl_PL\" \/>\n<meta property=\"og:type\" content=\"article\" \/>\n<meta property=\"og:title\" content=\"Pobierz SpinBetter &gt; Aplikacja mobilna na Androida i iOS\" \/>\n<meta property=\"og:description\" content=\"Pobierz aplikacj\u0119 mobiln\u0105 SpinBetter na Androida i iOS. Wygodne zak\u0142ady sportowe i kasynowe, bonusy dla nowych graczy. Zacznij gra\u0107 ju\u017c teraz!\" \/>\n<meta property=\"og:url\" content=\"https:\/\/spinbetter.app\/pl\/download\/\" \/>\n<meta property=\"og:site_name\" content=\"SpinBetter App PL\" \/>\n<meta property=\"article:modified_time\" content=\"2025-06-19T21:30:32+00:00\" \/>\n<meta name=\"twitter:card\" content=\"summary_large_image\" \/>\n<script type=\"application\/ld+json\" class=\"yoast-schema-graph\">{\"@context\":\"https:\/\/schema.org\",\"@graph\":[{\"@type\":\"WebPage\",\"@id\":\"https:\/\/spinbetter.app\/pl\/download\/\",\"url\":\"https:\/\/spinbetter.app\/pl\/download\/\",\"name\":\"Pobierz SpinBetter > Aplikacja mobilna na Androida i iOS\",\"isPartOf\":{\"@id\":\"https:\/\/spinbetter.app\/pl\/#website\"},\"datePublished\":\"2024-10-22T10:19:08+00:00\",\"dateModified\":\"2025-06-19T21:30:32+00:00\",\"description\":\"Pobierz aplikacj\u0119 mobiln\u0105 SpinBetter na Androida i iOS. Wygodne zak\u0142ady sportowe i kasynowe, bonusy dla nowych graczy. Zacznij gra\u0107 ju\u017c teraz!\",\"breadcrumb\":{\"@id\":\"https:\/\/spinbetter.app\/pl\/download\/#breadcrumb\"},\"inLanguage\":\"pl-PL\",\"potentialAction\":[{\"@type\":\"ReadAction\",\"target\":[\"https:\/\/spinbetter.app\/pl\/download\/\"]}]},{\"@type\":\"BreadcrumbList\",\"@id\":\"https:\/\/spinbetter.app\/pl\/download\/#breadcrumb\",\"itemListElement\":[{\"@type\":\"ListItem\",\"position\":1,\"name\":\"Home\",\"item\":\"https:\/\/spinbetter.app\/pl\/\"},{\"@type\":\"ListItem\",\"position\":2,\"name\":\"Pobierz\"}]},{\"@type\":\"WebSite\",\"@id\":\"https:\/\/spinbetter.app\/pl\/#website\",\"url\":\"https:\/\/spinbetter.app\/pl\/\",\"name\":\"SpinBetter App PL\",\"description\":\"\",\"potentialAction\":[{\"@type\":\"SearchAction\",\"target\":{\"@type\":\"EntryPoint\",\"urlTemplate\":\"https:\/\/spinbetter.app\/pl\/?s={search_term_string}\"},\"query-input\":{\"@type\":\"PropertyValueSpecification\",\"valueRequired\":true,\"valueName\":\"search_term_string\"}}],\"inLanguage\":\"pl-PL\"}]}<\/script>\n<!-- \/ Yoast SEO plugin. -->","yoast_head_json":{"title":"Pobierz SpinBetter > Aplikacja mobilna na Androida i iOS","description":"Pobierz aplikacj\u0119 mobiln\u0105 SpinBetter na Androida i iOS. Wygodne zak\u0142ady sportowe i kasynowe, bonusy dla nowych graczy. Zacznij gra\u0107 ju\u017c teraz!","robots":{"index":"index","follow":"follow","max-snippet":"max-snippet:-1","max-image-preview":"max-image-preview:large","max-video-preview":"max-video-preview:-1"},"og_locale":"pl_PL","og_type":"article","og_title":"Pobierz SpinBetter > Aplikacja mobilna na Androida i iOS","og_description":"Pobierz aplikacj\u0119 mobiln\u0105 SpinBetter na Androida i iOS. Wygodne zak\u0142ady sportowe i kasynowe, bonusy dla nowych graczy. Zacznij gra\u0107 ju\u017c teraz!","og_url":"https:\/\/spinbetter.app\/pl\/download\/","og_site_name":"SpinBetter App PL","article_modified_time":"2025-06-19T21:30:32+00:00","twitter_card":"summary_large_image","schema":{"@context":"https:\/\/schema.org","@graph":[{"@type":"WebPage","@id":"https:\/\/spinbetter.app\/pl\/download\/","url":"https:\/\/spinbetter.app\/pl\/download\/","name":"Pobierz SpinBetter > Aplikacja mobilna na Androida i iOS","isPartOf":{"@id":"https:\/\/spinbetter.app\/pl\/#website"},"datePublished":"2024-10-22T10:19:08+00:00","dateModified":"2025-06-19T21:30:32+00:00","description":"Pobierz aplikacj\u0119 mobiln\u0105 SpinBetter na Androida i iOS. Wygodne zak\u0142ady sportowe i kasynowe, bonusy dla nowych graczy. Zacznij gra\u0107 ju\u017c teraz!","breadcrumb":{"@id":"https:\/\/spinbetter.app\/pl\/download\/#breadcrumb"},"inLanguage":"pl-PL","potentialAction":[{"@type":"ReadAction","target":["https:\/\/spinbetter.app\/pl\/download\/"]}]},{"@type":"BreadcrumbList","@id":"https:\/\/spinbetter.app\/pl\/download\/#breadcrumb","itemListElement":[{"@type":"ListItem","position":1,"name":"Home","item":"https:\/\/spinbetter.app\/pl\/"},{"@type":"ListItem","position":2,"name":"Pobierz"}]},{"@type":"WebSite","@id":"https:\/\/spinbetter.app\/pl\/#website","url":"https:\/\/spinbetter.app\/pl\/","name":"SpinBetter App PL","description":"","potentialAction":[{"@type":"SearchAction","target":{"@type":"EntryPoint","urlTemplate":"https:\/\/spinbetter.app\/pl\/?s={search_term_string}"},"query-input":{"@type":"PropertyValueSpecification","valueRequired":true,"valueName":"search_term_string"}}],"inLanguage":"pl-PL"}]}},"_links":{"self":[{"href":"https:\/\/spinbetter.app\/pl\/wp-json\/wp\/v2\/pages\/223"}],"collection":[{"href":"https:\/\/spinbetter.app\/pl\/wp-json\/wp\/v2\/pages"}],"about":[{"href":"https:\/\/spinbetter.app\/pl\/wp-json\/wp\/v2\/types\/page"}],"author":[{"embeddable":true,"href":"https:\/\/spinbetter.app\/pl\/wp-json\/wp\/v2\/users\/1"}],"replies":[{"embeddable":true,"href":"https:\/\/spinbetter.app\/pl\/wp-json\/wp\/v2\/comments?post=223"}],"version-history":[{"count":13,"href":"https:\/\/spinbetter.app\/pl\/wp-json\/wp\/v2\/pages\/223\/revisions"}],"predecessor-version":[{"id":370,"href":"https:\/\/spinbetter.app\/pl\/wp-json\/wp\/v2\/pages\/223\/revisions\/370"}],"wp:attachment":[{"href":"https:\/\/spinbetter.app\/pl\/wp-json\/wp\/v2\/media?parent=223"}],"curies":[{"name":"wp","href":"https:\/\/api.w.org\/{rel}","templated":true}]}}