{"id":235,"date":"2024-10-22T10:19:54","date_gmt":"2024-10-22T10:19:54","guid":{"rendered":"https:\/\/spinbetter.app\/pl\/?page_id=235"},"modified":"2025-06-19T21:31:34","modified_gmt":"2025-06-19T21:31:34","slug":"partners","status":"publish","type":"page","link":"https:\/\/spinbetter.app\/pl\/partners\/","title":{"rendered":"Partnerzy"},"content":{"rendered":"","protected":false},"excerpt":{"rendered":"","protected":false},"author":1,"featured_media":0,"parent":0,"menu_order":0,"comment_status":"closed","ping_status":"closed","template":"","meta":{"footnotes":""},"class_list":["post-235","page","type-page","status-publish","hentry"],"yoast_head":"<!-- This site is optimized with the Yoast SEO plugin v23.4 - https:\/\/yoast.com\/wordpress\/plugins\/seo\/ -->\n<title>Partnerzy SpinBetter &gt; najlepszy program partnerski kasyna<\/title>\n<meta name=\"description\" content=\"Do\u0142\u0105cz do partner\u00f3w SpinBetter i zarabiaj na polecaniu graczy. Wysokie wyp\u0142aty i najlepsze warunki.\" \/>\n<meta name=\"robots\" content=\"index, follow, max-snippet:-1, max-image-preview:large, max-video-preview:-1\" \/>\n<meta property=\"og:locale\" content=\"pl_PL\" \/>\n<meta property=\"og:type\" content=\"article\" \/>\n<meta property=\"og:title\" content=\"Partnerzy SpinBetter &gt; najlepszy program partnerski kasyna\" \/>\n<meta property=\"og:description\" content=\"Do\u0142\u0105cz do partner\u00f3w SpinBetter i zarabiaj na polecaniu graczy. Wysokie wyp\u0142aty i najlepsze warunki.\" \/>\n<meta property=\"og:url\" content=\"https:\/\/spinbetter.app\/pl\/partners\/\" \/>\n<meta property=\"og:site_name\" content=\"SpinBetter App PL\" \/>\n<meta property=\"article:modified_time\" content=\"2025-06-19T21:31:34+00:00\" \/>\n<meta name=\"twitter:card\" content=\"summary_large_image\" \/>\n<script type=\"application\/ld+json\" class=\"yoast-schema-graph\">{\"@context\":\"https:\/\/schema.org\",\"@graph\":[{\"@type\":\"WebPage\",\"@id\":\"https:\/\/spinbetter.app\/pl\/partners\/\",\"url\":\"https:\/\/spinbetter.app\/pl\/partners\/\",\"name\":\"Partnerzy SpinBetter > najlepszy program partnerski kasyna\",\"isPartOf\":{\"@id\":\"https:\/\/spinbetter.app\/pl\/#website\"},\"datePublished\":\"2024-10-22T10:19:54+00:00\",\"dateModified\":\"2025-06-19T21:31:34+00:00\",\"description\":\"Do\u0142\u0105cz do partner\u00f3w SpinBetter i zarabiaj na polecaniu graczy. Wysokie wyp\u0142aty i najlepsze warunki.\",\"breadcrumb\":{\"@id\":\"https:\/\/spinbetter.app\/pl\/partners\/#breadcrumb\"},\"inLanguage\":\"pl-PL\",\"potentialAction\":[{\"@type\":\"ReadAction\",\"target\":[\"https:\/\/spinbetter.app\/pl\/partners\/\"]}]},{\"@type\":\"BreadcrumbList\",\"@id\":\"https:\/\/spinbetter.app\/pl\/partners\/#breadcrumb\",\"itemListElement\":[{\"@type\":\"ListItem\",\"position\":1,\"name\":\"Home\",\"item\":\"https:\/\/spinbetter.app\/pl\/\"},{\"@type\":\"ListItem\",\"position\":2,\"name\":\"Partnerzy\"}]},{\"@type\":\"WebSite\",\"@id\":\"https:\/\/spinbetter.app\/pl\/#website\",\"url\":\"https:\/\/spinbetter.app\/pl\/\",\"name\":\"SpinBetter App PL\",\"description\":\"\",\"potentialAction\":[{\"@type\":\"SearchAction\",\"target\":{\"@type\":\"EntryPoint\",\"urlTemplate\":\"https:\/\/spinbetter.app\/pl\/?s={search_term_string}\"},\"query-input\":{\"@type\":\"PropertyValueSpecification\",\"valueRequired\":true,\"valueName\":\"search_term_string\"}}],\"inLanguage\":\"pl-PL\"}]}<\/script>\n<!-- \/ Yoast SEO plugin. -->","yoast_head_json":{"title":"Partnerzy SpinBetter > najlepszy program partnerski kasyna","description":"Do\u0142\u0105cz do partner\u00f3w SpinBetter i zarabiaj na polecaniu graczy. Wysokie wyp\u0142aty i najlepsze warunki.","robots":{"index":"index","follow":"follow","max-snippet":"max-snippet:-1","max-image-preview":"max-image-preview:large","max-video-preview":"max-video-preview:-1"},"og_locale":"pl_PL","og_type":"article","og_title":"Partnerzy SpinBetter > najlepszy program partnerski kasyna","og_description":"Do\u0142\u0105cz do partner\u00f3w SpinBetter i zarabiaj na polecaniu graczy. Wysokie wyp\u0142aty i najlepsze warunki.","og_url":"https:\/\/spinbetter.app\/pl\/partners\/","og_site_name":"SpinBetter App PL","article_modified_time":"2025-06-19T21:31:34+00:00","twitter_card":"summary_large_image","schema":{"@context":"https:\/\/schema.org","@graph":[{"@type":"WebPage","@id":"https:\/\/spinbetter.app\/pl\/partners\/","url":"https:\/\/spinbetter.app\/pl\/partners\/","name":"Partnerzy SpinBetter > najlepszy program partnerski kasyna","isPartOf":{"@id":"https:\/\/spinbetter.app\/pl\/#website"},"datePublished":"2024-10-22T10:19:54+00:00","dateModified":"2025-06-19T21:31:34+00:00","description":"Do\u0142\u0105cz do partner\u00f3w SpinBetter i zarabiaj na polecaniu graczy. Wysokie wyp\u0142aty i najlepsze warunki.","breadcrumb":{"@id":"https:\/\/spinbetter.app\/pl\/partners\/#breadcrumb"},"inLanguage":"pl-PL","potentialAction":[{"@type":"ReadAction","target":["https:\/\/spinbetter.app\/pl\/partners\/"]}]},{"@type":"BreadcrumbList","@id":"https:\/\/spinbetter.app\/pl\/partners\/#breadcrumb","itemListElement":[{"@type":"ListItem","position":1,"name":"Home","item":"https:\/\/spinbetter.app\/pl\/"},{"@type":"ListItem","position":2,"name":"Partnerzy"}]},{"@type":"WebSite","@id":"https:\/\/spinbetter.app\/pl\/#website","url":"https:\/\/spinbetter.app\/pl\/","name":"SpinBetter App PL","description":"","potentialAction":[{"@type":"SearchAction","target":{"@type":"EntryPoint","urlTemplate":"https:\/\/spinbetter.app\/pl\/?s={search_term_string}"},"query-input":{"@type":"PropertyValueSpecification","valueRequired":true,"valueName":"search_term_string"}}],"inLanguage":"pl-PL"}]}},"_links":{"self":[{"href":"https:\/\/spinbetter.app\/pl\/wp-json\/wp\/v2\/pages\/235"}],"collection":[{"href":"https:\/\/spinbetter.app\/pl\/wp-json\/wp\/v2\/pages"}],"about":[{"href":"https:\/\/spinbetter.app\/pl\/wp-json\/wp\/v2\/types\/page"}],"author":[{"embeddable":true,"href":"https:\/\/spinbetter.app\/pl\/wp-json\/wp\/v2\/users\/1"}],"replies":[{"embeddable":true,"href":"https:\/\/spinbetter.app\/pl\/wp-json\/wp\/v2\/comments?post=235"}],"version-history":[{"count":11,"href":"https:\/\/spinbetter.app\/pl\/wp-json\/wp\/v2\/pages\/235\/revisions"}],"predecessor-version":[{"id":374,"href":"https:\/\/spinbetter.app\/pl\/wp-json\/wp\/v2\/pages\/235\/revisions\/374"}],"wp:attachment":[{"href":"https:\/\/spinbetter.app\/pl\/wp-json\/wp\/v2\/media?parent=235"}],"curies":[{"name":"wp","href":"https:\/\/api.w.org\/{rel}","templated":true}]}}