{"id":398,"date":"2025-05-28T09:11:18","date_gmt":"2025-05-28T09:11:18","guid":{"rendered":"https:\/\/spinbetter.app\/pl\/?page_id=398"},"modified":"2025-05-28T09:14:33","modified_gmt":"2025-05-28T09:14:33","slug":"spinbetter-vote","status":"publish","type":"page","link":"https:\/\/spinbetter.app\/pl\/bonus\/spinbetter-vote\/","title":{"rendered":"G\u0142osowanie SpinBetter"},"content":{"rendered":"","protected":false},"excerpt":{"rendered":"","protected":false},"author":1,"featured_media":0,"parent":152,"menu_order":0,"comment_status":"closed","ping_status":"closed","template":"","meta":{"footnotes":""},"class_list":["post-398","page","type-page","status-publish","hentry"],"yoast_head":"<!-- This site is optimized with the Yoast SEO plugin v23.4 - https:\/\/yoast.com\/wordpress\/plugins\/seo\/ -->\n<title>G\u0142osuj na bonus sportowy: darmowe zak\u0142ady i nagrody!<\/title>\n<meta name=\"description\" content=\"Do\u0142\u0105cz do SpinBetter i zag\u0142osuj na sw\u00f3j ulubiony sport! We\u017a udzia\u0142 w ekscytuj\u0105cej promocji \u201eG\u0142osuj na najlepszy sport\u201d, zdobywaj darmowe zak\u0142ady i fajne nagrody! Nie przegap szansy na pokazanie swojej lojalno\u015bci i zdobycie ekskluzywnych bonus\u00f3w - czas jest ograniczony, dzia\u0142aj teraz!\" \/>\n<meta name=\"robots\" content=\"index, follow, max-snippet:-1, max-image-preview:large, max-video-preview:-1\" \/>\n<meta property=\"og:locale\" content=\"pl_PL\" \/>\n<meta property=\"og:type\" content=\"article\" \/>\n<meta property=\"og:title\" content=\"G\u0142osuj na bonus sportowy: darmowe zak\u0142ady i nagrody!\" \/>\n<meta property=\"og:description\" content=\"Do\u0142\u0105cz do SpinBetter i zag\u0142osuj na sw\u00f3j ulubiony sport! We\u017a udzia\u0142 w ekscytuj\u0105cej promocji \u201eG\u0142osuj na najlepszy sport\u201d, zdobywaj darmowe zak\u0142ady i fajne nagrody! Nie przegap szansy na pokazanie swojej lojalno\u015bci i zdobycie ekskluzywnych bonus\u00f3w - czas jest ograniczony, dzia\u0142aj teraz!\" \/>\n<meta property=\"og:url\" content=\"https:\/\/spinbetter.app\/pl\/bonus\/spinbetter-vote\/\" \/>\n<meta property=\"og:site_name\" content=\"SpinBetter App PL\" \/>\n<meta property=\"article:modified_time\" content=\"2025-05-28T09:14:33+00:00\" \/>\n<meta name=\"twitter:card\" content=\"summary_large_image\" \/>\n<script type=\"application\/ld+json\" class=\"yoast-schema-graph\">{\"@context\":\"https:\/\/schema.org\",\"@graph\":[{\"@type\":\"WebPage\",\"@id\":\"https:\/\/spinbetter.app\/pl\/bonus\/spinbetter-vote\/\",\"url\":\"https:\/\/spinbetter.app\/pl\/bonus\/spinbetter-vote\/\",\"name\":\"G\u0142osuj na bonus sportowy: darmowe zak\u0142ady i nagrody!\",\"isPartOf\":{\"@id\":\"https:\/\/spinbetter.app\/pl\/#website\"},\"datePublished\":\"2025-05-28T09:11:18+00:00\",\"dateModified\":\"2025-05-28T09:14:33+00:00\",\"description\":\"Do\u0142\u0105cz do SpinBetter i zag\u0142osuj na sw\u00f3j ulubiony sport! We\u017a udzia\u0142 w ekscytuj\u0105cej promocji \u201eG\u0142osuj na najlepszy sport\u201d, zdobywaj darmowe zak\u0142ady i fajne nagrody! Nie przegap szansy na pokazanie swojej lojalno\u015bci i zdobycie ekskluzywnych bonus\u00f3w - czas jest ograniczony, dzia\u0142aj teraz!\",\"breadcrumb\":{\"@id\":\"https:\/\/spinbetter.app\/pl\/bonus\/spinbetter-vote\/#breadcrumb\"},\"inLanguage\":\"pl-PL\",\"potentialAction\":[{\"@type\":\"ReadAction\",\"target\":[\"https:\/\/spinbetter.app\/pl\/bonus\/spinbetter-vote\/\"]}]},{\"@type\":\"BreadcrumbList\",\"@id\":\"https:\/\/spinbetter.app\/pl\/bonus\/spinbetter-vote\/#breadcrumb\",\"itemListElement\":[{\"@type\":\"ListItem\",\"position\":1,\"name\":\"Home\",\"item\":\"https:\/\/spinbetter.app\/pl\/\"},{\"@type\":\"ListItem\",\"position\":2,\"name\":\"Bonus\",\"item\":\"https:\/\/spinbetter.app\/pl\/bonus\/\"},{\"@type\":\"ListItem\",\"position\":3,\"name\":\"G\u0142osowanie SpinBetter\"}]},{\"@type\":\"WebSite\",\"@id\":\"https:\/\/spinbetter.app\/pl\/#website\",\"url\":\"https:\/\/spinbetter.app\/pl\/\",\"name\":\"SpinBetter App PL\",\"description\":\"\",\"potentialAction\":[{\"@type\":\"SearchAction\",\"target\":{\"@type\":\"EntryPoint\",\"urlTemplate\":\"https:\/\/spinbetter.app\/pl\/?s={search_term_string}\"},\"query-input\":{\"@type\":\"PropertyValueSpecification\",\"valueRequired\":true,\"valueName\":\"search_term_string\"}}],\"inLanguage\":\"pl-PL\"}]}<\/script>\n<!-- \/ Yoast SEO plugin. -->","yoast_head_json":{"title":"G\u0142osuj na bonus sportowy: darmowe zak\u0142ady i nagrody!","description":"Do\u0142\u0105cz do SpinBetter i zag\u0142osuj na sw\u00f3j ulubiony sport! We\u017a udzia\u0142 w ekscytuj\u0105cej promocji \u201eG\u0142osuj na najlepszy sport\u201d, zdobywaj darmowe zak\u0142ady i fajne nagrody! Nie przegap szansy na pokazanie swojej lojalno\u015bci i zdobycie ekskluzywnych bonus\u00f3w - czas jest ograniczony, dzia\u0142aj teraz!","robots":{"index":"index","follow":"follow","max-snippet":"max-snippet:-1","max-image-preview":"max-image-preview:large","max-video-preview":"max-video-preview:-1"},"og_locale":"pl_PL","og_type":"article","og_title":"G\u0142osuj na bonus sportowy: darmowe zak\u0142ady i nagrody!","og_description":"Do\u0142\u0105cz do SpinBetter i zag\u0142osuj na sw\u00f3j ulubiony sport! We\u017a udzia\u0142 w ekscytuj\u0105cej promocji \u201eG\u0142osuj na najlepszy sport\u201d, zdobywaj darmowe zak\u0142ady i fajne nagrody! Nie przegap szansy na pokazanie swojej lojalno\u015bci i zdobycie ekskluzywnych bonus\u00f3w - czas jest ograniczony, dzia\u0142aj teraz!","og_url":"https:\/\/spinbetter.app\/pl\/bonus\/spinbetter-vote\/","og_site_name":"SpinBetter App PL","article_modified_time":"2025-05-28T09:14:33+00:00","twitter_card":"summary_large_image","schema":{"@context":"https:\/\/schema.org","@graph":[{"@type":"WebPage","@id":"https:\/\/spinbetter.app\/pl\/bonus\/spinbetter-vote\/","url":"https:\/\/spinbetter.app\/pl\/bonus\/spinbetter-vote\/","name":"G\u0142osuj na bonus sportowy: darmowe zak\u0142ady i nagrody!","isPartOf":{"@id":"https:\/\/spinbetter.app\/pl\/#website"},"datePublished":"2025-05-28T09:11:18+00:00","dateModified":"2025-05-28T09:14:33+00:00","description":"Do\u0142\u0105cz do SpinBetter i zag\u0142osuj na sw\u00f3j ulubiony sport! We\u017a udzia\u0142 w ekscytuj\u0105cej promocji \u201eG\u0142osuj na najlepszy sport\u201d, zdobywaj darmowe zak\u0142ady i fajne nagrody! Nie przegap szansy na pokazanie swojej lojalno\u015bci i zdobycie ekskluzywnych bonus\u00f3w - czas jest ograniczony, dzia\u0142aj teraz!","breadcrumb":{"@id":"https:\/\/spinbetter.app\/pl\/bonus\/spinbetter-vote\/#breadcrumb"},"inLanguage":"pl-PL","potentialAction":[{"@type":"ReadAction","target":["https:\/\/spinbetter.app\/pl\/bonus\/spinbetter-vote\/"]}]},{"@type":"BreadcrumbList","@id":"https:\/\/spinbetter.app\/pl\/bonus\/spinbetter-vote\/#breadcrumb","itemListElement":[{"@type":"ListItem","position":1,"name":"Home","item":"https:\/\/spinbetter.app\/pl\/"},{"@type":"ListItem","position":2,"name":"Bonus","item":"https:\/\/spinbetter.app\/pl\/bonus\/"},{"@type":"ListItem","position":3,"name":"G\u0142osowanie SpinBetter"}]},{"@type":"WebSite","@id":"https:\/\/spinbetter.app\/pl\/#website","url":"https:\/\/spinbetter.app\/pl\/","name":"SpinBetter App PL","description":"","potentialAction":[{"@type":"SearchAction","target":{"@type":"EntryPoint","urlTemplate":"https:\/\/spinbetter.app\/pl\/?s={search_term_string}"},"query-input":{"@type":"PropertyValueSpecification","valueRequired":true,"valueName":"search_term_string"}}],"inLanguage":"pl-PL"}]}},"_links":{"self":[{"href":"https:\/\/spinbetter.app\/pl\/wp-json\/wp\/v2\/pages\/398"}],"collection":[{"href":"https:\/\/spinbetter.app\/pl\/wp-json\/wp\/v2\/pages"}],"about":[{"href":"https:\/\/spinbetter.app\/pl\/wp-json\/wp\/v2\/types\/page"}],"author":[{"embeddable":true,"href":"https:\/\/spinbetter.app\/pl\/wp-json\/wp\/v2\/users\/1"}],"replies":[{"embeddable":true,"href":"https:\/\/spinbetter.app\/pl\/wp-json\/wp\/v2\/comments?post=398"}],"version-history":[{"count":4,"href":"https:\/\/spinbetter.app\/pl\/wp-json\/wp\/v2\/pages\/398\/revisions"}],"predecessor-version":[{"id":402,"href":"https:\/\/spinbetter.app\/pl\/wp-json\/wp\/v2\/pages\/398\/revisions\/402"}],"up":[{"embeddable":true,"href":"https:\/\/spinbetter.app\/pl\/wp-json\/wp\/v2\/pages\/152"}],"wp:attachment":[{"href":"https:\/\/spinbetter.app\/pl\/wp-json\/wp\/v2\/media?parent=398"}],"curies":[{"name":"wp","href":"https:\/\/api.w.org\/{rel}","templated":true}]}}