{"id":223,"date":"2024-10-22T10:19:08","date_gmt":"2024-10-22T10:19:08","guid":{"rendered":"https:\/\/spinbetter.app\/pt\/?page_id=223"},"modified":"2025-06-19T21:34:35","modified_gmt":"2025-06-19T21:34:35","slug":"download","status":"publish","type":"page","link":"https:\/\/spinbetter.app\/pt\/download\/","title":{"rendered":"Descarregar"},"content":{"rendered":"","protected":false},"excerpt":{"rendered":"","protected":false},"author":1,"featured_media":0,"parent":0,"menu_order":0,"comment_status":"closed","ping_status":"closed","template":"","meta":{"footnotes":""},"class_list":["post-223","page","type-page","status-publish","hentry"],"yoast_head":"<!-- This site is optimized with the Yoast SEO plugin v23.4 - https:\/\/yoast.com\/wordpress\/plugins\/seo\/ -->\n<title>Descarregar o SpinBetter &gt; Aplica\u00e7\u00e3o m\u00f3vel para Android e iOS<\/title>\n<meta name=\"description\" content=\"Descarregue a aplica\u00e7\u00e3o m\u00f3vel SpinBetter para Android e iOS. Apostas desportivas e de casino pr\u00e1ticas, b\u00f3nus para novos jogadores. Comece a jogar agora mesmo!\" \/>\n<meta name=\"robots\" content=\"index, follow, max-snippet:-1, max-image-preview:large, max-video-preview:-1\" \/>\n<meta property=\"og:locale\" content=\"pt_PT\" \/>\n<meta property=\"og:type\" content=\"article\" \/>\n<meta property=\"og:title\" content=\"Descarregar o SpinBetter &gt; Aplica\u00e7\u00e3o m\u00f3vel para Android e iOS\" \/>\n<meta property=\"og:description\" content=\"Descarregue a aplica\u00e7\u00e3o m\u00f3vel SpinBetter para Android e iOS. Apostas desportivas e de casino pr\u00e1ticas, b\u00f3nus para novos jogadores. Comece a jogar agora mesmo!\" \/>\n<meta property=\"og:url\" content=\"https:\/\/spinbetter.app\/pt\/download\/\" \/>\n<meta property=\"og:site_name\" content=\"Spinbetter App PT\" \/>\n<meta property=\"article:modified_time\" content=\"2025-06-19T21:34:35+00:00\" \/>\n<meta name=\"twitter:card\" content=\"summary_large_image\" \/>\n<script type=\"application\/ld+json\" class=\"yoast-schema-graph\">{\"@context\":\"https:\/\/schema.org\",\"@graph\":[{\"@type\":\"WebPage\",\"@id\":\"https:\/\/spinbetter.app\/pt\/download\/\",\"url\":\"https:\/\/spinbetter.app\/pt\/download\/\",\"name\":\"Descarregar o SpinBetter > Aplica\u00e7\u00e3o m\u00f3vel para Android e iOS\",\"isPartOf\":{\"@id\":\"https:\/\/spinbetter.app\/pt\/#website\"},\"datePublished\":\"2024-10-22T10:19:08+00:00\",\"dateModified\":\"2025-06-19T21:34:35+00:00\",\"description\":\"Descarregue a aplica\u00e7\u00e3o m\u00f3vel SpinBetter para Android e iOS. Apostas desportivas e de casino pr\u00e1ticas, b\u00f3nus para novos jogadores. Comece a jogar agora mesmo!\",\"breadcrumb\":{\"@id\":\"https:\/\/spinbetter.app\/pt\/download\/#breadcrumb\"},\"inLanguage\":\"pt-PT\",\"potentialAction\":[{\"@type\":\"ReadAction\",\"target\":[\"https:\/\/spinbetter.app\/pt\/download\/\"]}]},{\"@type\":\"BreadcrumbList\",\"@id\":\"https:\/\/spinbetter.app\/pt\/download\/#breadcrumb\",\"itemListElement\":[{\"@type\":\"ListItem\",\"position\":1,\"name\":\"Home\",\"item\":\"https:\/\/spinbetter.app\/pt\/\"},{\"@type\":\"ListItem\",\"position\":2,\"name\":\"Descarregar\"}]},{\"@type\":\"WebSite\",\"@id\":\"https:\/\/spinbetter.app\/pt\/#website\",\"url\":\"https:\/\/spinbetter.app\/pt\/\",\"name\":\"Spinbetter App PT\",\"description\":\"\",\"potentialAction\":[{\"@type\":\"SearchAction\",\"target\":{\"@type\":\"EntryPoint\",\"urlTemplate\":\"https:\/\/spinbetter.app\/pt\/?s={search_term_string}\"},\"query-input\":{\"@type\":\"PropertyValueSpecification\",\"valueRequired\":true,\"valueName\":\"search_term_string\"}}],\"inLanguage\":\"pt-PT\"}]}<\/script>\n<!-- \/ Yoast SEO plugin. -->","yoast_head_json":{"title":"Descarregar o SpinBetter > Aplica\u00e7\u00e3o m\u00f3vel para Android e iOS","description":"Descarregue a aplica\u00e7\u00e3o m\u00f3vel SpinBetter para Android e iOS. Apostas desportivas e de casino pr\u00e1ticas, b\u00f3nus para novos jogadores. Comece a jogar agora mesmo!","robots":{"index":"index","follow":"follow","max-snippet":"max-snippet:-1","max-image-preview":"max-image-preview:large","max-video-preview":"max-video-preview:-1"},"og_locale":"pt_PT","og_type":"article","og_title":"Descarregar o SpinBetter > Aplica\u00e7\u00e3o m\u00f3vel para Android e iOS","og_description":"Descarregue a aplica\u00e7\u00e3o m\u00f3vel SpinBetter para Android e iOS. Apostas desportivas e de casino pr\u00e1ticas, b\u00f3nus para novos jogadores. Comece a jogar agora mesmo!","og_url":"https:\/\/spinbetter.app\/pt\/download\/","og_site_name":"Spinbetter App PT","article_modified_time":"2025-06-19T21:34:35+00:00","twitter_card":"summary_large_image","schema":{"@context":"https:\/\/schema.org","@graph":[{"@type":"WebPage","@id":"https:\/\/spinbetter.app\/pt\/download\/","url":"https:\/\/spinbetter.app\/pt\/download\/","name":"Descarregar o SpinBetter > Aplica\u00e7\u00e3o m\u00f3vel para Android e iOS","isPartOf":{"@id":"https:\/\/spinbetter.app\/pt\/#website"},"datePublished":"2024-10-22T10:19:08+00:00","dateModified":"2025-06-19T21:34:35+00:00","description":"Descarregue a aplica\u00e7\u00e3o m\u00f3vel SpinBetter para Android e iOS. Apostas desportivas e de casino pr\u00e1ticas, b\u00f3nus para novos jogadores. Comece a jogar agora mesmo!","breadcrumb":{"@id":"https:\/\/spinbetter.app\/pt\/download\/#breadcrumb"},"inLanguage":"pt-PT","potentialAction":[{"@type":"ReadAction","target":["https:\/\/spinbetter.app\/pt\/download\/"]}]},{"@type":"BreadcrumbList","@id":"https:\/\/spinbetter.app\/pt\/download\/#breadcrumb","itemListElement":[{"@type":"ListItem","position":1,"name":"Home","item":"https:\/\/spinbetter.app\/pt\/"},{"@type":"ListItem","position":2,"name":"Descarregar"}]},{"@type":"WebSite","@id":"https:\/\/spinbetter.app\/pt\/#website","url":"https:\/\/spinbetter.app\/pt\/","name":"Spinbetter App PT","description":"","potentialAction":[{"@type":"SearchAction","target":{"@type":"EntryPoint","urlTemplate":"https:\/\/spinbetter.app\/pt\/?s={search_term_string}"},"query-input":{"@type":"PropertyValueSpecification","valueRequired":true,"valueName":"search_term_string"}}],"inLanguage":"pt-PT"}]}},"_links":{"self":[{"href":"https:\/\/spinbetter.app\/pt\/wp-json\/wp\/v2\/pages\/223"}],"collection":[{"href":"https:\/\/spinbetter.app\/pt\/wp-json\/wp\/v2\/pages"}],"about":[{"href":"https:\/\/spinbetter.app\/pt\/wp-json\/wp\/v2\/types\/page"}],"author":[{"embeddable":true,"href":"https:\/\/spinbetter.app\/pt\/wp-json\/wp\/v2\/users\/1"}],"replies":[{"embeddable":true,"href":"https:\/\/spinbetter.app\/pt\/wp-json\/wp\/v2\/comments?post=223"}],"version-history":[{"count":13,"href":"https:\/\/spinbetter.app\/pt\/wp-json\/wp\/v2\/pages\/223\/revisions"}],"predecessor-version":[{"id":365,"href":"https:\/\/spinbetter.app\/pt\/wp-json\/wp\/v2\/pages\/223\/revisions\/365"}],"wp:attachment":[{"href":"https:\/\/spinbetter.app\/pt\/wp-json\/wp\/v2\/media?parent=223"}],"curies":[{"name":"wp","href":"https:\/\/api.w.org\/{rel}","templated":true}]}}