{"id":397,"date":"2025-07-01T14:33:20","date_gmt":"2025-07-01T14:33:20","guid":{"rendered":"https:\/\/spinbetter.app\/pt\/?page_id=397"},"modified":"2025-07-01T14:33:27","modified_gmt":"2025-07-01T14:33:27","slug":"freebet","status":"publish","type":"page","link":"https:\/\/spinbetter.app\/pt\/bonus\/freebet\/","title":{"rendered":"Aposta gr\u00e1tis"},"content":{"rendered":"","protected":false},"excerpt":{"rendered":"","protected":false},"author":1,"featured_media":0,"parent":152,"menu_order":0,"comment_status":"closed","ping_status":"closed","template":"","meta":{"footnotes":""},"class_list":["post-397","page","type-page","status-publish","hentry"],"yoast_head":"<!-- This site is optimized with the Yoast SEO plugin v23.4 - https:\/\/yoast.com\/wordpress\/plugins\/seo\/ -->\n<title>Apostas na aplica\u00e7\u00e3o SpinBetter \ud83e\udc12 Aposta gr\u00e1tis at\u00e9 10 EUR<\/title>\n<meta name=\"description\" content=\"Descarregue a aplica\u00e7\u00e3o SpinBetter, fa\u00e7a 10 apostas a partir de 1 EUR e ganhe uma aposta gr\u00e1tis at\u00e9 10 EUR. Aposte com praticidade e ganhe mais!\" \/>\n<meta name=\"robots\" content=\"index, follow, max-snippet:-1, max-image-preview:large, max-video-preview:-1\" \/>\n<meta property=\"og:locale\" content=\"pt_PT\" \/>\n<meta property=\"og:type\" content=\"article\" \/>\n<meta property=\"og:title\" content=\"Apostas na aplica\u00e7\u00e3o SpinBetter \ud83e\udc12 Aposta gr\u00e1tis at\u00e9 10 EUR\" \/>\n<meta property=\"og:description\" content=\"Descarregue a aplica\u00e7\u00e3o SpinBetter, fa\u00e7a 10 apostas a partir de 1 EUR e ganhe uma aposta gr\u00e1tis at\u00e9 10 EUR. Aposte com praticidade e ganhe mais!\" \/>\n<meta property=\"og:url\" content=\"https:\/\/spinbetter.app\/pt\/bonus\/freebet\/\" \/>\n<meta property=\"og:site_name\" content=\"Spinbetter App PT\" \/>\n<meta property=\"article:modified_time\" content=\"2025-07-01T14:33:27+00:00\" \/>\n<meta name=\"twitter:card\" content=\"summary_large_image\" \/>\n<script type=\"application\/ld+json\" class=\"yoast-schema-graph\">{\"@context\":\"https:\/\/schema.org\",\"@graph\":[{\"@type\":\"WebPage\",\"@id\":\"https:\/\/spinbetter.app\/pt\/bonus\/freebet\/\",\"url\":\"https:\/\/spinbetter.app\/pt\/bonus\/freebet\/\",\"name\":\"Apostas na aplica\u00e7\u00e3o SpinBetter \ud83e\udc12 Aposta gr\u00e1tis at\u00e9 10 EUR\",\"isPartOf\":{\"@id\":\"https:\/\/spinbetter.app\/pt\/#website\"},\"datePublished\":\"2025-07-01T14:33:20+00:00\",\"dateModified\":\"2025-07-01T14:33:27+00:00\",\"description\":\"Descarregue a aplica\u00e7\u00e3o SpinBetter, fa\u00e7a 10 apostas a partir de 1 EUR e ganhe uma aposta gr\u00e1tis at\u00e9 10 EUR. Aposte com praticidade e ganhe mais!\",\"breadcrumb\":{\"@id\":\"https:\/\/spinbetter.app\/pt\/bonus\/freebet\/#breadcrumb\"},\"inLanguage\":\"pt-PT\",\"potentialAction\":[{\"@type\":\"ReadAction\",\"target\":[\"https:\/\/spinbetter.app\/pt\/bonus\/freebet\/\"]}]},{\"@type\":\"BreadcrumbList\",\"@id\":\"https:\/\/spinbetter.app\/pt\/bonus\/freebet\/#breadcrumb\",\"itemListElement\":[{\"@type\":\"ListItem\",\"position\":1,\"name\":\"Home\",\"item\":\"https:\/\/spinbetter.app\/pt\/\"},{\"@type\":\"ListItem\",\"position\":2,\"name\":\"B\u00f3nus\",\"item\":\"https:\/\/spinbetter.app\/pt\/bonus\/\"},{\"@type\":\"ListItem\",\"position\":3,\"name\":\"Aposta gr\u00e1tis\"}]},{\"@type\":\"WebSite\",\"@id\":\"https:\/\/spinbetter.app\/pt\/#website\",\"url\":\"https:\/\/spinbetter.app\/pt\/\",\"name\":\"Spinbetter App PT\",\"description\":\"\",\"potentialAction\":[{\"@type\":\"SearchAction\",\"target\":{\"@type\":\"EntryPoint\",\"urlTemplate\":\"https:\/\/spinbetter.app\/pt\/?s={search_term_string}\"},\"query-input\":{\"@type\":\"PropertyValueSpecification\",\"valueRequired\":true,\"valueName\":\"search_term_string\"}}],\"inLanguage\":\"pt-PT\"}]}<\/script>\n<!-- \/ Yoast SEO plugin. -->","yoast_head_json":{"title":"Apostas na aplica\u00e7\u00e3o SpinBetter \ud83e\udc12 Aposta gr\u00e1tis at\u00e9 10 EUR","description":"Descarregue a aplica\u00e7\u00e3o SpinBetter, fa\u00e7a 10 apostas a partir de 1 EUR e ganhe uma aposta gr\u00e1tis at\u00e9 10 EUR. Aposte com praticidade e ganhe mais!","robots":{"index":"index","follow":"follow","max-snippet":"max-snippet:-1","max-image-preview":"max-image-preview:large","max-video-preview":"max-video-preview:-1"},"og_locale":"pt_PT","og_type":"article","og_title":"Apostas na aplica\u00e7\u00e3o SpinBetter \ud83e\udc12 Aposta gr\u00e1tis at\u00e9 10 EUR","og_description":"Descarregue a aplica\u00e7\u00e3o SpinBetter, fa\u00e7a 10 apostas a partir de 1 EUR e ganhe uma aposta gr\u00e1tis at\u00e9 10 EUR. Aposte com praticidade e ganhe mais!","og_url":"https:\/\/spinbetter.app\/pt\/bonus\/freebet\/","og_site_name":"Spinbetter App PT","article_modified_time":"2025-07-01T14:33:27+00:00","twitter_card":"summary_large_image","schema":{"@context":"https:\/\/schema.org","@graph":[{"@type":"WebPage","@id":"https:\/\/spinbetter.app\/pt\/bonus\/freebet\/","url":"https:\/\/spinbetter.app\/pt\/bonus\/freebet\/","name":"Apostas na aplica\u00e7\u00e3o SpinBetter \ud83e\udc12 Aposta gr\u00e1tis at\u00e9 10 EUR","isPartOf":{"@id":"https:\/\/spinbetter.app\/pt\/#website"},"datePublished":"2025-07-01T14:33:20+00:00","dateModified":"2025-07-01T14:33:27+00:00","description":"Descarregue a aplica\u00e7\u00e3o SpinBetter, fa\u00e7a 10 apostas a partir de 1 EUR e ganhe uma aposta gr\u00e1tis at\u00e9 10 EUR. Aposte com praticidade e ganhe mais!","breadcrumb":{"@id":"https:\/\/spinbetter.app\/pt\/bonus\/freebet\/#breadcrumb"},"inLanguage":"pt-PT","potentialAction":[{"@type":"ReadAction","target":["https:\/\/spinbetter.app\/pt\/bonus\/freebet\/"]}]},{"@type":"BreadcrumbList","@id":"https:\/\/spinbetter.app\/pt\/bonus\/freebet\/#breadcrumb","itemListElement":[{"@type":"ListItem","position":1,"name":"Home","item":"https:\/\/spinbetter.app\/pt\/"},{"@type":"ListItem","position":2,"name":"B\u00f3nus","item":"https:\/\/spinbetter.app\/pt\/bonus\/"},{"@type":"ListItem","position":3,"name":"Aposta gr\u00e1tis"}]},{"@type":"WebSite","@id":"https:\/\/spinbetter.app\/pt\/#website","url":"https:\/\/spinbetter.app\/pt\/","name":"Spinbetter App PT","description":"","potentialAction":[{"@type":"SearchAction","target":{"@type":"EntryPoint","urlTemplate":"https:\/\/spinbetter.app\/pt\/?s={search_term_string}"},"query-input":{"@type":"PropertyValueSpecification","valueRequired":true,"valueName":"search_term_string"}}],"inLanguage":"pt-PT"}]}},"_links":{"self":[{"href":"https:\/\/spinbetter.app\/pt\/wp-json\/wp\/v2\/pages\/397"}],"collection":[{"href":"https:\/\/spinbetter.app\/pt\/wp-json\/wp\/v2\/pages"}],"about":[{"href":"https:\/\/spinbetter.app\/pt\/wp-json\/wp\/v2\/types\/page"}],"author":[{"embeddable":true,"href":"https:\/\/spinbetter.app\/pt\/wp-json\/wp\/v2\/users\/1"}],"replies":[{"embeddable":true,"href":"https:\/\/spinbetter.app\/pt\/wp-json\/wp\/v2\/comments?post=397"}],"version-history":[{"count":1,"href":"https:\/\/spinbetter.app\/pt\/wp-json\/wp\/v2\/pages\/397\/revisions"}],"predecessor-version":[{"id":398,"href":"https:\/\/spinbetter.app\/pt\/wp-json\/wp\/v2\/pages\/397\/revisions\/398"}],"up":[{"embeddable":true,"href":"https:\/\/spinbetter.app\/pt\/wp-json\/wp\/v2\/pages\/152"}],"wp:attachment":[{"href":"https:\/\/spinbetter.app\/pt\/wp-json\/wp\/v2\/media?parent=397"}],"curies":[{"name":"wp","href":"https:\/\/api.w.org\/{rel}","templated":true}]}}