{"id":405,"date":"2025-07-06T08:16:16","date_gmt":"2025-07-06T08:16:16","guid":{"rendered":"https:\/\/spinbetter.app\/pt\/?page_id=405"},"modified":"2025-07-06T08:16:26","modified_gmt":"2025-07-06T08:16:26","slug":"loyalty-program","status":"publish","type":"page","link":"https:\/\/spinbetter.app\/pt\/bonus\/loyalty-program\/","title":{"rendered":"Programa de fideliza\u00e7\u00e3o"},"content":{"rendered":"","protected":false},"excerpt":{"rendered":"","protected":false},"author":1,"featured_media":0,"parent":152,"menu_order":0,"comment_status":"closed","ping_status":"closed","template":"","meta":{"footnotes":""},"class_list":["post-405","page","type-page","status-publish","hentry"],"yoast_head":"<!-- This site is optimized with the Yoast SEO plugin v23.4 - https:\/\/yoast.com\/wordpress\/plugins\/seo\/ -->\n<title>Programa de Fideliza\u00e7\u00e3o SpinBetter \u1405 Os Seus Privil\u00e9gios VIP<\/title>\n<meta name=\"description\" content=\"Suba de n\u00edvel no casino SpinBetter e ganhe at\u00e9 11% de cashback, b\u00f3nus pessoais e estatuto VIP. Desbloqueie recompensas e privil\u00e9gios exclusivos!\" \/>\n<meta name=\"robots\" content=\"index, follow, max-snippet:-1, max-image-preview:large, max-video-preview:-1\" \/>\n<meta property=\"og:locale\" content=\"pt_PT\" \/>\n<meta property=\"og:type\" content=\"article\" \/>\n<meta property=\"og:title\" content=\"Programa de Fideliza\u00e7\u00e3o SpinBetter \u1405 Os Seus Privil\u00e9gios VIP\" \/>\n<meta property=\"og:description\" content=\"Suba de n\u00edvel no casino SpinBetter e ganhe at\u00e9 11% de cashback, b\u00f3nus pessoais e estatuto VIP. Desbloqueie recompensas e privil\u00e9gios exclusivos!\" \/>\n<meta property=\"og:url\" content=\"https:\/\/spinbetter.app\/pt\/bonus\/loyalty-program\/\" \/>\n<meta property=\"og:site_name\" content=\"Spinbetter App PT\" \/>\n<meta property=\"article:modified_time\" content=\"2025-07-06T08:16:26+00:00\" \/>\n<meta name=\"twitter:card\" content=\"summary_large_image\" \/>\n<script type=\"application\/ld+json\" class=\"yoast-schema-graph\">{\"@context\":\"https:\/\/schema.org\",\"@graph\":[{\"@type\":\"WebPage\",\"@id\":\"https:\/\/spinbetter.app\/pt\/bonus\/loyalty-program\/\",\"url\":\"https:\/\/spinbetter.app\/pt\/bonus\/loyalty-program\/\",\"name\":\"Programa de Fideliza\u00e7\u00e3o SpinBetter \u1405 Os Seus Privil\u00e9gios VIP\",\"isPartOf\":{\"@id\":\"https:\/\/spinbetter.app\/pt\/#website\"},\"datePublished\":\"2025-07-06T08:16:16+00:00\",\"dateModified\":\"2025-07-06T08:16:26+00:00\",\"description\":\"Suba de n\u00edvel no casino SpinBetter e ganhe at\u00e9 11% de cashback, b\u00f3nus pessoais e estatuto VIP. Desbloqueie recompensas e privil\u00e9gios exclusivos!\",\"breadcrumb\":{\"@id\":\"https:\/\/spinbetter.app\/pt\/bonus\/loyalty-program\/#breadcrumb\"},\"inLanguage\":\"pt-PT\",\"potentialAction\":[{\"@type\":\"ReadAction\",\"target\":[\"https:\/\/spinbetter.app\/pt\/bonus\/loyalty-program\/\"]}]},{\"@type\":\"BreadcrumbList\",\"@id\":\"https:\/\/spinbetter.app\/pt\/bonus\/loyalty-program\/#breadcrumb\",\"itemListElement\":[{\"@type\":\"ListItem\",\"position\":1,\"name\":\"Home\",\"item\":\"https:\/\/spinbetter.app\/pt\/\"},{\"@type\":\"ListItem\",\"position\":2,\"name\":\"B\u00f3nus\",\"item\":\"https:\/\/spinbetter.app\/pt\/bonus\/\"},{\"@type\":\"ListItem\",\"position\":3,\"name\":\"Programa de fideliza\u00e7\u00e3o\"}]},{\"@type\":\"WebSite\",\"@id\":\"https:\/\/spinbetter.app\/pt\/#website\",\"url\":\"https:\/\/spinbetter.app\/pt\/\",\"name\":\"Spinbetter App PT\",\"description\":\"\",\"potentialAction\":[{\"@type\":\"SearchAction\",\"target\":{\"@type\":\"EntryPoint\",\"urlTemplate\":\"https:\/\/spinbetter.app\/pt\/?s={search_term_string}\"},\"query-input\":{\"@type\":\"PropertyValueSpecification\",\"valueRequired\":true,\"valueName\":\"search_term_string\"}}],\"inLanguage\":\"pt-PT\"}]}<\/script>\n<!-- \/ Yoast SEO plugin. -->","yoast_head_json":{"title":"Programa de Fideliza\u00e7\u00e3o SpinBetter \u1405 Os Seus Privil\u00e9gios VIP","description":"Suba de n\u00edvel no casino SpinBetter e ganhe at\u00e9 11% de cashback, b\u00f3nus pessoais e estatuto VIP. Desbloqueie recompensas e privil\u00e9gios exclusivos!","robots":{"index":"index","follow":"follow","max-snippet":"max-snippet:-1","max-image-preview":"max-image-preview:large","max-video-preview":"max-video-preview:-1"},"og_locale":"pt_PT","og_type":"article","og_title":"Programa de Fideliza\u00e7\u00e3o SpinBetter \u1405 Os Seus Privil\u00e9gios VIP","og_description":"Suba de n\u00edvel no casino SpinBetter e ganhe at\u00e9 11% de cashback, b\u00f3nus pessoais e estatuto VIP. Desbloqueie recompensas e privil\u00e9gios exclusivos!","og_url":"https:\/\/spinbetter.app\/pt\/bonus\/loyalty-program\/","og_site_name":"Spinbetter App PT","article_modified_time":"2025-07-06T08:16:26+00:00","twitter_card":"summary_large_image","schema":{"@context":"https:\/\/schema.org","@graph":[{"@type":"WebPage","@id":"https:\/\/spinbetter.app\/pt\/bonus\/loyalty-program\/","url":"https:\/\/spinbetter.app\/pt\/bonus\/loyalty-program\/","name":"Programa de Fideliza\u00e7\u00e3o SpinBetter \u1405 Os Seus Privil\u00e9gios VIP","isPartOf":{"@id":"https:\/\/spinbetter.app\/pt\/#website"},"datePublished":"2025-07-06T08:16:16+00:00","dateModified":"2025-07-06T08:16:26+00:00","description":"Suba de n\u00edvel no casino SpinBetter e ganhe at\u00e9 11% de cashback, b\u00f3nus pessoais e estatuto VIP. Desbloqueie recompensas e privil\u00e9gios exclusivos!","breadcrumb":{"@id":"https:\/\/spinbetter.app\/pt\/bonus\/loyalty-program\/#breadcrumb"},"inLanguage":"pt-PT","potentialAction":[{"@type":"ReadAction","target":["https:\/\/spinbetter.app\/pt\/bonus\/loyalty-program\/"]}]},{"@type":"BreadcrumbList","@id":"https:\/\/spinbetter.app\/pt\/bonus\/loyalty-program\/#breadcrumb","itemListElement":[{"@type":"ListItem","position":1,"name":"Home","item":"https:\/\/spinbetter.app\/pt\/"},{"@type":"ListItem","position":2,"name":"B\u00f3nus","item":"https:\/\/spinbetter.app\/pt\/bonus\/"},{"@type":"ListItem","position":3,"name":"Programa de fideliza\u00e7\u00e3o"}]},{"@type":"WebSite","@id":"https:\/\/spinbetter.app\/pt\/#website","url":"https:\/\/spinbetter.app\/pt\/","name":"Spinbetter App PT","description":"","potentialAction":[{"@type":"SearchAction","target":{"@type":"EntryPoint","urlTemplate":"https:\/\/spinbetter.app\/pt\/?s={search_term_string}"},"query-input":{"@type":"PropertyValueSpecification","valueRequired":true,"valueName":"search_term_string"}}],"inLanguage":"pt-PT"}]}},"_links":{"self":[{"href":"https:\/\/spinbetter.app\/pt\/wp-json\/wp\/v2\/pages\/405"}],"collection":[{"href":"https:\/\/spinbetter.app\/pt\/wp-json\/wp\/v2\/pages"}],"about":[{"href":"https:\/\/spinbetter.app\/pt\/wp-json\/wp\/v2\/types\/page"}],"author":[{"embeddable":true,"href":"https:\/\/spinbetter.app\/pt\/wp-json\/wp\/v2\/users\/1"}],"replies":[{"embeddable":true,"href":"https:\/\/spinbetter.app\/pt\/wp-json\/wp\/v2\/comments?post=405"}],"version-history":[{"count":1,"href":"https:\/\/spinbetter.app\/pt\/wp-json\/wp\/v2\/pages\/405\/revisions"}],"predecessor-version":[{"id":406,"href":"https:\/\/spinbetter.app\/pt\/wp-json\/wp\/v2\/pages\/405\/revisions\/406"}],"up":[{"embeddable":true,"href":"https:\/\/spinbetter.app\/pt\/wp-json\/wp\/v2\/pages\/152"}],"wp:attachment":[{"href":"https:\/\/spinbetter.app\/pt\/wp-json\/wp\/v2\/media?parent=405"}],"curies":[{"name":"wp","href":"https:\/\/api.w.org\/{rel}","templated":true}]}}